{"id":1218,"date":"2018-07-19T01:50:54","date_gmt":"2018-07-18T20:50:54","guid":{"rendered":"https:\/\/prometeo.work\/?page_id=1218"},"modified":"2021-07-02T02:54:24","modified_gmt":"2021-07-01T21:54:24","slug":"archivos-y-bibliotecas","status":"publish","type":"page","link":"https:\/\/colombianistas.org\/wordpress\/index.php\/biblioteca-colombianista\/enlaces\/archivos-y-bibliotecas\/","title":{"rendered":"Archivos y bibliotecas"},"content":{"rendered":"<ul>\n<li><a href=\"http:\/\/www.cervantesvirtual.com\/portales\/asuncion_silva\" target=\"_blank\" rel=\"noopener\">Biblioteca de autor Jos\u00e9 Asunci\u00f3n Silva <\/a><\/li>\n<li><a href=\"http:\/\/www.bibliotecapiloto.gov.co\/?option=com_content&amp;view=article&amp;id=40&amp;Itemid=145\" target=\"_blank\" rel=\"noopener\">Biblioteca Piloto<\/a><\/li>\n<li><a href=\"http:\/\/www.lablaa.org\/bibliotecavirtual.htm\" target=\"_blank\" rel=\"noopener\">Biblioteca Virtual Luis \u00c1ngel Arango<\/a><\/li>\n<li><a href=\"http:\/\/www.cervantesvirtual.com\/\" target=\"_blank\" rel=\"noopener\">Biblioteca Virtual Miguel de Cervantes <\/a><\/li>\n<li><a href=\"http:\/\/lanic.utexas.edu\/la\/colombia\/\" target=\"_blank\" rel=\"noopener\">Latin American Network Information Center, University of Texas<\/a><\/li>\n<li><a href=\"http:\/\/www.marvelmoreno.net\/\" target=\"_blank\" rel=\"noopener\">Proyecto Marvel Moreno, Ministerio de Cultura de Colombia<\/a><\/li>\n<\/ul>\n","protected":false},"excerpt":{"rendered":"<p>Biblioteca de autor Jos\u00e9 Asunci\u00f3n Silva Biblioteca Piloto Biblioteca Virtual Luis \u00c1ngel Arango Biblioteca Virtual Miguel de Cervantes Latin American Network Information Center, University of Texas Proyecto Marvel Moreno, Ministerio de Cultura de Colombia<\/p>\n","protected":false},"author":20,"featured_media":0,"parent":1214,"menu_order":0,"comment_status":"closed","ping_status":"closed","template":"","meta":{"footnotes":""},"class_list":["post-1218","page","type-page","status-publish","hentry"],"_links":{"self":[{"href":"https:\/\/colombianistas.org\/wordpress\/index.php\/wp-json\/wp\/v2\/pages\/1218"}],"collection":[{"href":"https:\/\/colombianistas.org\/wordpress\/index.php\/wp-json\/wp\/v2\/pages"}],"about":[{"href":"https:\/\/colombianistas.org\/wordpress\/index.php\/wp-json\/wp\/v2\/types\/page"}],"author":[{"embeddable":true,"href":"https:\/\/colombianistas.org\/wordpress\/index.php\/wp-json\/wp\/v2\/users\/20"}],"replies":[{"embeddable":true,"href":"https:\/\/colombianistas.org\/wordpress\/index.php\/wp-json\/wp\/v2\/comments?post=1218"}],"version-history":[{"count":4,"href":"https:\/\/colombianistas.org\/wordpress\/index.php\/wp-json\/wp\/v2\/pages\/1218\/revisions"}],"predecessor-version":[{"id":2012,"href":"https:\/\/colombianistas.org\/wordpress\/index.php\/wp-json\/wp\/v2\/pages\/1218\/revisions\/2012"}],"up":[{"embeddable":true,"href":"https:\/\/colombianistas.org\/wordpress\/index.php\/wp-json\/wp\/v2\/pages\/1214"}],"wp:attachment":[{"href":"https:\/\/colombianistas.org\/wordpress\/index.php\/wp-json\/wp\/v2\/media?parent=1218"}],"curies":[{"name":"wp","href":"https:\/\/api.w.org\/{rel}","templated":true}]}}