{"id":1222,"date":"2018-07-19T01:51:23","date_gmt":"2018-07-18T20:51:23","guid":{"rendered":"https:\/\/prometeo.work\/?page_id=1222"},"modified":"2021-07-02T02:54:33","modified_gmt":"2021-07-01T21:54:33","slug":"programas-de-maestria-y-doctorado","status":"publish","type":"page","link":"https:\/\/colombianistas.org\/wordpress\/index.php\/biblioteca-colombianista\/enlaces\/programas-de-maestria-y-doctorado\/","title":{"rendered":"Programas de maestr\u00eda y doctorado"},"content":{"rendered":"<ul>\n<li><a href=\"https:\/\/www.caroycuervo.gov.co\/maestrias\/\" target=\"_blank\" rel=\"noopener\">Instituto Caro y Cuervo, Maestr\u00eda en Literatura, Creaci\u00f3n Literaria y Ling\u00fc\u00edstica.<\/a><\/li>\n<li><a href=\"http:\/\/www.javeriana.edu.co\/maestria-literatura\" target=\"_blank\" rel=\"noopener\">Pontificia Universidad Javeriana, Maestr\u00eda en Literatura\u00a0<\/a><\/li>\n<li><a href=\"http:\/\/www.udea.edu.co\/wps\/portal\/udea\/web\/inicio\/institucional\/unidades-academicas\/facultades\/comunicaciones\/programas-academicos\/programas-posgrado\" target=\"_blank\" rel=\"noopener\">Universidad de Antioquia, Doctorados y Maestr\u00edas en Literatura, Ling\u00fc\u00edsitca y Comunicaci\u00f3n<\/a><\/li>\n<li><a href=\"https:\/\/www.uniatlantico.edu.co\/uatlantico\/postgrados\/maestrias1\" target=\"_blank\" rel=\"noopener\">Universidad del Atl\u00e1ntico, Maestr\u00edas en Ling\u00fc\u00edstica, Literatura Hispanoamericana y del Caribe, e Historia<\/a><\/li>\n<li><a href=\"https:\/\/literatura.uniandes.edu.co\/\" target=\"_blank\" rel=\"noopener\">Universidad de los Andes, Maestr\u00eda y Doctorado en Literatura\u00a0<\/a><\/li>\n<li><a href=\"http:\/\/www.uis.edu.co\/webUIS\/es\/programasAcademicos\/programasPosgrado.html\" target=\"_blank\" rel=\"noopener\">Universidad Industrial de Santander, Maestr\u00edas en Estudios Latinoamericanos, Did\u00e1ctica de la Lengua, e Historia<\/a><\/li>\n<\/ul>\n","protected":false},"excerpt":{"rendered":"<p>Instituto Caro y Cuervo, Maestr\u00eda en Literatura, Creaci\u00f3n Literaria y Ling\u00fc\u00edstica. Pontificia Universidad Javeriana, Maestr\u00eda en Literatura\u00a0 Universidad de Antioquia, Doctorados y Maestr\u00edas en Literatura, Ling\u00fc\u00edsitca y Comunicaci\u00f3n Universidad del Atl\u00e1ntico, Maestr\u00edas en Ling\u00fc\u00edstica, Literatura Hispanoamericana y del Caribe, e Historia Universidad de los Andes, Maestr\u00eda y Doctorado en Literatura\u00a0 Universidad Industrial de Santander, Maestr\u00edas en Estudios Latinoamericanos, Did\u00e1ctica de la Lengua, e Historia<\/p>\n","protected":false},"author":20,"featured_media":0,"parent":1214,"menu_order":0,"comment_status":"closed","ping_status":"closed","template":"","meta":{"footnotes":""},"class_list":["post-1222","page","type-page","status-publish","hentry"],"_links":{"self":[{"href":"https:\/\/colombianistas.org\/wordpress\/index.php\/wp-json\/wp\/v2\/pages\/1222"}],"collection":[{"href":"https:\/\/colombianistas.org\/wordpress\/index.php\/wp-json\/wp\/v2\/pages"}],"about":[{"href":"https:\/\/colombianistas.org\/wordpress\/index.php\/wp-json\/wp\/v2\/types\/page"}],"author":[{"embeddable":true,"href":"https:\/\/colombianistas.org\/wordpress\/index.php\/wp-json\/wp\/v2\/users\/20"}],"replies":[{"embeddable":true,"href":"https:\/\/colombianistas.org\/wordpress\/index.php\/wp-json\/wp\/v2\/comments?post=1222"}],"version-history":[{"count":4,"href":"https:\/\/colombianistas.org\/wordpress\/index.php\/wp-json\/wp\/v2\/pages\/1222\/revisions"}],"predecessor-version":[{"id":2014,"href":"https:\/\/colombianistas.org\/wordpress\/index.php\/wp-json\/wp\/v2\/pages\/1222\/revisions\/2014"}],"up":[{"embeddable":true,"href":"https:\/\/colombianistas.org\/wordpress\/index.php\/wp-json\/wp\/v2\/pages\/1214"}],"wp:attachment":[{"href":"https:\/\/colombianistas.org\/wordpress\/index.php\/wp-json\/wp\/v2\/media?parent=1222"}],"curies":[{"name":"wp","href":"https:\/\/api.w.org\/{rel}","templated":true}]}}