{"id":1226,"date":"2018-07-19T01:51:46","date_gmt":"2018-07-18T20:51:46","guid":{"rendered":"https:\/\/prometeo.work\/?page_id=1226"},"modified":"2021-07-02T02:54:37","modified_gmt":"2021-07-01T21:54:37","slug":"revistas-academicas","status":"publish","type":"page","link":"https:\/\/colombianistas.org\/wordpress\/index.php\/biblioteca-colombianista\/enlaces\/revistas-academicas\/","title":{"rendered":"Revistas acad\u00e9micas"},"content":{"rendered":"<p>Amauta. Universidad del Atl\u00e1ntico.<\/p>\n<p><a href=\"https:\/\/www.uniatlantico.edu.co\/uatlantico\/publicaciones\/revistas-cient-ficas-ua\" target=\"_blank\" rel=\"noopener\">https:\/\/www.uniatlantico.edu.co\/uatlantico\/publicaciones\/revistas-cient-ficas-ua<\/a><\/p>\n<p>Anagramas: Rumbos y Sentidos de la Comunicaci\u00f3n. Universidad de Medell\u00edn.<\/p>\n<p><a href=\"http:\/\/repository.udem.edu.co\/handle\/11407\/1642\" target=\"_blank\" rel=\"noopener\">http:\/\/repository.udem.edu.co\/handle\/11407\/1642<\/a><\/p>\n<p>An\u00e1lisis Pol\u00edtico. Universidad Nacional.<\/p>\n<p><a href=\"https:\/\/revistas.unal.edu.co\/\" target=\"_blank\" rel=\"noopener\">https:\/\/revistas.unal.edu.co\/<\/a><\/p>\n<p>Ant\u00edpoda. Revista de Antropolog\u00eda y Arqueolog\u00eda. Universidad de los Andes.<\/p>\n<p><a href=\"https:\/\/revistas.uniandes.edu.co\/\" target=\"_blank\" rel=\"noopener\">https:\/\/revistas.uniandes.edu.co\/<\/a><\/p>\n<p>Anuario Colombiano de Historia Social y de la Cultura. Universidad Nacional.<\/p>\n<p><a href=\"https:\/\/revistas.unal.edu.co\/\" target=\"_blank\" rel=\"noopener\">https:\/\/revistas.unal.edu.co\/<\/a><\/p>\n<p>Apuntes. Revista de estudios sobe patrimonio cultural. Universidad Javeriana.<\/p>\n<p><a href=\"http:\/\/revistas.javeriana.edu.co\/\" target=\"_blank\" rel=\"noopener\">http:\/\/revistas.javeriana.edu.co\/<\/a><\/p>\n<p>Artes. La Revista. Universidad de Antioquia.<\/p>\n<p><a href=\"https:\/\/aprendeenlinea.udea.edu.co\/revistas\/\" target=\"_blank\" rel=\"noopener\">https:\/\/aprendeenlinea.udea.edu.co\/revistas\/<\/a><\/p>\n<p>Cuadernos de desarrollo rural. Universidad Javeriana.<\/p>\n<p><a href=\"http:\/\/revistas.javeriana.edu.co\/\" target=\"_blank\" rel=\"noopener\">http:\/\/revistas.javeriana.edu.co\/<\/a><\/p>\n<p>Cuadernos de Econom\u00eda. Universidad Nacional.<\/p>\n<p><a href=\"https:\/\/revistas.unal.edu.co\/\" target=\"_blank\" rel=\"noopener\">https:\/\/revistas.unal.edu.co\/<\/a><\/p>\n<p>Cuadernos de Geograf\u00eda. Universidad Nacional.<\/p>\n<p><a href=\"https:\/\/revistas.unal.edu.co\/\" target=\"_blank\" rel=\"noopener\">https:\/\/revistas.unal.edu.co\/<\/a><\/p>\n<p>Cuadernos de ling\u00fc\u00edstica hisp\u00e1nica. Universidad Pedag\u00f3gica y Tecnol\u00f3gica de Colombia.<\/p>\n<p><a href=\"https:\/\/revistas.uptc.edu.co\/\" target=\"_blank\" rel=\"noopener\">https:\/\/revistas.uptc.edu.co\/<\/a><\/p>\n<p>Cuadernos de literatura. Universidad Javeriana.<\/p>\n<p><a href=\"http:\/\/revistas.javeriana.edu.co\/\" target=\"_blank\" rel=\"noopener\">http:\/\/revistas.javeriana.edu.co\/<\/a><\/p>\n<p>Cuestiones de Filosof\u00eda. Universidad Pedag\u00f3gica y Tecnol\u00f3gica de Colombia.<\/p>\n<p><a href=\"https:\/\/revistas.uptc.edu.co\/\" target=\"_blank\" rel=\"noopener\">https:\/\/revistas.uptc.edu.co\/<\/a><\/p>\n<p>Cuadernos de Literatura del Caribe. Universidad del Atl\u00e1ntico.<\/p>\n<p><a href=\"https:\/\/www.uniatlantico.edu.co\/uatlantico\/publicaciones\/revistas-cient-ficas-ua\" target=\"_blank\" rel=\"noopener\">https:\/\/www.uniatlantico.edu.co\/uatlantico\/publicaciones\/revistas-cient-ficas-ua<\/a><\/p>\n<p>Cuadernos de M\u00fasica, Artes Visuales y Artes Esc\u00e9nicas. Universidad Javeriana.<\/p>\n<p><a href=\"http:\/\/revistas.javeriana.edu.co\/\" target=\"_blank\" rel=\"noopener\">http:\/\/revistas.javeriana.edu.co\/<\/a><\/p>\n<p>Cuadernos de Vivienda y Urbanismo. Universidad Javeriana.<\/p>\n<p><a href=\"http:\/\/revistas.javeriana.edu.co\/\" target=\"_blank\" rel=\"noopener\">http:\/\/revistas.javeriana.edu.co\/<\/a><\/p>\n<p>Derecho y Realidad. Universidad Pedag\u00f3gica y Tecnol\u00f3gica de Colombia.<\/p>\n<p><a href=\"https:\/\/revistas.uptc.edu.co\/\" target=\"_blank\" rel=\"noopener\">https:\/\/revistas.uptc.edu.co\/<\/a><\/p>\n<p>Educaci\u00f3n y Ciencia. Universidad Pedag\u00f3gica y Tecnol\u00f3gica de Colombia.<\/p>\n<p><a href=\"https:\/\/revistas.uptc.edu.co\/\" target=\"_blank\" rel=\"noopener\">https:\/\/revistas.uptc.edu.co\/<\/a><\/p>\n<p>Ensayos. Historia y Teor\u00eda del Arte. Universidad Nacional.<\/p>\n<p><a href=\"https:\/\/revistas.unal.edu.co\/\" target=\"_blank\" rel=\"noopener\">https:\/\/revistas.unal.edu.co\/<\/a><\/p>\n<p>Estudios de Filosof\u00eda. Universidad de Antioquia.<\/p>\n<p><a href=\"http:\/\/repository.udem.edu.co\/handle\/11407\/1642\" target=\"_blank\" rel=\"noopener\">http:\/\/repository.udem.edu.co\/handle\/11407\/1642<\/a><\/p>\n<p>Estudios de Literatura Colombiana. Universidad de Antioquia.<\/p>\n<p><a href=\"https:\/\/aprendeenlinea.udea.edu.co\/revistas\/\" target=\"_blank\" rel=\"noopener\">https:\/\/aprendeenlinea.udea.edu.co\/revistas\/<\/a><\/p>\n<p>Folios. Revista Facultad de Comunicaciones. Universidad de Antioquia.<\/p>\n<p><a href=\"https:\/\/aprendeenlinea.udea.edu.co\/revistas\/\" target=\"_blank\" rel=\"noopener\">https:\/\/aprendeenlinea.udea.edu.co\/revistas\/<\/a><\/p>\n<p>Forum. Revista del Departamento de Ciencia Pol\u00edtica. Universidad Nacional.<\/p>\n<p><a href=\"https:\/\/revistas.unal.edu.co\/\" target=\"_blank\" rel=\"noopener\">https:\/\/revistas.unal.edu.co\/<\/a><\/p>\n<p>H-ART. Revista de Hostoria, Teor\u00edua y Cr\u00edtica de Arte. Universidad de los Andes.<\/p>\n<p><a href=\"https:\/\/revistas.uniandes.edu.co\/\" target=\"_blank\" rel=\"noopener\">https:\/\/revistas.uniandes.edu.co\/<\/a><\/p>\n<p>Historia Caribe. Universidad del Atl\u00e1ntico.<\/p>\n<p><a href=\"https:\/\/www.uniatlantico.edu.co\/uatlantico\/publicaciones\/revistas-cient-ficas-ua\" target=\"_blank\" rel=\"noopener\">https:\/\/www.uniatlantico.edu.co\/uatlantico\/publicaciones\/revistas-cient-ficas-ua<\/a><\/p>\n<p>Historia Cr\u00edtica. Universidad de los Andes.<\/p>\n<p><a href=\"https:\/\/revistas.uniandes.edu.co\/\" target=\"_blank\" rel=\"noopener\">https:\/\/revistas.uniandes.edu.co\/<\/a><\/p>\n<p>Historia y Espacio. Universidad del Valle.<\/p>\n<p><a href=\"http:\/\/revistas.univalle.edu.co\/\" target=\"_blank\" rel=\"noopener\">http:\/\/revistas.univalle.edu.co\/<\/a><\/p>\n<p>Historia y Memoria. Universidad Pedag\u00f3gica y Tecnol\u00f3gica de Colombia.<\/p>\n<p><a href=\"https:\/\/revistas.uptc.edu.co\/\" target=\"_blank\" rel=\"noopener\">https:\/\/revistas.uptc.edu.co\/<\/a><\/p>\n<p>Historia y Sociedad. Universidad Nacional.<\/p>\n<p><a href=\"https:\/\/revistas.unal.edu.co\/\" target=\"_blank\" rel=\"noopener\">https:\/\/revistas.unal.edu.co\/<\/a><\/p>\n<p>Ideas y Valores. Universidad Nacional.<\/p>\n<p>https:\/\/revistas.unal.edu.co\/<\/p>\n<p>Ikala. Revista de Lenguaje y Cultura. Universidad de Antioquia.<\/p>\n<p>https:\/\/aprendeenlinea.udea.edu.co\/revistas\/<\/p>\n<p>Lenguaje. Universidad del Valle.<\/p>\n<p><a href=\"http:\/\/revistas.univalle.edu.co\/\" target=\"_blank\" rel=\"noopener\">http:\/\/revistas.univalle.edu.co\/<\/a><\/p>\n<p>Ling\u00fc\u00edstica y Literatura. Universidad de Antioquia.<\/p>\n<p><a href=\"https:\/\/aprendeenlinea.udea.edu.co\/revistas\/\" target=\"_blank\" rel=\"noopener\">https:\/\/aprendeenlinea.udea.edu.co\/revistas\/<\/a><\/p>\n<p>Literatura: Teor\u00eda, historia, cr\u00edtica. Universidad Nacional.<\/p>\n<p><a href=\"https:\/\/revistas.unal.edu.co\/\" target=\"_blank\" rel=\"noopener\">https:\/\/revistas.unal.edu.co\/<\/a><\/p>\n<p>Manzana de la Discordia. Universidad del Valle.<\/p>\n<p>http:\/\/revistas.univalle.edu.co\/<\/p>\n<p>Memoria y Sociedad. Universidad Javeriana.<\/p>\n<p><a href=\"http:\/\/revistas.javeriana.edu.co\/\" target=\"_blank\" rel=\"noopener\">http:\/\/revistas.javeriana.edu.co\/<\/a><\/p>\n<p>Memorias Desde lo Local. Universidad Pedag\u00f3gica y Tecnol\u00f3gica de Colombia.<\/p>\n<p><a href=\"https:\/\/revistas.uptc.edu.co\/\" target=\"_blank\" rel=\"noopener\">https:\/\/revistas.uptc.edu.co\/<\/a><\/p>\n<p>Nexus Comunicaci\u00f3n. Universidad del Valle.<\/p>\n<p><a href=\"http:\/\/revistas.univalle.edu.co\/\" target=\"_blank\" rel=\"noopener\">http:\/\/revistas.univalle.edu.co\/<\/a><\/p>\n<p>Nuevas Lecturas de la Historia. Universidad Pedag\u00f3gica y Tecnol\u00f3gica de Colombia.<\/p>\n<p><a href=\"https:\/\/revistas.uptc.edu.co\/\" target=\"_blank\" rel=\"noopener\">https:\/\/revistas.uptc.edu.co\/<\/a><\/p>\n<p>La Palabra. Universidad Pedag\u00f3gica y Tecnol\u00f3gica de Colombia.<\/p>\n<p><a href=\"https:\/\/revistas.uptc.edu.co\/\" target=\"_blank\" rel=\"noopener\">https:\/\/revistas.uptc.edu.co\/<\/a><\/p>\n<p>Papel Pol\u00edtico. Universidad Javeriana.<\/p>\n<p><a href=\"http:\/\/revistas.javeriana.edu.co\/\" target=\"_blank\" rel=\"noopener\">http:\/\/revistas.javeriana.edu.co\/<\/a><\/p>\n<p>Pensar Historia. Universidad de Antioquia.<\/p>\n<p><a href=\"https:\/\/aprendeenlinea.udea.edu.co\/revistas\/\" target=\"_blank\" rel=\"noopener\">https:\/\/aprendeenlinea.udea.edu.co\/revistas\/<\/a><\/p>\n<p>Per\u00edfrasis. Revista de Literatura, Teor\u00eda y Cr\u00edtica. Universidad de los Andes.<\/p>\n<p><a href=\"https:\/\/revistas.uniandes.edu.co\/\" target=\"_blank\" rel=\"noopener\">https:\/\/revistas.uniandes.edu.co\/<\/a><\/p>\n<p>Poligramas. Universidad del Valle.<\/p>\n<p>http:\/\/revistas.univalle.edu.co\/<\/p>\n<p>Praxis Educaci\u00f3n y Pedagog\u00eda. Universidad del Valle.<\/p>\n<p>http:\/\/revistas.univalle.edu.co\/<\/p>\n<p>Praxis Filos\u00f3fica. Universidad del Valle.<\/p>\n<p><a href=\"http:\/\/revistas.univalle.edu.co\/\" target=\"_blank\" rel=\"noopener\">http:\/\/revistas.univalle.edu.co\/<\/a><\/p>\n<p>Praxis y Saber. Universidad Pedag\u00f3gica y Tecnol\u00f3gica de Colombia.<\/p>\n<p>https:\/\/revistas.uptc.edu.co\/<\/p>\n<p>Perspectiva Geogr\u00e1fica. Universidad Pedag\u00f3gica y Tecnol\u00f3gica de Colombia.<\/p>\n<p>https:\/\/revistas.uptc.edu.co\/<\/p>\n<p>Revista de Estudsios Sociales. Universidad de los Andes.<\/p>\n<p><a href=\"https:\/\/revistas.uniandes.edu.co\/\" target=\"_blank\" rel=\"noopener\">https:\/\/revistas.uniandes.edu.co\/<\/a><\/p>\n<p>Sociedad y Econom\u00eda. Universidad del Valle.<\/p>\n<p><a href=\"http:\/\/revistas.univalle.edu.co\/\" target=\"_blank\" rel=\"noopener\">http:\/\/revistas.univalle.edu.co\/<\/a><\/p>\n<p>Signo y Pensamiento. Universidad Javeriana.<\/p>\n<p><a href=\"http:\/\/revistas.javeriana.edu.co\/\" target=\"_blank\" rel=\"noopener\">http:\/\/revistas.javeriana.edu.co\/<\/a><\/p>\n<p>Tempus. Revista en Historia General. Universidad de Antioquia.<\/p>\n<p><a href=\"https:\/\/aprendeenlinea.udea.edu.co\/revistas\/\" target=\"_blank\" rel=\"noopener\">https:\/\/aprendeenlinea.udea.edu.co\/revistas\/<\/a><\/p>\n<p>Transhumante. Revista Americana de Historia Social. Universidad de Antioquia.<\/p>\n<p><a href=\"https:\/\/aprendeenlinea.udea.edu.co\/revistas\/\" target=\"_blank\" rel=\"noopener\">https:\/\/aprendeenlinea.udea.edu.co\/revistas\/<\/a><\/p>\n<p>Universitas Humanistica. Universidad Javeriana.<\/p>\n<p><a href=\"http:\/\/revistas.javeriana.edu.co\/\">http:\/\/revistas.javeriana.edu.co\/<\/a><\/p>\n<p>Universitas Philosophica. Universidad Javeriana.<\/p>\n<p><a href=\"http:\/\/revistas.javeriana.edu.co\/\" target=\"_blank\" rel=\"noopener\">http:\/\/revistas.javeriana.edu.co\/<\/a><\/p>\n<p>Voces y Silencios. Revista Latinoamericana de Educaci\u00f3n. Universidad de los Andes.<\/p>\n<p><a href=\"https:\/\/revistas.uniandes.edu.co\/\" target=\"_blank\" rel=\"noopener\">https:\/\/revistas.uniandes.edu.co\/<\/a><\/p>\n","protected":false},"excerpt":{"rendered":"<p>Amauta. Universidad del Atl\u00e1ntico. https:\/\/www.uniatlantico.edu.co\/uatlantico\/publicaciones\/revistas-cient-ficas-ua Anagramas: Rumbos y Sentidos de la Comunicaci\u00f3n. Universidad de Medell\u00edn. http:\/\/repository.udem.edu.co\/handle\/11407\/1642 An\u00e1lisis Pol\u00edtico. Universidad Nacional. https:\/\/revistas.unal.edu.co\/ Ant\u00edpoda. Revista de Antropolog\u00eda y Arqueolog\u00eda. Universidad de los Andes. https:\/\/revistas.uniandes.edu.co\/ Anuario Colombiano de Historia Social y de la Cultura. Universidad Nacional. https:\/\/revistas.unal.edu.co\/ Apuntes. Revista de estudios sobe patrimonio cultural. Universidad Javeriana. http:\/\/revistas.javeriana.edu.co\/ Artes. La Revista. Universidad de Antioquia. https:\/\/aprendeenlinea.udea.edu.co\/revistas\/ Cuadernos de desarrollo rural. Universidad Javeriana. http:\/\/revistas.javeriana.edu.co\/ Cuadernos de Econom\u00eda. Universidad Nacional. https:\/\/revistas.unal.edu.co\/ Cuadernos de Geograf\u00eda. Universidad Nacional. https:\/\/revistas.unal.edu.co\/ Cuadernos de ling\u00fc\u00edstica hisp\u00e1nica. Universidad Pedag\u00f3gica y Tecnol\u00f3gica de Colombia. https:\/\/revistas.uptc.edu.co\/ Cuadernos de literatura. Universidad Javeriana. http:\/\/revistas.javeriana.edu.co\/ Cuestiones de Filosof\u00eda&#8230;. <\/p>\n","protected":false},"author":20,"featured_media":0,"parent":1214,"menu_order":0,"comment_status":"closed","ping_status":"closed","template":"","meta":{"footnotes":""},"class_list":["post-1226","page","type-page","status-publish","hentry"],"_links":{"self":[{"href":"https:\/\/colombianistas.org\/wordpress\/index.php\/wp-json\/wp\/v2\/pages\/1226"}],"collection":[{"href":"https:\/\/colombianistas.org\/wordpress\/index.php\/wp-json\/wp\/v2\/pages"}],"about":[{"href":"https:\/\/colombianistas.org\/wordpress\/index.php\/wp-json\/wp\/v2\/types\/page"}],"author":[{"embeddable":true,"href":"https:\/\/colombianistas.org\/wordpress\/index.php\/wp-json\/wp\/v2\/users\/20"}],"replies":[{"embeddable":true,"href":"https:\/\/colombianistas.org\/wordpress\/index.php\/wp-json\/wp\/v2\/comments?post=1226"}],"version-history":[{"count":4,"href":"https:\/\/colombianistas.org\/wordpress\/index.php\/wp-json\/wp\/v2\/pages\/1226\/revisions"}],"predecessor-version":[{"id":2015,"href":"https:\/\/colombianistas.org\/wordpress\/index.php\/wp-json\/wp\/v2\/pages\/1226\/revisions\/2015"}],"up":[{"embeddable":true,"href":"https:\/\/colombianistas.org\/wordpress\/index.php\/wp-json\/wp\/v2\/pages\/1214"}],"wp:attachment":[{"href":"https:\/\/colombianistas.org\/wordpress\/index.php\/wp-json\/wp\/v2\/media?parent=1226"}],"curies":[{"name":"wp","href":"https:\/\/api.w.org\/{rel}","templated":true}]}}