{"id":142,"date":"2018-05-18T00:52:23","date_gmt":"2018-05-18T00:52:23","guid":{"rendered":"https:\/\/prometeo.work\/?page_id=142"},"modified":"2023-10-03T20:40:14","modified_gmt":"2023-10-03T15:40:14","slug":"revista-de-estudios-colombianos-n49","status":"publish","type":"page","link":"https:\/\/colombianistas.org\/wordpress\/index.php\/revistas-anteriores\/revista-de-estudios-colombianos-n49\/","title":{"rendered":"REVISTA DE ESTUDIOS COLOMBIANOS N\u00b049"},"content":{"rendered":"<h6 style=\"padding-left: 30px;\">enero-junio de 2017<\/h6>\n<p style=\"padding-left: 30px;\"><a href=\"\/wordpress\/wp-content\/themes\/pleasant\/REC\/REC%2049\/Cr%c3%a9ditos\/49_2_inside_cover.pdf\" target=\"_blank\" rel=\"noopener\"><strong>Cr\u00e9ditos<\/strong><\/a><\/p>\n<p style=\"padding-left: 30px;\"><strong><a href=\"\/wordpress\/wp-content\/themes\/pleasant\/REC\/REC%2049\/Presentaci%c3%b3n\/49_4_presentacion.pdf\" target=\"_blank\" rel=\"noopener\">Presentaci\u00f3n<\/a><br \/>\n<\/strong>Hacia una queerizaci\u00f3n de la producci\u00f3n cultural colombiana. Literatura colombiana queer.<br \/>\nEduardo A. Caro Mel\u00e9ndez<\/p>\n<p style=\"padding-left: 30px;\"><a href=\"\/wordpress\/wp-content\/themes\/pleasant\/REC\/REC%2049\/El%20oficio%20de%20escritor\/49_5_oficio_escritor.pdf\" target=\"_blank\" rel=\"noopener\"><strong>El oficio de escritor<\/strong><\/a><br \/>\nEl oficio del escritor de hoy.<br \/>\nGustavo \u00c1lvarez Gardeaz\u00e1bal<\/p>\n<p style=\"padding-left: 30px;\"><strong>Ensayos<\/strong><br \/>\n\u2022 <a href=\"\/wordpress\/wp-content\/themes\/pleasant\/REC\/REC%2049\/Ensayos\/49_6_ensayo_foster.pdf\" target=\"_blank\" rel=\"noopener\">Jaime Manrique: un novelar queer colombiano<\/a><br \/>\nDavid William Foster<\/p>\n<p style=\"padding-left: 30px;\">\u2022 <a href=\"\/wordpress\/wp-content\/themes\/pleasant\/REC\/REC%2049\/Ensayos\/49_7_ensayo_garcia_leon.pdf\" target=\"_blank\" rel=\"noopener\">Autobiograf\u00eda queer: Una cr\u00edtica al discurso heteronormativo patriarcal en Los putos castos.<\/a><br \/>\nMemorias inconfesables de un doble discurso de Gonzalo Garc\u00eda Valdivieso<br \/>\nJavier E. Garc\u00eda Le\u00f3n<\/p>\n<p style=\"padding-left: 30px;\">\u2022 <a href=\"\/wordpress\/wp-content\/themes\/pleasant\/REC\/REC%2049\/Ensayos\/49_8_ensayo_betancourt.pdf\" target=\"_blank\" rel=\"noopener\">El desmontaje del g\u00e9nero heteronormativo por medio de la categor\u00eda de lesbiana<\/a><br \/>\nLuz Mar\u00eda Betancourt<\/p>\n<p style=\"padding-left: 30px;\">\u2022 <a href=\"\/wordpress\/wp-content\/themes\/pleasant\/REC\/REC%2049\/Ensayos\/49_9_ensayo_alzate.pdf\" target=\"_blank\" rel=\"noopener\">La escritura queer de una subjetividad rabiosa: la obra literaria y performativa de Fernando Vallejo<\/a><br \/>\nGast\u00f3n A. Alzate<\/p>\n<p style=\"padding-left: 30px;\">\u2022 <a href=\"\/wordpress\/wp-content\/themes\/pleasant\/REC\/REC%2049\/Ensayos\/49_10_ensayo_garcia_leon.pdf\" target=\"_blank\" rel=\"noopener\">Masculinidades gay, homonormatividad y (neo)liberalismo queer en Al diablo la maldita primavera de Alonso S\u00e1nchez Baut<\/a>e<br \/>\nDavid Garc\u00eda Le\u00f3n<\/p>\n<p style=\"padding-left: 30px;\"><strong>Entrevistas<\/strong><br \/>\n\u2022 <a href=\"\/wordpress\/wp-content\/themes\/pleasant\/REC\/REC%2049\/Entrevistas\/49_11_entrevista_caro_melendez.pdf\" target=\"_blank\" rel=\"noopener\">Un autor queer colombo-americano par excellence: entrevista con Jaime Manrique<\/a><br \/>\nEduardo A. Caro Mel\u00e9ndez<\/p>\n<p style=\"padding-left: 30px;\"><strong>Rese\u00f1as<\/strong><br \/>\n\u2022 <a href=\"\/wordpress\/wp-content\/themes\/pleasant\/REC\/REC%2049\/Rese%c3%b1as\/49_12_resena_osorio.pdf\" target=\"_blank\" rel=\"noopener\">Gabriela Castellanos y Mery Cruz Calvo (Comps). Rebeli\u00f3n contra el olvido: mujeres escriben sobre escritos de mujeres<\/a><br \/>\nBetty Osorio<\/p>\n<p style=\"padding-left: 30px;\">\u2022 <a href=\"\/wordpress\/wp-content\/themes\/pleasant\/REC\/REC%2049\/Rese%c3%b1as\/49_13_resena_ruiz_mendoza.pdf\" target=\"_blank\" rel=\"noopener\">Carolina San\u00edn. Los ni\u00f1os<\/a><br \/>\nMart\u00edn Ruiz Mendoza<\/p>\n<p style=\"padding-left: 30px;\">\u2022 <a href=\"\/wordpress\/wp-content\/themes\/pleasant\/REC\/REC%2049\/Rese%c3%b1as\/49_14_resena_barragan.pdf\" target=\"_blank\" rel=\"noopener\">Brett Troyan. Cauca\u2019s Indigenous Movement in Southwestern Colombia: Land, Violence, and Ethnic Identity<\/a><br \/>\nYesenia Barragan<\/p>\n<p style=\"padding-left: 30px;\">\u2022 <a href=\"\/wordpress\/wp-content\/themes\/pleasant\/REC\/REC%2049\/Rese%c3%b1as\/49_15_resena_rausch.pdf\" target=\"_blank\" rel=\"noopener\">Ann Farnsworth-Alvear, Marco Palacios, and Ana Mar\u00eda G\u00f3mez L\u00f3pez (Eds.). The Colombia Reader: History, Culture, Politics<\/a><br \/>\nJane M. Rausch<\/p>\n<p style=\"padding-left: 30px;\"><a href=\"\/wordpress\/wp-content\/themes\/pleasant\/REC\/REC%2049\/Colaboradores\/49_16_colaboradores.pdf\" target=\"_blank\" rel=\"noopener\"><strong>Colaboradores<\/strong><\/a><\/p>\n<p style=\"padding-left: 30px;\"><a href=\"\/wordpress\/wp-content\/themes\/pleasant\/REC\/REC%2049\/Normas%20editoriales\/49_17_normas_editoriales_y_libros.pdf\"><strong>Normas editoriales<\/strong><\/a><\/p>\n","protected":false},"excerpt":{"rendered":"<p>enero-junio de 2017 Cr\u00e9ditos Presentaci\u00f3n Hacia una queerizaci\u00f3n de la producci\u00f3n cultural colombiana. Literatura colombiana queer. Eduardo A. Caro Mel\u00e9ndez El oficio de escritor El oficio del escritor de hoy. Gustavo \u00c1lvarez Gardeaz\u00e1bal Ensayos \u2022 Jaime Manrique: un novelar queer colombiano David William Foster \u2022 Autobiograf\u00eda queer: Una cr\u00edtica al discurso heteronormativo patriarcal en Los putos castos. Memorias inconfesables de un doble discurso de Gonzalo Garc\u00eda Valdivieso Javier E. Garc\u00eda Le\u00f3n \u2022 El desmontaje del g\u00e9nero heteronormativo por medio de la categor\u00eda de lesbiana Luz Mar\u00eda Betancourt \u2022 La escritura queer de una subjetividad rabiosa: la obra literaria y performativa&#8230; <\/p>\n","protected":false},"author":20,"featured_media":0,"parent":52,"menu_order":0,"comment_status":"closed","ping_status":"closed","template":"template-no-sidebar.php","meta":{"footnotes":""},"class_list":["post-142","page","type-page","status-publish","hentry"],"_links":{"self":[{"href":"https:\/\/colombianistas.org\/wordpress\/index.php\/wp-json\/wp\/v2\/pages\/142"}],"collection":[{"href":"https:\/\/colombianistas.org\/wordpress\/index.php\/wp-json\/wp\/v2\/pages"}],"about":[{"href":"https:\/\/colombianistas.org\/wordpress\/index.php\/wp-json\/wp\/v2\/types\/page"}],"author":[{"embeddable":true,"href":"https:\/\/colombianistas.org\/wordpress\/index.php\/wp-json\/wp\/v2\/users\/20"}],"replies":[{"embeddable":true,"href":"https:\/\/colombianistas.org\/wordpress\/index.php\/wp-json\/wp\/v2\/comments?post=142"}],"version-history":[{"count":3,"href":"https:\/\/colombianistas.org\/wordpress\/index.php\/wp-json\/wp\/v2\/pages\/142\/revisions"}],"predecessor-version":[{"id":2743,"href":"https:\/\/colombianistas.org\/wordpress\/index.php\/wp-json\/wp\/v2\/pages\/142\/revisions\/2743"}],"up":[{"embeddable":true,"href":"https:\/\/colombianistas.org\/wordpress\/index.php\/wp-json\/wp\/v2\/pages\/52"}],"wp:attachment":[{"href":"https:\/\/colombianistas.org\/wordpress\/index.php\/wp-json\/wp\/v2\/media?parent=142"}],"curies":[{"name":"wp","href":"https:\/\/api.w.org\/{rel}","templated":true}]}}