{"id":146,"date":"2018-05-18T01:05:59","date_gmt":"2018-05-18T01:05:59","guid":{"rendered":"https:\/\/prometeo.work\/?page_id=146"},"modified":"2023-10-03T20:37:18","modified_gmt":"2023-10-03T15:37:18","slug":"revista-de-estudios-colombianos-n48","status":"publish","type":"page","link":"https:\/\/colombianistas.org\/wordpress\/index.php\/revistas-anteriores\/revista-de-estudios-colombianos-n48\/","title":{"rendered":"REVISTA DE ESTUDIOS COLOMBIANOS N\u00b048"},"content":{"rendered":"<h6 style=\"padding-left: 30px;\">julio-diciembre de 2016<\/h6>\n<p style=\"padding-left: 30px;\"><a href=\"\/wordpress\/wp-content\/themes\/pleasant\/REC\/REC%2048\/Cr%c3%a9ditos\/48_2_Journal-Inside-Cover.pdf\" target=\"_blank\" rel=\"noopener\"><strong>Cr\u00e9ditos<\/strong><\/a><\/p>\n<p style=\"padding-left: 30px;\"><a href=\"\/wordpress\/wp-content\/themes\/pleasant\/REC\/REC%2048\/Presentaci%c3%b3n\/48_5_Gomez-Gutierrez-Presentacion.pdf\" target=\"_blank\" rel=\"noopener\"><strong>Presentaci\u00f3n<\/strong><\/a><br \/>\nEl estudio de las culturas populares en Colombia hoy<br \/>\nFelipe G\u00f3mez Guti\u00e9rrez<\/p>\n<p style=\"padding-left: 30px;\"><a href=\"\/wordpress\/wp-content\/themes\/pleasant\/REC\/REC%2048\/El%20oficio%20del%20director\/48_6_Gomez-Gutierrez-El-Oficio.pdf\" target=\"_blank\" rel=\"noopener\"><strong>El oficio de director<\/strong><\/a><br \/>\nEl oficio de hacer cine con la cultura popular: entrevista a Carlos Mayolo<br \/>\nFelipe G\u00f3mez Guti\u00e9rrez<\/p>\n<p style=\"padding-left: 30px;\"><strong>Ensayos<\/strong><br \/>\n\u2022 <a href=\"\/wordpress\/wp-content\/themes\/pleasant\/REC\/REC%2048\/Ensayos\/48_7_Swanson-Ensayos.pdf\" target=\"_blank\" rel=\"noopener\">Espacio e identidad en La playa D.C. (2012) de Juan Andr\u00e9s Arango y las novelas gr\u00e1ficas de la serie Benkoz renace de Jean Paul Zapata<\/a><br \/>\nRoss Swanson<\/p>\n<p style=\"padding-left: 30px;\">\u2022 <a href=\"\/wordpress\/wp-content\/themes\/pleasant\/REC\/REC%2048\/Ensayos\/48_8_Marrugo-Puello-Ensayos.pdf\" target=\"_blank\" rel=\"noopener\">La cronique\u00f1a: particularidades de la cr\u00f3nica period\u00edstica del Caribe colombiano<\/a><br \/>\nCecilia Marrugo Puello<\/p>\n<p style=\"padding-left: 30px;\">\u2022 <a href=\"\/wordpress\/wp-content\/themes\/pleasant\/REC\/REC%2048\/Ensayos\/48_9_Usaga-Ensayos.pdf\" target=\"_blank\" rel=\"noopener\">La salsa como material de ficci\u00f3n en Voces del barrio (2007) de Robinson Posada<\/a><br \/>\nSandra \u00dasuga<\/p>\n<p style=\"padding-left: 30px;\">\u2022 <a href=\"\/wordpress\/wp-content\/themes\/pleasant\/REC\/REC%2048\/Ensayos\/48_10_Serrano-Ensayos.pdf\" target=\"_blank\" rel=\"noopener\">Wearing Ruana and Tie: Trino Epaminondas Tuta Negotiates Power and His Rural Origins in the City<\/a><br \/>\nSilvia Serrano<\/p>\n<p style=\"padding-left: 30px;\">\u2022 <a href=\"\/wordpress\/wp-content\/themes\/pleasant\/REC\/REC%2048\/Ensayos\/48_11_Castellanos-Ensayos.pdf\" target=\"_blank\" rel=\"noopener\">Mut\u2019ah: usos y adaptaciones de una pr\u00e1ctica matrimonial isl\u00e1mica en el Pac\u00edfico colombiano<\/a><br \/>\nDiego Giovanni Castellanos<\/p>\n<p style=\"padding-left: 30px;\">\u2022 <a href=\"\/wordpress\/wp-content\/themes\/pleasant\/REC\/REC%2048\/Ensayos\/48_12_Castiblanco-Roldan-Ensayos.pdf\" target=\"_blank\" rel=\"noopener\">Lectores y cultura popular: el Almanaque Pintoresco de Bristol y otros almanaques del siglo XX y principios del XXI<\/a><br \/>\nAndr\u00e9s F. Castiblanco Rold\u00e1n<\/p>\n<p style=\"padding-left: 30px;\"><strong>Entrevistas<\/strong><br \/>\n\u2022 <a href=\"\/wordpress\/wp-content\/themes\/pleasant\/REC\/REC%2048\/Entrevistas\/48_13_Ronderos-Entrevistas.pdf\" target=\"_blank\" rel=\"noopener\">Entrevista con Cejaz Negraz, 12 de julio de 2016<\/a><br \/>\nClara Ronderos<\/p>\n<p style=\"padding-left: 30px;\">\u2022 <a href=\"\/wordpress\/wp-content\/themes\/pleasant\/REC\/REC%2048\/Entrevistas\/48_14_Pereyra-Entrevistas.pdf\" target=\"_blank\" rel=\"noopener\">La hora del cheesecake: el encuentro de la experiencia y el buen escribir<\/a><br \/>\nEntrevista a Rub\u00e9n Varona Rodrigo Pereyra<\/p>\n<p style=\"padding-left: 30px;\"><strong>Rese\u00f1as<\/strong><br \/>\n\u2022 <a href=\"\/wordpress\/wp-content\/themes\/pleasant\/REC\/REC%2048\/Rese%c3%b1as\/48_15_Sanchez-Blake-%20Resenas.pdf\" target=\"_blank\" rel=\"noopener\">Clara Eugenia Ronderos. \u00c1brete s\u00e9samo. Narrativa<\/a><br \/>\nElvira S\u00e1nchez-Blake<\/p>\n<p style=\"padding-left: 30px;\">\u2022 <a href=\"\/wordpress\/wp-content\/themes\/pleasant\/REC\/REC%2048\/Rese%c3%b1as\/48_16_Gomez-Gutierrez-Resenas.pdf\" target=\"_blank\" rel=\"noopener\">Luis Ospina, Dir. Todo comenz\u00f3 por el fin. Documental<\/a><br \/>\nFelipe G\u00f3mez Guti\u00e9rrez<\/p>\n<p style=\"padding-left: 30px;\">\u2022 <a href=\"\/wordpress\/wp-content\/themes\/pleasant\/REC\/REC%2048\/Rese%c3%b1as\/48_17_Escobar-Sabogal-Resenas.pdf\" target=\"_blank\" rel=\"noopener\">Andrea Fanta Castro. Residuos de la violencia. Producci\u00f3n cultural colombiana, 1990-2010<\/a><br \/>\nNatalia Escobar Sabogal<\/p>\n<p style=\"padding-left: 30px;\">\u2022 <a href=\"\/wordpress\/wp-content\/themes\/pleasant\/REC\/REC%2048\/Rese%c3%b1as\/48_18_%20Ramirez-Groebli-Resenas.pdf\" target=\"_blank\" rel=\"noopener\">Constanza L\u00f3pez Baquero. Trauma, memoria y cuerpo: el testimonio femenino en Colombia (1985-2000)<\/a><br \/>\nPilar Ram\u00edrez Groebli<\/p>\n<p style=\"padding-left: 30px;\">\u2022 <a href=\"\/wordpress\/wp-content\/themes\/pleasant\/REC\/REC%2048\/Rese%c3%b1as\/48_19_Lopez-Resenas.pdf\" target=\"_blank\" rel=\"noopener\">Nelson A. G\u00f3mez Serrudo y Eliana Bello Le\u00f3n. La vida del cine en Bogot\u00e1 siglo XX: p\u00fablicos y sociabilidad<\/a><br \/>\nAna Mar\u00eda L\u00f3pez C.<\/p>\n<p style=\"padding-left: 30px;\">\u2022 <a href=\"\/wordpress\/wp-content\/themes\/pleasant\/REC\/REC%2048\/Rese%c3%b1as\/48_20_Alvarado-Archila-Resenas.pdf\" target=\"_blank\" rel=\"noopener\">Mar\u00eda del Rosario Acosta L\u00f3pez, Comp. Resistencias al olvido: memoria y arte en Colombia<\/a><br \/>\nDavid Alvarado Archila<\/p>\n<p style=\"padding-left: 30px;\"><a href=\"\/wordpress\/wp-content\/themes\/pleasant\/REC\/REC%2048\/Colaboradores\/48_21_Collaboradores.pdf\" target=\"_blank\" rel=\"noopener\"><strong>Colaboradores<\/strong><\/a><\/p>\n<p style=\"padding-left: 30px;\"><a href=\"\/wordpress\/wp-content\/themes\/pleasant\/REC\/REC%2048\/Normas%20editoriales\/48_22_Normas-editoriales.pdf\" target=\"_blank\" rel=\"noopener\"><strong>Normas editoriales<\/strong><\/a><\/p>\n<p style=\"padding-left: 30px;\"><a href=\"\/wordpress\/wp-content\/themes\/pleasant\/REC\/REC%2048\/Editorial%20Guidelines\/48_23_Editorial-Guidelines.pdf\" target=\"_blank\" rel=\"noopener\"><strong>Editorial Guidelines<\/strong><\/a><\/p>\n<p style=\"padding-left: 30px;\"><a href=\"\/wordpress\/wp-content\/themes\/pleasant\/REC\/REC%2048\/Congreso%20colombianistas\/48_25_Congreso-Colombianistas.pdf\" target=\"_blank\" rel=\"noopener\"><strong>Congreso colombianistas<\/strong><\/a><\/p>\n<p style=\"padding-left: 30px;\"><a href=\"\/wordpress\/wp-content\/themes\/pleasant\/REC\/REC%2048\/Libros%20recibidos%20y%20anuncios\/48_26_Libros-recibidos-Anuncios.pdf\"><strong>Libros recibidos y anuncios<\/strong><\/a><\/p>\n","protected":false},"excerpt":{"rendered":"<p>julio-diciembre de 2016 Cr\u00e9ditos Presentaci\u00f3n El estudio de las culturas populares en Colombia hoy Felipe G\u00f3mez Guti\u00e9rrez El oficio de director El oficio de hacer cine con la cultura popular: entrevista a Carlos Mayolo Felipe G\u00f3mez Guti\u00e9rrez Ensayos \u2022 Espacio e identidad en La playa D.C. (2012) de Juan Andr\u00e9s Arango y las novelas gr\u00e1ficas de la serie Benkoz renace de Jean Paul Zapata Ross Swanson \u2022 La cronique\u00f1a: particularidades de la cr\u00f3nica period\u00edstica del Caribe colombiano Cecilia Marrugo Puello \u2022 La salsa como material de ficci\u00f3n en Voces del barrio (2007) de Robinson Posada Sandra \u00dasuga \u2022 Wearing Ruana&#8230; <\/p>\n","protected":false},"author":20,"featured_media":0,"parent":52,"menu_order":0,"comment_status":"closed","ping_status":"closed","template":"template-no-sidebar.php","meta":{"footnotes":""},"class_list":["post-146","page","type-page","status-publish","hentry"],"_links":{"self":[{"href":"https:\/\/colombianistas.org\/wordpress\/index.php\/wp-json\/wp\/v2\/pages\/146"}],"collection":[{"href":"https:\/\/colombianistas.org\/wordpress\/index.php\/wp-json\/wp\/v2\/pages"}],"about":[{"href":"https:\/\/colombianistas.org\/wordpress\/index.php\/wp-json\/wp\/v2\/types\/page"}],"author":[{"embeddable":true,"href":"https:\/\/colombianistas.org\/wordpress\/index.php\/wp-json\/wp\/v2\/users\/20"}],"replies":[{"embeddable":true,"href":"https:\/\/colombianistas.org\/wordpress\/index.php\/wp-json\/wp\/v2\/comments?post=146"}],"version-history":[{"count":3,"href":"https:\/\/colombianistas.org\/wordpress\/index.php\/wp-json\/wp\/v2\/pages\/146\/revisions"}],"predecessor-version":[{"id":2742,"href":"https:\/\/colombianistas.org\/wordpress\/index.php\/wp-json\/wp\/v2\/pages\/146\/revisions\/2742"}],"up":[{"embeddable":true,"href":"https:\/\/colombianistas.org\/wordpress\/index.php\/wp-json\/wp\/v2\/pages\/52"}],"wp:attachment":[{"href":"https:\/\/colombianistas.org\/wordpress\/index.php\/wp-json\/wp\/v2\/media?parent=146"}],"curies":[{"name":"wp","href":"https:\/\/api.w.org\/{rel}","templated":true}]}}