{"id":150,"date":"2018-05-18T01:22:21","date_gmt":"2018-05-18T01:22:21","guid":{"rendered":"https:\/\/prometeo.work\/?page_id=150"},"modified":"2023-10-03T20:36:53","modified_gmt":"2023-10-03T15:36:53","slug":"revista-de-estudios-colombianos-n47","status":"publish","type":"page","link":"https:\/\/colombianistas.org\/wordpress\/index.php\/revistas-anteriores\/revista-de-estudios-colombianos-n47\/","title":{"rendered":"REVISTA DE ESTUDIOS COLOMBIANOS N\u00b047"},"content":{"rendered":"<h6 style=\"padding-left: 30px;\">enero-junio de 2016<\/h6>\n<p style=\"padding-left: 30px;\"><a href=\"\/wordpress\/wp-content\/themes\/pleasant\/REC\/REC%2047\/Cr%c3%a9ditos\/47_2_InsideCover.pdf\" target=\"_blank\" rel=\"noopener\"><strong>Cr\u00e9ditos<\/strong><\/a><\/p>\n<p style=\"padding-left: 30px;\"><strong><a href=\"\/wordpress\/wp-content\/themes\/pleasant\/REC\/REC%2047\/Presentaci%c3%b3n\/47_5_Presentacion.pdf\" target=\"_blank\" rel=\"noopener\">Presentaci\u00f3n<\/a><br \/>\n<\/strong>\u00a1Adelante, Afro-Colombia!<br \/>\nLaurence Prescott<\/p>\n<p style=\"padding-left: 30px;\"><a href=\"\/wordpress\/wp-content\/themes\/pleasant\/REC\/REC%2047\/Bibliograf%c3%ada\/47_6_Intro_a_bibliografia.pdf\" target=\"_blank\" rel=\"noopener\"><strong>Bibliograf\u00eda<\/strong><\/a><br \/>\nContribution to a Bibliography of Afro-Colombian Writers<br \/>\nLaurence Prescott<\/p>\n<p style=\"padding-left: 30px;\"><strong>Ensayos<\/strong><br \/>\n\u2022 <a href=\"\/wordpress\/wp-content\/themes\/pleasant\/REC\/REC%2047\/Ensayos\/47_7_Ensayo_Luis.pdf\" target=\"_blank\" rel=\"noopener\">Chang\u00f3, exilio y el retorno al origen<\/a><br \/>\nWilliam Luis<\/p>\n<p style=\"padding-left: 30px;\">\u2022 <a href=\"\/wordpress\/wp-content\/themes\/pleasant\/REC\/REC%2047\/Ensayos\/47_8_Ensayo_Maglia.pdf\" target=\"_blank\" rel=\"noopener\">Candelario Obeso a la luz del debate contempor\u00e1neo<\/a><br \/>\nGraciela Maglia<\/p>\n<p style=\"padding-left: 30px;\">\u2022 <a href=\"\/wordpress\/wp-content\/themes\/pleasant\/REC\/REC%2047\/Ensayos\/47_9_Ensayo_Lipski.pdf\" target=\"_blank\" rel=\"noopener\">Lengua suto \u00e9 ngande [our language is great]:<\/a><br \/>\nEmerging Discourse Markers in Revitalized Palenquero (Afro-Colombian Spanish Creole)<br \/>\nJohn M. Lipski<\/p>\n<p style=\"padding-left: 30px;\">\u2022 <a href=\"\/wordpress\/wp-content\/themes\/pleasant\/REC\/REC%2047\/Ensayos\/47_10_Ensayo_Barragan.pdf\" target=\"_blank\" rel=\"noopener\">Free Black Women, Slavery, and the Politics of Place in Choc\u00f3, New Granada<\/a><br \/>\nYesenia Barrag\u00e1n<\/p>\n<p style=\"padding-left: 30px;\">\u2022 <a href=\"\/wordpress\/wp-content\/themes\/pleasant\/REC\/REC%2047\/Ensayos\/47_11_Ensayo_Asher.pdf\" target=\"_blank\" rel=\"noopener\">A Retrospective Look at the Winding Paths to Legalizing Afro-Colombian Rights in Law 70 of 1993<\/a><br \/>\nKiran Asher<\/p>\n<p style=\"padding-left: 30px;\">\u2022 <a href=\"\/wordpress\/wp-content\/themes\/pleasant\/REC\/REC%2047\/Ensayos\/47_12_Ensayo_Mendoza.pdf\" target=\"_blank\" rel=\"noopener\">\u201cEl encuentro\u201d by Carlos Arturo Truque: An Overlooked Literary Response to the 1928 Masacre de las Bananeras<\/a><br \/>\nAnnie Mendoza<\/p>\n<p style=\"padding-left: 30px;\">\u2022 <a href=\"\/wordpress\/wp-content\/themes\/pleasant\/REC\/REC%2047\/Ensayos\/47_13_Ensayo_Palacios.pdf\" target=\"_blank\" rel=\"noopener\">Las estrellas son negras o los rostros afrocolombianos a mediados del siglo XX en Colombia<\/a><br \/>\nGeorge Palacios<\/p>\n<p style=\"padding-left: 30px;\">\u2022 <a href=\"\/wordpress\/wp-content\/themes\/pleasant\/REC\/REC%2047\/Ensayos\/47_14_Ensayo_Rodriguez%20Quevedo.pdf\" target=\"_blank\" rel=\"noopener\">La negritud en testimonios de desplazamiento forzado en Colombia<\/a><br \/>\nDiana Rodr\u00edguez Quevedo<\/p>\n<p style=\"padding-left: 30px;\">\u2022 <a href=\"\/wordpress\/wp-content\/themes\/pleasant\/REC\/REC%2047\/Ensayos\/47_15_Ensayo_Jaramillo.pdf\" target=\"_blank\" rel=\"noopener\">Bojay\u00e1 en el teatro colombiano. Kilele drama de memoria y resistencia<\/a><br \/>\nMar\u00eda Mercedes Jaramillo<\/p>\n<p style=\"padding-left: 30px;\">\u2022 <a href=\"\/wordpress\/wp-content\/themes\/pleasant\/REC\/REC%2047\/Ensayos\/47_16_Ensayo_Lara%20Ramos.pdf\" target=\"_blank\" rel=\"noopener\">La m\u00fasica de gaitas como expresi\u00f3n diasp\u00f3rica (africana) del Caribe colombiano<\/a><br \/>\nDavid Lara Ramos<\/p>\n<p style=\"padding-left: 30px;\">\u2022 <a href=\"\/wordpress\/wp-content\/themes\/pleasant\/REC\/REC%2047\/Ensayos\/47_17_Ensayo_Perea.pdf\" target=\"_blank\" rel=\"noopener\">Pa\u2019 los que bacilan: Exploring Social and Political Messages in Afro-Colombian Popular Music<\/a><br \/>\nGuesnerth Josu\u00e9 Perea<\/p>\n<p style=\"padding-left: 30px;\">\u2022 <a href=\"\/wordpress\/wp-content\/themes\/pleasant\/REC\/REC%2047\/Ensayos\/47_18_Ensayo_Aldana.pdf\" target=\"_blank\" rel=\"noopener\">Exploring the (Musical\/Political) Power of Diaspora in Colombia: Champeta Music in Cartagena, Colombia<\/a><br \/>\nLigia Aldana<\/p>\n<p style=\"padding-left: 30px;\">\u2022 <a href=\"\/wordpress\/wp-content\/themes\/pleasant\/REC\/REC%2047\/Ensayos\/47_19_Ensayo_Arocha.pdf\" target=\"_blank\" rel=\"noopener\">Nina S. de Friedemann (1930-1998): La etn\u00f3grafa de african\u00edas y cimarronismos<\/a><br \/>\nJaime Arocha Rodr\u00edguez<\/p>\n<p style=\"padding-left: 30px;\">\u2022 <a href=\"\/wordpress\/wp-content\/themes\/pleasant\/REC\/REC%2047\/Ensayos\/47_20_Ensayo_Gonzalez.pdf\" target=\"_blank\" rel=\"noopener\">Brujer\u00eda y demonios en la Cartagena colonial de Del amor y otros demonios de Gabriel Garc\u00eda M\u00e1rquez<\/a><br \/>\nPatricia Gonz\u00e1lez G\u00f3mez-C\u00e1sseres<\/p>\n<p style=\"padding-left: 30px;\"><strong>Rese\u00f1as<\/strong><br \/>\n\u2022 <a href=\"\/wordpress\/wp-content\/themes\/pleasant\/REC\/REC%2047\/Rese%c3%b1as\/47_21_Resena_Martinez_Pinzon.pdf\" target=\"_blank\" rel=\"noopener\">Jason McGraw. The Work of Recognition: Caribbean Colombia and the Postemancipation Struggle for Citizenship<\/a><br \/>\nFelipe Mart\u00ednez-Pinz\u00f3n<\/p>\n<p style=\"padding-left: 30px;\"><a href=\"\/wordpress\/wp-content\/themes\/pleasant\/REC\/REC%2047\/Colaboradores\/47_22_Colaboradores.pdf\" target=\"_blank\" rel=\"noopener\"><strong>Colaboradores<\/strong><\/a><\/p>\n<p style=\"padding-left: 30px;\"><a href=\"\/wordpress\/wp-content\/themes\/pleasant\/REC\/REC%2047\/Normas%20editoriales\/47_23_Normas_Editoriales.pdf\" target=\"_blank\" rel=\"noopener\"><strong>Normas editoriales<\/strong><\/a><\/p>\n","protected":false},"excerpt":{"rendered":"<p>enero-junio de 2016 Cr\u00e9ditos Presentaci\u00f3n \u00a1Adelante, Afro-Colombia! Laurence Prescott Bibliograf\u00eda Contribution to a Bibliography of Afro-Colombian Writers Laurence Prescott Ensayos \u2022 Chang\u00f3, exilio y el retorno al origen William Luis \u2022 Candelario Obeso a la luz del debate contempor\u00e1neo Graciela Maglia \u2022 Lengua suto \u00e9 ngande [our language is great]: Emerging Discourse Markers in Revitalized Palenquero (Afro-Colombian Spanish Creole) John M. Lipski \u2022 Free Black Women, Slavery, and the Politics of Place in Choc\u00f3, New Granada Yesenia Barrag\u00e1n \u2022 A Retrospective Look at the Winding Paths to Legalizing Afro-Colombian Rights in Law 70 of 1993 Kiran Asher \u2022 \u201cEl encuentro\u201d&#8230; <\/p>\n","protected":false},"author":20,"featured_media":0,"parent":52,"menu_order":0,"comment_status":"closed","ping_status":"closed","template":"template-no-sidebar.php","meta":{"footnotes":""},"class_list":["post-150","page","type-page","status-publish","hentry"],"_links":{"self":[{"href":"https:\/\/colombianistas.org\/wordpress\/index.php\/wp-json\/wp\/v2\/pages\/150"}],"collection":[{"href":"https:\/\/colombianistas.org\/wordpress\/index.php\/wp-json\/wp\/v2\/pages"}],"about":[{"href":"https:\/\/colombianistas.org\/wordpress\/index.php\/wp-json\/wp\/v2\/types\/page"}],"author":[{"embeddable":true,"href":"https:\/\/colombianistas.org\/wordpress\/index.php\/wp-json\/wp\/v2\/users\/20"}],"replies":[{"embeddable":true,"href":"https:\/\/colombianistas.org\/wordpress\/index.php\/wp-json\/wp\/v2\/comments?post=150"}],"version-history":[{"count":3,"href":"https:\/\/colombianistas.org\/wordpress\/index.php\/wp-json\/wp\/v2\/pages\/150\/revisions"}],"predecessor-version":[{"id":2741,"href":"https:\/\/colombianistas.org\/wordpress\/index.php\/wp-json\/wp\/v2\/pages\/150\/revisions\/2741"}],"up":[{"embeddable":true,"href":"https:\/\/colombianistas.org\/wordpress\/index.php\/wp-json\/wp\/v2\/pages\/52"}],"wp:attachment":[{"href":"https:\/\/colombianistas.org\/wordpress\/index.php\/wp-json\/wp\/v2\/media?parent=150"}],"curies":[{"name":"wp","href":"https:\/\/api.w.org\/{rel}","templated":true}]}}