{"id":166,"date":"2018-05-18T02:23:56","date_gmt":"2018-05-18T02:23:56","guid":{"rendered":"https:\/\/prometeo.work\/?page_id=166"},"modified":"2023-10-03T20:28:40","modified_gmt":"2023-10-03T15:28:40","slug":"revista-de-estudios-colombianos-n44","status":"publish","type":"page","link":"https:\/\/colombianistas.org\/wordpress\/index.php\/revistas-anteriores\/revista-de-estudios-colombianos-n44\/","title":{"rendered":"REVISTA DE ESTUDIOS COLOMBIANOS N\u00b044"},"content":{"rendered":"<h6 style=\"padding-left: 30px;\">julio-diciembre de 2014<\/h6>\n<p style=\"padding-left: 30px;\"><a href=\"\/wordpress\/wp-content\/themes\/pleasant\/REC\/REC%2044\/Cr%c3%a9ditos\/44-Portada_y_contraportada.pdf\" target=\"_blank\" rel=\"noopener\"><strong>Cr\u00e9ditos<\/strong><\/a><\/p>\n<p style=\"padding-left: 30px;\"><a href=\"\/wordpress\/wp-content\/themes\/pleasant\/REC\/REC%2044\/In%20Memoriam\/44-1-In_Memoriam.pdf\" target=\"_blank\" rel=\"noopener\"><strong>In Memoriam<\/strong><\/a><br \/>\nMichael Palencia-Roth<\/p>\n<p style=\"padding-left: 30px;\"><a href=\"\/wordpress\/wp-content\/themes\/pleasant\/REC\/REC%2044\/Presentaci%c3%b3n\/44-3-Presentacion.pdf\" target=\"_blank\" rel=\"noopener\"><strong>Presentaci\u00f3n<\/strong><\/a><br \/>\nAriel Castillo Mier<\/p>\n<p style=\"padding-left: 30px;\"><a href=\"\/wordpress\/wp-content\/themes\/pleasant\/REC\/REC%2044\/El%20oficio%20del%20escritor\/44-4-El_oficio_de_escritor.pdf\" target=\"_blank\" rel=\"noopener\"><strong>El oficio de escritor<\/strong><\/a><br \/>\n\u00c1lvaro Miranda<\/p>\n<p style=\"padding-left: 30px;\"><strong>Ensayos<\/strong><br \/>\n\u2022 <a href=\"\/wordpress\/wp-content\/themes\/pleasant\/REC\/REC%2044\/Ensayos\/44-5-Ensayo_Calderon.pdf\" target=\"_blank\" rel=\"noopener\">Antonio Brug\u00e9s Carmona: M\u00fasica coste\u00f1a\/realismo m\u00e1gico<\/a><br \/>\nLuis El\u00edas Calder\u00f3n<\/p>\n<p style=\"padding-left: 30px;\">\u2022 <a href=\"\/wordpress\/wp-content\/themes\/pleasant\/REC\/REC%2044\/Ensayos\/44-6-Ensayo_Jaramillo.pdf\" target=\"_blank\" rel=\"noopener\">Hotel de vagabundos: crisol racial de Las Am\u00e9rica<\/a><br \/>\nMar\u00eda Mercedes Jaramillo<\/p>\n<p style=\"padding-left: 30px;\">\u2022 <a href=\"\/wordpress\/wp-content\/themes\/pleasant\/REC\/REC%2044\/Ensayos\/44-7-Ensayo_Santos_Garcia.pdf\" target=\"_blank\" rel=\"noopener\">Mitograf\u00edas de la destrucci\u00f3n:<br \/>\npo\u00e9tico y solar en la poes\u00eda de H\u00e9ctor Rojas Herazo<\/a><br \/>\nEmiro Santos Garc\u00eda<\/p>\n<p style=\"padding-left: 30px;\">\u2022 <a href=\"\/wordpress\/wp-content\/themes\/pleasant\/REC\/REC%2044\/Ensayos\/44-8-Ensayo_Vega_Castro.pdf\" target=\"_blank\" rel=\"noopener\">Las mujeres de Garc\u00eda M\u00e1rquez: un retrato en sepia<\/a><br \/>\nLyda Vega<\/p>\n<p style=\"padding-left: 30px;\">\u2022 <a href=\"\/wordpress\/wp-content\/themes\/pleasant\/REC\/REC%2044\/Ensayos\/44-9-Ensayo_Ortega_Gonzalez_Rubio.pdf\" target=\"_blank\" rel=\"noopener\">Femineidades monstruosas en la obra de Marvel Moreno<\/a><br \/>\nMercedes Ortega Gonz\u00e1lez-Rubio<\/p>\n<p style=\"padding-left: 30px;\">\u2022 <a href=\"\/wordpress\/wp-content\/themes\/pleasant\/REC\/REC%2044\/Ensayos\/44-10-Ensayo_Patino.pdf\" target=\"_blank\" rel=\"noopener\">Las novelas de la sanandresana Hazel Robinson Abrahams<\/a><br \/>\nAna Mercedes Pati\u00f1o<\/p>\n<p style=\"padding-left: 30px;\"><strong>Entrevista<br \/>\n<\/strong><a href=\"\/wordpress\/wp-content\/themes\/pleasant\/REC\/REC%2044\/Entrevista\/44-11-Entrevista_Celis.pdf\" target=\"_blank\" rel=\"noopener\">La magia de contar historias:<br \/>\nuna conversaci\u00f3n con Fanny Buitrago<\/a><br \/>\nNadia Celis<\/p>\n<p style=\"padding-left: 30px;\"><strong>Nota<\/strong><br \/>\n<a href=\"\/wordpress\/wp-content\/themes\/pleasant\/REC\/REC%2044\/Nota\/44-12-Nota_del_Valle_Idarraga.pdf\" target=\"_blank\" rel=\"noopener\">Casas desoladas: una imagen de San Andr\u00e9s Isla<\/a><br \/>\nM\u00f3nica Mar\u00eda del Valle Id\u00e1rraga<\/p>\n<p style=\"padding-left: 30px;\"><strong>Rese\u00f1as<br \/>\n\u2022 <\/strong><a href=\"\/wordpress\/wp-content\/themes\/pleasant\/REC\/REC%2044\/Rese%c3%b1as\/44-13-Resena_Jaramillo_y_Ortiz.pdf\" target=\"_blank\" rel=\"noopener\">Guiomar Cuesta y Alfredo Ocampo, compiladores.\u00a0Antolog\u00eda de mujeres poetas afrocolombianas<\/a><br \/>\nMar\u00eda Mercedes Jaramillo y Luc\u00eda Ortiz<\/p>\n<p style=\"padding-left: 30px;\">\u2022 <a href=\"\/wordpress\/wp-content\/themes\/pleasant\/REC\/REC%2044\/Rese%c3%b1as\/44-14-Resena_Sanchez_Blake.pdf\" target=\"_blank\" rel=\"noopener\">Carmi\u00f1a Navia Velasco. Escritoras Latinoamericanas: Raz\u00f3n y locura<\/a><br \/>\nElvira S\u00e1nchez-Blake<\/p>\n<p style=\"padding-left: 30px;\">\u2022 <a href=\"\/wordpress\/wp-content\/themes\/pleasant\/REC\/REC%2044\/Rese%c3%b1as\/44-15-Resena_Sanchez_Lopez.pdf\" target=\"_blank\" rel=\"noopener\">Michael Edward Stanfield. Of Beasts and Beauty:<br \/>\nGender, Race, and Identity in Colombia<\/a><br \/>\nSandra S\u00e1nchez L\u00f3pez<\/p>\n<p style=\"padding-left: 30px;\"><a href=\"\/wordpress\/wp-content\/themes\/pleasant\/REC\/REC%2044\/Colaboradores\/44-16-Colaboradores.pdf\" target=\"_blank\" rel=\"noopener\"><strong>Colaboradores<\/strong><\/a><\/p>\n<p style=\"padding-left: 30px;\"><a href=\"\/wordpress\/wp-content\/themes\/pleasant\/REC\/REC%2044\/Normas%20editoriales\/44.17%20-%20Normas%20editoriales.pdf\" target=\"_blank\" rel=\"noopener\"><strong>Normas editoriales<\/strong><\/a><\/p>\n","protected":false},"excerpt":{"rendered":"<p>julio-diciembre de 2014 Cr\u00e9ditos In Memoriam Michael Palencia-Roth Presentaci\u00f3n Ariel Castillo Mier El oficio de escritor \u00c1lvaro Miranda Ensayos \u2022 Antonio Brug\u00e9s Carmona: M\u00fasica coste\u00f1a\/realismo m\u00e1gico Luis El\u00edas Calder\u00f3n \u2022 Hotel de vagabundos: crisol racial de Las Am\u00e9rica Mar\u00eda Mercedes Jaramillo \u2022 Mitograf\u00edas de la destrucci\u00f3n: po\u00e9tico y solar en la poes\u00eda de H\u00e9ctor Rojas Herazo Emiro Santos Garc\u00eda \u2022 Las mujeres de Garc\u00eda M\u00e1rquez: un retrato en sepia Lyda Vega \u2022 Femineidades monstruosas en la obra de Marvel Moreno Mercedes Ortega Gonz\u00e1lez-Rubio \u2022 Las novelas de la sanandresana Hazel Robinson Abrahams Ana Mercedes Pati\u00f1o Entrevista La magia de contar&#8230; <\/p>\n","protected":false},"author":20,"featured_media":0,"parent":52,"menu_order":0,"comment_status":"closed","ping_status":"closed","template":"template-no-sidebar.php","meta":{"footnotes":""},"class_list":["post-166","page","type-page","status-publish","hentry"],"_links":{"self":[{"href":"https:\/\/colombianistas.org\/wordpress\/index.php\/wp-json\/wp\/v2\/pages\/166"}],"collection":[{"href":"https:\/\/colombianistas.org\/wordpress\/index.php\/wp-json\/wp\/v2\/pages"}],"about":[{"href":"https:\/\/colombianistas.org\/wordpress\/index.php\/wp-json\/wp\/v2\/types\/page"}],"author":[{"embeddable":true,"href":"https:\/\/colombianistas.org\/wordpress\/index.php\/wp-json\/wp\/v2\/users\/20"}],"replies":[{"embeddable":true,"href":"https:\/\/colombianistas.org\/wordpress\/index.php\/wp-json\/wp\/v2\/comments?post=166"}],"version-history":[{"count":6,"href":"https:\/\/colombianistas.org\/wordpress\/index.php\/wp-json\/wp\/v2\/pages\/166\/revisions"}],"predecessor-version":[{"id":2734,"href":"https:\/\/colombianistas.org\/wordpress\/index.php\/wp-json\/wp\/v2\/pages\/166\/revisions\/2734"}],"up":[{"embeddable":true,"href":"https:\/\/colombianistas.org\/wordpress\/index.php\/wp-json\/wp\/v2\/pages\/52"}],"wp:attachment":[{"href":"https:\/\/colombianistas.org\/wordpress\/index.php\/wp-json\/wp\/v2\/media?parent=166"}],"curies":[{"name":"wp","href":"https:\/\/api.w.org\/{rel}","templated":true}]}}