{"id":171,"date":"2018-05-18T02:27:32","date_gmt":"2018-05-18T02:27:32","guid":{"rendered":"https:\/\/prometeo.work\/?page_id=171"},"modified":"2023-10-03T20:33:24","modified_gmt":"2023-10-03T15:33:24","slug":"revista-de-estudios-colombianos-n43","status":"publish","type":"page","link":"https:\/\/colombianistas.org\/wordpress\/index.php\/revistas-anteriores\/revista-de-estudios-colombianos-n43\/","title":{"rendered":"REVISTA DE ESTUDIOS COLOMBIANOS N\u00b043"},"content":{"rendered":"<h6 style=\"padding-left: 30px;\">2014<\/h6>\n<p style=\"padding-left: 30px;\"><a href=\"\/wordpress\/wp-content\/themes\/pleasant\/REC\/REC%2043\/Colaboradores\/43-17-Colaboradores.pdf\" target=\"_blank\" rel=\"noopener\"><strong>Cr\u00e9ditos<\/strong><\/a><\/p>\n<p style=\"padding-left: 30px;\"><strong><a href=\"\/wordpress\/wp-content\/themes\/pleasant\/REC\/REC%2043\/Presentaci%c3%b3n\/43-1-Presentacion.pdf\" target=\"_blank\" rel=\"noopener\">Presentaci\u00f3n<\/a><br \/>\n<\/strong>\u00c1ngela In\u00e9s Robledo<\/p>\n<p style=\"padding-left: 30px;\"><a href=\"\/wordpress\/wp-content\/themes\/pleasant\/REC\/REC%2043\/El%20oficio%20de%20ser%20religiosa\/43-2-El_oficio_de_ser_religiosa.pdf\" target=\"_blank\" rel=\"noopener\"><strong>El oficio de ser religiosa<\/strong><\/a><br \/>\nCarmi\u00f1a Navia Velasco<\/p>\n<p style=\"padding-left: 30px;\"><strong>Ensayos<\/strong><br \/>\n\u2022 <a href=\"\/wordpress\/wp-content\/themes\/pleasant\/REC\/REC%2043\/Ensayos\/43-3-Ensayo_Anton.pdf\" target=\"_blank\" rel=\"noopener\">Sor Francisca Josefa de Castillo y Sor Jer\u00f3nima Nava y Saavedra:<br \/>\nla tradici\u00f3n de las vidas y la escritura del cuerpo<\/a><br \/>\nBeatriz Ferr\u00fas Ant\u00f3n<\/p>\n<p style=\"padding-left: 30px;\">\u2022 <a href=\"\/wordpress\/wp-content\/themes\/pleasant\/REC\/REC%2043\/Ensayos\/43-4-Ensayo_Moore.pdf\" target=\"_blank\" rel=\"noopener\">Ar\u00e1cnidos e insectos:<br \/>\nuna historia natural a lo divino en Los afectos espirituales de la Madre Castillo (1671-1742)<\/a><br \/>\nCharles Moore<\/p>\n<p style=\"padding-left: 30px;\">\u2022 <a href=\"\/wordpress\/wp-content\/themes\/pleasant\/REC\/REC%2043\/Ensayos\/43-5-Ensayo_Posada.pdf\" target=\"_blank\" rel=\"noopener\">Escritos religiosos de Soledad Acosta de Samper (1833-1913):<br \/>\nlectura teol\u00f3gica y en perspectiva de g\u00e9nero<\/a><br \/>\nIsabel Corpas de Posada<\/p>\n<p style=\"padding-left: 30px;\">\u2022 <a href=\"\/wordpress\/wp-content\/themes\/pleasant\/REC\/REC%2043\/Ensayos\/43-6-Ensayo_Osorio.pdf\" target=\"_blank\" rel=\"noopener\">Entre la pedagog\u00eda y la teolog\u00eda de la liberaci\u00f3n:<br \/>\nanotaciones en torno a &#8220;Informe de la Madre Laura. Los albores de una Metodolog\u00eda de Trabajo con los ind\u00edgenas&#8221; (1917)<\/a><br \/>\nMar\u00eda E. Osorio<\/p>\n<p style=\"padding-left: 30px;\">\u2022 <a href=\"\/wordpress\/wp-content\/themes\/pleasant\/REC\/REC%2043\/Ensayos\/43-7-Ensayo_Rausch.pdf\" target=\"_blank\" rel=\"noopener\">The Controversial Career of Sophie Muller (1910-1995):<br \/>\nAn Assessment of her Influence as a Protestant Evangelist on Colombia&#8217;s Far Eastern Frontier<\/a><br \/>\nJane Rausch<\/p>\n<p style=\"padding-left: 30px;\">\u2022 <a href=\"\/wordpress\/wp-content\/themes\/pleasant\/REC\/REC%2043\/Ensayos\/43-8-Ensayo_Pizano.pdf\" target=\"_blank\" rel=\"noopener\">&#8220;La procesi\u00f3n de los ardientes&#8221; de Pedro G\u00f3mez Valderrama:<br \/>\ndemonolog\u00eda y brujer\u00eda como hermen\u00e9utica de la espiritualidad <\/a><br \/>\nJosefina Pizano<\/p>\n<p style=\"padding-left: 30px;\">\u2022 <a href=\"\/wordpress\/wp-content\/themes\/pleasant\/REC\/REC%2043\/Ensayos\/43-9_Ensayo%20-%20Gonzalez.pdf\" target=\"_blank\" rel=\"noopener\">Religiosidad y chamanismo suburbano:<br \/>\ninvocaciones, rituales y oraciones en el jarill\u00f3n del r\u00edo Cauca<\/a><br \/>\nNancy Motta Gonz\u00e1lez<\/p>\n<p style=\"padding-left: 30px;\"><a href=\"\/wordpress\/wp-content\/themes\/pleasant\/REC\/REC%2043\/Entrevista\/43-10_Entrevista.pdf\" target=\"_blank\" rel=\"noopener\"><strong>Entrevista<\/strong><br \/>\nCamilo Torres: el cura y el soci\u00f3logo<br \/>\nEntrevista al Padre Miguel Triana Uribe<\/a><br \/>\nFernando Cubides<\/p>\n<p style=\"padding-left: 30px;\"><strong>Rese\u00f1as<\/strong><br \/>\n\u2022 <a href=\"\/wordpress\/wp-content\/themes\/pleasant\/REC\/REC%2043\/Rese%c3%b1as\/43-11-Resena_Patino.pdf\" target=\"_blank\" rel=\"noopener\">Jos\u00e9 Cardona-L\u00f3pez. Al otro lado del acaso<\/a><br \/>\nAna Mercedes Pati\u00f1o<\/p>\n<p style=\"padding-left: 30px;\">\u2022 <a href=\"\/wordpress\/wp-content\/themes\/pleasant\/REC\/REC%2043\/Rese%c3%b1as\/43-12-Resena_Baquero.pdf\" target=\"_blank\" rel=\"noopener\">Christopher Dennis. Afro-Colombian Hip-Hop: Globalization, Transcultural Music, and Ethnic Identities<\/a><br \/>\nConstanza L\u00f3pez Baquero<\/p>\n<p style=\"padding-left: 30px;\">\u2022 <a href=\"\/wordpress\/wp-content\/themes\/pleasant\/REC\/REC%2043\/Rese%c3%b1as\/43-4-Ensayo_Moore.pdf\" target=\"_blank\" rel=\"noopener\">Alexander Stefanell. El caso Madre Castillo. Discurso confesional hegem\u00f3nico y canon en la literatura colombiana<\/a><br \/>\nCharles B. Moore<\/p>\n<p style=\"padding-left: 30px;\">\u2022 <a href=\"\/wordpress\/wp-content\/themes\/pleasant\/REC\/REC%2043\/Rese%c3%b1as\/43-14-Resena_MartinezPinzon.pdf\" target=\"_blank\" rel=\"noopener\">Nelson Gonz\u00e1lez-Ortega. Colombia: una naci\u00f3n en formaci\u00f3n en su historia y literatura (siglo XVI-XXI)<\/a><br \/>\nFelipe Mart\u00ednez-Pinz\u00f3n<\/p>\n<p style=\"padding-left: 30px;\">\u2022 <a href=\"\/wordpress\/wp-content\/themes\/pleasant\/REC\/REC%2043\/Rese%c3%b1as\/43-15-Resena_Jaramillo.pdf\" target=\"_blank\" rel=\"noopener\">Emma Reyes. Memoria por correspondencia<\/a><br \/>\nMar\u00eda Mercedes Jaramillo<\/p>\n<p style=\"padding-left: 30px;\">\u2022 <a href=\"https:\/\/colombianistas.org\/wordpress\/wp-content\/themes\/pleasant\/REC\/REC%2043\/Rese%c3%b1as\/%c3%a7.pdf\" target=\"_blank\" rel=\"noopener\">Mar\u00eda In\u00e9s Mart\u00ednez. El Despertar de las comunidades afrocolombianas. Relatos de cinco l\u00edderes: Dorina Hern\u00e1ndez, Libia Grueso, Carlos Rosero, Marino C\u00f3rdoba y Zulia Mena. Ensayo introductorio por \u00c1ngel G. Quintero Rivera<\/a><br \/>\nSharika Crawford<\/p>\n<p style=\"padding-left: 30px;\"><a href=\"\/wordpress\/wp-content\/themes\/pleasant\/REC\/REC%2043\/Cr%c3%a9ditos\/43-Inside_Cover.pdf\" target=\"_blank\" rel=\"noopener\"><strong>Colaboradores<\/strong><\/a><\/p>\n","protected":false},"excerpt":{"rendered":"<p>2014 Cr\u00e9ditos Presentaci\u00f3n \u00c1ngela In\u00e9s Robledo El oficio de ser religiosa Carmi\u00f1a Navia Velasco Ensayos \u2022 Sor Francisca Josefa de Castillo y Sor Jer\u00f3nima Nava y Saavedra: la tradici\u00f3n de las vidas y la escritura del cuerpo Beatriz Ferr\u00fas Ant\u00f3n \u2022 Ar\u00e1cnidos e insectos: una historia natural a lo divino en Los afectos espirituales de la Madre Castillo (1671-1742) Charles Moore \u2022 Escritos religiosos de Soledad Acosta de Samper (1833-1913): lectura teol\u00f3gica y en perspectiva de g\u00e9nero Isabel Corpas de Posada \u2022 Entre la pedagog\u00eda y la teolog\u00eda de la liberaci\u00f3n: anotaciones en torno a &#8220;Informe de la Madre Laura&#8230;. <\/p>\n","protected":false},"author":20,"featured_media":0,"parent":52,"menu_order":0,"comment_status":"closed","ping_status":"closed","template":"template-no-sidebar.php","meta":{"footnotes":""},"class_list":["post-171","page","type-page","status-publish","hentry"],"_links":{"self":[{"href":"https:\/\/colombianistas.org\/wordpress\/index.php\/wp-json\/wp\/v2\/pages\/171"}],"collection":[{"href":"https:\/\/colombianistas.org\/wordpress\/index.php\/wp-json\/wp\/v2\/pages"}],"about":[{"href":"https:\/\/colombianistas.org\/wordpress\/index.php\/wp-json\/wp\/v2\/types\/page"}],"author":[{"embeddable":true,"href":"https:\/\/colombianistas.org\/wordpress\/index.php\/wp-json\/wp\/v2\/users\/20"}],"replies":[{"embeddable":true,"href":"https:\/\/colombianistas.org\/wordpress\/index.php\/wp-json\/wp\/v2\/comments?post=171"}],"version-history":[{"count":6,"href":"https:\/\/colombianistas.org\/wordpress\/index.php\/wp-json\/wp\/v2\/pages\/171\/revisions"}],"predecessor-version":[{"id":2737,"href":"https:\/\/colombianistas.org\/wordpress\/index.php\/wp-json\/wp\/v2\/pages\/171\/revisions\/2737"}],"up":[{"embeddable":true,"href":"https:\/\/colombianistas.org\/wordpress\/index.php\/wp-json\/wp\/v2\/pages\/52"}],"wp:attachment":[{"href":"https:\/\/colombianistas.org\/wordpress\/index.php\/wp-json\/wp\/v2\/media?parent=171"}],"curies":[{"name":"wp","href":"https:\/\/api.w.org\/{rel}","templated":true}]}}