{"id":173,"date":"2018-05-18T02:32:08","date_gmt":"2018-05-18T02:32:08","guid":{"rendered":"https:\/\/prometeo.work\/?page_id=173"},"modified":"2023-10-03T20:25:16","modified_gmt":"2023-10-03T15:25:16","slug":"revista-de-estudios-colombianos-n42","status":"publish","type":"page","link":"https:\/\/colombianistas.org\/wordpress\/index.php\/revistas-anteriores\/revista-de-estudios-colombianos-n42\/","title":{"rendered":"REVISTA DE ESTUDIOS COLOMBIANOS N\u00b041-42"},"content":{"rendered":"<p style=\"padding-left: 30px;\">2013<\/p>\n<p style=\"padding-left: 30px;\"><a href=\"\/wordpress\/wp-content\/themes\/pleasant\/REC\/REC%2041-42\/Presentaci%c3%b3n\/REC_41.5-7.pdf\" target=\"_blank\" rel=\"noopener\"><strong>Presentaci\u00f3n<\/strong><\/a><br \/>\nBetty Osorio<\/p>\n<p style=\"padding-left: 30px;\"><a href=\"\/wordpress\/wp-content\/themes\/pleasant\/REC\/REC%2041-42\/El%20oficio%20de%20una%20feminista\/REC_41.8-9.pdf\" target=\"_blank\" rel=\"noopener\"><strong>El oficio de una feminista<\/strong><br \/>\n\u00bfPor qu\u00e9 escog\u00ed defender a las mujeres y trabajar con ellas?<\/a><br \/>\nFlorence Thomas<\/p>\n<p style=\"padding-left: 30px;\"><strong>Ensayos<\/strong><br \/>\n\u2022 <a href=\"\/wordpress\/wp-content\/themes\/pleasant\/REC\/REC%2041-42\/Ensayos\/REC_41.10-17.pdf\" target=\"_blank\" rel=\"noopener\">Imitaci\u00f3n, asimilaci\u00f3n, importaci\u00f3n y posesi\u00f3n:<br \/>\nuna lectura cursi de Mar\u00eda de Jorge Isaacs<\/a><br \/>\nOsvaldo Di Paolo<\/p>\n<p style=\"padding-left: 30px;\">\u2022 <a href=\"\/index.php\/revistas-anteriores\/revista-de-estudios-colombianos-n42\/\" target=\"_blank\" rel=\"noopener\">The Artist as Impressionistic Critic in Jos\u00e9 Asunci\u00f3n Silva\u2019s De sobremesa:<br \/>\nTransatlantic Borrowings from Walter Pater, Oscar Wilde, and British Aestheticism<\/a><br \/>\nKelly Comfort<\/p>\n<p style=\"padding-left: 30px;\">\u2022 <a href=\"\/wordpress\/wp-content\/themes\/pleasant\/REC\/REC%2041-42\/Ensayos\/REC_41.27-35.pdf\" target=\"_blank\" rel=\"noopener\">Cuerpos del cerco y pol\u00edticas de la multitud:<br \/>\nliteratura y caricatura alrededor de Gait\u00e1n y el gaitanismo<\/a><br \/>\nFelipe Mart\u00ednez-Pinz\u00f3n<\/p>\n<p style=\"padding-left: 30px;\">\u2022 <a href=\"\/wordpress\/wp-content\/themes\/pleasant\/REC\/REC%2041-42\/Ensayos\/REC_41.36-41.pdf\" target=\"_blank\" rel=\"noopener\">Met\u00e1foras de una naci\u00f3n en crisis:<br \/>\nuna visi\u00f3n panor\u00e1mica de la novel\u00edstica del Nueve de Abril en la d\u00e9cada del cincuenta<\/a><br \/>\nMar\u00eda Mercedes Andrade<\/p>\n<p style=\"padding-left: 30px;\">\u2022 <a href=\"\/wordpress\/wp-content\/themes\/pleasant\/REC\/REC%2041-42\/Ensayos\/REC_41.42-52.pdf\" target=\"_blank\" rel=\"noopener\">La ansiedad de la influencia:<br \/>\nla renovada presencia de Ernest Hemingway en la escritura de Gabriel Garc\u00eda M\u00e1rquez<\/a><br \/>\nMarcos Campillo-Fenoll<\/p>\n<p style=\"padding-left: 30px;\">\u2022 <a href=\"\/wordpress\/wp-content\/themes\/pleasant\/REC\/REC%2041-42\/Ensayos\/REC_41.53-57.pdf\" target=\"_blank\" rel=\"noopener\">Fanny Buitrago y c\u00f3mo ella narra en Cola de zorro la Colombia de los a\u00f1os 50 y 60<\/a><br \/>\nLuz Consuelo Triana-Echeverr\u00eda<\/p>\n<p style=\"padding-left: 30px;\">\u2022 <a href=\"\/wordpress\/wp-content\/themes\/pleasant\/REC\/REC%2041-42\/Ensayos\/REC_41.58-64.pdf\" target=\"_blank\" rel=\"noopener\">Hacia una imaginer\u00eda leg\u00edtima:<br \/>\nuna visi\u00f3n del cine colombiano a partir de la obra de Luis Ospina<\/a><br \/>\nGast\u00f3n A. \u00c1lzate<\/p>\n<p style=\"padding-left: 30px;\"><a href=\"\/wordpress\/wp-content\/themes\/pleasant\/REC\/REC%2041-42\/Entrevista%20a%20Arturo%20Escobar\/43-10_Entrevista.pdf\" target=\"_blank\" rel=\"noopener\">\u2022 Entrevista a Arturo Escobar<\/a><br \/>\nDiana Marcela G\u00f3mez Correal<\/p>\n<p style=\"padding-left: 30px;\"><strong>Notas<br \/>\n<\/strong>\u2022 <a href=\"\/wordpress\/wp-content\/themes\/pleasant\/REC\/REC%2041-42\/Notas\/REC_41.77.pdf\" target=\"_blank\" rel=\"noopener\">Guillermo Hoyos \u2013 In Memoriam<\/a><br \/>\n\u00c1ngela Calvo de Saavedra<\/p>\n<p style=\"padding-left: 30px;\">\u2022 <a href=\"\/wordpress\/wp-content\/themes\/pleasant\/REC\/REC%2041-42\/Notas\/REC_41.78.pdf\" target=\"_blank\" rel=\"noopener\">Edgar Negret (1920-2012)<\/a><br \/>\nPepe Gonz\u00e1lez G.<\/p>\n<p style=\"padding-left: 30px;\"><strong>Rese\u00f1as<br \/>\n\u2022 <\/strong><a href=\"\/wordpress\/wp-content\/themes\/pleasant\/REC\/REC%2041-42\/Rese%c3%b1as\/REC_41.79.pdf\" target=\"_blank\" rel=\"noopener\">Fernando Vallejo. El cuervo blanco<\/a><br \/>\nH\u00e9ctor Hoyos<\/p>\n<p style=\"padding-left: 30px;\">\u2022 <a href=\"\/wordpress\/wp-content\/themes\/pleasant\/REC\/REC%2041-42\/Rese%c3%b1as\/REC_41.80.pdf\" target=\"_blank\" rel=\"noopener\">Esther Fleisacher. La risa del sol<\/a><br \/>\nDiana M. Londo\u00f1o<\/p>\n<p style=\"padding-left: 30px;\">\u2022 <a href=\"\/wordpress\/wp-content\/themes\/pleasant\/REC\/REC%2041-42\/Rese%c3%b1as\/REC_41.81.pdf\" target=\"_blank\" rel=\"noopener\">Nayla Chehade. A puerta cerrada<\/a><br \/>\nMichael Palencia Roth<\/p>\n<p style=\"padding-left: 30px;\">\u2022 <a href=\"\/wordpress\/wp-content\/themes\/pleasant\/REC\/REC%2041-42\/Rese%c3%b1as\/REC_41.82.pdf\" target=\"_blank\" rel=\"noopener\">\u00c1lvaro Pineda Botero. El esposado<\/a><br \/>\nCamilo Jim\u00e9nez<\/p>\n<p style=\"padding-left: 30px;\">\u2022 <a href=\"\/wordpress\/wp-content\/themes\/pleasant\/REC\/REC%2041-42\/Rese%c3%b1as\/REC_41.83.pdf\" target=\"_blank\" rel=\"noopener\">Mar\u00eda Mercedes Jaramillo y Luc\u00eda Ortiz, Eds. Hijas del Muntu. Biograf\u00edas cr\u00edticas de mujeres afrodescendientes de Am\u00e9rica Latina.<\/a><br \/>\nJos\u00e9 Cardona-L\u00f3pez<\/p>\n<p style=\"padding-left: 30px;\"><a href=\"\/wordpress\/wp-content\/themes\/pleasant\/REC\/REC%2041-42\/Colaboradores\/REC_41.84.pdf\" target=\"_blank\" rel=\"noopener\"><strong>Colaboradores<\/strong><\/a><\/p>\n","protected":false},"excerpt":{"rendered":"<p>2013 Presentaci\u00f3n Betty Osorio El oficio de una feminista \u00bfPor qu\u00e9 escog\u00ed defender a las mujeres y trabajar con ellas? Florence Thomas Ensayos \u2022 Imitaci\u00f3n, asimilaci\u00f3n, importaci\u00f3n y posesi\u00f3n: una lectura cursi de Mar\u00eda de Jorge Isaacs Osvaldo Di Paolo \u2022 The Artist as Impressionistic Critic in Jos\u00e9 Asunci\u00f3n Silva\u2019s De sobremesa: Transatlantic Borrowings from Walter Pater, Oscar Wilde, and British Aestheticism Kelly Comfort \u2022 Cuerpos del cerco y pol\u00edticas de la multitud: literatura y caricatura alrededor de Gait\u00e1n y el gaitanismo Felipe Mart\u00ednez-Pinz\u00f3n \u2022 Met\u00e1foras de una naci\u00f3n en crisis: una visi\u00f3n panor\u00e1mica de la novel\u00edstica del Nueve de&#8230; <\/p>\n","protected":false},"author":20,"featured_media":0,"parent":52,"menu_order":0,"comment_status":"closed","ping_status":"closed","template":"template-no-sidebar.php","meta":{"footnotes":""},"class_list":["post-173","page","type-page","status-publish","hentry"],"_links":{"self":[{"href":"https:\/\/colombianistas.org\/wordpress\/index.php\/wp-json\/wp\/v2\/pages\/173"}],"collection":[{"href":"https:\/\/colombianistas.org\/wordpress\/index.php\/wp-json\/wp\/v2\/pages"}],"about":[{"href":"https:\/\/colombianistas.org\/wordpress\/index.php\/wp-json\/wp\/v2\/types\/page"}],"author":[{"embeddable":true,"href":"https:\/\/colombianistas.org\/wordpress\/index.php\/wp-json\/wp\/v2\/users\/20"}],"replies":[{"embeddable":true,"href":"https:\/\/colombianistas.org\/wordpress\/index.php\/wp-json\/wp\/v2\/comments?post=173"}],"version-history":[{"count":8,"href":"https:\/\/colombianistas.org\/wordpress\/index.php\/wp-json\/wp\/v2\/pages\/173\/revisions"}],"predecessor-version":[{"id":2733,"href":"https:\/\/colombianistas.org\/wordpress\/index.php\/wp-json\/wp\/v2\/pages\/173\/revisions\/2733"}],"up":[{"embeddable":true,"href":"https:\/\/colombianistas.org\/wordpress\/index.php\/wp-json\/wp\/v2\/pages\/52"}],"wp:attachment":[{"href":"https:\/\/colombianistas.org\/wordpress\/index.php\/wp-json\/wp\/v2\/media?parent=173"}],"curies":[{"name":"wp","href":"https:\/\/api.w.org\/{rel}","templated":true}]}}