{"id":177,"date":"2018-05-18T02:36:22","date_gmt":"2018-05-18T02:36:22","guid":{"rendered":"https:\/\/prometeo.work\/?page_id=177"},"modified":"2023-10-03T20:24:53","modified_gmt":"2023-10-03T15:24:53","slug":"revista-de-estudios-colombianos-n41","status":"publish","type":"page","link":"https:\/\/colombianistas.org\/wordpress\/index.php\/revistas-anteriores\/revista-de-estudios-colombianos-n41\/","title":{"rendered":"REVISTA DE ESTUDIOS COLOMBIANOS N\u00b040"},"content":{"rendered":"<h6 style=\"padding-left: 30px;\">2012<\/h6>\n<p style=\"padding-left: 30px;\"><strong><a href=\"\/wordpress\/wp-content\/themes\/pleasant\/REC\/REC%2040\/Presentaci%c3%b3n\/REC40_Presentacion.pdf\" target=\"_blank\" rel=\"noopener\">Presentaci\u00f3n<\/a><br \/>\n<\/strong>Breves apuntes sobre los estudios culturales en Colombia<br \/>\nH\u00e9ctor Fern\u00e1ndez L&#8217;Hoeste<\/p>\n<p style=\"padding-left: 30px;\"><a href=\"\/wordpress\/wp-content\/themes\/pleasant\/REC\/REC%2040\/El%20oficio%20de%20hacer%20cultura\/REC40_El_oficio_de_hacer_cultura.pdf\" target=\"_blank\" rel=\"noopener\"><strong>El oficio de hacer cultura<\/strong><\/a><br \/>\nGustavo Ortiz<\/p>\n<p style=\"padding-left: 30px;\"><strong>Ensayos<br \/>\n<\/strong>\u2022 <a href=\"\/wordpress\/wp-content\/themes\/pleasant\/REC\/REC%2040\/Ensayos\/REC40_Ensayos_Colombia_on_The_March.pdf\" target=\"_blank\" rel=\"noopener\">Colombia on The March? The Media, Hegemony and The Manifestaciones of 2008<\/a><br \/>\nGregory Lobo<\/p>\n<p style=\"padding-left: 30px;\">\u2022 <a href=\"\/wordpress\/wp-content\/themes\/pleasant\/REC\/REC%2040\/Ensayos\/REC40_Ensayos_Feminized_Topographies.pdf\" target=\"_blank\" rel=\"noopener\">Feminized Topographies: Women, Nature, and Tourism in Colombia es Pasi\u00f3n<\/a><br \/>\nMichelle Roc\u00edo Nasser<\/p>\n<p style=\"padding-left: 30px;\">\u2022 <a href=\"\/wordpress\/wp-content\/themes\/pleasant\/REC\/REC%2040\/Ensayos\/REC40_Ensayos_Alla_en_el_trapiche.pdf\" target=\"_blank\" rel=\"noopener\">All\u00e1 en el trapiche (del Rancho Grande): el cine mexicano se impone en Colombia<\/a><br \/>\nRobert McKee Irwin<\/p>\n<p style=\"padding-left: 30px;\">\u2022 <a href=\"\/wordpress\/wp-content\/themes\/pleasant\/REC\/REC%2040\/Ensayos\/REC40_Ensayos_La%20increible_historia.pdf\" target=\"_blank\" rel=\"noopener\">La incre\u00edble historia de Memoria de mis putas tristes<br \/>\ny de Mustio Collado: el abuelo desalmado<br \/>\nBeatriz Botero<\/a><\/p>\n<p style=\"padding-left: 30px;\">\u2022 <a href=\"\/wordpress\/wp-content\/themes\/pleasant\/REC\/REC%2040\/Ensayos\/REC40_Ensayos_Amid_Comics_and_Radionovelas.pdf\" target=\"_blank\" rel=\"noopener\">Amid Comics and Radionovelas:<br \/>\nThe Changing Role of The Armed Forces in Colombia&#8217;s Cultural Industry<\/a><br \/>\nH\u00e9ctor Fern\u00e1ndez L&#8217;Hoeste<\/p>\n<p style=\"padding-left: 30px;\"><strong>Rese\u00f1as<br \/>\n\u2022 <\/strong><a href=\"\/wordpress\/wp-content\/themes\/pleasant\/REC\/REC%2040\/Rese%c3%b1as\/REC40_Resenas_The_People_Behind_Colombian_Coal.pdf\" target=\"_blank\" rel=\"noopener\">Aviva Chomsky, Garry Leech, and Steve Striffler, eds.<br \/>\nThe People Behind Colombian Coal: Mining, Multinationals and Human Rights<\/a><br \/>\nMeri L. Clark<\/p>\n<p style=\"padding-left: 30px;\">\u2022 <a href=\"\/wordpress\/wp-content\/themes\/pleasant\/REC\/REC%2040\/Rese%c3%b1as\/REC40_Resenas_Espiral_de_silencios.pdf\" target=\"_blank\" rel=\"noopener\">S\u00e1nchez-Blake, Elvira. Espiral de silencios<\/a><br \/>\nConstanza L\u00f3pez Baquero<\/p>\n<p style=\"padding-left: 30px;\">\u2022 T<a href=\"\/wordpress\/wp-content\/themes\/pleasant\/REC\/REC%2040\/Rese%c3%b1as\/REC40_Resenas_Counting_the_Dead.pdf\" target=\"_blank\" rel=\"noopener\">ate, Winifred<br \/>\nCounting the Dead: The Culture and Politics of Human Rights Activism in Colombia<\/a><br \/>\nDiana Ojeda<\/p>\n<p style=\"padding-left: 30px;\">\u2022 <a href=\"\/wordpress\/wp-content\/themes\/pleasant\/REC\/REC%2040\/Rese%c3%b1as\/REC40_Resena_Esposa_fugada.pdf\" target=\"_blank\" rel=\"noopener\">Ara\u00fajo, Helena<br \/>\nEsposa fugada y otros cuentos viajeros<\/a><br \/>\nPatricia Trujillo<\/p>\n<p style=\"padding-left: 30px;\">\u2022 <a href=\"\/wordpress\/wp-content\/themes\/pleasant\/REC\/REC%2040\/Rese%c3%b1as\/REC40_Resena_Hacia_una_poetica_afro-colombiana.pdf\" target=\"_blank\" rel=\"noopener\">Lawo-Sukam, Alain<\/a><br \/>\nHacia una po\u00e9tica afro-colombiana: el caso del Pac\u00edfico<br \/>\nSilvia Valero<\/p>\n<p style=\"padding-left: 30px;\"><a href=\"\/wordpress\/wp-content\/themes\/pleasant\/REC\/REC%2040\/Colaboradores\/REC40_Colaboradores.pdf\" target=\"_blank\" rel=\"noopener\"><strong>Colaboradores<\/strong><\/a><\/p>\n","protected":false},"excerpt":{"rendered":"<p>2012 Presentaci\u00f3n Breves apuntes sobre los estudios culturales en Colombia H\u00e9ctor Fern\u00e1ndez L&#8217;Hoeste El oficio de hacer cultura Gustavo Ortiz Ensayos \u2022 Colombia on The March? The Media, Hegemony and The Manifestaciones of 2008 Gregory Lobo \u2022 Feminized Topographies: Women, Nature, and Tourism in Colombia es Pasi\u00f3n Michelle Roc\u00edo Nasser \u2022 All\u00e1 en el trapiche (del Rancho Grande): el cine mexicano se impone en Colombia Robert McKee Irwin \u2022 La incre\u00edble historia de Memoria de mis putas tristes y de Mustio Collado: el abuelo desalmado Beatriz Botero \u2022 Amid Comics and Radionovelas: The Changing Role of The Armed Forces in&#8230; <\/p>\n","protected":false},"author":20,"featured_media":0,"parent":52,"menu_order":0,"comment_status":"closed","ping_status":"closed","template":"template-no-sidebar.php","meta":{"footnotes":""},"class_list":["post-177","page","type-page","status-publish","hentry"],"_links":{"self":[{"href":"https:\/\/colombianistas.org\/wordpress\/index.php\/wp-json\/wp\/v2\/pages\/177"}],"collection":[{"href":"https:\/\/colombianistas.org\/wordpress\/index.php\/wp-json\/wp\/v2\/pages"}],"about":[{"href":"https:\/\/colombianistas.org\/wordpress\/index.php\/wp-json\/wp\/v2\/types\/page"}],"author":[{"embeddable":true,"href":"https:\/\/colombianistas.org\/wordpress\/index.php\/wp-json\/wp\/v2\/users\/20"}],"replies":[{"embeddable":true,"href":"https:\/\/colombianistas.org\/wordpress\/index.php\/wp-json\/wp\/v2\/comments?post=177"}],"version-history":[{"count":7,"href":"https:\/\/colombianistas.org\/wordpress\/index.php\/wp-json\/wp\/v2\/pages\/177\/revisions"}],"predecessor-version":[{"id":2731,"href":"https:\/\/colombianistas.org\/wordpress\/index.php\/wp-json\/wp\/v2\/pages\/177\/revisions\/2731"}],"up":[{"embeddable":true,"href":"https:\/\/colombianistas.org\/wordpress\/index.php\/wp-json\/wp\/v2\/pages\/52"}],"wp:attachment":[{"href":"https:\/\/colombianistas.org\/wordpress\/index.php\/wp-json\/wp\/v2\/media?parent=177"}],"curies":[{"name":"wp","href":"https:\/\/api.w.org\/{rel}","templated":true}]}}