{"id":1906,"date":"2021-06-15T03:57:01","date_gmt":"2021-06-14T22:57:01","guid":{"rendered":"https:\/\/colombianistas.org\/?page_id=1906"},"modified":"2025-04-16T00:10:43","modified_gmt":"2025-04-15T19:10:43","slug":"registro","status":"publish","type":"page","link":"https:\/\/colombianistas.org\/wordpress\/index.php\/registro\/","title":{"rendered":"Membres\u00eda (y registro al Congreso)"},"content":{"rendered":"\n<div class=\"wp-block-columns is-layout-flex wp-container-core-columns-is-layout-1 wp-block-columns-is-layout-flex\">\n<div class=\"wp-block-column is-layout-flow wp-block-column-is-layout-flow\" style=\"flex-basis:66.66%\">\n<p data-start=\"132\" data-end=\"426\">Si es la primera vez que se registra, complete el formulario de registro. En \u00e9l, podr\u00e1 seleccionar el tipo de membres\u00eda que le corresponde (estudiante, investigador\/a, docente en Latinoam\u00e9rica, docente fuera de Latinoam\u00e9rica). Adem\u00e1s, dentro de las opciones, podr\u00e1 elegir si desea incluir tambi\u00e9n el pago para la inscripci\u00f3n al Congreso.<\/p>\n<p data-start=\"428\" data-end=\"458\">Existen dos tipos de opciones:<\/p>\n<ol data-start=\"460\" data-end=\"825\">\n<li data-start=\"460\" data-end=\"601\"><strong data-start=\"463\" data-end=\"481\">Solo membres\u00eda<\/strong>: Seleccione una de las opciones para pagar solo la membres\u00eda, seg\u00fan su categor\u00eda ( estudiante, investigador\/a, docente en Latinoam\u00e9rica, docente fuera de Latinoam\u00e9rica).<\/li>\n<li data-start=\"602\" data-end=\"825\"><strong data-start=\"605\" data-end=\"629\">Membres\u00eda + Congreso<\/strong>: Si desea participar activamente en el Congreso (como ponente o en mesas de trabajo), elija una de las opciones que incluye tanto la membres\u00eda como la inscripci\u00f3n al Congreso, seg\u00fan su categor\u00eda.<\/li>\n<\/ol>\n<p data-start=\"827\" data-end=\"937\">El pago puede realizarse mediante PayPal, y tras completar el pago, recibir\u00e1 un correo para confirmar su cuenta.<\/p>\n<p>Si ya tiene una cuenta, inicie sesi\u00f3n y haga clic en <a href=\"https:\/\/colombianistas.org\/wordpress\/index.php\/perfil-del-usuario\/?a=changelevel\">Actualizar categor\u00eda de membres\u00eda<\/a><\/p>\n<p>Ante cualquier inconveniente con el registro, por favor, comun\u00edquese a <a href=\"mailto:amvinasa@colombianistas.org\">amvinasa@<\/a><a href=\"mailto:tesoreria.colombianistas@gmail.com\">colombianistas.org<\/a><\/p>\n<p>\u00a1Gracias por formar parte de nuestra comunidad!<\/p>\n<hr \/>\n<h4>\u00a0<\/h4>\n<div id=\"wpmem_reg\"><a id=\"register\"><\/a><form name=\"form\" method=\"post\" action=\"https:\/\/colombianistas.org\/wordpress\/index.php\/registro\/\" id=\"wpmem_register_form\" class=\"form\"><input type=\"hidden\" id=\"_wpmem_register_nonce\" name=\"_wpmem_register_nonce\" value=\"3b1cce24dd\" \/><input type=\"hidden\" name=\"_wp_http_referer\" value=\"\/wordpress\/index.php\/wp-json\/wp\/v2\/pages\/1906\" \/><fieldset><legend>New User Registration<\/legend><label for=\"username\" class=\"text\">Seleccione un nombre de usuario<span class=\"req\">*<\/span><\/label><div class=\"div_text\"><input name=\"username\" type=\"text\" id=\"username\" value=\"\" class=\"textbox\" required  \/><\/div><label for=\"first_name\" class=\"text\">Nombre<span class=\"req\">*<\/span><\/label><div class=\"div_text\"><input name=\"first_name\" type=\"text\" id=\"first_name\" value=\"\" class=\"textbox\" required  \/><\/div><label for=\"last_name\" class=\"text\">Apellido<span class=\"req\">*<\/span><\/label><div class=\"div_text\"><input name=\"last_name\" type=\"text\" id=\"last_name\" value=\"\" class=\"textbox\" required  \/><\/div><label for=\"cargo\" class=\"text\">Cargo<\/label><div class=\"div_text\"><input name=\"cargo\" type=\"text\" id=\"cargo\" value=\"\" class=\"textbox\" \/><\/div><label for=\"user_email\" class=\"text\">Email<span class=\"req\">*<\/span><\/label><div class=\"div_text\"><input name=\"user_email\" type=\"email\" id=\"user_email\" value=\"\" class=\"textbox\" required  \/><\/div><label for=\"institucion\" class=\"text\">Instituci\u00f3n<span class=\"req\">*<\/span><\/label><div class=\"div_text\"><input name=\"institucion\" type=\"text\" id=\"institucion\" value=\"\" class=\"textbox\" required  \/><\/div><label for=\"country\" class=\"text\">Pa\u00eds<span class=\"req\">*<\/span><\/label><div class=\"div_text\"><input name=\"country\" type=\"text\" id=\"country\" value=\"\" class=\"textbox\" required  \/><\/div><label for=\"subscription_type\" class=\"select\">Tipo de membres\u00eda<span class=\"req\">*<\/span><\/label><div class=\"div_select\"><select name=\"subscription_type\" id=\"subscription_type\" class=\"dropdown\" required ><option value=\"\">---- Seleccione una opci\u00f3n  ----<\/option><option value=\"opcion1\">Membres\u00eda - Estudiantes (M\u00e1ster\/Doctorado)<\/option><option value=\"opcion2\">Membres\u00eda - Investigadoras\/es independientes<\/option><option value=\"opcion3\">Membres\u00eda - Docentes e investigadoras\/es en Colombia o en Latinoam\u00e9rica<\/option><option value=\"opcion4\">Membres\u00eda - Docentes e investigadoras\/es fuera de Colombia y Latinoam\u00e9rica<\/option><option value=\"opcion5\">Membres\u00eda + Congreso - Estudiantes (M\u00e1ster\/Doctorado)<\/option><option value=\"opcion6\">Membres\u00eda + Congreso - Investigadoras\/es independientes<\/option><option value=\"opcion7\">Membres\u00eda + Congreso - Docentes e investigadoras\/es en Colombia o en Latinoam\u00e9rica<\/option><option value=\"opcion8\">Membres\u00eda + Congreso - Docentes e investigadoras\/es fuera de Colombia y Latinoam\u00e9rica<\/option><option value=\"opcion9\">Solo pago de Congreso - todas las categor\u00edas<\/option><option value=\"\"><\/option><\/select><\/div><div class=\"clear\"><\/div><div class=\"captcha\"><script src=\"https:\/\/www.google.com\/recaptcha\/api.js\" async defer><\/script><div class=\"g-recaptcha\" data-sitekey=\"6Ld5ivIqAAAAAKQh_3cWLGgjGN0m7srx0PB8r4GK\"><\/div><\/div><input name=\"a\" type=\"hidden\" value=\"register\" \/><input name=\"wpmem_reg_page\" type=\"hidden\" value=\"https:\/\/colombianistas.org\/wordpress\/index.php\/registro\/\" \/><div class=\"button_div\"><input name=\"submit\" type=\"submit\" value=\"Register\" class=\"buttons\" \/><\/div><div class=\"req-text\"><span class=\"req\">*<\/span>Required field<\/div><\/fieldset><\/form><\/div>\n<p><strong>Nota:\u00a0<\/strong>Si usted realiza un pago de Paypal con una cuenta con un nombre o correo electr\u00f3nico diferente al de su registro en nuestra p\u00e1gina, por favor escriba\u00a0 a <a href=\"mailto:tesoreria.colombianistas@gmail.com\">tesoreria.colombianistas@gmail.com<\/a> explicando a nombre de qui\u00e9n se realiz\u00f3 el pago para poder hacer la relaci\u00f3n necesaria en nuestra base de datos. <strong>Su registro no ser\u00e1 habilitado hasta que no confirme el pago a su nombre.\u00a0<\/strong><\/p>\n<h4>\u00a0<\/h4>\n<h4>\u00a0<\/h4>\n<\/div>\n\n\n\n<div class=\"wp-block-column is-layout-flow wp-block-column-is-layout-flow\"><\/div>\n\n\n\n<div class=\"wp-block-column is-layout-flow wp-block-column-is-layout-flow\" style=\"flex-basis:33.33%\">\n<div class=\"wp-block-buttons is-layout-flex wp-block-buttons-is-layout-flex\"><\/div>\n\n\n\n<h4 style=\"text-align: center;\"><span style=\"color: #cc1b1b;\">Sea parte de la Asociaci\u00f3n<\/span><\/h4>\n<ul>\n<li>Complete el formulario de membres\u00eda<\/li>\n<li>Confirme su cuenta<\/li>\n<li>Realice el pago de la membres\u00eda por Paypal<\/li>\n<\/ul>\n<h4>\u00a0<\/h4>\n<h4 style=\"text-align: center;\"><strong><span style=\"color: #cc1b1b;\">V\u00ednculos r\u00e1pidos<\/span><\/strong><\/h4>\n<ul>\n<li dir=\"ltr\"><a href=\"https:\/\/colombianistas.org\/index.php\/perfil-del-usuario\/\">Actualizar categor\u00eda de membres\u00eda<\/a><\/li>\n<li dir=\"ltr\"><a href=\"https:\/\/colombianistas.org\/index.php\/perfil-del-usuario\/?a=renew\">Completar pago<\/a><\/li>\n<li dir=\"ltr\"><a href=\"https:\/\/colombianistas.org\/index.php\/congresos\/\">PARTICIPE en el XXIII Congreso de Colombianistas (2025)<\/a><\/li>\n<\/ul>\n\n\n\n<p><\/p>\n<\/div>\n<\/div>\n\n\n\n<p><\/p>\n","protected":false},"excerpt":{"rendered":"<p>Si es la primera vez que se registra, complete el formulario de registro. En \u00e9l, podr\u00e1 seleccionar el tipo de membres\u00eda que le corresponde (estudiante, investigador\/a, docente en Latinoam\u00e9rica, docente fuera de Latinoam\u00e9rica). Adem\u00e1s, dentro de las opciones, podr\u00e1 elegir si desea incluir tambi\u00e9n el pago para la inscripci\u00f3n al Congreso. Existen dos tipos de opciones: Solo membres\u00eda: Seleccione una de las opciones para pagar solo la membres\u00eda, seg\u00fan su categor\u00eda ( estudiante, investigador\/a, docente en Latinoam\u00e9rica, docente fuera de Latinoam\u00e9rica). Membres\u00eda + Congreso: Si desea participar activamente en el Congreso (como ponente o en mesas de trabajo), elija una&#8230; <\/p>\n","protected":false},"author":20,"featured_media":0,"parent":0,"menu_order":0,"comment_status":"closed","ping_status":"closed","template":"template-no-sidebar.php","meta":{"footnotes":""},"class_list":["post-1906","page","type-page","status-publish","hentry"],"_links":{"self":[{"href":"https:\/\/colombianistas.org\/wordpress\/index.php\/wp-json\/wp\/v2\/pages\/1906"}],"collection":[{"href":"https:\/\/colombianistas.org\/wordpress\/index.php\/wp-json\/wp\/v2\/pages"}],"about":[{"href":"https:\/\/colombianistas.org\/wordpress\/index.php\/wp-json\/wp\/v2\/types\/page"}],"author":[{"embeddable":true,"href":"https:\/\/colombianistas.org\/wordpress\/index.php\/wp-json\/wp\/v2\/users\/20"}],"replies":[{"embeddable":true,"href":"https:\/\/colombianistas.org\/wordpress\/index.php\/wp-json\/wp\/v2\/comments?post=1906"}],"version-history":[{"count":62,"href":"https:\/\/colombianistas.org\/wordpress\/index.php\/wp-json\/wp\/v2\/pages\/1906\/revisions"}],"predecessor-version":[{"id":3212,"href":"https:\/\/colombianistas.org\/wordpress\/index.php\/wp-json\/wp\/v2\/pages\/1906\/revisions\/3212"}],"wp:attachment":[{"href":"https:\/\/colombianistas.org\/wordpress\/index.php\/wp-json\/wp\/v2\/media?parent=1906"}],"curies":[{"name":"wp","href":"https:\/\/api.w.org\/{rel}","templated":true}]}}