{"id":207,"date":"2018-05-18T22:38:10","date_gmt":"2018-05-18T22:38:10","guid":{"rendered":"https:\/\/prometeo.work\/?page_id=207"},"modified":"2023-10-03T20:19:48","modified_gmt":"2023-10-03T15:19:48","slug":"revista-de-estudios-colombianos-n39","status":"publish","type":"page","link":"https:\/\/colombianistas.org\/wordpress\/index.php\/revistas-anteriores\/revista-de-estudios-colombianos-n39\/","title":{"rendered":"REVISTA DE ESTUDIOS COLOMBIANOS N\u00b039"},"content":{"rendered":"<h6>2012<\/h6>\n<p><a href=\"\/wordpress\/wp-content\/themes\/pleasant\/REC\/REC%2039\/Presentaci%c3%b3n\/1.REC_39_Presentacion.pdf\" target=\"_blank\" rel=\"noopener\"><strong>Presentaci\u00f3n<\/strong><\/a><br \/>\nYohainna Abdala Mesa<\/p>\n<p><a href=\"\/wordpress\/wp-content\/themes\/pleasant\/REC\/REC%2039\/El%20oficio%20del%20exilio\/2.REC_39_FabioRodriguezA.pdf\" target=\"_blank\" rel=\"noopener\"><strong>El oficio del exilio<\/strong><\/a><br \/>\nEn el exilio s\u00f3lo una cosa no hay. Es el olvido. Fabio Rodr\u00edguez Amaya<\/p>\n<p><strong>Ensayos<\/strong><br \/>\n\u2022 <a href=\"\/wordpress\/wp-content\/themes\/pleasant\/REC\/REC%2039\/Ensayos\/3.REC_39_FreddyTellez.pdf\" target=\"_blank\" rel=\"noopener\">Peque\u00f1a filosof\u00eda del exilio.<\/a> Freddy T\u00e9llez<\/p>\n<p>\u2022 <a href=\"\/wordpress\/wp-content\/themes\/pleasant\/REC\/REC%2039\/Ensayos\/4.REC_39_MichaelAbeyta.pdf\" target=\"_blank\" rel=\"noopener\">Maqroll and Sinbad: Death and the Time of the Nomad in \u00c1lvaro Mutis&#8217;s Maqroll Novels.<\/a> Michael Abeyta<\/p>\n<p>\u2022 <a href=\"\/wordpress\/wp-content\/themes\/pleasant\/REC\/REC%2039\/Ensayos\/5.REC_39_AlejandraOlarteF.pdf\" target=\"_blank\" rel=\"noopener\">El exilio en confinamiento en tres narraciones de Marvel Moreno.<\/a> Alejandra Olarte Fern\u00e1ndez<\/p>\n<p>\u2022 <a href=\"\/wordpress\/wp-content\/themes\/pleasant\/REC\/REC%2039\/Ensayos\/6.REC_39_JasperVervaeke.pdf\" target=\"_blank\" rel=\"noopener\">Una mirada en los abismos de la historia. La impronta de Pynchon, Borges y Sebald sobre Los informantes de Juan Gabriel V\u00e1squez.<\/a> Jasper Vervaeke<\/p>\n<p>\u2022 <a href=\"\/wordpress\/wp-content\/themes\/pleasant\/REC\/REC%2039\/Ensayos\/7.REC_39_NestorSalamancaL.pdf\" target=\"_blank\" rel=\"noopener\">Un exilio por la literatura, el caso de Tom\u00e1s Gonz\u00e1lez.<\/a> N\u00e9stor Salamanca Le\u00f3n<\/p>\n<p>\u2022 <a href=\"\/wordpress\/wp-content\/themes\/pleasant\/REC\/REC%2039\/Ensayos\/8.REC_39_PatriciaTome.pdf\" target=\"_blank\" rel=\"noopener\">T\u00e9cnicas cinematogr\u00e1ficas ciclot\u00edmicas: los desgajes del amor y la inmigraci\u00f3n en Para\u00edso travel.<\/a> Patricia Tom\u00e9<\/p>\n<p>\u2022 <a href=\"\/wordpress\/wp-content\/themes\/pleasant\/REC\/REC%2039\/Ensayos\/9.REC_39_YohainnaAbdala-Mesa.pdf\" target=\"_blank\" rel=\"noopener\">Entrevista El k\u014dan de Albaluc\u00eda \u00c1ngel: un camino hacia la escritura oculta.<\/a> Yohainna Abdala Mesa<\/p>\n<p><strong>Notas<\/strong><br \/>\n<a href=\"\/wordpress\/wp-content\/themes\/pleasant\/REC\/REC%2039\/Notas\/10.REC_39_MarieEstripeaut-Bourjac.pdf\" target=\"_blank\" rel=\"noopener\">La guerra que no hemos visto, cat\u00e1logo de la exposici\u00f3n del Museo de Arte Moderno de Bogot\u00e1 (octubre 14 a noviembre 15 de 2009).<\/a> Marie Estripeaut-Bourjac.<\/p>\n<p><strong>Rese\u00f1as<br \/>\n<\/strong>\u2022 <a href=\"\/wordpress\/wp-content\/themes\/pleasant\/REC\/REC%2039\/Rese%c3%b1as\/11.REC_39_MarcelaEcheverri.pdf\" target=\"_blank\" rel=\"noopener\">Ng&#8217;weno, Bettina. Turf Wars: Territory and Citizenship in the Contemporary State.<\/a> Marcela Echeverri<\/p>\n<p>\u2022 <a href=\"\/wordpress\/wp-content\/themes\/pleasant\/REC\/REC%2039\/Rese%c3%b1as\/12.REC_39_Douglas%20Sofer.pdf\" target=\"_blank\" rel=\"noopener\">Jane M. Rausch. From Frontier Town to Metropolis: A History of Villavicencio, Colombia, since 1842.<\/a> Douglas Sofer<\/p>\n<p>\u2022 <a href=\"\/wordpress\/wp-content\/themes\/pleasant\/REC\/REC%2039\/Rese%c3%b1as\/13.REC_39_LouisEdgarEsparza.pdf\" target=\"_blank\" rel=\"noopener\">Olmedo G\u00f3mez Trujillo, Luis Delio Cruz \u00c1lvarez and Esa\u00fad Urrutia Noel. La violencia en el centro del Valle del Cauca, 1948-1965.<\/a> Louis Edgar Esparza<\/p>\n<p>\u2022 <a href=\"\/wordpress\/wp-content\/themes\/pleasant\/REC\/REC%2039\/Rese%c3%b1as\/14.REC_39_ElviraSanchez-Blake.pdf\" target=\"_blank\" rel=\"noopener\">Juan Pablo Lombana. Deudas de un patadura.<\/a> Elvira S\u00e1nchez-Blake<\/p>\n<p>\u2022 <a href=\"\/wordpress\/wp-content\/themes\/pleasant\/REC\/REC%2039\/Rese%c3%b1as\/15.REC_39_MargaritaJacomeL.pdf\" target=\"_blank\" rel=\"noopener\">Francisco Villena Garrido. Las m\u00e1scaras del muerto: autoficci\u00f3n y topograf\u00edas narrativas en la obra de Fernando Vallejo.<\/a> Margarita J\u00e1come<\/p>\n<p><a href=\"\/wordpress\/wp-content\/themes\/pleasant\/REC\/REC%2039\/Rese%c3%b1as\/16.REC_39_Creditos.pdf\" target=\"_blank\" rel=\"noopener\"><strong>Cr\u00e9ditos<\/strong><\/a><\/p>\n","protected":false},"excerpt":{"rendered":"<p>2012 Presentaci\u00f3n Yohainna Abdala Mesa El oficio del exilio En el exilio s\u00f3lo una cosa no hay. Es el olvido. Fabio Rodr\u00edguez Amaya Ensayos \u2022 Peque\u00f1a filosof\u00eda del exilio. Freddy T\u00e9llez \u2022 Maqroll and Sinbad: Death and the Time of the Nomad in \u00c1lvaro Mutis&#8217;s Maqroll Novels. Michael Abeyta \u2022 El exilio en confinamiento en tres narraciones de Marvel Moreno. Alejandra Olarte Fern\u00e1ndez \u2022 Una mirada en los abismos de la historia. La impronta de Pynchon, Borges y Sebald sobre Los informantes de Juan Gabriel V\u00e1squez. Jasper Vervaeke \u2022 Un exilio por la literatura, el caso de Tom\u00e1s Gonz\u00e1lez. N\u00e9stor&#8230; <\/p>\n","protected":false},"author":20,"featured_media":0,"parent":52,"menu_order":0,"comment_status":"closed","ping_status":"closed","template":"template-no-sidebar.php","meta":{"footnotes":""},"class_list":["post-207","page","type-page","status-publish","hentry"],"_links":{"self":[{"href":"https:\/\/colombianistas.org\/wordpress\/index.php\/wp-json\/wp\/v2\/pages\/207"}],"collection":[{"href":"https:\/\/colombianistas.org\/wordpress\/index.php\/wp-json\/wp\/v2\/pages"}],"about":[{"href":"https:\/\/colombianistas.org\/wordpress\/index.php\/wp-json\/wp\/v2\/types\/page"}],"author":[{"embeddable":true,"href":"https:\/\/colombianistas.org\/wordpress\/index.php\/wp-json\/wp\/v2\/users\/20"}],"replies":[{"embeddable":true,"href":"https:\/\/colombianistas.org\/wordpress\/index.php\/wp-json\/wp\/v2\/comments?post=207"}],"version-history":[{"count":2,"href":"https:\/\/colombianistas.org\/wordpress\/index.php\/wp-json\/wp\/v2\/pages\/207\/revisions"}],"predecessor-version":[{"id":2729,"href":"https:\/\/colombianistas.org\/wordpress\/index.php\/wp-json\/wp\/v2\/pages\/207\/revisions\/2729"}],"up":[{"embeddable":true,"href":"https:\/\/colombianistas.org\/wordpress\/index.php\/wp-json\/wp\/v2\/pages\/52"}],"wp:attachment":[{"href":"https:\/\/colombianistas.org\/wordpress\/index.php\/wp-json\/wp\/v2\/media?parent=207"}],"curies":[{"name":"wp","href":"https:\/\/api.w.org\/{rel}","templated":true}]}}