{"id":209,"date":"2018-05-18T22:41:03","date_gmt":"2018-05-18T22:41:03","guid":{"rendered":"https:\/\/prometeo.work\/?page_id=209"},"modified":"2023-10-03T20:20:03","modified_gmt":"2023-10-03T15:20:03","slug":"revista-de-estudios-colombianos-n37-y-38","status":"publish","type":"page","link":"https:\/\/colombianistas.org\/wordpress\/index.php\/revistas-anteriores\/revista-de-estudios-colombianos-n37-y-38\/","title":{"rendered":"REVISTA DE ESTUDIOS COLOMBIANOS N\u00b037 y 38"},"content":{"rendered":"<h6 style=\"padding-left: 30px;\">2011<\/h6>\n<p style=\"padding-left: 30px;\"><strong><a href=\"\/wordpress\/wp-content\/themes\/pleasant\/REC\/REC%2037-38\/Presentaci%c3%b3n\/1.REC_37-38_Presentacion.pdf\" target=\"_blank\" rel=\"noopener\">Presentaci\u00f3n<\/a><br \/>\n<\/strong>Luc\u00eda Ortiz and Michael Palencia-Roth<\/p>\n<p style=\"padding-left: 30px;\"><strong>Ensayos<\/strong><br \/>\n\u2022 <a href=\"\/wordpress\/wp-content\/themes\/pleasant\/REC\/REC%2037-38\/Ensayos\/2.REC_37-38_Beatriz_Restrepo.pdf\" target=\"_blank\" rel=\"noopener\">Montserrat Ord\u00f3\u00f1ez: de la piel a la palabra.<\/a> Beatriz Restrepo<\/p>\n<p style=\"padding-left: 30px;\">\u2022 <a href=\"\/wordpress\/wp-content\/themes\/pleasant\/REC\/REC%2037-38\/Ensayos\/3.REC_37-38_Mary_G_Berg.pdf\" target=\"_blank\" rel=\"noopener\">Elisa M\u00fajica, 1918-2003.<\/a> Mary G. Berg<\/p>\n<p style=\"padding-left: 30px;\">\u2022 <a href=\"\/wordpress\/wp-content\/themes\/pleasant\/REC\/REC%2037-38\/Ensayos\/4.REC_37-38_ClaraERonderos.pdf\" target=\"_blank\" rel=\"noopener\">\u00c9tica y literatura: los rostros de la patria en la poes\u00eda de Mar\u00eda Mercedes Carranza.<\/a> Clara Eugenia Ronderos<\/p>\n<p style=\"padding-left: 30px;\">\u2022 <a href=\"\/wordpress\/wp-content\/themes\/pleasant\/REC\/REC%2037-38\/Ensayos\/5.REC_37-38_BeatrizJRizk.pdf\" target=\"_blank\" rel=\"noopener\">Enrique Buenaventura (Cali, 1925-2003).<\/a> Beatriz J. Rizk<\/p>\n<p style=\"padding-left: 30px;\">\u2022 <a href=\"\/wordpress\/wp-content\/themes\/pleasant\/REC\/REC%2037-38\/Ensayos\/6.REC_37-38_YvonneCaptain%20.pdf\" target=\"_blank\" rel=\"noopener\">The Legacy of Manuel Zapata Olivella.<\/a> Yvonne Captain<\/p>\n<p style=\"padding-left: 30px;\">\u2022 <a href=\"\/wordpress\/wp-content\/themes\/pleasant\/REC\/REC%2037-38\/Ensayos\/7.REC_37-38_SvenSchuster.pdf\" target=\"_blank\" rel=\"noopener\">Arte y violencia: la obra de D\u00e9bora Arango como lugar de memoria.<\/a> Sven Schuster<\/p>\n<p style=\"padding-left: 30px;\">\u2022 <a href=\"\/wordpress\/wp-content\/themes\/pleasant\/REC\/REC%2037-38\/Ensayos\/8.REC_37-38_JuanGGomezG.pdf\" target=\"_blank\" rel=\"noopener\">Rafael Guti\u00e9rrez Girardot: un colombianista de primera l\u00ednea (1928-2005).<\/a> Juan Guillermo G\u00f3mez Garc\u00eda<\/p>\n<p style=\"padding-left: 30px;\">\u2022 <a href=\"\/wordpress\/wp-content\/themes\/pleasant\/REC\/REC%2037-38\/Ensayos\/9.REC_37-38_FernandoCruzKronfly.pdf\" target=\"_blank\" rel=\"noopener\">La &#8220;suite&#8221; femenina de Moreno-Dur\u00e1n o el desmantelamiento de los poderes masculinos.<\/a> Fernando Cruz Kronfly<\/p>\n<p style=\"padding-left: 30px;\">\u2022 <a href=\"\/wordpress\/wp-content\/themes\/pleasant\/REC\/REC%2037-38\/Ensayos\/10.REC_37-38_CristoRFigueroaS.pdf\" target=\"_blank\" rel=\"noopener\">El legado novel\u00edstico de Germ\u00e1n Espinosa.<\/a> Cristo Rafael Figueroa S\u00e1nchez<\/p>\n<p style=\"padding-left: 30px;\">\u2022 <a href=\"\/wordpress\/wp-content\/themes\/pleasant\/REC\/REC%2037-38\/Ensayos\/11.REC_37-38_CamiloJimenez%20.pdf\" target=\"_blank\" rel=\"noopener\">Elementos para una valoraci\u00f3n de la obra de Arturo Alape.<\/a> Camilo Jim\u00e9nez<\/p>\n<p style=\"padding-left: 30px;\">\u2022 <a href=\"\/wordpress\/wp-content\/themes\/pleasant\/REC\/REC%2037-38\/Ensayos\/12.REC_37-38_GastonAAlzate.pdf\" target=\"_blank\" rel=\"noopener\">Carlos Mayolo: una vida contra los libretos establecidos.<\/a> Gast\u00f3n A. Alzate<\/p>\n<p style=\"padding-left: 30px;\">\u2022 <a href=\"\/wordpress\/wp-content\/themes\/pleasant\/REC\/REC%2037-38\/Ensayos\/13.REC_37-38_BettyOsorio.pdf\" target=\"_blank\" rel=\"noopener\">El legado ancestral de Tierradentro en la poes\u00eda de Matilde Espinosa.<\/a> Betty Osorio<\/p>\n<p style=\"padding-left: 30px;\">\u2022 <a href=\"\/wordpress\/wp-content\/themes\/pleasant\/REC\/REC%2037-38\/Ensayos\/14.REC_37-38_GonzaloCatano.pdf\" target=\"_blank\" rel=\"noopener\">Orlando Fals Borda, ciencia y compromiso.<\/a> Gonzalo Cata\u00f1o<\/p>\n<p style=\"padding-left: 30px;\">\u2022 <a href=\"\/wordpress\/wp-content\/themes\/pleasant\/REC\/REC%2037-38\/Ensayos\/15.REC_37-38_NaylaChehade.pdf\" target=\"_blank\" rel=\"noopener\">Semblanza p\u00f3stuma de Meira Delmar.<\/a> Nayla Chehade<\/p>\n<p style=\"padding-left: 30px;\">\u2022 <a href=\"\/wordpress\/wp-content\/themes\/pleasant\/REC\/REC%2037-38\/Ensayos\/16.REC_37-38_FabioRodriguezA.pdf\" target=\"_blank\" rel=\"noopener\">Jacques Gilard: una vida dedicada a Colombia.<\/a> Fabio Rodr\u00edguez Amaya<\/p>\n<p style=\"padding-left: 30px;\">\u2022 <a href=\"\/wordpress\/wp-content\/themes\/pleasant\/REC\/REC%2037-38\/Ensayos\/17.REC_37-38_VirginiaCapoteD.pdf\" target=\"_blank\" rel=\"noopener\">Historia, mujeres y ficci\u00f3n. La herencia literaria de Silvia Galvis.<\/a> Virginia Capote D\u00edaz<\/p>\n<p style=\"padding-left: 30px;\">\u2022 <a href=\"\/wordpress\/wp-content\/themes\/pleasant\/REC\/REC%2037-38\/Ensayos\/18.REC_37-38_HerbertTicoB_JaneRausch.pdf\" target=\"_blank\" rel=\"noopener\">David Bushnell (1923-2010) Relaci\u00f3n de Mando (Recuerdos en varias voces). Herbert Tico Braun \/<\/a><br \/>\nDavid Bushnell (1923-2010): An Appreciation. Jane Rausch, Professor Emerita<\/p>\n<p style=\"padding-left: 30px;\">\u2022 <a href=\"\/wordpress\/wp-content\/themes\/pleasant\/REC\/REC%2037-38\/Ensayos\/19.REC_37-38_VirginiaShen.pdf\" target=\"_blank\" rel=\"noopener\">Ni\u00f1o eterno Jairo An\u00edbal Ni\u00f1o: &#8216;Se va para quedarse.<\/a> Virginia Shen<\/p>\n<p style=\"padding-left: 30px;\"><strong>Notas<br \/>\n\u2022 <\/strong><a href=\"\/wordpress\/wp-content\/themes\/pleasant\/REC\/REC%2037-38\/Notas\/20.REC_37-38_MiguelGonzalez.pdf\" target=\"_blank\" rel=\"noopener\">\u00d3mar Rayo.<\/a> Miguel Gonz\u00e1lez.<\/p>\n<p style=\"padding-left: 30px;\">\u2022 <a href=\"\/wordpress\/wp-content\/themes\/pleasant\/REC\/REC%2037-38\/Notas\/21.REC_37-38_PabloFGomez.pdf\" target=\"_blank\" rel=\"noopener\">La colecci\u00f3n Manuel Zapata Olivella.<\/a> Pablo F. G\u00f3mez<\/p>\n<p style=\"padding-left: 30px;\"><strong>Rese\u00f1as<\/strong><br \/>\n\u2022 <a href=\"\/wordpress\/wp-content\/themes\/pleasant\/REC\/REC%2037-38\/Rese%c3%b1as\/22.REC_37-38_DavidLaraRamos.pdf\" target=\"_blank\" rel=\"noopener\">Zapata Olivella Manuel. Chango, The Biggest Badass, traducci\u00f3n de Jonathan Tittler.<\/a> David Lara Ramos<\/p>\n<p style=\"padding-left: 30px;\">\u2022 <a href=\"\/wordpress\/wp-content\/themes\/pleasant\/REC\/REC%2037-38\/Rese%c3%b1as\/23.REC_37-38_MarinaLamusO.pdf\" target=\"_blank\" rel=\"noopener\">Beatriz Rizk. Creaci\u00f3n colectiva. El legado de Enrique Buenaventura.<\/a> Marina Lamus Obreg\u00f3n<\/p>\n<p style=\"padding-left: 30px;\">\u2022 <a href=\"\/wordpress\/wp-content\/themes\/pleasant\/REC\/REC%2037-38\/Rese%c3%b1as\/24.REC_37-38_CristoRFigueroaS%20.pdf\" target=\"_blank\" rel=\"noopener\">El preludio de la eternidad. Germ\u00e1n Espinosa, Aitana Bogot\u00e1: Alfaguara, 2007.<\/a> Cristo Rafael Figueroa S\u00e1nchez<\/p>\n<p style=\"padding-left: 30px;\">\u2022 <a href=\"\/wordpress\/wp-content\/themes\/pleasant\/REC\/REC%2037-38\/Rese%c3%b1as\/25.REC_37-38_JoseCardonaL.pdf\" target=\"_blank\" rel=\"noopener\">Silvia Galvis, La mujer que sab\u00eda demasiado.<\/a> Jos\u00e9 Cardona-L\u00f3pez<\/p>\n<p style=\"padding-left: 30px;\"><a href=\"\/wordpress\/wp-content\/themes\/pleasant\/REC\/REC%2037-38\/Cr%c3%a9ditos\/26.REC_37-38_Creditos.pdf\" target=\"_blank\" rel=\"noopener\"><strong>Cr\u00e9ditos<\/strong><\/a><\/p>\n","protected":false},"excerpt":{"rendered":"<p>2011 Presentaci\u00f3n Luc\u00eda Ortiz and Michael Palencia-Roth Ensayos \u2022 Montserrat Ord\u00f3\u00f1ez: de la piel a la palabra. Beatriz Restrepo \u2022 Elisa M\u00fajica, 1918-2003. Mary G. Berg \u2022 \u00c9tica y literatura: los rostros de la patria en la poes\u00eda de Mar\u00eda Mercedes Carranza. Clara Eugenia Ronderos \u2022 Enrique Buenaventura (Cali, 1925-2003). Beatriz J. Rizk \u2022 The Legacy of Manuel Zapata Olivella. Yvonne Captain \u2022 Arte y violencia: la obra de D\u00e9bora Arango como lugar de memoria. Sven Schuster \u2022 Rafael Guti\u00e9rrez Girardot: un colombianista de primera l\u00ednea (1928-2005). Juan Guillermo G\u00f3mez Garc\u00eda \u2022 La &#8220;suite&#8221; femenina de Moreno-Dur\u00e1n o el desmantelamiento&#8230; <\/p>\n","protected":false},"author":20,"featured_media":0,"parent":52,"menu_order":0,"comment_status":"closed","ping_status":"closed","template":"template-no-sidebar.php","meta":{"footnotes":""},"class_list":["post-209","page","type-page","status-publish","hentry"],"_links":{"self":[{"href":"https:\/\/colombianistas.org\/wordpress\/index.php\/wp-json\/wp\/v2\/pages\/209"}],"collection":[{"href":"https:\/\/colombianistas.org\/wordpress\/index.php\/wp-json\/wp\/v2\/pages"}],"about":[{"href":"https:\/\/colombianistas.org\/wordpress\/index.php\/wp-json\/wp\/v2\/types\/page"}],"author":[{"embeddable":true,"href":"https:\/\/colombianistas.org\/wordpress\/index.php\/wp-json\/wp\/v2\/users\/20"}],"replies":[{"embeddable":true,"href":"https:\/\/colombianistas.org\/wordpress\/index.php\/wp-json\/wp\/v2\/comments?post=209"}],"version-history":[{"count":3,"href":"https:\/\/colombianistas.org\/wordpress\/index.php\/wp-json\/wp\/v2\/pages\/209\/revisions"}],"predecessor-version":[{"id":2728,"href":"https:\/\/colombianistas.org\/wordpress\/index.php\/wp-json\/wp\/v2\/pages\/209\/revisions\/2728"}],"up":[{"embeddable":true,"href":"https:\/\/colombianistas.org\/wordpress\/index.php\/wp-json\/wp\/v2\/pages\/52"}],"wp:attachment":[{"href":"https:\/\/colombianistas.org\/wordpress\/index.php\/wp-json\/wp\/v2\/media?parent=209"}],"curies":[{"name":"wp","href":"https:\/\/api.w.org\/{rel}","templated":true}]}}