{"id":219,"date":"2018-05-18T23:30:57","date_gmt":"2018-05-18T23:30:57","guid":{"rendered":"https:\/\/prometeo.work\/?page_id=219"},"modified":"2023-10-03T20:18:19","modified_gmt":"2023-10-03T15:18:19","slug":"revista-de-estudios-colombianos-n35","status":"publish","type":"page","link":"https:\/\/colombianistas.org\/wordpress\/index.php\/revistas-anteriores\/revista-de-estudios-colombianos-n35\/","title":{"rendered":"REVISTA DE ESTUDIOS COLOMBIANOS N\u00b035"},"content":{"rendered":"<h6 style=\"padding-left: 30px;\">2009<\/h6>\n<p style=\"padding-left: 30px;\"><strong><a href=\"\/wordpress\/wp-content\/themes\/pleasant\/REC\/REC%2035\/Presentaci%c3%b3n\/2.REC_35_BettyOsorio.pdf\" target=\"_blank\" rel=\"noopener\">Presentaci\u00f3n<\/a><br \/>\n<\/strong>Betty Osorio<\/p>\n<p style=\"padding-left: 30px;\"><a href=\"\/wordpress\/wp-content\/themes\/pleasant\/REC\/REC%2035\/El%20oficio%20de%20contar\/3.REC_35_NicolasBuenaventura.pdf\" target=\"_blank\" rel=\"noopener\"><strong>El o\ufb01cio de contar<\/strong><\/a><br \/>\nPalabra de cuentero. Nicol\u00e1s Buenaventura Vidal<\/p>\n<p style=\"padding-left: 30px;\"><strong>Art\u00edculos<\/strong><br \/>\n\u2022 <a href=\"\/wordpress\/wp-content\/themes\/pleasant\/REC\/REC%2035\/Art%c3%adculos\/4.REC_35_EdwinPrice.pdf\" target=\"_blank\" rel=\"noopener\">Susan Herman &#8211; In memoriam.<\/a> Edwin Price<\/p>\n<p style=\"padding-left: 30px;\">\u2022 <a href=\"\/wordpress\/wp-content\/themes\/pleasant\/REC\/REC%2035\/Art%c3%adculos\/5.REC_35_SusanHermann.pdf\" target=\"_blank\" rel=\"noopener\">Unas huellas rab\u00ednicas en El Carnero de Juan Rodr\u00edguez Freile.<\/a> Susan Herman<\/p>\n<p style=\"padding-left: 30px;\">\u2022 <a href=\"\/wordpress\/wp-content\/themes\/pleasant\/REC\/REC%2035\/Art%c3%adculos\/6.REC_35_HernanLozano.pdf\" target=\"_blank\" rel=\"noopener\">Los pecados de Miguel Aguilera y otros pecados mortales. Reescrituras peregrinas y lecturas caribe\u00f1as de El Carnero.<\/a> Hern\u00e1n Lozano H.<\/p>\n<p style=\"padding-left: 30px;\">\u2022 <a href=\"\/wordpress\/wp-content\/themes\/pleasant\/REC\/REC%2035\/Art%c3%adculos\/7.REC_35_RolenaAdorno.pdf\" target=\"_blank\" rel=\"noopener\">Grandeza novogranadina: El Carnero de Juan Rodr\u00edguez Freile.<\/a> Rolena Adorno<\/p>\n<p style=\"padding-left: 30px;\">\u2022 <a href=\"\/wordpress\/wp-content\/themes\/pleasant\/REC\/REC%2035\/Art%c3%adculos\/8.REC_35_MaAntoniaGarc%c3%a9s.pdf\" target=\"_blank\" rel=\"noopener\">&#8220;Los olvidados de la historia&#8221;: Juana Garc\u00eda y el archivo alternativo de El Carnero.<\/a> Mar\u00eda Antonia Garc\u00e9s<\/p>\n<p style=\"padding-left: 30px;\">\u2022 <a href=\"\/wordpress\/wp-content\/themes\/pleasant\/REC\/REC%2035\/Art%c3%adculos\/9.REC_35_AngelaIRobledo.pdf\" target=\"_blank\" rel=\"noopener\">In\u00e9s de Hinojosa, doncella hu\u00e9rfana y pecadora.<\/a> \u00c1ngela In\u00e9s Robledo<\/p>\n<p style=\"padding-left: 30px;\">\u2022 <a href=\"\/wordpress\/wp-content\/themes\/pleasant\/REC\/REC%2035\/Art%c3%adculos\/10.REC_35_SusanHermann2.pdf\" target=\"_blank\" rel=\"noopener\">&#8216;Cuernos&#8217; en la cabeza de la autoridad espa\u00f1ola: Conquista y descubrimiento del Nuevo Reino de Granada, una anatom\u00eda de la in\ufb01delidad.<\/a> Susan Herman<\/p>\n<p style=\"padding-left: 30px;\">\u2022 <a href=\"\/wordpress\/wp-content\/themes\/pleasant\/REC\/REC%2035\/Art%c3%adculos\/11.REC_35_JamesJAlstrum.pdf\" target=\"_blank\" rel=\"noopener\">El Carnero y la trayectoria de la prosa sat\u00edrica colombiana.<\/a> James J. Alstrum<\/p>\n<p style=\"padding-left: 30px;\"><strong>Rese\u00f1as<br \/>\n\u2022 <\/strong><a href=\"\/wordpress\/wp-content\/themes\/pleasant\/REC\/REC%2035\/Rese%c3%b1as\/12.REC_35_JaneRausch.pdf\" target=\"_blank\" rel=\"noopener\">Caroline A. Williams, Between Resistance and Adaptation: Indigenous Peoples and the Colonisation of the Choco.<\/a> Jane Rausch<\/p>\n<p style=\"padding-left: 30px;\">\u2022 <a href=\"\/wordpress\/wp-content\/themes\/pleasant\/REC\/REC%2035\/Rese%c3%b1as\/13.REC_35_RickGoulet.pdf\" target=\"_blank\" rel=\"noopener\">J. Michael Francis, Invading Colombia: Spanish Accounts of the Gonzalo Jim\u00e9nez de Quesada Expedition of Conquest.<\/a> Rick Goulet<\/p>\n<p style=\"padding-left: 30px;\">\u2022 <a href=\"\/wordpress\/wp-content\/themes\/pleasant\/REC\/REC%2035\/Rese%c3%b1as\/14.REC_35_CamiloJimenez.pdf\" target=\"_blank\" rel=\"noopener\">Alonso S\u00e1nchez Baute, Al diablo la maldita primavera.<\/a> Camilo Jim\u00e9nez<\/p>\n<p style=\"padding-left: 30px;\">\u2022 <a href=\"\/wordpress\/wp-content\/themes\/pleasant\/REC\/REC%2035\/Rese%c3%b1as\/15.REC_35_AngelaIRobledoRes.pdf\" target=\"_blank\" rel=\"noopener\">Laura Restrepo, Demasiados h\u00e9roes.<\/a> \u00c1ngela In\u00e9s Robledo<\/p>\n<p style=\"padding-left: 30px;\"><a href=\"\/wordpress\/wp-content\/themes\/pleasant\/REC\/REC%2035\/Entrevista\/16.REC_35_ManuelOrtega.pdf\" target=\"_blank\" rel=\"noopener\"><strong>Entrevista<\/strong><\/a><br \/>\nGerm\u00e1n Espinosa. Manuel Guillermo Ortega<\/p>\n<p style=\"padding-left: 30px;\"><a href=\"\/wordpress\/wp-content\/themes\/pleasant\/REC\/REC%2035\/Cr%c3%a9ditos\/1.REC_35_Creditos2.pdf\" target=\"_blank\" rel=\"noopener\"><strong>Cr\u00e9ditos<\/strong><\/a><\/p>\n","protected":false},"excerpt":{"rendered":"<p>2009 Presentaci\u00f3n Betty Osorio El o\ufb01cio de contar Palabra de cuentero. Nicol\u00e1s Buenaventura Vidal Art\u00edculos \u2022 Susan Herman &#8211; In memoriam. Edwin Price \u2022 Unas huellas rab\u00ednicas en El Carnero de Juan Rodr\u00edguez Freile. Susan Herman \u2022 Los pecados de Miguel Aguilera y otros pecados mortales. Reescrituras peregrinas y lecturas caribe\u00f1as de El Carnero. Hern\u00e1n Lozano H. \u2022 Grandeza novogranadina: El Carnero de Juan Rodr\u00edguez Freile. Rolena Adorno \u2022 &#8220;Los olvidados de la historia&#8221;: Juana Garc\u00eda y el archivo alternativo de El Carnero. Mar\u00eda Antonia Garc\u00e9s \u2022 In\u00e9s de Hinojosa, doncella hu\u00e9rfana y pecadora. \u00c1ngela In\u00e9s Robledo \u2022 &#8216;Cuernos&#8217; en&#8230; <\/p>\n","protected":false},"author":20,"featured_media":0,"parent":52,"menu_order":0,"comment_status":"closed","ping_status":"closed","template":"template-no-sidebar.php","meta":{"footnotes":""},"class_list":["post-219","page","type-page","status-publish","hentry"],"_links":{"self":[{"href":"https:\/\/colombianistas.org\/wordpress\/index.php\/wp-json\/wp\/v2\/pages\/219"}],"collection":[{"href":"https:\/\/colombianistas.org\/wordpress\/index.php\/wp-json\/wp\/v2\/pages"}],"about":[{"href":"https:\/\/colombianistas.org\/wordpress\/index.php\/wp-json\/wp\/v2\/types\/page"}],"author":[{"embeddable":true,"href":"https:\/\/colombianistas.org\/wordpress\/index.php\/wp-json\/wp\/v2\/users\/20"}],"replies":[{"embeddable":true,"href":"https:\/\/colombianistas.org\/wordpress\/index.php\/wp-json\/wp\/v2\/comments?post=219"}],"version-history":[{"count":3,"href":"https:\/\/colombianistas.org\/wordpress\/index.php\/wp-json\/wp\/v2\/pages\/219\/revisions"}],"predecessor-version":[{"id":2726,"href":"https:\/\/colombianistas.org\/wordpress\/index.php\/wp-json\/wp\/v2\/pages\/219\/revisions\/2726"}],"up":[{"embeddable":true,"href":"https:\/\/colombianistas.org\/wordpress\/index.php\/wp-json\/wp\/v2\/pages\/52"}],"wp:attachment":[{"href":"https:\/\/colombianistas.org\/wordpress\/index.php\/wp-json\/wp\/v2\/media?parent=219"}],"curies":[{"name":"wp","href":"https:\/\/api.w.org\/{rel}","templated":true}]}}