{"id":231,"date":"2018-05-19T05:08:48","date_gmt":"2018-05-19T00:08:48","guid":{"rendered":"https:\/\/prometeo.work\/?page_id=231"},"modified":"2023-10-03T20:16:36","modified_gmt":"2023-10-03T15:16:36","slug":"revista-de-estudios-colombianos-n32","status":"publish","type":"page","link":"https:\/\/colombianistas.org\/wordpress\/index.php\/revistas-anteriores\/revista-de-estudios-colombianos-n32\/","title":{"rendered":"REVISTA DE ESTUDIOS COLOMBIANOS N\u00b032"},"content":{"rendered":"<h6 style=\"padding-left: 30px;\">2008<\/h6>\n<p style=\"padding-left: 30px;\"><strong><a href=\"\/wordpress\/wp-content\/themes\/pleasant\/REC\/REC%2032\/El%20oficio%20del%20escritor\/2.REC_32_ArnoldoPalacios.pdf\" target=\"_blank\" rel=\"noopener\">El oficio del escritor<\/a><br \/>\n<\/strong>Buscando mi madrededios. Arnoldo Palacios<\/p>\n<p style=\"padding-left: 30px;\"><strong>Art\u00edculos<br \/>\n<\/strong>\u2022 <a href=\"\/wordpress\/wp-content\/themes\/pleasant\/REC\/REC%2032\/Art%c3%adculos\/3.REC_32_JamesAlstrum.pdf\" target=\"_blank\" rel=\"noopener\">La \u00faltima poes\u00eda de la generaci\u00f3n desencantada de Golpe de dados.<\/a> James Alstrum<\/p>\n<p style=\"padding-left: 30px;\">\u2022 <a href=\"\/wordpress\/wp-content\/themes\/pleasant\/REC\/REC%2032\/Art%c3%adculos\/4.REC_32_FernandoReati.pdf\" target=\"_blank\" rel=\"noopener\">Pensamientos de guerra, de Orlando Mej\u00eda Rivera: \u00bfC\u00f3mo nombrar lo indecible de la violencia colombiana?.<\/a> Fernando Reati<\/p>\n<p style=\"padding-left: 30px;\">\u2022 <a href=\"\/wordpress\/wp-content\/themes\/pleasant\/REC\/REC%2032\/Art%c3%adculos\/5.REC_32_LigiaAldana.pdf\" target=\"_blank\" rel=\"noopener\">\u00a1Esto va! Memorias\/ritmos diasp\u00f3ricos: La champeta desde donde sea.<\/a> Ligia S. Aldana<\/p>\n<p style=\"padding-left: 30px;\">\u2022 <a href=\"\/wordpress\/wp-content\/themes\/pleasant\/REC\/REC%2032\/Art%c3%adculos\/6.REC_32_JorgelinaCorbatta.pdf\" target=\"_blank\" rel=\"noopener\">Todo sobre mi madre: Fernando Vallejo\/ Pedro Almodovar.<\/a> Jorgelina Corbatta<\/p>\n<p style=\"padding-left: 30px;\">\u2022 <a href=\"\/wordpress\/wp-content\/themes\/pleasant\/REC\/REC%2032\/Art%c3%adculos\/7.REC_32_TeobaldoNoriega.pdf\" target=\"_blank\" rel=\"noopener\">Cuesti\u00f3n de h\u00e1bitos, de R.H. Moreno-Duran: Confirmaci\u00f3n de una po\u00e9tica.<\/a> A. Noriega<\/p>\n<p style=\"padding-left: 30px;\"><strong>Rese\u00f1a<br \/>\n<\/strong><a href=\"\/wordpress\/wp-content\/themes\/pleasant\/REC\/REC%2032\/Rese%c3%b1a\/8.REC_32_EduardoJaramillo.pdf\" target=\"_blank\" rel=\"noopener\">Pasarela paralela. Escenarios de la est\u00e9tica y el poder en los reinados de belleza. Chloe Rutter-Jensen, ed.<\/a> Jos\u00e9 Eduardo Jaramillo Zuluaga<\/p>\n<p style=\"padding-left: 30px;\"><a href=\"\/wordpress\/wp-content\/themes\/pleasant\/REC\/REC%2032\/Cr%c3%a9ditos\/1.REC_32_Creditos.pdf\" target=\"_blank\" rel=\"noopener\"><strong>Cr\u00e9ditos<\/strong><\/a><\/p>\n","protected":false},"excerpt":{"rendered":"<p>2008 El oficio del escritor Buscando mi madrededios. Arnoldo Palacios Art\u00edculos \u2022 La \u00faltima poes\u00eda de la generaci\u00f3n desencantada de Golpe de dados. James Alstrum \u2022 Pensamientos de guerra, de Orlando Mej\u00eda Rivera: \u00bfC\u00f3mo nombrar lo indecible de la violencia colombiana?. Fernando Reati \u2022 \u00a1Esto va! Memorias\/ritmos diasp\u00f3ricos: La champeta desde donde sea. Ligia S. Aldana \u2022 Todo sobre mi madre: Fernando Vallejo\/ Pedro Almodovar. Jorgelina Corbatta \u2022 Cuesti\u00f3n de h\u00e1bitos, de R.H. Moreno-Duran: Confirmaci\u00f3n de una po\u00e9tica. A. Noriega Rese\u00f1a Pasarela paralela. Escenarios de la est\u00e9tica y el poder en los reinados de belleza. Chloe Rutter-Jensen, ed. Jos\u00e9 Eduardo&#8230; <\/p>\n","protected":false},"author":20,"featured_media":0,"parent":52,"menu_order":0,"comment_status":"closed","ping_status":"closed","template":"template-no-sidebar.php","meta":{"footnotes":""},"class_list":["post-231","page","type-page","status-publish","hentry"],"_links":{"self":[{"href":"https:\/\/colombianistas.org\/wordpress\/index.php\/wp-json\/wp\/v2\/pages\/231"}],"collection":[{"href":"https:\/\/colombianistas.org\/wordpress\/index.php\/wp-json\/wp\/v2\/pages"}],"about":[{"href":"https:\/\/colombianistas.org\/wordpress\/index.php\/wp-json\/wp\/v2\/types\/page"}],"author":[{"embeddable":true,"href":"https:\/\/colombianistas.org\/wordpress\/index.php\/wp-json\/wp\/v2\/users\/20"}],"replies":[{"embeddable":true,"href":"https:\/\/colombianistas.org\/wordpress\/index.php\/wp-json\/wp\/v2\/comments?post=231"}],"version-history":[{"count":4,"href":"https:\/\/colombianistas.org\/wordpress\/index.php\/wp-json\/wp\/v2\/pages\/231\/revisions"}],"predecessor-version":[{"id":2724,"href":"https:\/\/colombianistas.org\/wordpress\/index.php\/wp-json\/wp\/v2\/pages\/231\/revisions\/2724"}],"up":[{"embeddable":true,"href":"https:\/\/colombianistas.org\/wordpress\/index.php\/wp-json\/wp\/v2\/pages\/52"}],"wp:attachment":[{"href":"https:\/\/colombianistas.org\/wordpress\/index.php\/wp-json\/wp\/v2\/media?parent=231"}],"curies":[{"name":"wp","href":"https:\/\/api.w.org\/{rel}","templated":true}]}}