{"id":243,"date":"2018-05-19T05:20:09","date_gmt":"2018-05-19T00:20:09","guid":{"rendered":"https:\/\/prometeo.work\/?page_id=243"},"modified":"2023-10-03T20:13:37","modified_gmt":"2023-10-03T15:13:37","slug":"revista-de-estudios-colombianos-n30","status":"publish","type":"page","link":"https:\/\/colombianistas.org\/wordpress\/index.php\/revistas-anteriores\/revista-de-estudios-colombianos-n30\/","title":{"rendered":"REVISTA DE ESTUDIOS COLOMBIANOS N\u00b030"},"content":{"rendered":"<h6 style=\"padding-left: 30px;\">2006<\/h6>\n<p style=\"padding-left: 30px;\"><a href=\"\/wordpress\/wp-content\/themes\/pleasant\/REC\/REC%2030\/Carta%20de%20los%20Editores\/2.REC_30_GilbertoGomez.pdf\" target=\"_blank\" rel=\"noopener\"><strong>Carta de los Editores<\/strong><\/a><\/p>\n<p style=\"padding-left: 30px;\"><a href=\"\/wordpress\/wp-content\/themes\/pleasant\/REC\/REC%2030\/El%20oficio%20del%20escritor\/3.REC_30_Araujo.pdf\" target=\"_blank\" rel=\"noopener\"><strong>El oficio del escritor<\/strong><\/a><br \/>\nLeyendo y ley\u00e9ndome. Helena Ara\u00fajo<\/p>\n<p style=\"padding-left: 30px;\"><strong>Art\u00edculos<br \/>\n<\/strong>\u2022 <a href=\"\/wordpress\/wp-content\/themes\/pleasant\/REC\/REC%2030\/Art%c3%adculos\/4.REC_30_ElizabethCunin.pdf\" target=\"_blank\" rel=\"noopener\">El Caribe visto desde el interior del pa\u00eds: estereotipos raciales y sexuales.<\/a> Elisabeth Cunin<\/p>\n<p style=\"padding-left: 30px;\">\u2022 <a href=\"\/wordpress\/wp-content\/themes\/pleasant\/REC\/REC%2030\/Art%c3%adculos\/5.REC_30_LeonaMartin.pdf\" target=\"_blank\" rel=\"noopener\">La Baronesa de Wilson canta a Colombia y a Soledad Acosta de Samper.<\/a> Leona S. Martin<\/p>\n<p style=\"padding-left: 30px;\">\u2022 <a href=\"\/wordpress\/wp-content\/themes\/pleasant\/REC\/REC%2030\/Art%c3%adculos\/6.REC_30_DavidSokoloff.pdf\" target=\"_blank\" rel=\"noopener\">Cien a\u00f1os de soledad y el tropo meton\u00edmico en la representaci\u00f3n hist\u00f3rica de Am\u00e9rica Latina.<\/a> David Solodkow<\/p>\n<p style=\"padding-left: 30px;\">\u2022 <a href=\"\/wordpress\/wp-content\/themes\/pleasant\/REC\/REC%2030\/Art%c3%adculos\/7.REC_30_Araujo2.pdf\" target=\"_blank\" rel=\"noopener\">\u201cEl eterno retorno\u201d en femenino.<\/a> Helena Ara\u00fajo<\/p>\n<p style=\"padding-left: 30px;\"><strong>Rese\u00f1as<\/strong><br \/>\n\u2022 <a href=\"\/wordpress\/wp-content\/themes\/pleasant\/REC\/REC%2030\/Rese%c3%b1as\/8.REC_30_JoseCardona.pdf\" target=\"_blank\" rel=\"noopener\">\u00c1lvaro F\u00e9lix Bola\u00f1os. \u00c9lites y desplazados en el Valle del Cauca.<\/a> Jos\u00e9 Cardona-L\u00f3pez<\/p>\n<p style=\"padding-left: 30px;\">\u2022 <a href=\"\/wordpress\/wp-content\/themes\/pleasant\/REC\/REC%2030\/Rese%c3%b1as\/9.REC_30_HelenDelpar.pdf\" target=\"_blank\" rel=\"noopener\">Aline Helg. Liberty and Equality in Caribbean Colombia, 1770-1835.<\/a> Helen Delpar<\/p>\n<p style=\"padding-left: 30px;\">\u2022 <a href=\"\/wordpress\/wp-content\/themes\/pleasant\/REC\/REC%2030\/Rese%c3%b1as\/10.REC_30_JoshuaRosenthal.pdf\" target=\"_blank\" rel=\"noopener\">Joanne Rappaport. Intercultural Utopias:Public Intellectuals, Cultural Experimentation, and Ethnic Pluralism in Colombia.<\/a> Joshua M. Rosenthal<\/p>\n<p style=\"padding-left: 30px;\"><strong>Entrevista<br \/>\n<\/strong><a href=\"\/wordpress\/wp-content\/themes\/pleasant\/REC\/REC%2030\/Entrevista\/11.REC_30_AlvaroBernal.pdf\" target=\"_blank\" rel=\"noopener\">La Bogot\u00e1 contempor\u00e1nea: \u00bfliberal y tolerante? Entrevista con Alonso S\u00e1nchez Baute.<\/a> Alvaro Antonio Bernal<\/p>\n<p style=\"padding-left: 30px;\"><a href=\"\/wordpress\/wp-content\/themes\/pleasant\/REC\/REC%2030\/Cr%c3%a9ditos\/1.REC_30_Creditos.pdf\" target=\"_blank\" rel=\"noopener\"><strong>Cr\u00e9ditos<\/strong><\/a><\/p>\n","protected":false},"excerpt":{"rendered":"<p>2006 Carta de los Editores El oficio del escritor Leyendo y ley\u00e9ndome. Helena Ara\u00fajo Art\u00edculos \u2022 El Caribe visto desde el interior del pa\u00eds: estereotipos raciales y sexuales. Elisabeth Cunin \u2022 La Baronesa de Wilson canta a Colombia y a Soledad Acosta de Samper. Leona S. Martin \u2022 Cien a\u00f1os de soledad y el tropo meton\u00edmico en la representaci\u00f3n hist\u00f3rica de Am\u00e9rica Latina. David Solodkow \u2022 \u201cEl eterno retorno\u201d en femenino. Helena Ara\u00fajo Rese\u00f1as \u2022 \u00c1lvaro F\u00e9lix Bola\u00f1os. \u00c9lites y desplazados en el Valle del Cauca. Jos\u00e9 Cardona-L\u00f3pez \u2022 Aline Helg. Liberty and Equality in Caribbean Colombia, 1770-1835. Helen Delpar&#8230; <\/p>\n","protected":false},"author":20,"featured_media":0,"parent":52,"menu_order":0,"comment_status":"closed","ping_status":"closed","template":"template-no-sidebar.php","meta":{"footnotes":""},"class_list":["post-243","page","type-page","status-publish","hentry"],"_links":{"self":[{"href":"https:\/\/colombianistas.org\/wordpress\/index.php\/wp-json\/wp\/v2\/pages\/243"}],"collection":[{"href":"https:\/\/colombianistas.org\/wordpress\/index.php\/wp-json\/wp\/v2\/pages"}],"about":[{"href":"https:\/\/colombianistas.org\/wordpress\/index.php\/wp-json\/wp\/v2\/types\/page"}],"author":[{"embeddable":true,"href":"https:\/\/colombianistas.org\/wordpress\/index.php\/wp-json\/wp\/v2\/users\/20"}],"replies":[{"embeddable":true,"href":"https:\/\/colombianistas.org\/wordpress\/index.php\/wp-json\/wp\/v2\/comments?post=243"}],"version-history":[{"count":4,"href":"https:\/\/colombianistas.org\/wordpress\/index.php\/wp-json\/wp\/v2\/pages\/243\/revisions"}],"predecessor-version":[{"id":2722,"href":"https:\/\/colombianistas.org\/wordpress\/index.php\/wp-json\/wp\/v2\/pages\/243\/revisions\/2722"}],"up":[{"embeddable":true,"href":"https:\/\/colombianistas.org\/wordpress\/index.php\/wp-json\/wp\/v2\/pages\/52"}],"wp:attachment":[{"href":"https:\/\/colombianistas.org\/wordpress\/index.php\/wp-json\/wp\/v2\/media?parent=243"}],"curies":[{"name":"wp","href":"https:\/\/api.w.org\/{rel}","templated":true}]}}