{"id":250,"date":"2018-05-20T09:35:04","date_gmt":"2018-05-20T04:35:04","guid":{"rendered":"https:\/\/prometeo.work\/?page_id=250"},"modified":"2023-10-03T20:01:01","modified_gmt":"2023-10-03T15:01:01","slug":"revista-de-estudios-colombianos-n29","status":"publish","type":"page","link":"https:\/\/colombianistas.org\/wordpress\/index.php\/revistas-anteriores\/revista-de-estudios-colombianos-n29\/","title":{"rendered":"REVISTA DE ESTUDIOS COLOMBIANOS N\u00b029"},"content":{"rendered":"<h6 style=\"padding-left: 30px;\">\u2022 2006<\/h6>\n<p style=\"padding-left: 30px;\"><a href=\"\/wordpress\/wp-content\/themes\/pleasant\/REC\/REC%2029\/Carta%20de%20los%20Editores\/2.REC_29_GomezOcampo.pdf\" target=\"_blank\" rel=\"noopener\"><strong>Carta de los Editores<\/strong><\/a><\/p>\n<p style=\"padding-left: 30px;\"><strong><a href=\"\/wordpress\/wp-content\/themes\/pleasant\/REC\/REC%2029\/El%20oficio%20del%20escritor\/3.REC_29_ArmandoRomero.pdf\" target=\"_blank\" rel=\"noopener\">El oficio del escritor<\/a><br \/>\n<\/strong>Notas entre el viaje y la escritura. Armando Romero<\/p>\n<p style=\"padding-left: 30px;\"><strong>Art\u00edculos<br \/>\n<\/strong>\u2022 <a href=\"\/wordpress\/wp-content\/themes\/pleasant\/REC\/REC%2029\/Art%c3%adculos\/4.REC_29_DavidFoster.pdf\" target=\"_blank\" rel=\"noopener\">Toreros de moda: La fotograf\u00eda de Ruv\u00e9n Afanador.<\/a> David William Foster<\/p>\n<p style=\"padding-left: 30px;\">\u2022\u00a0<a href=\"\/wordpress\/wp-content\/themes\/pleasant\/REC\/REC%2029\/Art%c3%adculos\/5.REC_29_DavidBushnell.pdf\" target=\"_blank\" rel=\"noopener\">What is the Problem with Santander?.<\/a> David Bushnell<\/p>\n<p style=\"padding-left: 30px;\">\u2022 <a href=\"\/wordpress\/wp-content\/themes\/pleasant\/REC\/REC%2029\/Art%c3%adculos\/6.REC_29_AlainLawo.pdf\" target=\"_blank\" rel=\"noopener\">Aproximaci\u00f3n a la esencia po\u00e9tica de Alfredo Van\u00edn Romero.<\/a> Alain Lawo-Sukam<\/p>\n<p style=\"padding-left: 30px;\">\u2022 <a href=\"\/wordpress\/wp-content\/themes\/pleasant\/REC\/REC%2029\/Art%c3%adculos\/7.REC_29_LawrencePrescott.pdf\" target=\"_blank\" rel=\"noopener\">Voces del litoral rec\u00f3ndito: tres poetas de la costa colombiana del Pac\u00edfico.<\/a> Laurence Prescott<\/p>\n<p style=\"padding-left: 30px;\">\u2022 <a href=\"\/wordpress\/wp-content\/themes\/pleasant\/REC\/REC%2029\/Art%c3%adculos\/8.REC_29_MMJaramillo.pdf\" target=\"_blank\" rel=\"noopener\">Enrique Buenaventura: humanista contempor\u00e1neo.<\/a> Maria Mercedes Jaramillo y Betty Osorio<\/p>\n<p style=\"padding-left: 30px;\"><strong>Rese\u00f1as<\/strong><br \/>\n\u2022 <a href=\"\/wordpress\/wp-content\/themes\/pleasant\/REC\/REC%2029\/Rese%c3%b1as\/9.REC_29_LolaLuna.pdf\" target=\"_blank\" rel=\"noopener\">Lucy M. Cohen Colombianos en la vanguardia.<\/a> Lola G. Luna<\/p>\n<p style=\"padding-left: 30px;\">\u2022 <a href=\"\/wordpress\/wp-content\/themes\/pleasant\/REC\/REC%2029\/Rese%c3%b1as\/10.REC_29_SeymourMenton.pdf\" target=\"_blank\" rel=\"noopener\">Jonathan Tittler. El verbo y el mando Vida y milagros de Gustavo Alvarez Gardeaz\u00e1bal.<\/a> Seymour Menton<\/p>\n<p style=\"padding-left: 30px;\">\u2022 <a href=\"\/wordpress\/wp-content\/themes\/pleasant\/REC\/REC%2029\/Rese%c3%b1as\/11.REC_29_LuisBejarano.pdf\" target=\"_blank\" rel=\"noopener\">Juan Carlos Galeano. Amazon\u00eda.<\/a> Luis G. Bejarano<\/p>\n<p style=\"padding-left: 30px;\">\u2022 <a href=\"\/wordpress\/wp-content\/themes\/pleasant\/REC\/REC%2029\/Rese%c3%b1as\/12.REC_29_JuanaSuarez.pdf\" target=\"_blank\" rel=\"noopener\">Ruffinelli, Jorge. V\u00edctor Gaviria&#8230; los m\u00e1rgenes al centro.<\/a> Juana Su\u00e1rez<\/p>\n<p style=\"padding-left: 30px;\"><strong><a href=\"\/wordpress\/wp-content\/themes\/pleasant\/REC\/REC%2029\/Entrevista\/13.REC_29_MPalenciaEntrevVanin.pdf\" target=\"_blank\" rel=\"noopener\">Entrevista<\/a><br \/>\n<\/strong>Alfredo Van\u00edn, poeta del Pac\u00edfico. Michael Palencia-Roth<\/p>\n<p style=\"padding-left: 30px;\"><a href=\"\/wordpress\/wp-content\/themes\/pleasant\/REC\/REC%2029\/Cr%c3%a9ditos\/1.REC_29_Creditos.pdf\" target=\"_blank\" rel=\"noopener\"><strong>Cr\u00e9ditos<\/strong><\/a><\/p>\n","protected":false},"excerpt":{"rendered":"<p>\u2022 2006 Carta de los Editores El oficio del escritor Notas entre el viaje y la escritura. Armando Romero Art\u00edculos \u2022 Toreros de moda: La fotograf\u00eda de Ruv\u00e9n Afanador. David William Foster \u2022\u00a0What is the Problem with Santander?. David Bushnell \u2022 Aproximaci\u00f3n a la esencia po\u00e9tica de Alfredo Van\u00edn Romero. Alain Lawo-Sukam \u2022 Voces del litoral rec\u00f3ndito: tres poetas de la costa colombiana del Pac\u00edfico. Laurence Prescott \u2022 Enrique Buenaventura: humanista contempor\u00e1neo. Maria Mercedes Jaramillo y Betty Osorio Rese\u00f1as \u2022 Lucy M. Cohen Colombianos en la vanguardia. Lola G. Luna \u2022 Jonathan Tittler. El verbo y el mando Vida y&#8230; <\/p>\n","protected":false},"author":20,"featured_media":0,"parent":52,"menu_order":0,"comment_status":"closed","ping_status":"closed","template":"template-no-sidebar.php","meta":{"footnotes":""},"class_list":["post-250","page","type-page","status-publish","hentry"],"_links":{"self":[{"href":"https:\/\/colombianistas.org\/wordpress\/index.php\/wp-json\/wp\/v2\/pages\/250"}],"collection":[{"href":"https:\/\/colombianistas.org\/wordpress\/index.php\/wp-json\/wp\/v2\/pages"}],"about":[{"href":"https:\/\/colombianistas.org\/wordpress\/index.php\/wp-json\/wp\/v2\/types\/page"}],"author":[{"embeddable":true,"href":"https:\/\/colombianistas.org\/wordpress\/index.php\/wp-json\/wp\/v2\/users\/20"}],"replies":[{"embeddable":true,"href":"https:\/\/colombianistas.org\/wordpress\/index.php\/wp-json\/wp\/v2\/comments?post=250"}],"version-history":[{"count":3,"href":"https:\/\/colombianistas.org\/wordpress\/index.php\/wp-json\/wp\/v2\/pages\/250\/revisions"}],"predecessor-version":[{"id":2719,"href":"https:\/\/colombianistas.org\/wordpress\/index.php\/wp-json\/wp\/v2\/pages\/250\/revisions\/2719"}],"up":[{"embeddable":true,"href":"https:\/\/colombianistas.org\/wordpress\/index.php\/wp-json\/wp\/v2\/pages\/52"}],"wp:attachment":[{"href":"https:\/\/colombianistas.org\/wordpress\/index.php\/wp-json\/wp\/v2\/media?parent=250"}],"curies":[{"name":"wp","href":"https:\/\/api.w.org\/{rel}","templated":true}]}}