{"id":254,"date":"2018-05-20T09:43:51","date_gmt":"2018-05-20T04:43:51","guid":{"rendered":"https:\/\/prometeo.work\/?page_id=254"},"modified":"2023-10-03T20:00:48","modified_gmt":"2023-10-03T15:00:48","slug":"revista-de-estudios-colombianos-n27-y-28","status":"publish","type":"page","link":"https:\/\/colombianistas.org\/wordpress\/index.php\/revistas-anteriores\/revista-de-estudios-colombianos-n27-y-28\/","title":{"rendered":"REVISTA DE ESTUDIOS COLOMBIANOS N\u00b027 y 28"},"content":{"rendered":"<h6 style=\"padding-left: 30px;\">2005<\/h6>\n<p style=\"padding-left: 30px;\"><strong>Art\u00edculos<\/strong><br \/>\n\u2022 <a href=\"\/wordpress\/wp-content\/themes\/pleasant\/REC\/REC%2027-28\/Art%c3%adculos\/2.REC_27-28_ClaraCamero.pdf\" target=\"_blank\" rel=\"noopener\">Fusi\u00f3n de tiempo y espacio en &#8220;Oriane, tia Oriane&#8221; de Marvel Moreno.<\/a> Clara Camero<\/p>\n<p style=\"padding-left: 30px;\">\u2022 <a href=\"\/wordpress\/wp-content\/themes\/pleasant\/REC\/REC%2027-28\/Art%c3%adculos\/3.REC_27-28_JohnChasteen.pdf\" target=\"_blank\" rel=\"noopener\">Carnaval, mestizaje, danza: un fen\u00f3meno latinoamericano.<\/a> John Charles Chasteen<\/p>\n<p style=\"padding-left: 30px;\">\u2022 <a href=\"\/wordpress\/wp-content\/themes\/pleasant\/REC\/REC%2027-28\/Art%c3%adculos\/4.REC_27-28_CristoFigueroa.pdf\" target=\"_blank\" rel=\"noopener\">Romanza para murcielagos y La balada del pajarillo de German Espinosa: regreso a la historia reciente y fundaci\u00f3n de nuevas geograf\u00edas narrativas.<\/a> Cristo Rafael Figueroa Sanchez<\/p>\n<p style=\"padding-left: 30px;\">\u2022 <a href=\"\/wordpress\/wp-content\/themes\/pleasant\/REC\/REC%2027-28\/Art%c3%adculos\/5.REC_27-28_AnnaJagdman.pdf\" target=\"_blank\" rel=\"noopener\">Panam\u00e1, el Choc\u00f3 y el canal.<\/a> Anna Jagdmann<\/p>\n<p style=\"padding-left: 30px;\">\u2022 <a href=\"\/wordpress\/wp-content\/themes\/pleasant\/REC\/REC%2027-28\/Art%c3%adculos\/6.REC_27-28_JordiLlado.pdf\" target=\"_blank\" rel=\"noopener\">La revista Voces y Ramon Vinyes: una perspectiva catalana de di\u00e1logo entre Am\u00e9rica y Europa.<\/a> Jordi Llado<\/p>\n<p style=\"padding-left: 30px;\">\u2022 <a href=\"\/wordpress\/wp-content\/themes\/pleasant\/REC\/REC%2027-28\/Art%c3%adculos\/7.REC_27-28_GregoryLobo.pdf\" target=\"_blank\" rel=\"noopener\">Lo decimos con cari\u00f1o: estratificaci\u00f3n racial y el discurso de lo negro en Colombia.<\/a> Gregory Lobo y Nick Morgan<\/p>\n<p style=\"padding-left: 30px;\">\u2022 <a href=\"\/wordpress\/wp-content\/themes\/pleasant\/REC\/REC%2027-28\/Art%c3%adculos\/8.REC_27-28_GracielaMaglia.pdf\" target=\"_blank\" rel=\"noopener\">Identidad afrocaribe\u00f1a vs. conciencia nacional en la poes\u00eda poscolonial del Caribe hisp\u00e1nico.<\/a> Graciela Maglia<\/p>\n<p style=\"padding-left: 30px;\">\u2022 <a href=\"\/wordpress\/wp-content\/themes\/pleasant\/REC\/REC%2027-28\/Art%c3%adculos\/9.REC_27-28_FranciscoOrtega.pdf\" target=\"_blank\" rel=\"noopener\">Memoria y crisis: aproximaci\u00f3n a la cultura pol\u00edtica de finales del siglo XVIII.<\/a> Francisco Ortega<\/p>\n<p style=\"padding-left: 30px;\">\u2022 <a href=\"\/wordpress\/wp-content\/themes\/pleasant\/REC\/REC%2027-28\/Art%c3%adculos\/10.REC_27-28_EduardoCaro.pdf\" target=\"_blank\" rel=\"noopener\">La (in)visibilidad homoer\u00f3tica en Ilona llega con la lluvia (1996).<\/a> Eduardo Caro<\/p>\n<p style=\"padding-left: 30px;\">\u2022 <a href=\"\/wordpress\/wp-content\/themes\/pleasant\/REC\/REC%2027-28\/Art%c3%adculos\/11.REC_27-28_HectorFernandez.pdf\" target=\"_blank\" rel=\"noopener\">Del vallenato propio y ajeno: hacia una reconfiguraci\u00f3n del imaginario colombiano y mexicano.<\/a> Hector D. Fernandez L&#8217;Hoeste<\/p>\n<p style=\"padding-left: 30px;\">\u2022 <a href=\"\/wordpress\/wp-content\/themes\/pleasant\/REC\/REC%2027-28\/Art%c3%adculos\/12.REC_27-28_AdolfoGonzalez.pdf\" target=\"_blank\" rel=\"noopener\">Los estudios sobre m\u00edstica popular en el Caribe colombiano.<\/a> Adolfo Gonzalez Henriquez<\/p>\n<p style=\"padding-left: 30px;\">\u2022 <a href=\"\/wordpress\/wp-content\/themes\/pleasant\/REC\/REC%2027-28\/Art%c3%adculos\/13.REC_27-28_FrancisJaeger.pdf\" target=\"_blank\" rel=\"noopener\">La novela canalera como acto contestatario de la naci\u00f3n paname\u00f1a.<\/a> Francis Jaeger<\/p>\n<p style=\"padding-left: 30px;\">\u2022 <a href=\"\/wordpress\/wp-content\/themes\/pleasant\/REC\/REC%2027-28\/Art%c3%adculos\/14.REC_27-28_PinedaBotero.pdf\" target=\"_blank\" rel=\"noopener\">Conciencia de modernidad y decadencia en Maracas en la opera (1996) de Ram\u00f3n Ill\u00e1n Bacca.<\/a> Alvaro Pineda Botero<\/p>\n<p style=\"padding-left: 30px;\">\u2022 <a href=\"\/wordpress\/wp-content\/themes\/pleasant\/REC\/REC%2027-28\/Art%c3%adculos\/15.REC_27-28_SerafinMartinez.pdf\" target=\"_blank\" rel=\"noopener\">La configuraci\u00f3n de los espacios en Manuela.<\/a> Serafin Martinez G. y Ana Cecilia Ojeda A<\/p>\n<p style=\"padding-left: 30px;\"><a href=\"\/wordpress\/wp-content\/themes\/pleasant\/REC\/REC%2027-28\/Cr%c3%a9ditos\/1.REC_27-28_Creditos.pdf\" target=\"_blank\" rel=\"noopener\"><strong>Cr\u00e9ditos<\/strong><\/a><\/p>\n","protected":false},"excerpt":{"rendered":"<p>2005 Art\u00edculos \u2022 Fusi\u00f3n de tiempo y espacio en &#8220;Oriane, tia Oriane&#8221; de Marvel Moreno. Clara Camero \u2022 Carnaval, mestizaje, danza: un fen\u00f3meno latinoamericano. John Charles Chasteen \u2022 Romanza para murcielagos y La balada del pajarillo de German Espinosa: regreso a la historia reciente y fundaci\u00f3n de nuevas geograf\u00edas narrativas. Cristo Rafael Figueroa Sanchez \u2022 Panam\u00e1, el Choc\u00f3 y el canal. Anna Jagdmann \u2022 La revista Voces y Ramon Vinyes: una perspectiva catalana de di\u00e1logo entre Am\u00e9rica y Europa. Jordi Llado \u2022 Lo decimos con cari\u00f1o: estratificaci\u00f3n racial y el discurso de lo negro en Colombia. Gregory Lobo y Nick&#8230; <\/p>\n","protected":false},"author":20,"featured_media":0,"parent":52,"menu_order":0,"comment_status":"closed","ping_status":"closed","template":"template-no-sidebar.php","meta":{"footnotes":""},"class_list":["post-254","page","type-page","status-publish","hentry"],"_links":{"self":[{"href":"https:\/\/colombianistas.org\/wordpress\/index.php\/wp-json\/wp\/v2\/pages\/254"}],"collection":[{"href":"https:\/\/colombianistas.org\/wordpress\/index.php\/wp-json\/wp\/v2\/pages"}],"about":[{"href":"https:\/\/colombianistas.org\/wordpress\/index.php\/wp-json\/wp\/v2\/types\/page"}],"author":[{"embeddable":true,"href":"https:\/\/colombianistas.org\/wordpress\/index.php\/wp-json\/wp\/v2\/users\/20"}],"replies":[{"embeddable":true,"href":"https:\/\/colombianistas.org\/wordpress\/index.php\/wp-json\/wp\/v2\/comments?post=254"}],"version-history":[{"count":4,"href":"https:\/\/colombianistas.org\/wordpress\/index.php\/wp-json\/wp\/v2\/pages\/254\/revisions"}],"predecessor-version":[{"id":2717,"href":"https:\/\/colombianistas.org\/wordpress\/index.php\/wp-json\/wp\/v2\/pages\/254\/revisions\/2717"}],"up":[{"embeddable":true,"href":"https:\/\/colombianistas.org\/wordpress\/index.php\/wp-json\/wp\/v2\/pages\/52"}],"wp:attachment":[{"href":"https:\/\/colombianistas.org\/wordpress\/index.php\/wp-json\/wp\/v2\/media?parent=254"}],"curies":[{"name":"wp","href":"https:\/\/api.w.org\/{rel}","templated":true}]}}