{"id":260,"date":"2018-05-20T09:54:29","date_gmt":"2018-05-20T04:54:29","guid":{"rendered":"https:\/\/prometeo.work\/?page_id=260"},"modified":"2023-10-03T20:00:33","modified_gmt":"2023-10-03T15:00:33","slug":"revista-de-estudios-colombianos-n25-y-26","status":"publish","type":"page","link":"https:\/\/colombianistas.org\/wordpress\/index.php\/revistas-anteriores\/revista-de-estudios-colombianos-n25-y-26\/","title":{"rendered":"REVISTA DE ESTUDIOS COLOMBIANOS N\u00b025 y 26"},"content":{"rendered":"<h6 style=\"padding-left: 30px;\">2003<\/h6>\n<h3 style=\"text-align: center; padding-left: 30px;\">Memorias del XII Congreso de Colombianistas,<br \/>\nUniversidad de Illinois, Urbana-Champaign,<br \/>\n10 a 14 de agosto de 2001<br \/>\nSegunda parte: Literatura y cultura en Colombia<\/h3>\n<p style=\"padding-left: 30px;\"><strong>Art\u00edculos<br \/>\n<\/strong>\u2022 <a href=\"\/wordpress\/wp-content\/themes\/pleasant\/REC\/REC%2025-26\/Art%c3%adculos\/2.REC_25-26_LuciaOrtiz.pdf\" target=\"_blank\" rel=\"noopener\">El negro y la creaci\u00f3n rom\u00e1ntica de una identidad nacional. Hacia una relectura de Mar\u00eda de Jorge Isaacs.<\/a> Lucia Ortiz<\/p>\n<p style=\"padding-left: 30px;\">\u2022 <a href=\"\/wordpress\/wp-content\/themes\/pleasant\/REC\/REC%2025-26\/Art%c3%adculos\/3.REC_25-26_AnaOjeda.pdf\">Manuela: tradici\u00f3n, modernidad y violencia pol\u00edtica.<\/a> Ana Cecilia Ojeda A., Seraf\u00edn Mart\u00ednez G., Judith Nieto L\u00f3pez<\/p>\n<p style=\"padding-left: 30px;\">\u2022 <a href=\"\/wordpress\/wp-content\/themes\/pleasant\/REC\/REC%2025-26\/Art%c3%adculos\/4.REC_25-26_CamachoDelgado.pdf\">El discurso del fracaso en La nieve del almirante de \u00c1lvaro Mutis.<\/a> Jos\u00e9 Manuel Camacho Delgado<\/p>\n<p style=\"padding-left: 30px;\">\u2022 <a href=\"\/wordpress\/wp-content\/themes\/pleasant\/REC\/REC%2025-26\/Art%c3%adculos\/5.REC_25-26_LuceroTenorio.pdf\" target=\"_blank\" rel=\"noopener\">Nuevo ensayo de identidad femenina: Florence Thomas y su Conversaci\u00f3n con un hombre ausente.<\/a> Lucero Tenorio-Gavin<\/p>\n<p style=\"padding-left: 30px;\">\u2022 <a href=\"\/wordpress\/wp-content\/themes\/pleasant\/REC\/REC%2025-26\/Art%c3%adculos\/6.REC_25-26_JonathanTittler.pdf\" target=\"_blank\" rel=\"noopener\">La empresa de escribir la vida de un escritor en prisi\u00f3n: La biograf\u00eda literariopol\u00edtica de Gustavo \u00c1lvarez Gardeaz\u00e1bal.<\/a> Jonathan Tittler<\/p>\n<p style=\"padding-left: 30px;\">\u2022 <a href=\"\/wordpress\/wp-content\/themes\/pleasant\/REC\/REC%2025-26\/Art%c3%adculos\/7.REC_25-26_JamesAlstrum.pdf\" target=\"_blank\" rel=\"noopener\">La evoluci\u00f3n de la novel\u00edstica de Dar\u00edo Jaramillo Agudelo.<\/a> James Alstrum<\/p>\n<p style=\"padding-left: 30px;\">\u2022 <a href=\"\/wordpress\/wp-content\/themes\/pleasant\/REC\/REC%2025-26\/Art%c3%adculos\/8.REC_25-26_MMJaramillo.pdf\" target=\"_blank\" rel=\"noopener\">Luis Fernando Macias: un escritor atento a sus circunstancias.<\/a> Maria Mercedes Jaramillo<\/p>\n<p style=\"padding-left: 30px;\">\u2022 <a href=\"\/wordpress\/wp-content\/themes\/pleasant\/REC\/REC%2025-26\/Art%c3%adculos\/9.REC_25-26_JorgelinaCorbatta.pdf\" target=\"_blank\" rel=\"noopener\">Lo que va de ayer a hoy: Medell\u00edn en Aire de tango de Manuel Mej\u00eda Vallejo y La virgen de los sicarios de Fernando Vallejo.<\/a> Jorgelina Corbatta<\/p>\n<p style=\"padding-left: 30px;\">\u2022 <a href=\"\/wordpress\/wp-content\/themes\/pleasant\/REC\/REC%2025-26\/Art%c3%adculos\/10.REC_25-26_LilianaRamirez.pdf\" target=\"_blank\" rel=\"noopener\">La escritura de Montserrat Ord\u00f3\u00f1ez: Cambio de piel.<\/a> Liliana Ram\u00edrez<\/p>\n<p style=\"padding-left: 30px;\">\u2022 <a href=\"\/wordpress\/wp-content\/themes\/pleasant\/REC\/REC%2025-26\/Art%c3%adculos\/11.REC_25-26_CAlzate.pdf\" target=\"_blank\" rel=\"noopener\">Soledad Acosta de Samper: de escrituras, monstruos y ara\u00f1as. Homenaje a Montserrat Ord\u00f3\u00f1ez.<\/a> Carolina Alzate<\/p>\n<p style=\"padding-left: 30px;\">\u2022 <a href=\"\/wordpress\/wp-content\/themes\/pleasant\/REC\/REC%2025-26\/Art%c3%adculos\/12.REC_25-26_ConstanzaPerez.pdf\" target=\"_blank\" rel=\"noopener\">En el margen: espacios rizom\u00e1ticos de los anonadados en Dulce compa\u00f1\u00eda de Laura Restrepo.<\/a> Maria Constanza P\u00e9rez<\/p>\n<p style=\"padding-left: 30px;\">\u2022 <a href=\"\/wordpress\/wp-content\/themes\/pleasant\/REC\/REC%2025-26\/Art%c3%adculos\/13.REC_25-26_ClaraCamero.pdf\" target=\"_blank\" rel=\"noopener\">Humor, mito y parodia en Dulce compa\u00f1\u00eda de Laura Restrepo.<\/a> Clara Camero<\/p>\n<p style=\"padding-left: 30px;\"><strong>De los Presidentes<\/strong><br \/>\n\u2022 <a href=\"\/wordpress\/wp-content\/themes\/pleasant\/REC\/REC%2025-26\/De%20los%20Presidentes\/14.REC_25-26_OttoMorales.pdf\" target=\"_blank\" rel=\"noopener\">Perspectiva cultural de Colombia en el 2001.<\/a> Otto Morales Ben\u00edtez<\/p>\n<p style=\"padding-left: 30px;\">\u2022 <a href=\"\/wordpress\/wp-content\/themes\/pleasant\/REC\/REC%2025-26\/De%20los%20Presidentes\/15.REC_25-26_Belisario.pdf\" target=\"_blank\" rel=\"noopener\">Cervantes y Don Quijote en las Indias.<\/a> Belisario Betancur<\/p>\n<p style=\"padding-left: 30px;\"><a href=\"\/wordpress\/wp-content\/themes\/pleasant\/REC\/REC%2025-26\/Cr%c3%a9ditos\/1.REC_25-26_Creditos.pdf\" target=\"_blank\" rel=\"noopener\"><strong>Cr\u00e9ditos<\/strong><\/a><\/p>\n","protected":false},"excerpt":{"rendered":"<p>2003 Memorias del XII Congreso de Colombianistas, Universidad de Illinois, Urbana-Champaign, 10 a 14 de agosto de 2001 Segunda parte: Literatura y cultura en Colombia Art\u00edculos \u2022 El negro y la creaci\u00f3n rom\u00e1ntica de una identidad nacional. Hacia una relectura de Mar\u00eda de Jorge Isaacs. Lucia Ortiz \u2022 Manuela: tradici\u00f3n, modernidad y violencia pol\u00edtica. Ana Cecilia Ojeda A., Seraf\u00edn Mart\u00ednez G., Judith Nieto L\u00f3pez \u2022 El discurso del fracaso en La nieve del almirante de \u00c1lvaro Mutis. Jos\u00e9 Manuel Camacho Delgado \u2022 Nuevo ensayo de identidad femenina: Florence Thomas y su Conversaci\u00f3n con un hombre ausente. Lucero Tenorio-Gavin \u2022 La&#8230; <\/p>\n","protected":false},"author":20,"featured_media":0,"parent":52,"menu_order":0,"comment_status":"closed","ping_status":"closed","template":"template-no-sidebar.php","meta":{"footnotes":""},"class_list":["post-260","page","type-page","status-publish","hentry"],"_links":{"self":[{"href":"https:\/\/colombianistas.org\/wordpress\/index.php\/wp-json\/wp\/v2\/pages\/260"}],"collection":[{"href":"https:\/\/colombianistas.org\/wordpress\/index.php\/wp-json\/wp\/v2\/pages"}],"about":[{"href":"https:\/\/colombianistas.org\/wordpress\/index.php\/wp-json\/wp\/v2\/types\/page"}],"author":[{"embeddable":true,"href":"https:\/\/colombianistas.org\/wordpress\/index.php\/wp-json\/wp\/v2\/users\/20"}],"replies":[{"embeddable":true,"href":"https:\/\/colombianistas.org\/wordpress\/index.php\/wp-json\/wp\/v2\/comments?post=260"}],"version-history":[{"count":3,"href":"https:\/\/colombianistas.org\/wordpress\/index.php\/wp-json\/wp\/v2\/pages\/260\/revisions"}],"predecessor-version":[{"id":2716,"href":"https:\/\/colombianistas.org\/wordpress\/index.php\/wp-json\/wp\/v2\/pages\/260\/revisions\/2716"}],"up":[{"embeddable":true,"href":"https:\/\/colombianistas.org\/wordpress\/index.php\/wp-json\/wp\/v2\/pages\/52"}],"wp:attachment":[{"href":"https:\/\/colombianistas.org\/wordpress\/index.php\/wp-json\/wp\/v2\/media?parent=260"}],"curies":[{"name":"wp","href":"https:\/\/api.w.org\/{rel}","templated":true}]}}