{"id":269,"date":"2018-05-20T10:10:27","date_gmt":"2018-05-20T05:10:27","guid":{"rendered":"https:\/\/prometeo.work\/?page_id=269"},"modified":"2023-10-03T19:59:31","modified_gmt":"2023-10-03T14:59:31","slug":"revista-de-estudios-colombianos-n22","status":"publish","type":"page","link":"https:\/\/colombianistas.org\/wordpress\/index.php\/revistas-anteriores\/revista-de-estudios-colombianos-n22\/","title":{"rendered":"REVISTA DE ESTUDIOS COLOMBIANOS N\u00b022"},"content":{"rendered":"<h6 style=\"padding-left: 30px;\">2001<\/h6>\n<p style=\"padding-left: 30px;\"><a href=\"\/wordpress\/wp-content\/themes\/pleasant\/REC\/REC%2022\/El%20oficio%20del%20escritor\/2.REC_22_UmbertoValverde.pdf\"><strong>El oficio del escritor<\/strong><\/a><br \/>\nEscritura y realidad. Umberto Valverde<\/p>\n<p style=\"padding-left: 30px;\"><strong>Ensayos<br \/>\n<\/strong>\u2022 <a href=\"\/wordpress\/wp-content\/themes\/pleasant\/REC\/REC%2022\/Ensayos\/3.REC_22_CamachoDelgado.pdf\" target=\"_blank\" rel=\"noopener\">La metamorfosis de Su Excelencia de Jorge Zalamea: Entre el relato m\u00edtico y la violencia.<\/a> Jose Manuel Camacho Delgado<\/p>\n<p style=\"padding-left: 30px;\">\u2022 <a href=\"\/wordpress\/wp-content\/themes\/pleasant\/REC\/REC%2022\/Ensayos\/4.REC_22_CeciliaCastroLee.pdf\" target=\"_blank\" rel=\"noopener\">Eros y poes\u00eda: El cuerpo y las palabras en la poes\u00eda de Juan Gustavo Cobo Borda y Carlos Vasquez-Zawadski.<\/a> Cecilia Castro Lee<\/p>\n<p style=\"padding-left: 30px;\">\u2022 <a href=\"\/wordpress\/wp-content\/themes\/pleasant\/REC\/REC%2022\/Ensayos\/5.REC_22_CristoFigueroa.pdf\" target=\"_blank\" rel=\"noopener\">De piel en piel de Montserrat Ord\u00f3\u00f1ez: La metamorfosis de la serpiente y la sabidur\u00eda de la ara\u00f1a.<\/a> Cristo Rafael Figueroa S\u00e1nchez<\/p>\n<p style=\"padding-left: 30px;\">\u2022 <a href=\"\/wordpress\/wp-content\/themes\/pleasant\/REC\/REC%2022\/Ensayos\/6.REC_22_MiguelGomez.pdf\" target=\"_blank\" rel=\"noopener\">La epopeya ausente de Aurelio Arturo: Historia literaria e historia de la conciencia.<\/a> Miguel Gomes<\/p>\n<p style=\"padding-left: 30px;\">\u2022 <a href=\"\/wordpress\/wp-content\/themes\/pleasant\/REC\/REC%2022\/Ensayos\/7.REC_22_MMJaramillo.pdf\" target=\"_blank\" rel=\"noopener\">La influencia sufi en la poes\u00eda de Meira Delmar.<\/a> Mar\u00eda Mercedes Jaramillo<\/p>\n<p style=\"padding-left: 30px;\">\u2022 <a href=\"\/wordpress\/wp-content\/themes\/pleasant\/REC\/REC%2022\/Ensayos\/8.REC_22_BettyOsorio.pdf\" target=\"_blank\" rel=\"noopener\">Montserrat Ord\u00f3\u00f1ez: Desaf\u00edos y preguntas a la literatura colombiana.<\/a> Betty Osorio<\/p>\n<p style=\"padding-left: 30px;\"><strong>Rese\u00f1as<\/strong><br \/>\n\u2022 <a href=\"\/wordpress\/wp-content\/themes\/pleasant\/REC\/REC%2022\/Rese%c3%b1as\/9.REC_22_LuciaOrtiz.pdf\" target=\"_blank\" rel=\"noopener\">Hortensia Alaix de Valencia, La palabra poetica del afrocolombiano (Antologia).<\/a> Lucia Ortiz<\/p>\n<p style=\"padding-left: 30px;\">\u2022 <a href=\"\/wordpress\/wp-content\/themes\/pleasant\/REC\/REC%2022\/Rese%c3%b1as\/10.REC_22_ConsueloHernandez.pdf\" target=\"_blank\" rel=\"noopener\">Oscar Garc\u00eda Castro, \u00a1Ah, mar amargo!.<\/a> Consuelo Hernandez<\/p>\n<p style=\"padding-left: 30px;\">\u2022 <a href=\"\/wordpress\/wp-content\/themes\/pleasant\/REC\/REC%2022\/Rese%c3%b1as\/11.REC_22_FranciscoMoran.pdf\" target=\"_blank\" rel=\"noopener\">Ram\u00f3n Ill\u00e1n Bacca, Deborah Kuel.<\/a> Francisco Moran<\/p>\n<p style=\"padding-left: 30px;\"><strong>Entrevistas<\/strong><br \/>\n<a href=\"\/wordpress\/wp-content\/themes\/pleasant\/REC\/REC%2022\/Entrevistas\/12.REC_22_SanchezBlackeEntrevLRestrepo.pdf\" target=\"_blank\" rel=\"noopener\">A Laura Restrepo: &#8220;Colombia, un pa\u00eds en el camino&#8221;.<\/a> Elvira Sanchez-Blake<\/p>\n<p style=\"padding-left: 30px;\"><a href=\"\/wordpress\/wp-content\/themes\/pleasant\/REC\/REC%2022\/Cr%c3%a9ditos\/1.REC_22_Creditos.pdf\" target=\"_blank\" rel=\"noopener\"><strong>Cr\u00e9ditos<\/strong><\/a><\/p>\n","protected":false},"excerpt":{"rendered":"<p>2001 El oficio del escritor Escritura y realidad. Umberto Valverde Ensayos \u2022 La metamorfosis de Su Excelencia de Jorge Zalamea: Entre el relato m\u00edtico y la violencia. Jose Manuel Camacho Delgado \u2022 Eros y poes\u00eda: El cuerpo y las palabras en la poes\u00eda de Juan Gustavo Cobo Borda y Carlos Vasquez-Zawadski. Cecilia Castro Lee \u2022 De piel en piel de Montserrat Ord\u00f3\u00f1ez: La metamorfosis de la serpiente y la sabidur\u00eda de la ara\u00f1a. Cristo Rafael Figueroa S\u00e1nchez \u2022 La epopeya ausente de Aurelio Arturo: Historia literaria e historia de la conciencia. Miguel Gomes \u2022 La influencia sufi en la poes\u00eda&#8230; <\/p>\n","protected":false},"author":20,"featured_media":0,"parent":52,"menu_order":0,"comment_status":"closed","ping_status":"closed","template":"template-no-sidebar.php","meta":{"footnotes":""},"class_list":["post-269","page","type-page","status-publish","hentry"],"_links":{"self":[{"href":"https:\/\/colombianistas.org\/wordpress\/index.php\/wp-json\/wp\/v2\/pages\/269"}],"collection":[{"href":"https:\/\/colombianistas.org\/wordpress\/index.php\/wp-json\/wp\/v2\/pages"}],"about":[{"href":"https:\/\/colombianistas.org\/wordpress\/index.php\/wp-json\/wp\/v2\/types\/page"}],"author":[{"embeddable":true,"href":"https:\/\/colombianistas.org\/wordpress\/index.php\/wp-json\/wp\/v2\/users\/20"}],"replies":[{"embeddable":true,"href":"https:\/\/colombianistas.org\/wordpress\/index.php\/wp-json\/wp\/v2\/comments?post=269"}],"version-history":[{"count":3,"href":"https:\/\/colombianistas.org\/wordpress\/index.php\/wp-json\/wp\/v2\/pages\/269\/revisions"}],"predecessor-version":[{"id":2714,"href":"https:\/\/colombianistas.org\/wordpress\/index.php\/wp-json\/wp\/v2\/pages\/269\/revisions\/2714"}],"up":[{"embeddable":true,"href":"https:\/\/colombianistas.org\/wordpress\/index.php\/wp-json\/wp\/v2\/pages\/52"}],"wp:attachment":[{"href":"https:\/\/colombianistas.org\/wordpress\/index.php\/wp-json\/wp\/v2\/media?parent=269"}],"curies":[{"name":"wp","href":"https:\/\/api.w.org\/{rel}","templated":true}]}}