{"id":274,"date":"2018-05-20T10:15:58","date_gmt":"2018-05-20T05:15:58","guid":{"rendered":"https:\/\/prometeo.work\/?page_id=274"},"modified":"2023-10-03T19:58:55","modified_gmt":"2023-10-03T14:58:55","slug":"revista-de-estudios-colombianos-n21","status":"publish","type":"page","link":"https:\/\/colombianistas.org\/wordpress\/index.php\/revistas-anteriores\/revista-de-estudios-colombianos-n21\/","title":{"rendered":"REVISTA DE ESTUDIOS COLOMBIANOS N\u00b021"},"content":{"rendered":"<p style=\"padding-left: 30px;\">2000<\/p>\n<p style=\"padding-left: 30px;\"><strong><a href=\"\/wordpress\/wp-content\/themes\/pleasant\/REC\/REC%2021\/El%20oficio%20del%20escritor\/2.REC_21_IllanBacca.pdf\" target=\"_blank\" rel=\"noopener\">El oficio del escritor<\/a><br \/>\n<\/strong>\u00bfPor qu\u00e9 escribo? Ram\u00f3n Ill\u00e1n Bacca<\/p>\n<p style=\"padding-left: 30px;\"><strong>Ensayos<br \/>\n<\/strong>\u2022 <a href=\"\/wordpress\/wp-content\/themes\/pleasant\/REC\/REC%2021\/Ensayos\/3.REC_21_HectorDominguezRubalcava.pdf\" target=\"_blank\" rel=\"noopener\">Tarralito perdido por la catirambimba. La prosa period\u00edstica de Porfirio Barba Jacob.<\/a> H\u00e9ctor Dom\u00ednguez-Rubalcava<\/p>\n<p style=\"padding-left: 30px;\">\u2022 <a href=\"\/wordpress\/wp-content\/themes\/pleasant\/REC\/REC%2021\/Ensayos\/4.REC_21_GustavoMejia.pdf\" target=\"_blank\" rel=\"noopener\">Historia e historias en La novia oscura de Laura Restrepo.<\/a> Gustavo Mej\u00eda<\/p>\n<p style=\"padding-left: 30px;\">\u2022 <a href=\"\/wordpress\/wp-content\/themes\/pleasant\/REC\/REC%2021\/Ensayos\/5.REC_21_MichaelPalencia.pdf\" target=\"_blank\" rel=\"noopener\">\u00bfTiene Colombia cultura? Una radiograf\u00eda de su imagen.<\/a> Michael Palencia-Roth<\/p>\n<p style=\"padding-left: 30px;\">\u2022 <a href=\"https:\/\/colombianistas.org\/wordpress\/wp-content\/themes\/pleasant\/REC\/REC%2021\/Ensayos\/6.REC_21_AlvaroARodriguez.pdf\" target=\"_blank\" rel=\"noopener\">La ficcionalizaci\u00f3n en el &#8220;Discurso del capit\u00e1n Drake&#8221; de Juan de Castellanos.<\/a> Alvaro A. Rodr\u00edguez S.<\/p>\n<p style=\"padding-left: 30px;\">\u2022 <a href=\"\/wordpress\/wp-content\/themes\/pleasant\/REC\/REC%2021\/Ensayos\/7.REC_21_ESanchezBlake.pdf\" target=\"_blank\" rel=\"noopener\">Los laberintos narrativos de Marvel Moreno y Umberto Eco.<\/a> Elvira S\u00e1nchez-Blake<\/p>\n<p style=\"padding-left: 30px;\"><strong>Rese\u00f1as<\/strong><br \/>\n\u2022 <a href=\"\/wordpress\/wp-content\/themes\/pleasant\/REC\/REC%2021\/Rese%c3%b1as\/8.REC_21_BrittArredondo.pdf\" target=\"_blank\" rel=\"noopener\">Javier Arias Toro. El \u00faltimo cuento.<\/a> Christopher Britt Arredondo<\/p>\n<p style=\"padding-left: 30px;\">\u2022 <a href=\"\/wordpress\/wp-content\/themes\/pleasant\/REC\/REC%2021\/Rese%c3%b1as\/9.REC_21_ChloeRutter.pdf\">Jorge Franco Ramos. Rosario Tijeras.<\/a> Chloe Rutter<\/p>\n<p style=\"padding-left: 30px;\">\u2022 <a href=\"\/wordpress\/wp-content\/themes\/pleasant\/REC\/REC%2021\/Rese%c3%b1as\/10.REC_21_LuisCorreaDiaz.pdf\" target=\"_blank\" rel=\"noopener\">Mar\u00eda Mercedes Jaramillo y Mario Yepes, eds. Antolog\u00eda cr\u00edtica del teatro breve hispanoamericano, 1948-1993.<\/a> Luis Correa D\u00edaz<\/p>\n<p style=\"padding-left: 30px;\">\u2022 <a href=\"\/wordpress\/wp-content\/themes\/pleasant\/REC\/REC%2021\/Rese%c3%b1as\/11.REC_21_SarahCastro.pdf\" target=\"_blank\" rel=\"noopener\">Katherine Joy McKnight. The Mystic of Tunja. The Writings of Madre Castillo, 1671-1742.<\/a> Sara Castro Klar\u00e9n<\/p>\n<p style=\"padding-left: 30px;\">\u2022 <a href=\"\/wordpress\/wp-content\/themes\/pleasant\/REC\/REC%2021\/Rese%c3%b1as\/12.REC_21_GladysIlarregui.pdf\" target=\"_blank\" rel=\"noopener\">Flor Romera. Malitzin, la princesa regalada.<\/a> Gladys M. Ilarregui 55<\/p>\n<p style=\"padding-left: 30px;\">\u2022 <a href=\"\/wordpress\/wp-content\/themes\/pleasant\/REC\/REC%2021\/Rese%c3%b1as\/13.REC_21_JonathanTittler.pdf\" target=\"_blank\" rel=\"noopener\">Raymond Williams. Postmodernidades latinoamericanas: la novela postmoderna en Colombia, Ecuador, Per\u00fa y Bolivia.<\/a> Jonathan Tittler<\/p>\n<p style=\"padding-left: 30px;\">\u2022 <a href=\"\/wordpress\/wp-content\/themes\/pleasant\/REC\/REC%2021\/Rese%c3%b1as\/14.REC_21_RobertoEsquenazi.pdf\" target=\"_blank\" rel=\"noopener\">Serge I. Zaitseff. Algo de la experiencia americana. Correspondencia entre Alfonso Reyes y Germ\u00e1n Arciniegas.<\/a> Roberto Esquinazi-Mayo<\/p>\n<p style=\"padding-left: 30px;\"><strong>Entrevistas<br \/>\n<\/strong><a href=\"\/wordpress\/wp-content\/themes\/pleasant\/REC\/REC%2021\/Entrevistas\/15.REC_21_LuciaOrtizEntrevZapataOlivella.pdf\" target=\"_blank\" rel=\"noopener\">A Manuel Zapata Olivella.<\/a> Luc\u00eda Ortiz<\/p>\n<p style=\"padding-left: 30px;\"><a href=\"\/wordpress\/wp-content\/themes\/pleasant\/REC\/REC%2021\/Cr%c3%a9ditos\/1.REC_21_Creditos.pdf\" target=\"_blank\" rel=\"noopener\"><strong>Cr\u00e9ditos<\/strong><\/a><\/p>\n","protected":false},"excerpt":{"rendered":"<p>2000 El oficio del escritor \u00bfPor qu\u00e9 escribo? Ram\u00f3n Ill\u00e1n Bacca Ensayos \u2022 Tarralito perdido por la catirambimba. La prosa period\u00edstica de Porfirio Barba Jacob. H\u00e9ctor Dom\u00ednguez-Rubalcava \u2022 Historia e historias en La novia oscura de Laura Restrepo. Gustavo Mej\u00eda \u2022 \u00bfTiene Colombia cultura? Una radiograf\u00eda de su imagen. Michael Palencia-Roth \u2022 La ficcionalizaci\u00f3n en el &#8220;Discurso del capit\u00e1n Drake&#8221; de Juan de Castellanos. Alvaro A. Rodr\u00edguez S. \u2022 Los laberintos narrativos de Marvel Moreno y Umberto Eco. Elvira S\u00e1nchez-Blake Rese\u00f1as \u2022 Javier Arias Toro. El \u00faltimo cuento. Christopher Britt Arredondo \u2022 Jorge Franco Ramos. Rosario Tijeras. Chloe Rutter \u2022&#8230; <\/p>\n","protected":false},"author":20,"featured_media":0,"parent":52,"menu_order":0,"comment_status":"closed","ping_status":"closed","template":"template-no-sidebar.php","meta":{"footnotes":""},"class_list":["post-274","page","type-page","status-publish","hentry"],"_links":{"self":[{"href":"https:\/\/colombianistas.org\/wordpress\/index.php\/wp-json\/wp\/v2\/pages\/274"}],"collection":[{"href":"https:\/\/colombianistas.org\/wordpress\/index.php\/wp-json\/wp\/v2\/pages"}],"about":[{"href":"https:\/\/colombianistas.org\/wordpress\/index.php\/wp-json\/wp\/v2\/types\/page"}],"author":[{"embeddable":true,"href":"https:\/\/colombianistas.org\/wordpress\/index.php\/wp-json\/wp\/v2\/users\/20"}],"replies":[{"embeddable":true,"href":"https:\/\/colombianistas.org\/wordpress\/index.php\/wp-json\/wp\/v2\/comments?post=274"}],"version-history":[{"count":6,"href":"https:\/\/colombianistas.org\/wordpress\/index.php\/wp-json\/wp\/v2\/pages\/274\/revisions"}],"predecessor-version":[{"id":2712,"href":"https:\/\/colombianistas.org\/wordpress\/index.php\/wp-json\/wp\/v2\/pages\/274\/revisions\/2712"}],"up":[{"embeddable":true,"href":"https:\/\/colombianistas.org\/wordpress\/index.php\/wp-json\/wp\/v2\/pages\/52"}],"wp:attachment":[{"href":"https:\/\/colombianistas.org\/wordpress\/index.php\/wp-json\/wp\/v2\/media?parent=274"}],"curies":[{"name":"wp","href":"https:\/\/api.w.org\/{rel}","templated":true}]}}