{"id":281,"date":"2018-05-20T10:39:22","date_gmt":"2018-05-20T05:39:22","guid":{"rendered":"https:\/\/prometeo.work\/?page_id=281"},"modified":"2023-10-03T04:56:37","modified_gmt":"2023-10-02T23:56:37","slug":"revista-de-estudios-colombianos-n20","status":"publish","type":"page","link":"https:\/\/colombianistas.org\/wordpress\/index.php\/revistas-anteriores\/revista-de-estudios-colombianos-n20\/","title":{"rendered":"REVISTA DE ESTUDIOS COLOMBIANOS N\u00b020"},"content":{"rendered":"<h6 style=\"padding-left: 30px;\">1999<\/h6>\n<p style=\"padding-left: 30px;\"><a href=\"\/wordpress\/wp-content\/themes\/pleasant\/REC\/REC%2020\/El%20oficio%20del%20escritor\/2.REC_20_PhilliipPotdevin.pdf\" target=\"_blank\" rel=\"noopener\"><strong>El oficio del escritor<\/strong><\/a><br \/>\nC\u00f3mo capturar un drag\u00f3n o cuatro preguntas en torno a un oficio sin porvenir. Philip Potdevin<\/p>\n<p style=\"padding-left: 30px;\"><strong>Ensayos<\/strong><br \/>\n\u2022 <a href=\"\/wordpress\/wp-content\/themes\/pleasant\/REC\/REC%2020\/Ensayos\/3.REC_20_JorgelinaCorbatta.pdf\" target=\"_blank\" rel=\"noopener\">Evocaci\u00f3n de Manuel Mej\u00eda Vallejo. Noticia de un premio. Presencia del tango rioplatense en Antioquia.<\/a> Jorgelina Corbatta<\/p>\n<p style=\"padding-left: 30px;\">\u2022 <a href=\"\/wordpress\/wp-content\/themes\/pleasant\/REC\/REC%2020\/Ensayos\/4.REC_20_JaneDangler.pdf\" target=\"_blank\" rel=\"noopener\">Memory and the Book in Rodr\u00edguez Freyle&#8217;s El Carnero.<\/a> Jean Dangler<\/p>\n<p style=\"padding-left: 30px;\">\u2022 <a href=\"\/wordpress\/wp-content\/themes\/pleasant\/REC\/REC%2020\/Ensayos\/5.REC_20_LuisHermosilla.pdf\" target=\"_blank\" rel=\"noopener\">Sobre el discurso de la conquista del Nuevo Reino de Granada en El Carnero.<\/a> Luis Hermosilla<\/p>\n<p style=\"padding-left: 30px;\">\u2022 <a href=\"\/wordpress\/wp-content\/themes\/pleasant\/REC\/REC%2020\/Ensayos\/6.REC_20_MariaDoloresJaramillo.pdf\" target=\"_blank\" rel=\"noopener\">Silva y el sincretismo de la escritura moderna.<\/a> Mar\u00eda Dolores Jaramillo<\/p>\n<p style=\"padding-left: 30px;\">\u2022 <a href=\"\/wordpress\/wp-content\/themes\/pleasant\/REC\/REC%2020\/Ensayos\/7.REC_20_CarlosJauregui.pdf\" target=\"_blank\" rel=\"noopener\">Enfermedad, diagn\u00f3stico y p\u00f3cimas en Macondo: lectura de la pr\u00e1ctica m\u00e9dica en Cien a\u00f1os de soledad.<\/a> Carlos Ja\u00faregui<\/p>\n<p style=\"padding-left: 30px;\">\u2022 <a href=\"\/wordpress\/wp-content\/themes\/pleasant\/REC\/REC%2020\/Ensayos\/8.REC_20_JorgeSalazarIsaza.pdf\" target=\"_blank\" rel=\"noopener\">Hacia una pedagog\u00eda del gui\u00f3n audiovisual en Colombia.<\/a> Jorge Salazar Isaza<\/p>\n<p style=\"padding-left: 30px;\">\u2022 <a href=\"\/wordpress\/wp-content\/themes\/pleasant\/REC\/REC%2020\/Ensayos\/9.REC_20_CoreyCShouse.pdf\" target=\"_blank\" rel=\"noopener\">Bailando los binarios: la industria cultural y el sujeto postmoderno en \u00a1Qu\u00e9 viva la m\u00fasica!<\/a> Corey C. Shouse<\/p>\n<p style=\"padding-left: 30px;\"><strong>Rese\u00f1as<\/strong><br \/>\n\u2022 <a href=\"\/wordpress\/wp-content\/themes\/pleasant\/REC\/REC%2020\/Rese%c3%b1as\/10.REC_20_JLeonHelguera.pdf\" target=\"_blank\" rel=\"noopener\">Or\u00edgenes peninsulares de Macondo: notas sobre la reimpresi\u00f3n de don Juan Fl\u00f3rez de Oc\u00e1riz, Libros Primero y Segundo de las Genealog\u00edas del Nuevo Reino de Granada.<\/a> J. Le\u00f3n Helguera<\/p>\n<p style=\"padding-left: 30px;\">\u2022 <a href=\"\/wordpress\/wp-content\/themes\/pleasant\/REC\/REC%2020\/Rese%c3%b1as\/11.REC_20_JuanGoytisolo.pdf\" target=\"_blank\" rel=\"noopener\">Lecciones de geograf\u00eda. Rafael Humberto Moreno-Dur\u00e1n. Mambr\u00fa.<\/a> Juan Goytisolo<\/p>\n<p style=\"padding-left: 30px;\">\u2022 <a href=\"\/wordpress\/wp-content\/themes\/pleasant\/REC\/REC%2020\/Rese%c3%b1as\/12.REC_20_TulioMora.pdf\" target=\"_blank\" rel=\"noopener\">Consuelo Hern\u00e1ndez. Solo de viol\u00edn. Poemario para m\u00fasicos y pintores. Sonido y color de la mujer.<\/a> Tulio Mora<\/p>\n<p style=\"padding-left: 30px;\">\u2022 <a href=\"\/wordpress\/wp-content\/themes\/pleasant\/REC\/REC%2020\/Rese%c3%b1as\/13.REC_20_BettyOsorio.pdf\" target=\"_blank\" rel=\"noopener\">Luc\u00eda Ortiz. La novela colombiana hacia finales del siglo XX.<\/a> Betty Osorio<\/p>\n<p style=\"padding-left: 30px;\">\u2022 <a href=\"\/wordpress\/wp-content\/themes\/pleasant\/REC\/REC%2020\/Rese%c3%b1as\/14.REC_20_RaymondWilliams.pdf\" target=\"_blank\" rel=\"noopener\">Seymour Menton. Historia verdadera del realismo m\u00e1gico.<\/a> Raymond L. Williams<\/p>\n<p style=\"padding-left: 30px;\"><strong>Entrevistas<br \/>\n<\/strong><a href=\"\/wordpress\/wp-content\/themes\/pleasant\/REC\/REC%2020\/Entrevistas\/15.REC_20_GermanGaviriaEntrevPotdevin.pdf\" target=\"_blank\" rel=\"noopener\">Philip Potdevin con Germ\u00e1n Gaviria A.<\/a><\/p>\n<p style=\"padding-left: 30px;\"><a href=\"\/wordpress\/wp-content\/themes\/pleasant\/REC\/REC%2020\/Cr%c3%a9ditos\/1.REC_20_Creditos.pdf\" target=\"_blank\" rel=\"noopener\"><strong>Cr\u00e9ditos<\/strong><\/a><\/p>\n","protected":false},"excerpt":{"rendered":"<p>1999 El oficio del escritor C\u00f3mo capturar un drag\u00f3n o cuatro preguntas en torno a un oficio sin porvenir. Philip Potdevin Ensayos \u2022 Evocaci\u00f3n de Manuel Mej\u00eda Vallejo. Noticia de un premio. Presencia del tango rioplatense en Antioquia. Jorgelina Corbatta \u2022 Memory and the Book in Rodr\u00edguez Freyle&#8217;s El Carnero. Jean Dangler \u2022 Sobre el discurso de la conquista del Nuevo Reino de Granada en El Carnero. Luis Hermosilla \u2022 Silva y el sincretismo de la escritura moderna. Mar\u00eda Dolores Jaramillo \u2022 Enfermedad, diagn\u00f3stico y p\u00f3cimas en Macondo: lectura de la pr\u00e1ctica m\u00e9dica en Cien a\u00f1os de soledad. Carlos Ja\u00faregui&#8230; <\/p>\n","protected":false},"author":20,"featured_media":0,"parent":52,"menu_order":0,"comment_status":"closed","ping_status":"closed","template":"template-no-sidebar.php","meta":{"footnotes":""},"class_list":["post-281","page","type-page","status-publish","hentry"],"_links":{"self":[{"href":"https:\/\/colombianistas.org\/wordpress\/index.php\/wp-json\/wp\/v2\/pages\/281"}],"collection":[{"href":"https:\/\/colombianistas.org\/wordpress\/index.php\/wp-json\/wp\/v2\/pages"}],"about":[{"href":"https:\/\/colombianistas.org\/wordpress\/index.php\/wp-json\/wp\/v2\/types\/page"}],"author":[{"embeddable":true,"href":"https:\/\/colombianistas.org\/wordpress\/index.php\/wp-json\/wp\/v2\/users\/20"}],"replies":[{"embeddable":true,"href":"https:\/\/colombianistas.org\/wordpress\/index.php\/wp-json\/wp\/v2\/comments?post=281"}],"version-history":[{"count":4,"href":"https:\/\/colombianistas.org\/wordpress\/index.php\/wp-json\/wp\/v2\/pages\/281\/revisions"}],"predecessor-version":[{"id":2710,"href":"https:\/\/colombianistas.org\/wordpress\/index.php\/wp-json\/wp\/v2\/pages\/281\/revisions\/2710"}],"up":[{"embeddable":true,"href":"https:\/\/colombianistas.org\/wordpress\/index.php\/wp-json\/wp\/v2\/pages\/52"}],"wp:attachment":[{"href":"https:\/\/colombianistas.org\/wordpress\/index.php\/wp-json\/wp\/v2\/media?parent=281"}],"curies":[{"name":"wp","href":"https:\/\/api.w.org\/{rel}","templated":true}]}}