{"id":284,"date":"2018-05-20T10:39:57","date_gmt":"2018-05-20T05:39:57","guid":{"rendered":"https:\/\/prometeo.work\/?page_id=284"},"modified":"2023-10-03T04:52:43","modified_gmt":"2023-10-02T23:52:43","slug":"revista-de-estudios-colombianos-n19","status":"publish","type":"page","link":"https:\/\/colombianistas.org\/wordpress\/index.php\/revistas-anteriores\/revista-de-estudios-colombianos-n19\/","title":{"rendered":"REVISTA DE ESTUDIOS COLOMBIANOS N\u00b019"},"content":{"rendered":"<h6 style=\"padding-left: 30px;\">1999<\/h6>\n<p style=\"padding-left: 30px;\"><a href=\"\/wordpress\/wp-content\/themes\/pleasant\/REC\/REC%2019\/El%20oficio%20del%20escritor\/2.REC_19_AlbaluciaAngel.pdf\" target=\"_blank\" rel=\"noopener\"><strong>El oficio del escritor<\/strong><\/a><br \/>\nDe los gajes del oficio y otras guerritas bizantinas. Albaluc\u00eda \u00c1ngel M.<\/p>\n<p style=\"padding-left: 30px;\"><strong>Ensayos<br \/>\n<\/strong>\u2022 <a href=\"\/wordpress\/wp-content\/themes\/pleasant\/REC\/REC%2019\/Ensayos\/3.REC_19_KlausMeyer.pdf\" target=\"_blank\" rel=\"noopener\">Nietzsche y el alma moderna de los Fern\u00e1ndez en De sobremesa.<\/a> Klaus Meyer-Minnemann<\/p>\n<p style=\"padding-left: 30px;\">\u2022 <a href=\"\/wordpress\/wp-content\/themes\/pleasant\/REC\/REC%2019\/Ensayos\/4.REC_19_LuisCorreaDiaz.pdf\" target=\"_blank\" rel=\"noopener\">El cuento hist\u00f3rico de Pedro G\u00f3mez Valderrama y su novela de amor a Am\u00e9rica.<\/a> Luis Correa-D\u00edaz<\/p>\n<p style=\"padding-left: 30px;\">\u2022 <a href=\"\/wordpress\/wp-content\/themes\/pleasant\/REC\/REC%2019\/Ensayos\/5.REC_19_CarmenElisaAcosta.pdf\" target=\"_blank\" rel=\"noopener\">Del gesto en la lectura: construcci\u00f3n social del lector decimon\u00f3nico.<\/a> Carmen Elisa Acosta Pe\u00f1aloza<\/p>\n<p style=\"padding-left: 30px;\">\u2022 <a href=\"\/wordpress\/wp-content\/themes\/pleasant\/REC\/REC%2019\/Ensayos\/6.REC_19_CeciliaCastroLee.pdf\" target=\"_blank\" rel=\"noopener\">Sombras, desesperanzas y amarguras infinitas en la poes\u00eda de Jos\u00e9 Asunci\u00f3n Silva.<\/a> Cecilia Castro Lee<\/p>\n<p style=\"padding-left: 30px;\">\u2022 <a href=\"\/wordpress\/wp-content\/themes\/pleasant\/REC\/REC%2019\/Ensayos\/7.REC_19_MMJaramillo.pdf\" target=\"_blank\" rel=\"noopener\">El fisg\u00f3n: ventana (in)discreta.<\/a> Mar\u00eda Mercedes Jaramillo<\/p>\n<p style=\"padding-left: 30px;\">\u2022 <a href=\"\/wordpress\/wp-content\/themes\/pleasant\/REC\/REC%2019\/Ensayos\/8.REC_19_SeymourMenton.pdf\" target=\"_blank\" rel=\"noopener\">Un cuarteto de las \u00faltimas novelas hist\u00f3ricas.<\/a> Seymour Menton<\/p>\n<p style=\"padding-left: 30px;\">\u2022 <a href=\"\/wordpress\/wp-content\/themes\/pleasant\/REC\/REC%2019\/Ensayos\/9.REC_19_JonathanTittler.pdf\" target=\"_blank\" rel=\"noopener\">Para\u00edsos no entierran todos los d\u00edas: privilegios, derechos y deberes humanos en Mar\u00eda.<\/a> Jonathan Tittler<\/p>\n<p style=\"padding-left: 30px;\">\u2022 <a href=\"\/wordpress\/wp-content\/themes\/pleasant\/REC\/REC%2019\/Ensayos\/10.REC_19_RobertLSims.pdf\" target=\"_blank\" rel=\"noopener\">El molino a secuestro: narraci\u00f3n, violencia y fictualidad en Noticias de un secuestro de Garc\u00eda M\u00e1rquez y \u00a1Secuestrados! La historia por dentro de Juan Vitta.<\/a> Robert L. Sims<\/p>\n<p style=\"padding-left: 30px;\"><strong>Notas<br \/>\n\u2022 <\/strong><a href=\"\/wordpress\/wp-content\/themes\/pleasant\/REC\/REC%2019\/Notas\/11.REC_19_HernandoMotato.pdf\" target=\"_blank\" rel=\"noopener\">\u00a1Qu\u00e9 viva la m\u00fasica!: cali-doscopio de una conciencia. Hernando Motato C.<\/a><\/p>\n<p style=\"padding-left: 30px;\"><strong>Rese\u00f1as<\/strong><br \/>\n\u2022 <a href=\"\/wordpress\/wp-content\/themes\/pleasant\/REC\/REC%2019\/Rese%c3%b1as\/12.REC_19_RaymondLWilliams.pdf\" target=\"_blank\" rel=\"noopener\">R.H. Moreno-Dur\u00e1n, Mambr\u00fa.<\/a> Raymond L. Williams<\/p>\n<p style=\"padding-left: 30px;\">\u2022 <a href=\"\/wordpress\/wp-content\/themes\/pleasant\/REC\/REC%2019\/Rese%c3%b1as\/13.REC_19_AngelaIRobledo.pdf\" target=\"_blank\" rel=\"noopener\">La obra de Marvel Moreno. Actas del Coloquio Internacional.<\/a> \u00c1ngela I. Robledo<\/p>\n<p style=\"padding-left: 30px;\">\u2022 <a href=\"\/wordpress\/wp-content\/themes\/pleasant\/REC\/REC%2019\/Rese%c3%b1as\/14.REC_19_JamesJAlstrum.pdf\" target=\"_blank\" rel=\"noopener\">Estragos de la lujuria (y sus remedios).<\/a> James J. Alstrum<\/p>\n<p style=\"padding-left: 30px;\">\u2022 <a href=\"\/wordpress\/wp-content\/themes\/pleasant\/REC\/REC%2019\/Rese%c3%b1as\/15.REC_19_AnaSerra.pdf\" target=\"_blank\" rel=\"noopener\">Las desobedientes. Mujeres de nuestra Am\u00e9rica.<\/a> Ana Serra<\/p>\n<p style=\"padding-left: 30px;\"><strong>Entrevistas<\/strong><br \/>\n<a href=\"\/wordpress\/wp-content\/themes\/pleasant\/REC\/REC%2019\/Entrevistas\/16.REC_19_IsabelVergaraEntrevAlbaluciaAngel.pdf\" target=\"_blank\" rel=\"noopener\">A Albaluc\u00eda \u00c1ngel.<\/a> Isabel Vergara<\/p>\n<p style=\"padding-left: 30px;\"><a href=\"\/wordpress\/wp-content\/themes\/pleasant\/REC\/REC%2019\/Cr%c3%a9ditos\/1.REC_19_Creditos.pdf\" target=\"_blank\" rel=\"noopener\"><strong>Cr\u00e9ditos<\/strong><\/a><\/p>\n","protected":false},"excerpt":{"rendered":"<p>1999 El oficio del escritor De los gajes del oficio y otras guerritas bizantinas. Albaluc\u00eda \u00c1ngel M. Ensayos \u2022 Nietzsche y el alma moderna de los Fern\u00e1ndez en De sobremesa. Klaus Meyer-Minnemann \u2022 El cuento hist\u00f3rico de Pedro G\u00f3mez Valderrama y su novela de amor a Am\u00e9rica. Luis Correa-D\u00edaz \u2022 Del gesto en la lectura: construcci\u00f3n social del lector decimon\u00f3nico. Carmen Elisa Acosta Pe\u00f1aloza \u2022 Sombras, desesperanzas y amarguras infinitas en la poes\u00eda de Jos\u00e9 Asunci\u00f3n Silva. Cecilia Castro Lee \u2022 El fisg\u00f3n: ventana (in)discreta. Mar\u00eda Mercedes Jaramillo \u2022 Un cuarteto de las \u00faltimas novelas hist\u00f3ricas. Seymour Menton \u2022 Para\u00edsos&#8230; <\/p>\n","protected":false},"author":20,"featured_media":0,"parent":52,"menu_order":0,"comment_status":"closed","ping_status":"closed","template":"template-no-sidebar.php","meta":{"footnotes":""},"class_list":["post-284","page","type-page","status-publish","hentry"],"_links":{"self":[{"href":"https:\/\/colombianistas.org\/wordpress\/index.php\/wp-json\/wp\/v2\/pages\/284"}],"collection":[{"href":"https:\/\/colombianistas.org\/wordpress\/index.php\/wp-json\/wp\/v2\/pages"}],"about":[{"href":"https:\/\/colombianistas.org\/wordpress\/index.php\/wp-json\/wp\/v2\/types\/page"}],"author":[{"embeddable":true,"href":"https:\/\/colombianistas.org\/wordpress\/index.php\/wp-json\/wp\/v2\/users\/20"}],"replies":[{"embeddable":true,"href":"https:\/\/colombianistas.org\/wordpress\/index.php\/wp-json\/wp\/v2\/comments?post=284"}],"version-history":[{"count":4,"href":"https:\/\/colombianistas.org\/wordpress\/index.php\/wp-json\/wp\/v2\/pages\/284\/revisions"}],"predecessor-version":[{"id":2706,"href":"https:\/\/colombianistas.org\/wordpress\/index.php\/wp-json\/wp\/v2\/pages\/284\/revisions\/2706"}],"up":[{"embeddable":true,"href":"https:\/\/colombianistas.org\/wordpress\/index.php\/wp-json\/wp\/v2\/pages\/52"}],"wp:attachment":[{"href":"https:\/\/colombianistas.org\/wordpress\/index.php\/wp-json\/wp\/v2\/media?parent=284"}],"curies":[{"name":"wp","href":"https:\/\/api.w.org\/{rel}","templated":true}]}}