{"id":286,"date":"2018-05-20T10:40:05","date_gmt":"2018-05-20T05:40:05","guid":{"rendered":"https:\/\/prometeo.work\/?page_id=286"},"modified":"2023-10-03T04:51:40","modified_gmt":"2023-10-02T23:51:40","slug":"revista-de-estudios-colombianos-n18","status":"publish","type":"page","link":"https:\/\/colombianistas.org\/wordpress\/index.php\/revistas-anteriores\/revista-de-estudios-colombianos-n18\/","title":{"rendered":"REVISTA DE ESTUDIOS COLOMBIANOS N\u00b018"},"content":{"rendered":"<h6 style=\"padding-left: 30px;\">1998<\/h6>\n<p style=\"padding-left: 30px;\"><a href=\"\/wordpress\/wp-content\/themes\/pleasant\/REC\/REC%2018\/El%20oficio%20del%20escritor\/2.REC_18_AbadFaciolince.pdf\" target=\"_blank\" rel=\"noopener\"><strong>El oficio del escritor<\/strong><\/a><br \/>\nEl oficio de contar. H\u00e9ctor Abad Faciolince<\/p>\n<p style=\"padding-left: 30px;\"><strong>Ensayos<\/strong><br \/>\n\u2022 <a href=\"\/wordpress\/wp-content\/themes\/pleasant\/REC\/REC%2018\/Ensayos\/3.REC_18_AnibalGonzalez.pdf\" target=\"_blank\" rel=\"noopener\">Vida, obra y suicidio: Mart\u00ed y Silva.<\/a> An\u00edbal Gonz\u00e1lez<\/p>\n<p style=\"padding-left: 30px;\">\u2022 <a href=\"\/wordpress\/wp-content\/themes\/pleasant\/REC\/REC%2018\/Ensayos\/4.REC_18_PeterGBroad.pdf\" target=\"_blank\" rel=\"noopener\">Temas y variaciones: Las m\u00faltimples manifestaciones del impulso er\u00f3tico en la cuent\u00edstica de Marco Tulio Aguilera Garramu\u00f1o.<\/a> Peter G. Broad<\/p>\n<p style=\"padding-left: 30px;\">\u2022 <a href=\"\/wordpress\/wp-content\/themes\/pleasant\/REC\/REC%2018\/Ensayos\/5.REC_18_IsaiasPena.pdf\" target=\"_blank\" rel=\"noopener\">Dar\u00edo Jaramillo Agudelo. Sus novelas. El amor, un p\u00e1jaro muerto.<\/a> Isa\u00edas Pe\u00f1a Guti\u00e9rrez<\/p>\n<p style=\"padding-left: 30px;\">\u2022 <a href=\"\/wordpress\/wp-content\/themes\/pleasant\/REC\/REC%2018\/Ensayos\/6.REC_18_MagdalenaGarciaPinto.pdf\" target=\"_blank\" rel=\"noopener\">Enfermedad y ruina en la novela sentimental hispanoamericana: Dolores de Soledad Acosta de Samper.<\/a> Magdalena Garc\u00eda Pinto<\/p>\n<p style=\"padding-left: 30px;\">\u2022 <a href=\"\/wordpress\/wp-content\/themes\/pleasant\/REC\/REC%2018\/Ensayos\/7.REC_18_JohnBenson.pdf\" target=\"_blank\" rel=\"noopener\">Notas sobre Notas de prensa, 1980-1984.<\/a> John Benson<\/p>\n<p style=\"padding-left: 30px;\">\u2022 <a href=\"\/wordpress\/wp-content\/themes\/pleasant\/REC\/REC%2018\/Ensayos\/8.REC_18_JamesWRobb.pdf\" target=\"_blank\" rel=\"noopener\">Los Angeles y astronautas de Germ\u00e1n Pardo Garc\u00eda.<\/a> James W. Robb<\/p>\n<p style=\"padding-left: 30px;\"><strong>Notas<\/strong><br \/>\n<a href=\"\/wordpress\/wp-content\/themes\/pleasant\/REC\/REC%2018\/Notas\/9.REC_18_JuanCalzadilla.pdf\" target=\"_blank\" rel=\"noopener\">Autobiograf\u00eda y ficci\u00f3n en La piel por la piel.<\/a> Juan Calzadilla<\/p>\n<p style=\"padding-left: 30px;\"><strong>Rese\u00f1as<br \/>\n\u2022 <\/strong><a href=\"\/wordpress\/wp-content\/themes\/pleasant\/REC\/REC%2018\/Rese%c3%b1as\/10.REC_18_AmeliaMondragon.pdf\" target=\"_blank\" rel=\"noopener\">Consuelo Hern\u00e1ndez. Alvaro Mutis: una est\u00e9tica del deterioro.<\/a> Amelia Mondrag\u00f3n<\/p>\n<p style=\"padding-left: 30px;\">\u2022 <a href=\"\/wordpress\/wp-content\/themes\/pleasant\/REC\/REC%2018\/Rese%c3%b1as\/11.REC_18_MarcoFidelPuentes.pdf\" target=\"_blank\" rel=\"noopener\">&#8220;Cinema \u00e1rbol&#8221; y otros cuentos de Efraim Medina Reyes.<\/a> Marco Fidel Puentes Cort\u00e9s<\/p>\n<p style=\"padding-left: 30px;\">\u2022 <a href=\"\/wordpress\/wp-content\/themes\/pleasant\/REC\/REC%2018\/Rese%c3%b1as\/12.REC_18_JacquesGilard.pdf\" target=\"_blank\" rel=\"noopener\">Flor Romero, Yo, Policarpa.<\/a> Jacques Gilard<\/p>\n<p style=\"padding-left: 30px;\">\u2022 <a href=\"\/wordpress\/wp-content\/themes\/pleasant\/REC\/REC%2018\/Rese%c3%b1as\/13.REC_18_JuanCarlosGaleano.pdf\" target=\"_blank\" rel=\"noopener\">Piedad Bonnett. El hilo de los d\u00edas.<\/a> Juan Carlos Galeano<\/p>\n<p style=\"padding-left: 30px;\">\u2022 <a href=\"\/wordpress\/wp-content\/themes\/pleasant\/REC\/REC%2018\/Rese%c3%b1as\/14.REC_18_CarlosVelazquez.pdf\" target=\"_blank\" rel=\"noopener\">Javier Echeverri. El camino del caim\u00e1n.<\/a> Carlos E. Vel\u00e1squez T.<\/p>\n<p style=\"padding-left: 30px;\">\u2022 <a href=\"\/wordpress\/wp-content\/themes\/pleasant\/REC\/REC%2018\/Rese%c3%b1as\/15.REC_18_SantiagoTobon.pdf\" target=\"_blank\" rel=\"noopener\">Rese\u00f1a sobre: El refranero antioque\u00f1o. Diccionario fraseol\u00f3gico del habla antioque\u00f1a.<\/a> Santiago Tob\u00f3n E.<\/p>\n<p style=\"padding-left: 30px;\">\u2022 <a href=\"\/wordpress\/wp-content\/themes\/pleasant\/REC\/REC%2018\/Rese%c3%b1as\/16.REC_18_EduardoJaramillo.pdf\" target=\"_blank\" rel=\"noopener\">Oscar Torres Duque. La poes\u00eda como idilio. La poes\u00eda cl\u00e1sica en Colombia.<\/a> J. Eduardo Jaramillo Zuluaga<\/p>\n<p style=\"padding-left: 30px;\"><strong>Entrevistas<br \/>\n<\/strong><a href=\"\/wordpress\/wp-content\/themes\/pleasant\/REC\/REC%2018\/Entrevistas\/17.REC_18_CesarValenciaEntrevPerozzo.pdf\" target=\"_blank\" rel=\"noopener\">Entrevista con Carlos Perozzo.<\/a> C\u00e9sar Valencia Solanilla<\/p>\n<p style=\"padding-left: 30px;\"><a href=\"\/wordpress\/wp-content\/themes\/pleasant\/REC\/REC%2018\/Cr%c3%a9ditos\/1.REC_18_Creditos.pdf\" target=\"_blank\" rel=\"noopener\"><strong>Cr\u00e9ditos<\/strong><\/a><\/p>\n","protected":false},"excerpt":{"rendered":"<p>1998 El oficio del escritor El oficio de contar. H\u00e9ctor Abad Faciolince Ensayos \u2022 Vida, obra y suicidio: Mart\u00ed y Silva. An\u00edbal Gonz\u00e1lez \u2022 Temas y variaciones: Las m\u00faltimples manifestaciones del impulso er\u00f3tico en la cuent\u00edstica de Marco Tulio Aguilera Garramu\u00f1o. Peter G. Broad \u2022 Dar\u00edo Jaramillo Agudelo. Sus novelas. El amor, un p\u00e1jaro muerto. Isa\u00edas Pe\u00f1a Guti\u00e9rrez \u2022 Enfermedad y ruina en la novela sentimental hispanoamericana: Dolores de Soledad Acosta de Samper. Magdalena Garc\u00eda Pinto \u2022 Notas sobre Notas de prensa, 1980-1984. John Benson \u2022 Los Angeles y astronautas de Germ\u00e1n Pardo Garc\u00eda. James W. Robb Notas Autobiograf\u00eda y&#8230; <\/p>\n","protected":false},"author":20,"featured_media":0,"parent":52,"menu_order":0,"comment_status":"closed","ping_status":"closed","template":"template-no-sidebar.php","meta":{"footnotes":""},"class_list":["post-286","page","type-page","status-publish","hentry"],"_links":{"self":[{"href":"https:\/\/colombianistas.org\/wordpress\/index.php\/wp-json\/wp\/v2\/pages\/286"}],"collection":[{"href":"https:\/\/colombianistas.org\/wordpress\/index.php\/wp-json\/wp\/v2\/pages"}],"about":[{"href":"https:\/\/colombianistas.org\/wordpress\/index.php\/wp-json\/wp\/v2\/types\/page"}],"author":[{"embeddable":true,"href":"https:\/\/colombianistas.org\/wordpress\/index.php\/wp-json\/wp\/v2\/users\/20"}],"replies":[{"embeddable":true,"href":"https:\/\/colombianistas.org\/wordpress\/index.php\/wp-json\/wp\/v2\/comments?post=286"}],"version-history":[{"count":4,"href":"https:\/\/colombianistas.org\/wordpress\/index.php\/wp-json\/wp\/v2\/pages\/286\/revisions"}],"predecessor-version":[{"id":2705,"href":"https:\/\/colombianistas.org\/wordpress\/index.php\/wp-json\/wp\/v2\/pages\/286\/revisions\/2705"}],"up":[{"embeddable":true,"href":"https:\/\/colombianistas.org\/wordpress\/index.php\/wp-json\/wp\/v2\/pages\/52"}],"wp:attachment":[{"href":"https:\/\/colombianistas.org\/wordpress\/index.php\/wp-json\/wp\/v2\/media?parent=286"}],"curies":[{"name":"wp","href":"https:\/\/api.w.org\/{rel}","templated":true}]}}