{"id":288,"date":"2018-05-20T10:40:14","date_gmt":"2018-05-20T05:40:14","guid":{"rendered":"https:\/\/prometeo.work\/?page_id=288"},"modified":"2023-10-03T04:50:36","modified_gmt":"2023-10-02T23:50:36","slug":"revista-de-estudios-colombianos-n17","status":"publish","type":"page","link":"https:\/\/colombianistas.org\/wordpress\/index.php\/revistas-anteriores\/revista-de-estudios-colombianos-n17\/","title":{"rendered":"REVISTA DE ESTUDIOS COLOMBIANOS N\u00b017"},"content":{"rendered":"<h6 style=\"padding-left: 30px;\">1997<\/h6>\n<p style=\"padding-left: 30px;\"><strong><a href=\"\/wordpress\/wp-content\/themes\/pleasant\/REC\/REC%2017\/El%20oficio%20del%20escritor\/2.REC_17_PiedadBonnet.pdf\" target=\"_blank\" rel=\"noopener\">El oficio del escritor<\/a><br \/>\n<\/strong>Del miedo a la poes\u00eda. Piedad Bonet<\/p>\n<p style=\"padding-left: 30px;\"><strong>Ensayos<br \/>\n<\/strong>\u2022 <a href=\"\/wordpress\/wp-content\/themes\/pleasant\/REC\/REC%2017\/Ensayos\/3.REC_17_BlancaIGomez.pdf\" target=\"_blank\" rel=\"noopener\">En diciembre llegaban las brisas, entre el melodrama y la carcajada.<\/a> Blanca In\u00e9s G\u00f3mez B. de Gonz\u00e1lez.<\/p>\n<p style=\"padding-left: 30px;\">\u2022 <a href=\"\/wordpress\/wp-content\/themes\/pleasant\/REC\/REC%2017\/Ensayos\/4.REC_17_CamachoDelgado.pdf\" target=\"_blank\" rel=\"noopener\">De Tormes a Aracataca: una interpretaci\u00f3n de &#8220;Buen viaje se\u00f1or presidente&#8221;.<\/a> Jos\u00e9 Manuel Camacho Delgado.<\/p>\n<p style=\"padding-left: 30px;\">\u2022 <a href=\"\/wordpress\/wp-content\/themes\/pleasant\/REC\/REC%2017\/Ensayos\/5.REC_17_TeobaldoNoriega.pdf\" target=\"_blank\" rel=\"noopener\">Se\u00f1ora de la miel, de Fanny Buitrago: carnavalizaci\u00f3n y posmodernidad.<\/a> Teobaldo A. Noriega.<\/p>\n<p style=\"padding-left: 30px;\">\u2022 <a href=\"\/wordpress\/wp-content\/themes\/pleasant\/REC\/REC%2017\/Ensayos\/6.REC_17_GastonAlzate.pdf\">Al pie, Al pelo y A la carrera: comentarios a una trilog\u00eda documental de Luis Ospina.<\/a> Gast\u00f3n Alzate.<\/p>\n<p style=\"padding-left: 30px;\">\u2022 <a href=\"\/wordpress\/wp-content\/themes\/pleasant\/REC\/REC%2017\/Ensayos\/7.REC_17_JuanCarlosGaleano.pdf\" target=\"_blank\" rel=\"noopener\">Jorge Gait\u00e1n Dur\u00e1n: pol\u00edtica y ser.<\/a> Juan Carlos Galeano.<\/p>\n<p style=\"padding-left: 30px;\">\u2022 <a href=\"\/wordpress\/wp-content\/themes\/pleasant\/REC\/REC%2017\/Ensayos\/8.REC_17_JorgelinaCorbatta.pdf\" target=\"_blank\" rel=\"noopener\">Algunos aspectos de la teor\u00eda feminista en la narrativa femenina colombiana.<\/a> Jorgelina Corbatta.<\/p>\n<p style=\"padding-left: 30px;\"><strong>Notas<br \/>\n\u2022 <\/strong><a href=\"\/wordpress\/wp-content\/themes\/pleasant\/REC\/REC%2017\/Notas\/9.REC_17_JuanLiscano.pdf\" target=\"_blank\" rel=\"noopener\">Las memorias y la escritura: poes\u00eda de Alvarado Tenorio.<\/a> Juan Liscano.<\/p>\n<p style=\"padding-left: 30px;\">\u2022 <a href=\"\/wordpress\/wp-content\/themes\/pleasant\/REC\/REC%2017\/Notas\/10.REC_17_CarmenzaKline.pdf\" target=\"_blank\" rel=\"noopener\">Cartas cruzadas.<\/a> Carmenza Kline.<\/p>\n<p style=\"padding-left: 30px;\"><strong>Rese\u00f1as<br \/>\n\u2022 <\/strong><a href=\"\/wordpress\/wp-content\/themes\/pleasant\/REC\/REC%2017\/Rese%c3%b1as\/11.REC_17_SeymourMenton.pdf\" target=\"_blank\" rel=\"noopener\">Luz Mery Giraldo B., La novela colombiana ante la cr\u00edtica, 1975-1990.<\/a> Seymour Menton.<\/p>\n<p style=\"padding-left: 30px;\">\u2022 <a href=\"\/wordpress\/wp-content\/themes\/pleasant\/REC\/REC%2017\/Rese%c3%b1as\/12.REC_17_SusanHermann.pdf\" target=\"_blank\" rel=\"noopener\">Alvaro F\u00e9liz Bola\u00f1os, Barbarie y canibalismo en la ret\u00f3rica colonial: los indios pijaos de Fray Pedro Sim\u00f3n.<\/a> Susan Hermann.<\/p>\n<p style=\"padding-left: 30px;\">\u2022 <a href=\"\/wordpress\/wp-content\/themes\/pleasant\/REC\/REC%2017\/Rese%c3%b1as\/13.REC_17_JoseCardona.pdf\" target=\"_blank\" rel=\"noopener\">Marco Tulio Aguilera Garramu\u00f1o, Los grandes y los peque\u00f1os amores.<\/a> Jos\u00e9 Cardona-L\u00f3pez.<\/p>\n<p style=\"padding-left: 30px;\"><strong>Entrevistas<\/strong><br \/>\n\u2022 <a href=\"\/wordpress\/wp-content\/themes\/pleasant\/REC\/REC%2017\/Entrevistas\/14.REC_17_ClaraBecerraEntrevArciniegas.pdf\" target=\"_blank\" rel=\"noopener\">&#8220;El ensayo ha evolucionado la historia&#8221;. Entrevista con Germ\u00e1n Arciniegas.<\/a> Clara H. Becerra.<\/p>\n<p style=\"padding-left: 30px;\"><a href=\"\/wordpress\/wp-content\/themes\/pleasant\/REC\/REC%2017\/Cr%c3%a9ditos\/1.REC_17_Creditos.pdf\" target=\"_blank\" rel=\"noopener\"><strong>Cr\u00e9ditos<\/strong><\/a><\/p>\n","protected":false},"excerpt":{"rendered":"<p>1997 El oficio del escritor Del miedo a la poes\u00eda. Piedad Bonet Ensayos \u2022 En diciembre llegaban las brisas, entre el melodrama y la carcajada. Blanca In\u00e9s G\u00f3mez B. de Gonz\u00e1lez. \u2022 De Tormes a Aracataca: una interpretaci\u00f3n de &#8220;Buen viaje se\u00f1or presidente&#8221;. Jos\u00e9 Manuel Camacho Delgado. \u2022 Se\u00f1ora de la miel, de Fanny Buitrago: carnavalizaci\u00f3n y posmodernidad. Teobaldo A. Noriega. \u2022 Al pie, Al pelo y A la carrera: comentarios a una trilog\u00eda documental de Luis Ospina. Gast\u00f3n Alzate. \u2022 Jorge Gait\u00e1n Dur\u00e1n: pol\u00edtica y ser. Juan Carlos Galeano. \u2022 Algunos aspectos de la teor\u00eda feminista en la narrativa&#8230; <\/p>\n","protected":false},"author":20,"featured_media":0,"parent":52,"menu_order":0,"comment_status":"closed","ping_status":"closed","template":"template-no-sidebar.php","meta":{"footnotes":""},"class_list":["post-288","page","type-page","status-publish","hentry"],"_links":{"self":[{"href":"https:\/\/colombianistas.org\/wordpress\/index.php\/wp-json\/wp\/v2\/pages\/288"}],"collection":[{"href":"https:\/\/colombianistas.org\/wordpress\/index.php\/wp-json\/wp\/v2\/pages"}],"about":[{"href":"https:\/\/colombianistas.org\/wordpress\/index.php\/wp-json\/wp\/v2\/types\/page"}],"author":[{"embeddable":true,"href":"https:\/\/colombianistas.org\/wordpress\/index.php\/wp-json\/wp\/v2\/users\/20"}],"replies":[{"embeddable":true,"href":"https:\/\/colombianistas.org\/wordpress\/index.php\/wp-json\/wp\/v2\/comments?post=288"}],"version-history":[{"count":4,"href":"https:\/\/colombianistas.org\/wordpress\/index.php\/wp-json\/wp\/v2\/pages\/288\/revisions"}],"predecessor-version":[{"id":2704,"href":"https:\/\/colombianistas.org\/wordpress\/index.php\/wp-json\/wp\/v2\/pages\/288\/revisions\/2704"}],"up":[{"embeddable":true,"href":"https:\/\/colombianistas.org\/wordpress\/index.php\/wp-json\/wp\/v2\/pages\/52"}],"wp:attachment":[{"href":"https:\/\/colombianistas.org\/wordpress\/index.php\/wp-json\/wp\/v2\/media?parent=288"}],"curies":[{"name":"wp","href":"https:\/\/api.w.org\/{rel}","templated":true}]}}