{"id":292,"date":"2018-05-20T10:40:32","date_gmt":"2018-05-20T05:40:32","guid":{"rendered":"https:\/\/prometeo.work\/?page_id=292"},"modified":"2023-10-03T04:45:43","modified_gmt":"2023-10-02T23:45:43","slug":"revista-de-estudios-colombianos-n15","status":"publish","type":"page","link":"https:\/\/colombianistas.org\/wordpress\/index.php\/revistas-anteriores\/revista-de-estudios-colombianos-n15\/","title":{"rendered":"REVISTA DE ESTUDIOS COLOMBIANOS N\u00b015"},"content":{"rendered":"<h6 style=\"padding-left: 30px;\">1995<\/h6>\n<p style=\"padding-left: 30px;\"><a href=\"\/wordpress\/wp-content\/themes\/pleasant\/REC\/REC%2015\/Nota%20editorial\/2.REC_15_IsabelVergara.pdf\" target=\"_blank\" rel=\"noopener\"><strong>Nota editorial<\/strong><\/a><br \/>\nIsabel R. Vergara<\/p>\n<p style=\"padding-left: 30px;\"><a href=\"\/wordpress\/wp-content\/themes\/pleasant\/REC\/REC%2015\/El%20oficio%20del%20escritor\/3.REC_15_SantiagoGarcia.pdf\" target=\"_blank\" rel=\"noopener\"><strong>El oficio del escritor<\/strong><\/a><br \/>\nNotas sobre el oficio de un escritor de obras de teatro. Santiago Garc\u00eda<\/p>\n<p style=\"padding-left: 30px;\"><strong>Art\u00edculos<br \/>\n\u2022 <\/strong><a href=\"\/wordpress\/wp-content\/themes\/pleasant\/REC\/REC%2015\/Art%c3%adculos\/4.REC_15_FernandoGonzalezCajiao.pdf\">\u00c1ngel Cuervo: noticias de un dramaturgo olvidado.<\/a> Fernando Gonz\u00e1lez Cajiao<\/p>\n<p style=\"padding-left: 30px;\">\u2022 <a href=\"\/wordpress\/wp-content\/themes\/pleasant\/REC\/REC%2015\/Art%c3%adculos\/5.REC_15_MMJaramillo.pdf\">Dos teatreros colombianos.<\/a> Mar\u00eda Mercedes Jaramillo<\/p>\n<p style=\"padding-left: 30px;\">\u2022 <a href=\"\/wordpress\/wp-content\/themes\/pleasant\/REC\/REC%2015\/Art%c3%adculos\/6.REC_15_MaryGBerg.pdf\" target=\"_blank\" rel=\"noopener\">Sof\u00eda Ospinas Plays.<\/a> Mary J. Berg<\/p>\n<p style=\"padding-left: 30px;\">\u2022 <a href=\"\/wordpress\/wp-content\/themes\/pleasant\/REC\/REC%2015\/Art%c3%adculos\/7.REC_15_LuisHermosilla.pdf\" target=\"_blank\" rel=\"noopener\">La actuaci\u00f3n narrativa en El carnero, de Juan Rodr\u00edguez Freyle (1638).<\/a> Luis Hermosilla<\/p>\n<p style=\"padding-left: 30px;\">\u2022 <a href=\"\/wordpress\/wp-content\/themes\/pleasant\/REC\/REC%2015\/Art%c3%adculos\/8.REC_15_JuanaCordonezCook.pdf\" target=\"_blank\" rel=\"noopener\">Intertextualidad y narcisismo dram\u00e1tico en el teatro feminista de Albaluc\u00eda \u00c1ngel: Siete lunas y un espejo.<\/a> Juanamar\u00eda Cordones-Cook<\/p>\n<p style=\"padding-left: 30px;\"><strong>Notas<br \/>\n\u2022 <\/strong><a href=\"\/wordpress\/wp-content\/themes\/pleasant\/REC\/REC%2015\/Notas\/9.REC_15_OrlandoCajamarca.pdf\" target=\"_blank\" rel=\"noopener\">De la locura y la t\u00e9cnica en el teatro.<\/a> Orlando Cajamarca<\/p>\n<p style=\"padding-left: 30px;\">\u2022 <a href=\"\/wordpress\/wp-content\/themes\/pleasant\/REC\/REC%2015\/Notas\/10.REC_15_GilbertoMartinez.pdf\" target=\"_blank\" rel=\"noopener\">La teatralidad en el teatro colombiano.<\/a> Gilberto Mart\u00ednez<\/p>\n<p style=\"padding-left: 30px;\"><strong>Rese\u00f1as<\/strong><br \/>\n\u2022 <a href=\"\/wordpress\/wp-content\/themes\/pleasant\/REC\/REC%2015\/Rese%c3%b1as\/11.REC_15_RinoAvellaneda.pdf\" target=\"_blank\" rel=\"noopener\">H\u00e9ctor Abad Faciolince. Asuntos de un hidalgo disoluto.<\/a> Rino G. Avellaneda<\/p>\n<p style=\"padding-left: 30px;\">\u2022 <a href=\"\/wordpress\/wp-content\/themes\/pleasant\/REC\/REC%2015\/Rese%c3%b1as\/12.REC_15_ElizabethMontes.pdf\" target=\"_blank\" rel=\"noopener\">Fanny Buitrago. Se\u00f1ora de la miel.<\/a> Elizabeth Montes Garc\u00e9s<\/p>\n<p style=\"padding-left: 30px;\">\u2022 <a href=\"\/wordpress\/wp-content\/themes\/pleasant\/REC\/REC%2015\/Rese%c3%b1as\/13.REC_15_NelsonGonzalez.pdf\" target=\"_blank\" rel=\"noopener\">Andr\u00e9s Hoyos. Los viudos (y otros cuentos).<\/a> Nelson Gonz\u00e1lez Ortega<\/p>\n<p style=\"padding-left: 30px;\">\u2022 <a href=\"\/wordpress\/wp-content\/themes\/pleasant\/REC\/REC%2015\/Rese%c3%b1as\/14.REC_15_JonathanTittler.pdf\" target=\"_blank\" rel=\"noopener\">Karl Kohut. Literatura colombiana hoy. Imaginaci\u00f3n y barbarie.<\/a> Jonathan Tittler<\/p>\n<p style=\"padding-left: 30px;\">\u2022 <a href=\"\/wordpress\/wp-content\/themes\/pleasant\/REC\/REC%2015\/Rese%c3%b1as\/15.REC_15_ArmandoRomero.pdf\" target=\"_blank\" rel=\"noopener\">Armando Romero. Un d\u00eda entre las cruces.<\/a> Juan Carlos Galeano<\/p>\n<p style=\"padding-left: 30px;\">\u2022 <a href=\"\/wordpress\/wp-content\/themes\/pleasant\/REC\/REC%2015\/Rese%c3%b1as\/16.REC_15_JoseQuiroga.pdf\" target=\"_blank\" rel=\"noopener\">Juan Gustavo Cobo Borda. El coloquio americano.<\/a> Jos\u00e9 Quiroga<\/p>\n<p style=\"padding-left: 30px;\"><strong>Entrevistas<\/strong><br \/>\n<a href=\"\/wordpress\/wp-content\/themes\/pleasant\/REC\/REC%2015\/Entrevistas\/17.REC_15_BettyOsorioEntrevCamacho.pdf\" target=\"_blank\" rel=\"noopener\">Ricardo Camacho.<\/a> Betty Osorio<\/p>\n<p style=\"padding-left: 30px;\"><a href=\"\/wordpress\/wp-content\/themes\/pleasant\/REC\/REC%2015\/Cr%c3%a9ditos\/1.REC_15_Creditos.pdf\" target=\"_blank\" rel=\"noopener\"><strong>Cr\u00e9ditos<\/strong><\/a><\/p>\n","protected":false},"excerpt":{"rendered":"<p>1995 Nota editorial Isabel R. Vergara El oficio del escritor Notas sobre el oficio de un escritor de obras de teatro. Santiago Garc\u00eda Art\u00edculos \u2022 \u00c1ngel Cuervo: noticias de un dramaturgo olvidado. Fernando Gonz\u00e1lez Cajiao \u2022 Dos teatreros colombianos. Mar\u00eda Mercedes Jaramillo \u2022 Sof\u00eda Ospinas Plays. Mary J. Berg \u2022 La actuaci\u00f3n narrativa en El carnero, de Juan Rodr\u00edguez Freyle (1638). Luis Hermosilla \u2022 Intertextualidad y narcisismo dram\u00e1tico en el teatro feminista de Albaluc\u00eda \u00c1ngel: Siete lunas y un espejo. Juanamar\u00eda Cordones-Cook Notas \u2022 De la locura y la t\u00e9cnica en el teatro. Orlando Cajamarca \u2022 La teatralidad en el&#8230; <\/p>\n","protected":false},"author":20,"featured_media":0,"parent":52,"menu_order":0,"comment_status":"closed","ping_status":"closed","template":"template-no-sidebar.php","meta":{"footnotes":""},"class_list":["post-292","page","type-page","status-publish","hentry"],"_links":{"self":[{"href":"https:\/\/colombianistas.org\/wordpress\/index.php\/wp-json\/wp\/v2\/pages\/292"}],"collection":[{"href":"https:\/\/colombianistas.org\/wordpress\/index.php\/wp-json\/wp\/v2\/pages"}],"about":[{"href":"https:\/\/colombianistas.org\/wordpress\/index.php\/wp-json\/wp\/v2\/types\/page"}],"author":[{"embeddable":true,"href":"https:\/\/colombianistas.org\/wordpress\/index.php\/wp-json\/wp\/v2\/users\/20"}],"replies":[{"embeddable":true,"href":"https:\/\/colombianistas.org\/wordpress\/index.php\/wp-json\/wp\/v2\/comments?post=292"}],"version-history":[{"count":4,"href":"https:\/\/colombianistas.org\/wordpress\/index.php\/wp-json\/wp\/v2\/pages\/292\/revisions"}],"predecessor-version":[{"id":2702,"href":"https:\/\/colombianistas.org\/wordpress\/index.php\/wp-json\/wp\/v2\/pages\/292\/revisions\/2702"}],"up":[{"embeddable":true,"href":"https:\/\/colombianistas.org\/wordpress\/index.php\/wp-json\/wp\/v2\/pages\/52"}],"wp:attachment":[{"href":"https:\/\/colombianistas.org\/wordpress\/index.php\/wp-json\/wp\/v2\/media?parent=292"}],"curies":[{"name":"wp","href":"https:\/\/api.w.org\/{rel}","templated":true}]}}