{"id":296,"date":"2018-05-20T10:40:47","date_gmt":"2018-05-20T05:40:47","guid":{"rendered":"https:\/\/prometeo.work\/?page_id=296"},"modified":"2023-10-03T04:38:32","modified_gmt":"2023-10-02T23:38:32","slug":"revista-de-estudios-colombianos-n13","status":"publish","type":"page","link":"https:\/\/colombianistas.org\/wordpress\/index.php\/revistas-anteriores\/revista-de-estudios-colombianos-n13\/","title":{"rendered":"REVISTA DE ESTUDIOS COLOMBIANOS N\u00b012 y 13"},"content":{"rendered":"<h6 style=\"padding-left: 30px;\">1994<\/h6>\n<p style=\"padding-left: 30px;\"><a href=\"\/wordpress\/wp-content\/themes\/pleasant\/REC\/REC%2012-13\/El%20oficio%20del%20escritor\/2.REC_12-13_Goytisolo.pdf\" target=\"_blank\" rel=\"noopener\"><strong>El oficio del escritor<\/strong><\/a><br \/>\nLas dos orillas de Carlos Fuentes. Juan Goytisolo<\/p>\n<p style=\"padding-left: 30px;\"><strong>Art\u00edculos<br \/>\n\u2022 <\/strong><a href=\"\/wordpress\/wp-content\/themes\/pleasant\/REC\/REC%2012-13\/Art%c3%adculos\/3.REC_12-13_KurtLLevy.pdf\" target=\"_blank\" rel=\"noopener\">Un sesquicentario y un cumplea\u00f1os, trayectoria de una leyenda: el Tramp Steamer.<\/a> Kurt L. Levy<\/p>\n<p style=\"padding-left: 30px;\">\u2022 <a href=\"\/wordpress\/wp-content\/themes\/pleasant\/REC\/REC%2012-13\/Art%c3%adculos\/4.REC_12-13_MichaelHandelman.pdf\" target=\"_blank\" rel=\"noopener\">Recuperando una canci\u00f3n dos veces perdida: Un an\u00e1lisis afroc\u00e9ntrico de Tambores para una canci\u00f3n perdida de Jorge Velasco Mackenzie.<\/a> Michael Handelsman<\/p>\n<p style=\"padding-left: 30px;\">\u2022 <a href=\"\/wordpress\/wp-content\/themes\/pleasant\/REC\/REC%2012-13\/Art%c3%adculos\/5.REC_12-13_LauraLopez.pdf\" target=\"_blank\" rel=\"noopener\">Marcas de ficcionalidad que ubican a La condesa sangrienta en el discurso cultural de la postmodernidad.<\/a> Laura L\u00f3pez Fern\u00e1ndez<\/p>\n<p style=\"padding-left: 30px;\">\u2022 <a href=\"\/wordpress\/wp-content\/themes\/pleasant\/REC\/REC%2012-13\/Art%c3%adculos\/6.REC_12-13_KristineLFitch.pdf\" target=\"_blank\" rel=\"noopener\">&#8220;\u00a1Oye mamacita!&#8221;: uso de los t\u00e9rminos del campo sem\u00e1ntico madre en la comunicaci\u00f3n diaria en el espa\u00f1ol de Colombia.<\/a> Kristine L. Fitch<\/p>\n<p style=\"padding-left: 30px;\">\u2022 <a href=\"\/wordpress\/wp-content\/themes\/pleasant\/REC\/REC%2012-13\/Art%c3%adculos\/7.REC_12-13_MarthaLGonzalez.pdf\" target=\"_blank\" rel=\"noopener\">Lo sagrado y lo profano en La org\u00eda perpetua y en Elogio de la madrastra de Mario Vargas Llosa.<\/a> Martha I. Gonz\u00e1lez<\/p>\n<p style=\"padding-left: 30px;\"><strong>Notas<br \/>\n\u2022 <\/strong><a href=\"\/wordpress\/wp-content\/themes\/pleasant\/REC\/REC%2012-13\/Notas\/8.REC_12-13_SeymourMenton.pdf\" target=\"_blank\" rel=\"noopener\">&#8220;El \u00faltimo rostro&#8221;: Nada de fragmento.<\/a> Seymour Menton.<\/p>\n<p style=\"padding-left: 30px;\">\u2022 <a href=\"\/wordpress\/wp-content\/themes\/pleasant\/REC\/REC%2012-13\/Notas\/9.REC_12-13_JamesJAlstrum.pdf\" target=\"_blank\" rel=\"noopener\">Metapoes\u00eda e intertextualidad: las demandas sobre el lector en la obra de \u00c1lvaro Mutis.<\/a> James J. Alstrum<\/p>\n<p style=\"padding-left: 30px;\">\u2022 <a href=\"\/wordpress\/wp-content\/themes\/pleasant\/REC\/REC%2012-13\/Notas\/10.REC_12-13_JanaDeJong.pdf\" target=\"_blank\" rel=\"noopener\">Crisis, cambio y tiempo en Los pa\u00f1amanes de Fanny Buitrago. <\/a>Jana DeJong<\/p>\n<p style=\"padding-left: 30px;\">\u2022 <a href=\"\/wordpress\/wp-content\/themes\/pleasant\/REC\/REC%2012-13\/Notas\/11.REC_12-13_MauricePBrungardt.pdf\" target=\"_blank\" rel=\"noopener\">Tres perspectivas de la colonia colombiana: conquistadores, indios y estancos.<\/a> Mauricie P. Brungardt<\/p>\n<p style=\"padding-left: 30px;\"><strong>Rese\u00f1as<br \/>\n\u2022 <\/strong><a href=\"\/wordpress\/wp-content\/themes\/pleasant\/REC\/REC%2012-13\/Rese%c3%b1as\/12.REC_12-13_RobertHDavis.pdf\" target=\"_blank\" rel=\"noopener\">Miguel Antonio Caro. Escritos pol\u00edticos. Primera serie. Compilados con notas y estudio Preliminar por Carlos Valderrama Andrade.<\/a> Robert H. Davis<\/p>\n<p style=\"padding-left: 30px;\">\u2022 <a href=\"\/wordpress\/wp-content\/themes\/pleasant\/REC\/REC%2012-13\/Rese%c3%b1as\/13.REC_12-13_WilliamLSiemens.pdf\" target=\"_blank\" rel=\"noopener\">Jaime Moreno Garc\u00eda. Recogiendo los pasos.<\/a> William L. Siemens<\/p>\n<p style=\"padding-left: 30px;\">\u2022 <a href=\"\/wordpress\/wp-content\/themes\/pleasant\/REC\/REC%2012-13\/Rese%c3%b1as\/14.REC_12-13_ElviraVillamil.pdf\" target=\"_blank\" rel=\"noopener\">Salvador Garmendia. Cuentos c\u00f3micos.<\/a> Mar\u00eda Elvira Villamil<\/p>\n<p style=\"padding-left: 30px;\">\u2022 <a href=\"\/wordpress\/wp-content\/themes\/pleasant\/REC\/REC%2012-13\/Rese%c3%b1as\/15.REC_12-13_MauricePBrungardtkalmanovitz.pdf\" target=\"_blank\" rel=\"noopener\">Salom\u00f3n Kalmanovitz. La encrucijada de la sinraz\u00f3n y otros ensayos.<\/a> Mauricie P. Brungardt<\/p>\n<p style=\"padding-left: 30px;\">\u2022 <a href=\"\/wordpress\/wp-content\/themes\/pleasant\/REC\/REC%2012-13\/Rese%c3%b1as\/16.REC_12-13_AliciaRolon.pdf\" target=\"_blank\" rel=\"noopener\">Karl Kohut, ed. La literatura mexicana hoy II. Los de fin de siglo.<\/a> Alicia Rol\u00f3n<\/p>\n<p style=\"padding-left: 30px;\">\u2022 <a href=\"\/wordpress\/wp-content\/themes\/pleasant\/REC\/REC%2012-13\/Rese%c3%b1as\/17.REC_12-13_LauraLopezFernandez.pdf\" target=\"_blank\" rel=\"noopener\">Giovanni Quessep. Antolog\u00eda po\u00e9tica.<\/a> Laura L\u00f3pez Fern\u00e1ndez<\/p>\n<p style=\"padding-left: 30px;\">\u2022 <a href=\"\/wordpress\/wp-content\/themes\/pleasant\/REC\/REC%2012-13\/Rese%c3%b1as\/18.REC_12-13_RobertLSimsVergara.pdf\" target=\"_blank\" rel=\"noopener\">Isabel Rod\u00edguez-Vergara. El mundo sat\u00edrico de Gabriel Garc\u00eda M\u00e1rquez.<\/a> Robert L. Sims<\/p>\n<p style=\"padding-left: 30px;\">\u2022 <a href=\"\/wordpress\/wp-content\/themes\/pleasant\/REC\/REC%2012-13\/Rese%c3%b1as\/19.REC_12-13_HectorHOrjuela.pdf\" target=\"_blank\" rel=\"noopener\">Rafael H. Salamanca. Los h\u00e9roes de Watapana. <\/a>H\u00e9ctor H. Orjuela<\/p>\n<p style=\"padding-left: 30px;\">\u2022 <a href=\"\/wordpress\/wp-content\/themes\/pleasant\/REC\/REC%2012-13\/Rese%c3%b1as\/20.REC_12-13_LauraLopez.pdf\" target=\"_blank\" rel=\"noopener\">Matilde S\u00e1nchez. El Dock.<\/a> Laura L\u00f3pez Fern\u00e1ndez<\/p>\n<p style=\"padding-left: 30px;\">\u2022 <a href=\"\/wordpress\/wp-content\/themes\/pleasant\/REC\/REC%2012-13\/Rese%c3%b1as\/21.REC_12-13_GinaPoncedeLeon.pdf\" target=\"_blank\" rel=\"noopener\">Elzbieta Sklodowska. Testimonio hispanoamericano. Historia, teor\u00eda, po\u00e9tica.<\/a> Gina Ponce de Le\u00f3n<\/p>\n<p style=\"padding-left: 30px;\">\u2022 <a href=\"\/wordpress\/wp-content\/themes\/pleasant\/REC\/REC%2012-13\/Rese%c3%b1as\/22.REC_12-13_JesusSalasElorza.pdf\" target=\"_blank\" rel=\"noopener\">M\u00f3nica Zalaquett. Tu fantasma , Juli\u00e1n.<\/a> Jes\u00fas Salas-Elorza<\/p>\n<p style=\"padding-left: 30px;\"><strong>Entrevistas<br \/>\n\u2022 <\/strong><a href=\"\/wordpress\/wp-content\/themes\/pleasant\/REC\/REC%2012-13\/Entrevistas\/23.REC_12-13_SarduyGuerrero.pdf\" target=\"_blank\" rel=\"noopener\">Jos\u00e9 Balza en Radio Francia,<\/a> Severo Sarduy. Gustavo Guerrrero<\/p>\n<p style=\"padding-left: 30px;\">\u2022 <a href=\"\/wordpress\/wp-content\/themes\/pleasant\/REC\/REC%2012-13\/Entrevistas\/24.REC_12-13_EdwardWWood.pdf\" target=\"_blank\" rel=\"noopener\">Sergio Ram\u00edrez.<\/a> Edward W. Hood<\/p>\n<p style=\"padding-left: 30px;\">\u2022 <a href=\"\/wordpress\/wp-content\/themes\/pleasant\/REC\/REC%2012-13\/Entrevistas\/25.REC_12-13_AliciaRolonGiardinelli.pdf\" target=\"_blank\" rel=\"noopener\">Mempo Giardinelli.<\/a> Alicia Rol\u00f3n<\/p>\n<p style=\"padding-left: 30px;\">\u2022 <a href=\"\/wordpress\/wp-content\/themes\/pleasant\/REC\/REC%2012-13\/Entrevistas\/26.REC_12-13_EdwardWoodCardenal.pdf\" target=\"_blank\" rel=\"noopener\">La literatura nicaraguense: Entrevista con Ernesto Cardenal.<\/a> Edward. W. Hood<\/p>\n<p style=\"padding-left: 30px;\"><a href=\"\/wordpress\/wp-content\/themes\/pleasant\/REC\/REC%2012-13\/Cr%c3%a9ditos\/1.REC_12-13_Creditos.pdf\" target=\"_blank\" rel=\"noopener\"><strong>Cr\u00e9ditos<\/strong><\/a><\/p>\n","protected":false},"excerpt":{"rendered":"<p>1994 El oficio del escritor Las dos orillas de Carlos Fuentes. Juan Goytisolo Art\u00edculos \u2022 Un sesquicentario y un cumplea\u00f1os, trayectoria de una leyenda: el Tramp Steamer. Kurt L. Levy \u2022 Recuperando una canci\u00f3n dos veces perdida: Un an\u00e1lisis afroc\u00e9ntrico de Tambores para una canci\u00f3n perdida de Jorge Velasco Mackenzie. Michael Handelsman \u2022 Marcas de ficcionalidad que ubican a La condesa sangrienta en el discurso cultural de la postmodernidad. Laura L\u00f3pez Fern\u00e1ndez \u2022 &#8220;\u00a1Oye mamacita!&#8221;: uso de los t\u00e9rminos del campo sem\u00e1ntico madre en la comunicaci\u00f3n diaria en el espa\u00f1ol de Colombia. Kristine L. Fitch \u2022 Lo sagrado y lo&#8230; <\/p>\n","protected":false},"author":20,"featured_media":0,"parent":52,"menu_order":0,"comment_status":"closed","ping_status":"closed","template":"template-no-sidebar.php","meta":{"footnotes":""},"class_list":["post-296","page","type-page","status-publish","hentry"],"_links":{"self":[{"href":"https:\/\/colombianistas.org\/wordpress\/index.php\/wp-json\/wp\/v2\/pages\/296"}],"collection":[{"href":"https:\/\/colombianistas.org\/wordpress\/index.php\/wp-json\/wp\/v2\/pages"}],"about":[{"href":"https:\/\/colombianistas.org\/wordpress\/index.php\/wp-json\/wp\/v2\/types\/page"}],"author":[{"embeddable":true,"href":"https:\/\/colombianistas.org\/wordpress\/index.php\/wp-json\/wp\/v2\/users\/20"}],"replies":[{"embeddable":true,"href":"https:\/\/colombianistas.org\/wordpress\/index.php\/wp-json\/wp\/v2\/comments?post=296"}],"version-history":[{"count":4,"href":"https:\/\/colombianistas.org\/wordpress\/index.php\/wp-json\/wp\/v2\/pages\/296\/revisions"}],"predecessor-version":[{"id":2698,"href":"https:\/\/colombianistas.org\/wordpress\/index.php\/wp-json\/wp\/v2\/pages\/296\/revisions\/2698"}],"up":[{"embeddable":true,"href":"https:\/\/colombianistas.org\/wordpress\/index.php\/wp-json\/wp\/v2\/pages\/52"}],"wp:attachment":[{"href":"https:\/\/colombianistas.org\/wordpress\/index.php\/wp-json\/wp\/v2\/media?parent=296"}],"curies":[{"name":"wp","href":"https:\/\/api.w.org\/{rel}","templated":true}]}}