{"id":300,"date":"2018-05-20T10:41:08","date_gmt":"2018-05-20T05:41:08","guid":{"rendered":"https:\/\/prometeo.work\/?page_id=300"},"modified":"2023-10-03T04:34:43","modified_gmt":"2023-10-02T23:34:43","slug":"revista-de-estudios-colombianos-n11","status":"publish","type":"page","link":"https:\/\/colombianistas.org\/wordpress\/index.php\/revistas-anteriores\/revista-de-estudios-colombianos-n11\/","title":{"rendered":"REVISTA DE ESTUDIOS COLOMBIANOS N\u00b011"},"content":{"rendered":"<h6 style=\"padding-left: 30px;\">1991<\/h6>\n<p style=\"padding-left: 30px;\"><a href=\"\/wordpress\/wp-content\/themes\/pleasant\/REC\/REC%2011\/El%20oficio%20del%20escritor\/2.REC_11_JoseBalza.pdf\" target=\"_blank\" rel=\"noopener\"><strong>El oficio del escritor<\/strong><\/a><br \/>\nJos\u00e9 Balza. El cuento: Lince y topo (teor\u00eda y pr\u00e1ctica del cuento)<\/p>\n<p style=\"padding-left: 30px;\"><strong>Art\u00edculos<\/strong><br \/>\n\u2022 Amarilis Hidalgo de Jes\u00fas. <a href=\"\/wordpress\/wp-content\/themes\/pleasant\/REC\/REC%2011\/Art%c3%adculos\/3.REC_11_AmarilisHidalgoNovela.pdf\" target=\"_blank\" rel=\"noopener\">&#8220;Los peque\u00f1os seres: La consolidaci\u00f3n de la novela moderna venezolana&#8221;.<\/a><\/p>\n<p style=\"padding-left: 30px;\">\u2022 Mar\u00eda Mercedes de Velasco.<a href=\"\/wordpress\/wp-content\/themes\/pleasant\/REC\/REC%2011\/Art%c3%adculos\/4.REC_11_MMercedesdeVelazco.pdf\" target=\"_blank\" rel=\"noopener\"> &#8220;Rodr\u00edguez Freyle Insigne Maestro&#8221;<\/a><\/p>\n<p style=\"padding-left: 30px;\">\u2022 Alvaro F\u00e9lx Bola\u00f1os. <a href=\"\/wordpress\/wp-content\/themes\/pleasant\/REC\/REC%2011\/Art%c3%adculos\/5.REC_11_AlvaroFelixBolanos.pdf\" target=\"_blank\" rel=\"noopener\">&#8220;Historia, ficci\u00f3n y representaci\u00f3n del ind\u00edgena en Fray Pedro Sim\u00f3n&#8221;.<\/a><\/p>\n<p style=\"padding-left: 30px;\">\u2022 Yolanda Forero-Villegas. <a href=\"\/wordpress\/wp-content\/themes\/pleasant\/REC\/REC%2011\/Art%c3%adculos\/6.REC_11_YolandaForero.pdf\" target=\"_blank\" rel=\"noopener\">&#8220;Viaje e imaginaci\u00f3n en El Capit\u00e1n Kid de Salvador Garmendia&#8221;.<\/a><\/p>\n<p style=\"padding-left: 30px;\">\u2022 Isabel Rodr\u00edguez Vergara. <a href=\"\/wordpress\/wp-content\/themes\/pleasant\/REC\/REC%2011\/Art%c3%adculos\/7.REC_11_IsabelRodriguezVergaraColera.pdf\" target=\"_blank\" rel=\"noopener\">&#8220;Parodia sacra en El amor en los tiempos del c\u00f3lera&#8221;.<\/a><\/p>\n<p style=\"padding-left: 30px;\">\u2022 Alicia Rol\u00f3n-Alexander.<a href=\"\/wordpress\/wp-content\/themes\/pleasant\/REC\/REC%2011\/Art%c3%adculos\/8.REC_11_AliciaRolonAlexander.pdf\" target=\"_blank\" rel=\"noopener\"> &#8220;Diario de una multitud. Reescritura esquizofr\u00e9nica de la modernidad.<\/a><\/p>\n<p style=\"padding-left: 30px;\"><strong>Notas<br \/>\n\u2022 <\/strong>Isabel Rodr\u00edguez-Vergara.<a href=\"\/wordpress\/wp-content\/themes\/pleasant\/REC\/REC%2011\/Notas\/9.REC_11_IsabelRodriguezVergararFayad.pdf\" target=\"_blank\" rel=\"noopener\"> Luis Fayad. Compa\u00f1eros de viaje. Bogot\u00e1: Tercer Mundo, 1991.<\/a><\/p>\n<p style=\"padding-left: 30px;\">\u2022 Alvaro Pineda-Botero. <a href=\"\/wordpress\/wp-content\/themes\/pleasant\/REC\/REC%2011\/Notas\/10.REC_11_AlvaroPinedaBoteroSilva.pdf\" target=\"_blank\" rel=\"noopener\">Juan Manuel Silva. El Conde de Cuchicute.<\/a><\/p>\n<p style=\"padding-left: 30px;\">\u2022 Alvaro Pineda-Botero. <a href=\"\/wordpress\/wp-content\/themes\/pleasant\/REC\/REC%2011\/Notas\/11.REC_11_AlvaroPinedaBoteroVenezolana.pdf\" target=\"_blank\" rel=\"noopener\">Juego y ficci\u00f3n en la novela venezolana. Santaf\u00e9 de Bogot\u00e1.<\/a><\/p>\n<p style=\"padding-left: 30px;\"><strong>Rese\u00f1as<br \/>\n<\/strong>\u2022 Alicia Rol\u00f3n-Alexander. <a href=\"\/wordpress\/wp-content\/themes\/pleasant\/REC\/REC%2011\/Rese%c3%b1as\/12.REC_11_AliciaRolon.pdf\" target=\"_blank\" rel=\"noopener\">Osvaldo Soriano. Una sombra ya pronto ser\u00e1s. Buenos Aires, Ediorial Sudamericana, 1990.<\/a><\/p>\n<p style=\"padding-left: 30px;\">\u2022 Amarilis Hidalgo de Jes\u00fas. <a href=\"\/wordpress\/wp-content\/themes\/pleasant\/REC\/REC%2011\/Rese%c3%b1as\/13.REC_11_AmarilisHidalgoAntillano.pdf\" target=\"_blank\" rel=\"noopener\">Laura Antillano, Solitaria \/ solidaria. Caracas, Editorial Planeta, 1990.<\/a><\/p>\n<p style=\"padding-left: 30px;\"><strong>Entrevistas<\/strong><br \/>\n\u2022 <a href=\"\/wordpress\/wp-content\/themes\/pleasant\/REC\/REC%2011\/Entrevistas\/14.REC_11_ElizabethCrary.pdf\" target=\"_blank\" rel=\"noopener\">Mario Vargas Llosa<\/a> (Elizabeth Crary)<\/p>\n<p style=\"padding-left: 30px;\">\u2022 <a href=\"\/wordpress\/wp-content\/themes\/pleasant\/REC\/REC%2011\/Entrevistas\/15.REC_11_XimenaFidalgo.pdf\" target=\"_blank\" rel=\"noopener\">R. H. Moreno-Dur\u00e1n o Los motivos del halc\u00f3n peregrino<\/a> (Ximena Fidalgo)<\/p>\n<p style=\"padding-left: 30px;\"><a href=\"\/wordpress\/wp-content\/themes\/pleasant\/REC\/REC%2011\/Cr%c3%a9ditos\/1.REC_11_Creditos.pdf\" target=\"_blank\" rel=\"noopener\"><strong>Cr\u00e9ditos<\/strong><\/a><\/p>\n","protected":false},"excerpt":{"rendered":"<p>1991 El oficio del escritor Jos\u00e9 Balza. El cuento: Lince y topo (teor\u00eda y pr\u00e1ctica del cuento) Art\u00edculos \u2022 Amarilis Hidalgo de Jes\u00fas. &#8220;Los peque\u00f1os seres: La consolidaci\u00f3n de la novela moderna venezolana&#8221;. \u2022 Mar\u00eda Mercedes de Velasco. &#8220;Rodr\u00edguez Freyle Insigne Maestro&#8221; \u2022 Alvaro F\u00e9lx Bola\u00f1os. &#8220;Historia, ficci\u00f3n y representaci\u00f3n del ind\u00edgena en Fray Pedro Sim\u00f3n&#8221;. \u2022 Yolanda Forero-Villegas. &#8220;Viaje e imaginaci\u00f3n en El Capit\u00e1n Kid de Salvador Garmendia&#8221;. \u2022 Isabel Rodr\u00edguez Vergara. &#8220;Parodia sacra en El amor en los tiempos del c\u00f3lera&#8221;. \u2022 Alicia Rol\u00f3n-Alexander. &#8220;Diario de una multitud. Reescritura esquizofr\u00e9nica de la modernidad. Notas \u2022 Isabel Rodr\u00edguez-Vergara. Luis&#8230; <\/p>\n","protected":false},"author":20,"featured_media":0,"parent":52,"menu_order":0,"comment_status":"closed","ping_status":"closed","template":"template-no-sidebar.php","meta":{"footnotes":""},"class_list":["post-300","page","type-page","status-publish","hentry"],"_links":{"self":[{"href":"https:\/\/colombianistas.org\/wordpress\/index.php\/wp-json\/wp\/v2\/pages\/300"}],"collection":[{"href":"https:\/\/colombianistas.org\/wordpress\/index.php\/wp-json\/wp\/v2\/pages"}],"about":[{"href":"https:\/\/colombianistas.org\/wordpress\/index.php\/wp-json\/wp\/v2\/types\/page"}],"author":[{"embeddable":true,"href":"https:\/\/colombianistas.org\/wordpress\/index.php\/wp-json\/wp\/v2\/users\/20"}],"replies":[{"embeddable":true,"href":"https:\/\/colombianistas.org\/wordpress\/index.php\/wp-json\/wp\/v2\/comments?post=300"}],"version-history":[{"count":5,"href":"https:\/\/colombianistas.org\/wordpress\/index.php\/wp-json\/wp\/v2\/pages\/300\/revisions"}],"predecessor-version":[{"id":2699,"href":"https:\/\/colombianistas.org\/wordpress\/index.php\/wp-json\/wp\/v2\/pages\/300\/revisions\/2699"}],"up":[{"embeddable":true,"href":"https:\/\/colombianistas.org\/wordpress\/index.php\/wp-json\/wp\/v2\/pages\/52"}],"wp:attachment":[{"href":"https:\/\/colombianistas.org\/wordpress\/index.php\/wp-json\/wp\/v2\/media?parent=300"}],"curies":[{"name":"wp","href":"https:\/\/api.w.org\/{rel}","templated":true}]}}