{"id":302,"date":"2018-05-20T10:41:30","date_gmt":"2018-05-20T05:41:30","guid":{"rendered":"https:\/\/prometeo.work\/?page_id=302"},"modified":"2023-10-03T04:32:07","modified_gmt":"2023-10-02T23:32:07","slug":"revista-de-estudios-colombianos-n10","status":"publish","type":"page","link":"https:\/\/colombianistas.org\/wordpress\/index.php\/revistas-anteriores\/revista-de-estudios-colombianos-n10\/","title":{"rendered":"REVISTA DE ESTUDIOS COLOMBIANOS N\u00b010"},"content":{"rendered":"<h6 style=\"padding-left: 30px;\">1991<\/h6>\n<p style=\"padding-left: 30px;\"><strong><a href=\"\/wordpress\/wp-content\/themes\/pleasant\/REC\/REC%2010\/El%20oficio%20del%20escritor\/2.REC_10_DuqueLopez.pdf\" target=\"_blank\" rel=\"noopener\">El oficio del escritor<\/a><br \/>\n<\/strong>Alberto Duque L\u00f3pez<\/p>\n<p style=\"padding-left: 30px;\"><strong>Art\u00edculos<br \/>\n<\/strong>\u2022 John S. Brushwood.<a href=\"\/wordpress\/wp-content\/themes\/pleasant\/REC\/REC%2010\/Art%c3%adculos\/3.REC_10_JohnSBrushWood.pdf\" target=\"_blank\" rel=\"noopener\"> &#8220;En diciembre lleg\u00f3 Celia: tres novelas de H\u00e9ctor Rojas Herazo&#8221;<\/a><\/p>\n<p style=\"padding-left: 30px;\">\u2022 David H. Bost. <a href=\"\/wordpress\/wp-content\/themes\/pleasant\/REC\/REC%2010\/Art%c3%adculos\/4.REC_10_DavidHBost.pdf\" target=\"_blank\" rel=\"noopener\">&#8220;Una vista panor\u00e1mica de las respuestas literarias a la huelga de las bananeras de 1920&#8221;<\/a><\/p>\n<p style=\"padding-left: 30px;\">\u2022 Robert L. Sims. <a href=\"\/wordpress\/wp-content\/themes\/pleasant\/REC\/REC%2010\/Art%c3%adculos\/5.REC_10_RobertLSims.pdf\" target=\"_blank\" rel=\"noopener\">&#8220;Imagen Gestalt, doble narrador y posici\u00f3n dualista de Garc\u00eda M\u00e1rquez en relato de un n\u00e1ufrago&#8221;<\/a><\/p>\n<p style=\"padding-left: 30px;\">\u2022 Gonzalo Navajas,<a href=\"\/wordpress\/wp-content\/themes\/pleasant\/REC\/REC%2010\/Art%c3%adculos\/6.REC_10_GonzaloNavajas.pdf\" target=\"_blank\" rel=\"noopener\"> &#8220;El amor en los tiempos del c\u00f3lera: el anticanon de la modernidad en Gabriel Garc\u00eda M\u00e1rquez&#8221;<\/a><\/p>\n<p style=\"padding-left: 30px;\"><strong>Notas<br \/>\n\u2022 <\/strong>James J. Alstrum. <a href=\"\/wordpress\/wp-content\/themes\/pleasant\/REC\/REC%2010\/Notas\/7.REC_10_JamesJAlstrum.pdf\" target=\"_blank\" rel=\"noopener\">&#8220;Armando Romero: gente de pluma&#8221;<\/a><\/p>\n<p style=\"padding-left: 30px;\">\u2022 Angeles Encinar. <a href=\"\/wordpress\/wp-content\/themes\/pleasant\/REC\/REC%2010\/Notas\/8.REC_10_AngelesEncinar.pdf\" target=\"_blank\" rel=\"noopener\">&#8220;Perspectivas sociales y t\u00e9cnicas narrativas en &#8220;La prodigiosa tarde de Baltazar&#8221; y &#8220;La viuda de Montiel&#8221;<\/a><\/p>\n<p style=\"padding-left: 30px;\"><strong>Rese\u00f1as<br \/>\n\u2022 <\/strong><a href=\"\/wordpress\/wp-content\/themes\/pleasant\/REC\/REC%2010\/Rese%c3%b1as\/9.REC_10_CarmenLuciaGaravito.pdf\" target=\"_blank\" rel=\"noopener\">Fanny Buitrago, L\u00edbranos de todo mal<\/a> (Carmen Luc\u00eda Garavito)<\/p>\n<p style=\"padding-left: 30px;\">\u2022 <a href=\"\/wordpress\/wp-content\/themes\/pleasant\/REC\/REC%2010\/Rese%c3%b1as\/10.REC_10_AmarilisHidalgo.pdf\" target=\"_blank\" rel=\"noopener\">Jacques Gilard, Entre los Andes y el caribe. La obra americana de Ram\u00f3n Vinyes.<\/a> (Amarilis Hidalgo-De Jes\u00fas)<\/p>\n<p style=\"padding-left: 30px;\">\u2022 <a href=\"\/wordpress\/wp-content\/themes\/pleasant\/REC\/REC%2010\/Rese%c3%b1as\/11.REC_10_JoAnnRayfield.pdf\" target=\"_blank\" rel=\"noopener\">Jaime Jaramillo Uribe, Ensayos de historia social<\/a> (Jo Ann Rayfield)<\/p>\n<p style=\"padding-left: 30px;\">\u2022 <a href=\"\/wordpress\/wp-content\/themes\/pleasant\/REC\/REC%2010\/Rese%c3%b1as\/12.REC_10_JoseLuisdelaFuente.pdf\" target=\"_blank\" rel=\"noopener\">Teobaldo Noriega, Duende de noche<\/a> (Jos\u00e9 Luis de la Fuente Bastardo)<\/p>\n<p style=\"padding-left: 30px;\">\u2022 <a href=\"\/wordpress\/wp-content\/themes\/pleasant\/REC\/REC%2010\/Rese%c3%b1as\/13.REC_10_YolandaForero.pdf\" target=\"_blank\" rel=\"noopener\">Jos\u00e9 Eustasio Rivera, La vor\u00e1gine. Edici\u00f3n de Montserrat Ord\u00f3\u00f1ez.<\/a> (Yolanda Forero Villegas)<\/p>\n<p style=\"padding-left: 30px;\">\u2022 Eduardo Sarmiento Palacio. <a href=\"\/wordpress\/wp-content\/themes\/pleasant\/REC\/REC%2010\/Rese%c3%b1as\/14.REC_10_PamelaMurray.pdf\" target=\"_blank\" rel=\"noopener\">Los nuevos desaf\u00edos del desarrollo: fundamentos y pol\u00edticas<\/a> (Pamela Murray)<\/p>\n<p style=\"padding-left: 30px;\">\u2022 <a href=\"\/wordpress\/wp-content\/themes\/pleasant\/REC\/REC%2010\/Rese%c3%b1as\/15.REC_10_EvalinaFelicite.pdf\" target=\"_blank\" rel=\"noopener\">Manuel Zapata Olivella. Las claves m\u00e1gicas de Am\u00e9rica (raza y cultura)<\/a> (Evelina F\u00e9licit\u00e9-Maurice)<\/p>\n<p style=\"padding-left: 30px;\">\u2022 <a href=\"\/wordpress\/wp-content\/themes\/pleasant\/REC\/REC%2010\/Rese%c3%b1as\/16.REC_10_APinedaBotero.pdf\" target=\"_blank\" rel=\"noopener\">Pr\u00f3spero Morales Pradilla. La mujer doble<\/a> (Alvaro Pineda Botero)<\/p>\n<p style=\"padding-left: 30px;\"><strong>Entrevistas<br \/>\n<\/strong><a href=\"\/wordpress\/wp-content\/themes\/pleasant\/REC\/REC%2010\/Entrevistas\/17.REC_10_AmarilisHidalgobritto_garcia.pdf\" target=\"_blank\" rel=\"noopener\">Luis Britto garc\u00eda y la nueva literatura venezolana<\/a> (Amarilis Hidalgo-De Jesus)<\/p>\n<p style=\"padding-left: 30px;\"><a href=\"\/wordpress\/wp-content\/themes\/pleasant\/REC\/REC%2010\/Cr%c3%a9ditos\/1.REC_10_Creditos.pdf\" target=\"_blank\" rel=\"noopener\"><strong>Cr\u00e9ditos<\/strong><\/a><\/p>\n","protected":false},"excerpt":{"rendered":"<p>1991 El oficio del escritor Alberto Duque L\u00f3pez Art\u00edculos \u2022 John S. Brushwood. &#8220;En diciembre lleg\u00f3 Celia: tres novelas de H\u00e9ctor Rojas Herazo&#8221; \u2022 David H. Bost. &#8220;Una vista panor\u00e1mica de las respuestas literarias a la huelga de las bananeras de 1920&#8221; \u2022 Robert L. Sims. &#8220;Imagen Gestalt, doble narrador y posici\u00f3n dualista de Garc\u00eda M\u00e1rquez en relato de un n\u00e1ufrago&#8221; \u2022 Gonzalo Navajas, &#8220;El amor en los tiempos del c\u00f3lera: el anticanon de la modernidad en Gabriel Garc\u00eda M\u00e1rquez&#8221; Notas \u2022 James J. Alstrum. &#8220;Armando Romero: gente de pluma&#8221; \u2022 Angeles Encinar. &#8220;Perspectivas sociales y t\u00e9cnicas narrativas en &#8220;La&#8230; <\/p>\n","protected":false},"author":20,"featured_media":0,"parent":52,"menu_order":0,"comment_status":"closed","ping_status":"closed","template":"template-no-sidebar.php","meta":{"footnotes":""},"class_list":["post-302","page","type-page","status-publish","hentry"],"_links":{"self":[{"href":"https:\/\/colombianistas.org\/wordpress\/index.php\/wp-json\/wp\/v2\/pages\/302"}],"collection":[{"href":"https:\/\/colombianistas.org\/wordpress\/index.php\/wp-json\/wp\/v2\/pages"}],"about":[{"href":"https:\/\/colombianistas.org\/wordpress\/index.php\/wp-json\/wp\/v2\/types\/page"}],"author":[{"embeddable":true,"href":"https:\/\/colombianistas.org\/wordpress\/index.php\/wp-json\/wp\/v2\/users\/20"}],"replies":[{"embeddable":true,"href":"https:\/\/colombianistas.org\/wordpress\/index.php\/wp-json\/wp\/v2\/comments?post=302"}],"version-history":[{"count":4,"href":"https:\/\/colombianistas.org\/wordpress\/index.php\/wp-json\/wp\/v2\/pages\/302\/revisions"}],"predecessor-version":[{"id":2694,"href":"https:\/\/colombianistas.org\/wordpress\/index.php\/wp-json\/wp\/v2\/pages\/302\/revisions\/2694"}],"up":[{"embeddable":true,"href":"https:\/\/colombianistas.org\/wordpress\/index.php\/wp-json\/wp\/v2\/pages\/52"}],"wp:attachment":[{"href":"https:\/\/colombianistas.org\/wordpress\/index.php\/wp-json\/wp\/v2\/media?parent=302"}],"curies":[{"name":"wp","href":"https:\/\/api.w.org\/{rel}","templated":true}]}}