{"id":304,"date":"2018-05-20T10:41:39","date_gmt":"2018-05-20T05:41:39","guid":{"rendered":"https:\/\/prometeo.work\/?page_id=304"},"modified":"2023-10-03T20:46:29","modified_gmt":"2023-10-03T15:46:29","slug":"revista-de-estudios-colombianos-n9","status":"publish","type":"page","link":"https:\/\/colombianistas.org\/wordpress\/index.php\/revistas-anteriores\/revista-de-estudios-colombianos-n9\/","title":{"rendered":"REVISTA DE ESTUDIOS COLOMBIANOS N\u00b09"},"content":{"rendered":"<h6 style=\"padding-left: 30px;\">1990<\/h6>\n<p style=\"padding-left: 30px;\"><a href=\"\/wordpress\/wp-content\/themes\/pleasant\/REC\/REC%209\/El%20oficio%20del%20escritor\/2.REC_9_FannyBuitrago.pdf\" target=\"_blank\" rel=\"noopener\"><strong>El oficio del escritor<\/strong><\/a><br \/>\nFanny Buitrago, &#8220;El oficio no oficio de escribir&#8221;<\/p>\n<p style=\"padding-left: 30px;\"><strong>Art\u00edculos<br \/>\n<\/strong>\u2022 Jorge Enrique Adoum, <a href=\"\/wordpress\/wp-content\/themes\/pleasant\/REC\/REC%209\/Art%c3%adculos\/3.REC_9_JorgeEnriqueAdoum.pdf\" target=\"_blank\" rel=\"noopener\">&#8220;Ideologia de la novela (Notas para un estudio)&#8221;<\/a><\/p>\n<p style=\"padding-left: 30px;\">\u2022 Elizabeth Montes, <a href=\"\/wordpress\/wp-content\/themes\/pleasant\/REC\/REC%209\/Art%c3%adculos\/4.REC_9_ElizabethMontes.pdf\" target=\"_blank\" rel=\"noopener\">&#8220;El efecto ir\u00f3nico de la transtextualidad en Los amores De Afrodita de Fanny Buitrago&#8221;<\/a><\/p>\n<p style=\"padding-left: 30px;\">\u2022 Dar\u00edo Jaramillo Agudelo, <a href=\"\/wordpress\/wp-content\/themes\/pleasant\/REC\/REC%209\/Art%c3%adculos\/5.REC_9_DarioJaramilloAgudelo.pdf\" target=\"_blank\" rel=\"noopener\">&#8220;Jorge Gait\u00e1n Dur\u00e1n&#8221;<\/a><\/p>\n<p style=\"padding-left: 30px;\">\u2022 Jonathan Tittler, <a href=\"\/wordpress\/wp-content\/themes\/pleasant\/REC\/REC%209\/Art%c3%adculos\/6.REC_9_JonathanTittler.pdf\" target=\"_blank\" rel=\"noopener\">El \u00faltimo gamonal: entrega final de la telenovela biogr\u00e1fica de Alvarez Gardeaz\u00e1bal&#8221;<\/a><\/p>\n<p style=\"padding-left: 30px;\">\u2022 Augusto Trujillo Mu\u00f1oz, <a href=\"\/wordpress\/wp-content\/themes\/pleasant\/REC\/REC%209\/Art%c3%adculos\/7.REC_9_AugustoTrujillo.pdf\" target=\"_blank\" rel=\"noopener\">&#8220;Colombia: econom\u00eda y pol\u00edtica en la d\u00e9cada 80-89&#8221;<\/a><\/p>\n<p style=\"padding-left: 30px;\"><strong>Rese\u00f1as<br \/>\n\u2022 <\/strong><a href=\"\/wordpress\/wp-content\/themes\/pleasant\/REC\/REC%209\/Rese%c3%b1as\/8.REC_9_APinedaBotero.pdf\" target=\"_blank\" rel=\"noopener\">Eduardo Camacho Guizado, Aquellos rojos a\u00f1os<\/a> (Alvaro Pineda Botero)<\/p>\n<p style=\"padding-left: 30px;\">\u2022 <a href=\"\/wordpress\/wp-content\/themes\/pleasant\/REC\/REC%209\/Rese%c3%b1as\/9.REC_9_JesusSalazElorza.pdf\" target=\"_blank\" rel=\"noopener\">Tom\u00e1s Carrasquilla, El padre Casaf\u00fas y otros cuentos<\/a> (Jes\u00fas Salas-Elorza)<\/p>\n<p style=\"padding-left: 30px;\">\u2022 <a href=\"\/wordpress\/wp-content\/themes\/pleasant\/REC\/REC%209\/Rese%c3%b1as\/10.REC_9_RobertoVelezCorrea.pdf\" target=\"_blank\" rel=\"noopener\">Germ\u00e1n Espinosa. La liebre en la luna.<\/a> Roberto V\u00e9lez Correa<\/p>\n<p style=\"padding-left: 30px;\">\u2022 <a href=\"\/wordpress\/wp-content\/themes\/pleasant\/REC\/REC%209\/Rese%c3%b1as\/11.REC_9_GilbertoGomez.pdf\">Jorge Ricardo G\u00f3mez, Massinissa: historia de un embuste <\/a>(Gilberto G\u00f3mez Ocampo)<\/p>\n<p style=\"padding-left: 30px;\">\u2022 <a href=\"\/wordpress\/wp-content\/themes\/pleasant\/REC\/REC%209\/Rese%c3%b1as\/12.REC_9_RandophPope.pdf\" target=\"_blank\" rel=\"noopener\">Juan Goytisolo, Paisajes despu\u00e9s de la batalla<\/a> (Randolph D. Pope)<\/p>\n<p style=\"padding-left: 30px;\">\u2022 <a href=\"\/wordpress\/wp-content\/themes\/pleasant\/REC\/REC%209\/Rese%c3%b1as\/13.RC_9_AzaleaGarciaCaro.pdf\" target=\"_blank\" rel=\"noopener\">Guillermo Hern\u00e1ndez Pe\u00f1aloza, editor, An\u00e9cdotas y poes\u00edas sat\u00edricas de Miguel Antonio Caro<\/a> (Azalea Garc\u00eda)<\/p>\n<p style=\"padding-left: 30px;\">\u2022 <a href=\"\/wordpress\/wp-content\/themes\/pleasant\/REC\/REC%209\/Rese%c3%b1as\/14.REC_9_AmarilisHidalgodeJesus.pdf\" target=\"_blank\" rel=\"noopener\">Guillermo Mart\u00ednez Gonz\u00e1lez, Mitos del Alto Magdalena<\/a> ( Amarilis JanHidalgo-De Jes\u00fas)<\/p>\n<p style=\"padding-left: 30px;\">\u2022 <a href=\"\/wordpress\/wp-content\/themes\/pleasant\/REC\/REC%209\/Rese%c3%b1as\/15.REC_9_RobertLSims.pdf\" target=\"_blank\" rel=\"noopener\">Kenrick Mose, Defamiliarization in the Work of Gabriel Garc\u00eda M\u00e1rquez From 1947-1967<\/a> (Robert Sims)<\/p>\n<p style=\"padding-left: 30px;\">\u2022 <a href=\"\/wordpress\/wp-content\/themes\/pleasant\/REC\/REC%209\/Rese%c3%b1as\/11.REC_9_GilbertoGomez%20(1).pdf\" target=\"_blank\" rel=\"noopener\">Isa\u00edas Pe\u00f1a Guti\u00e9rrez, Jos\u00e9 Eustacio Rivera<\/a> (Gilberto G\u00f3mez Ocampo)<\/p>\n<p style=\"padding-left: 30px;\">\u2022 <a href=\"\/wordpress\/wp-content\/themes\/pleasant\/REC\/REC%209\/Rese%c3%b1as\/16.REC_9_YolandaForero.pdf\" target=\"_blank\" rel=\"noopener\">Alvaro Pineda-Botero, Del mito a la posmodernidad. La novela colombiana de fines del siglo XX<\/a> (Yolanda Forero-Villegas)<\/p>\n<p style=\"padding-left: 30px;\">\u2022 <a href=\"\/wordpress\/wp-content\/themes\/pleasant\/REC\/REC%209\/Rese%c3%b1as\/17.REC_9_AzaleaGarciaQuimera.pdf\" target=\"_blank\" rel=\"noopener\">Revista Quimera, Edici\u00f3n Latinoamericana<\/a> (Azalea Garc\u00eda)<\/p>\n<p style=\"padding-left: 30px;\">\u2022 <a href=\"\/wordpress\/wp-content\/themes\/pleasant\/REC\/REC%209\/Rese%c3%b1as\/18.REC_9_EduardoJaramillo.pdf\" target=\"_blank\" rel=\"noopener\">Evelio Rosero-Diago, Pap\u00e1 es santo y sabio<\/a> (J.E. Jaramillo Zuluaga)<\/p>\n<p style=\"padding-left: 30px;\">\u2022 <a href=\"\/wordpress\/wp-content\/themes\/pleasant\/REC\/REC%209\/Rese%c3%b1as\/19.REC_9_AlvaroPinedaHoyos.pdf\" target=\"_blank\" rel=\"noopener\">Juan Jos\u00e9 Hoyos, El cielo que perdimos<\/a> (Alvaro Pineda-Botero)<\/p>\n<p style=\"padding-left: 30px;\"><strong>Entrevistas<br \/>\n\u2022 <\/strong>Jorgelina Corbatta, <a href=\"\/wordpress\/wp-content\/themes\/pleasant\/REC\/REC%209\/Entrevistas\/20.REC_9_JorgelinaCorbatta.pdf\" target=\"_blank\" rel=\"noopener\">&#8220;Manuel Mej\u00eda Vallejo habla de tango&#8221;<\/a><\/p>\n<p style=\"padding-left: 30px;\">\u2022 Guillermo Garc\u00eda-Corales,<a href=\"\/wordpress\/wp-content\/themes\/pleasant\/REC\/REC%209\/Entrevistas\/21.REC_9_GuillermoGarciaCoralesEltit.pdf\" target=\"_blank\" rel=\"noopener\"> &#8220;Entrevista con Daniela Eltit: una reflexi\u00f3n sobre su literatura y el momento pol\u00edtico-cultural chileno<\/a><\/p>\n<p style=\"padding-left: 30px;\"><a href=\"\/wordpress\/wp-content\/themes\/pleasant\/REC\/REC%209\/Cr%c3%a9ditos\/1.REC_9_Creditos.pdf\" target=\"_blank\" rel=\"noopener\"><strong>Cr\u00e9ditos<\/strong><\/a><\/p>\n","protected":false},"excerpt":{"rendered":"<p>1990 El oficio del escritor Fanny Buitrago, &#8220;El oficio no oficio de escribir&#8221; Art\u00edculos \u2022 Jorge Enrique Adoum, &#8220;Ideologia de la novela (Notas para un estudio)&#8221; \u2022 Elizabeth Montes, &#8220;El efecto ir\u00f3nico de la transtextualidad en Los amores De Afrodita de Fanny Buitrago&#8221; \u2022 Dar\u00edo Jaramillo Agudelo, &#8220;Jorge Gait\u00e1n Dur\u00e1n&#8221; \u2022 Jonathan Tittler, El \u00faltimo gamonal: entrega final de la telenovela biogr\u00e1fica de Alvarez Gardeaz\u00e1bal&#8221; \u2022 Augusto Trujillo Mu\u00f1oz, &#8220;Colombia: econom\u00eda y pol\u00edtica en la d\u00e9cada 80-89&#8221; Rese\u00f1as \u2022 Eduardo Camacho Guizado, Aquellos rojos a\u00f1os (Alvaro Pineda Botero) \u2022 Tom\u00e1s Carrasquilla, El padre Casaf\u00fas y otros cuentos (Jes\u00fas Salas-Elorza) \u2022&#8230; <\/p>\n","protected":false},"author":20,"featured_media":0,"parent":52,"menu_order":0,"comment_status":"closed","ping_status":"closed","template":"template-no-sidebar.php","meta":{"footnotes":""},"class_list":["post-304","page","type-page","status-publish","hentry"],"_links":{"self":[{"href":"https:\/\/colombianistas.org\/wordpress\/index.php\/wp-json\/wp\/v2\/pages\/304"}],"collection":[{"href":"https:\/\/colombianistas.org\/wordpress\/index.php\/wp-json\/wp\/v2\/pages"}],"about":[{"href":"https:\/\/colombianistas.org\/wordpress\/index.php\/wp-json\/wp\/v2\/types\/page"}],"author":[{"embeddable":true,"href":"https:\/\/colombianistas.org\/wordpress\/index.php\/wp-json\/wp\/v2\/users\/20"}],"replies":[{"embeddable":true,"href":"https:\/\/colombianistas.org\/wordpress\/index.php\/wp-json\/wp\/v2\/comments?post=304"}],"version-history":[{"count":4,"href":"https:\/\/colombianistas.org\/wordpress\/index.php\/wp-json\/wp\/v2\/pages\/304\/revisions"}],"predecessor-version":[{"id":2750,"href":"https:\/\/colombianistas.org\/wordpress\/index.php\/wp-json\/wp\/v2\/pages\/304\/revisions\/2750"}],"up":[{"embeddable":true,"href":"https:\/\/colombianistas.org\/wordpress\/index.php\/wp-json\/wp\/v2\/pages\/52"}],"wp:attachment":[{"href":"https:\/\/colombianistas.org\/wordpress\/index.php\/wp-json\/wp\/v2\/media?parent=304"}],"curies":[{"name":"wp","href":"https:\/\/api.w.org\/{rel}","templated":true}]}}