{"id":306,"date":"2018-05-20T10:41:47","date_gmt":"2018-05-20T05:41:47","guid":{"rendered":"https:\/\/prometeo.work\/?page_id=306"},"modified":"2023-10-03T20:53:38","modified_gmt":"2023-10-03T15:53:38","slug":"revista-de-estudios-colombianos-n8","status":"publish","type":"page","link":"https:\/\/colombianistas.org\/wordpress\/index.php\/revistas-anteriores\/revista-de-estudios-colombianos-n8\/","title":{"rendered":"REVISTA DE ESTUDIOS COLOMBIANOS N\u00b08"},"content":{"rendered":"<h6 style=\"padding-left: 30px;\">1990<\/h6>\n<p style=\"padding-left: 30px;\"><strong>El oficio del escritor<\/strong><br \/>\n\u2022 Juan Gustavo Cobo-Borda. <a href=\"\/wordpress\/wp-content\/themes\/pleasant\/REC\/REC%208\/El%20oficio%20del%20escritor\/2.REC_8_CoboBorda.pdf\" target=\"_blank\" rel=\"noopener\">&#8220;XV Escolios (escollos) al oficio de esccritor en Colombia&#8221;<\/a><\/p>\n<p style=\"padding-left: 30px;\">\u2022 H\u00e9ctor S\u00e1nchez. <a href=\"\/wordpress\/wp-content\/themes\/pleasant\/REC\/REC%208\/El%20oficio%20del%20escritor\/3.REC_8_HectorSanchez.pdf\" target=\"_blank\" rel=\"noopener\">&#8220;Escribir, un ejercicio de meditaci\u00f3n&#8221;<\/a><\/p>\n<p style=\"padding-left: 30px;\"><strong>Art\u00edculos<br \/>\n<\/strong>\u2022 Mar\u00eda-In\u00e9s Lagos-Pope. <a href=\"\/wordpress\/wp-content\/themes\/pleasant\/REC\/REC%208\/Art%c3%adculos\/4.REC_8_MariaLagosPope.pdf\" target=\"_blank\" rel=\"noopener\">&#8220;Estructura dual y sociedad patriarcal en Mar\u00eda&#8221;<\/a><\/p>\n<p style=\"padding-left: 30px;\">\u2022 Mihai Griinfeld. <a href=\"\/wordpress\/wp-content\/themes\/pleasant\/REC\/REC%208\/Art%c3%adculos\/5.REC_8_MihaiGrunfeld.pdf\" target=\"_blank\" rel=\"noopener\">&#8220;Los marcos en La Vor\u00e1gine&#8221;<\/a><\/p>\n<p style=\"padding-left: 30px;\">\u2022 William L. Siemens. <a href=\"\/wordpress\/wp-content\/themes\/pleasant\/REC\/REC%208\/Art%c3%adculos\/6.REC_8_WilliamLSiemens.pdf\" target=\"_blank\" rel=\"noopener\">&#8220;Roberto Burgos Cantor y la din\u00e1mica de la ausencia&#8221;<\/a><\/p>\n<p style=\"padding-left: 30px;\"><strong>Notas<br \/>\n\u2022 <\/strong>J. Le\u00f3n Helguera, <a href=\"\/wordpress\/wp-content\/themes\/pleasant\/REC\/REC%208\/Notas\/7.REC_8_JLeonHelguera.pdf\" target=\"_blank\" rel=\"noopener\">&#8220;Del zarzo de mi abuela: la edici\u00f3n coatepecana de Mar\u00eda, 1875&#8221;<\/a>.<\/p>\n<p style=\"padding-left: 30px;\">\u2022 Eduardo Chirinos, <a href=\"\/wordpress\/wp-content\/themes\/pleasant\/REC\/REC%208\/Notas\/8.REC_8_EduardoChirinos.pdf\" target=\"_blank\" rel=\"noopener\">&#8220;Cobo Borda: la inteligencia festiva&#8221;<\/a><\/p>\n<p style=\"padding-left: 30px;\">\u2022 James Willis Robb, <a href=\"\/wordpress\/wp-content\/themes\/pleasant\/REC\/REC%208\/Notas\/9.REC_8_JamesWillisRObb.pdf\" target=\"_blank\" rel=\"noopener\">&#8220;Fernando Gonz\u00e1lez, ensayista de la angustia colombiana&#8221;<\/a><\/p>\n<p style=\"padding-left: 30px;\"><strong>Rese\u00f1as<br \/>\n\u2022 <\/strong><a href=\"\/wordpress\/wp-content\/themes\/pleasant\/REC\/REC%208\/Rese%c3%b1as\/10.REC_8_RobertoVelezCorrea.pdf\" target=\"_blank\" rel=\"noopener\">N\u00e9stor Gustavo D\u00edaz B., La \u00faltima inocencia<\/a> (Roberto V\u00e9lez Correa)<\/p>\n<p style=\"padding-left: 30px;\">\u2022 <a href=\"\/wordpress\/wp-content\/themes\/pleasant\/REC\/REC%208\/Rese%c3%b1as\/11.REC_8_GuillermoGarciaCorales.pdf\" target=\"_blank\" rel=\"noopener\">Orlando Fals Borda, Ciencia propia y colonialismo intelectual. Los nuevos rumbos<\/a> (Guillermo Garc\u00eda-Corales)<\/p>\n<p style=\"padding-left: 30px;\">\u2022 <a href=\"\/wordpress\/wp-content\/themes\/pleasant\/REC\/REC%208\/Rese%c3%b1as\/12.REC_8_MauriceBrungardt.pdf\" target=\"_blank\" rel=\"noopener\">Jorge Eli\u00e9cer Gait\u00e1n, La masacre de las bananeras, 1928<\/a> (Maurice P. Brungardt)<\/p>\n<p style=\"padding-left: 30px;\">\u2022 <a href=\"\/wordpress\/wp-content\/themes\/pleasant\/REC\/REC%208\/Rese%c3%b1as\/13.REC_8_RobertHDavis.pdf\" target=\"_blank\" rel=\"noopener\">Otto Morales ben\u00edtez, Propuestas para escribir la historia con criterios indoamericanos<\/a> (Robert H. Davis)<\/p>\n<p style=\"padding-left: 30px;\">\u2022 <a href=\"\/wordpress\/wp-content\/themes\/pleasant\/REC\/REC%208\/Rese%c3%b1as\/14.REC_8_YolandaForero.pdf\" target=\"_blank\" rel=\"noopener\">Bogdan Piotrowski, La realidad colombiana en su narrativa contempor\u00e1nea.<\/a> (Yolanda Forero-Villegas)<\/p>\n<p style=\"padding-left: 30px;\">\u2022 <a href=\"\/wordpress\/wp-content\/themes\/pleasant\/REC\/REC%208\/Rese%c3%b1as\/15.REC_8_BenHeller.pdf\" target=\"_blank\" rel=\"noopener\">Juan Manuel Roca, Una carta (abierta) rumbo a Bogot\u00e1<\/a> (Ben Heller)<\/p>\n<p style=\"padding-left: 30px;\"><strong>Entrevistas<br \/>\n\u2022 <\/strong>Wolgang A. Luchting.<a href=\"\/wordpress\/wp-content\/themes\/pleasant\/REC\/REC%208\/Entrevistas\/16.REC_8_WolfgangLuchting.pdf\" target=\"_blank\" rel=\"noopener\"> &#8220;Entrevista con Gustavo Alvarez Gardeaz\u00e1bal&#8221;<\/a><\/p>\n<p style=\"padding-left: 30px;\">\u2022 Eduardo Mackenzie, <a href=\"\/wordpress\/wp-content\/themes\/pleasant\/REC\/REC%208\/Entrevistas\/17.REC_8_EduardoMackenzie.pdf\" target=\"_blank\" rel=\"noopener\">&#8220;Entrevista con Flor Romero de Nohra&#8221;<\/a><\/p>\n<p style=\"padding-left: 30px;\"><strong>Colombianistas de ayer y de hoy<br \/>\n<\/strong>\u2022 <a href=\"\/wordpress\/wp-content\/themes\/pleasant\/REC\/REC%208\/Colombianistas%20de%20ayer%20y%20de%20hoy\/18.REC_8_Colombianistas1HernandezdeAlba.pdf\" target=\"_blank\" rel=\"noopener\">Guillermo Hern\u00e1ndez de Alba<\/a> (J. Le\u00f3n Helguera)<\/p>\n<p style=\"padding-left: 30px;\">\u2022 <a href=\"\/wordpress\/wp-content\/themes\/pleasant\/REC\/REC%208\/Colombianistas%20de%20ayer%20y%20de%20hoy\/19.REC_8_ColombianistasParks.pdf\" target=\"_blank\" rel=\"noopener\">Taylor Parks<\/a> (David Bushnell)<\/p>\n<p style=\"padding-left: 30px;\"><a href=\"https:\/\/colombianistas.org\/wordpress\/wp-content\/themes\/pleasant\/REC\/REC%208\/Cr%c3%a9ditos\/1.REC_8_Creditos.pdf\" target=\"_blank\" rel=\"noopener\"><strong>Cr\u00e9ditos<\/strong><\/a><\/p>\n","protected":false},"excerpt":{"rendered":"<p>1990 El oficio del escritor \u2022 Juan Gustavo Cobo-Borda. &#8220;XV Escolios (escollos) al oficio de esccritor en Colombia&#8221; \u2022 H\u00e9ctor S\u00e1nchez. &#8220;Escribir, un ejercicio de meditaci\u00f3n&#8221; Art\u00edculos \u2022 Mar\u00eda-In\u00e9s Lagos-Pope. &#8220;Estructura dual y sociedad patriarcal en Mar\u00eda&#8221; \u2022 Mihai Griinfeld. &#8220;Los marcos en La Vor\u00e1gine&#8221; \u2022 William L. Siemens. &#8220;Roberto Burgos Cantor y la din\u00e1mica de la ausencia&#8221; Notas \u2022 J. Le\u00f3n Helguera, &#8220;Del zarzo de mi abuela: la edici\u00f3n coatepecana de Mar\u00eda, 1875&#8221;. \u2022 Eduardo Chirinos, &#8220;Cobo Borda: la inteligencia festiva&#8221; \u2022 James Willis Robb, &#8220;Fernando Gonz\u00e1lez, ensayista de la angustia colombiana&#8221; Rese\u00f1as \u2022 N\u00e9stor Gustavo D\u00edaz B., La&#8230; <\/p>\n","protected":false},"author":20,"featured_media":0,"parent":52,"menu_order":0,"comment_status":"closed","ping_status":"closed","template":"template-no-sidebar.php","meta":{"footnotes":""},"class_list":["post-306","page","type-page","status-publish","hentry"],"_links":{"self":[{"href":"https:\/\/colombianistas.org\/wordpress\/index.php\/wp-json\/wp\/v2\/pages\/306"}],"collection":[{"href":"https:\/\/colombianistas.org\/wordpress\/index.php\/wp-json\/wp\/v2\/pages"}],"about":[{"href":"https:\/\/colombianistas.org\/wordpress\/index.php\/wp-json\/wp\/v2\/types\/page"}],"author":[{"embeddable":true,"href":"https:\/\/colombianistas.org\/wordpress\/index.php\/wp-json\/wp\/v2\/users\/20"}],"replies":[{"embeddable":true,"href":"https:\/\/colombianistas.org\/wordpress\/index.php\/wp-json\/wp\/v2\/comments?post=306"}],"version-history":[{"count":5,"href":"https:\/\/colombianistas.org\/wordpress\/index.php\/wp-json\/wp\/v2\/pages\/306\/revisions"}],"predecessor-version":[{"id":2751,"href":"https:\/\/colombianistas.org\/wordpress\/index.php\/wp-json\/wp\/v2\/pages\/306\/revisions\/2751"}],"up":[{"embeddable":true,"href":"https:\/\/colombianistas.org\/wordpress\/index.php\/wp-json\/wp\/v2\/pages\/52"}],"wp:attachment":[{"href":"https:\/\/colombianistas.org\/wordpress\/index.php\/wp-json\/wp\/v2\/media?parent=306"}],"curies":[{"name":"wp","href":"https:\/\/api.w.org\/{rel}","templated":true}]}}