{"id":308,"date":"2018-05-20T10:41:55","date_gmt":"2018-05-20T05:41:55","guid":{"rendered":"https:\/\/prometeo.work\/?page_id=308"},"modified":"2023-10-03T20:46:07","modified_gmt":"2023-10-03T15:46:07","slug":"revista-de-estudios-colombianos-n7","status":"publish","type":"page","link":"https:\/\/colombianistas.org\/wordpress\/index.php\/revistas-anteriores\/revista-de-estudios-colombianos-n7\/","title":{"rendered":"REVISTA DE ESTUDIOS COLOMBIANOS N\u00b07"},"content":{"rendered":"<h6 style=\"padding-left: 30px;\">1989<\/h6>\n<p style=\"padding-left: 30px;\"><strong>El oficio del escritor<br \/>\n<\/strong>\u2022 R. H. Moreno-Dur\u00e1n. <a href=\"\/wordpress\/wp-content\/themes\/pleasant\/REC\/REC%207\/El%20oficio%20del%20escritor\/2.REC_7_MorenoDuran.pdf\" target=\"_blank\" rel=\"noopener\">&#8220;La tentaci\u00f3n l\u00edrica&#8221;<\/a><\/p>\n<p style=\"padding-left: 30px;\">\u2022 Dar\u00edo Jaramillo Agudelo. <a href=\"\/wordpress\/wp-content\/themes\/pleasant\/REC\/REC%207\/El%20oficio%20del%20escritor\/3.REC_7_JaramilloAgudelo.pdf\">&#8220;Historia de una pasi\u00f3n&#8221;.<\/a><\/p>\n<p style=\"padding-left: 30px;\"><strong>Art\u00edculos<br \/>\n<\/strong>\u2022 Jos\u00e9 Miguel Oviedo. <a href=\"\/wordpress\/wp-content\/themes\/pleasant\/REC\/REC%207\/El%20oficio%20del%20escritor\/3.REC_7_JaramilloAgudelo.pdf\" target=\"_blank\" rel=\"noopener\">&#8220;Garc\u00eda M\u00e1rquez en el laberinto de la soledad&#8221;.<\/a><\/p>\n<p style=\"padding-left: 30px;\">\u2022 Rhonda Dahl Buchanan. <a href=\"\/wordpress\/wp-content\/themes\/pleasant\/REC\/REC%207\/Art%c3%adculos\/5.REC_7_RhondaDahlBuchanan.pdf\" target=\"_blank\" rel=\"noopener\">&#8220;El arte narrativo como exorcismo en La muerte de Alec y Cr\u00f3nica de una muerte anunciada&#8221;<\/a><\/p>\n<p style=\"padding-left: 30px;\"><strong>Notas: El General en su laberinto<br \/>\n<\/strong>\u2022 David Bushnell, <a href=\"\/wordpress\/wp-content\/themes\/pleasant\/REC\/REC%207\/Notas-%20El%20general%20en%20su%20laberinto\/6.REC_7_DavidBushnell.pdf\" target=\"_blank\" rel=\"noopener\">&#8220;El primer Nobel historiogr\u00e1fico&#8221;<\/a><\/p>\n<p style=\"padding-left: 30px;\">\u2022 Randolph Pope. <a href=\"\/wordpress\/wp-content\/themes\/pleasant\/REC\/REC%207\/Notas-%20El%20general%20en%20su%20laberinto\/7.REC_7_RandolphPope.pdf\" target=\"_blank\" rel=\"noopener\">&#8220;Lectura literaria&#8221;<\/a><\/p>\n<p style=\"padding-left: 30px;\">\u2022 George McMurray. <a href=\"\/wordpress\/wp-content\/themes\/pleasant\/REC\/REC%207\/Notas-%20El%20general%20en%20su%20laberinto\/8.REC_7_GeorgeRMcMurray.pdf\" target=\"_blank\" rel=\"noopener\">&#8220;Historia y ficci\u00f3n&#8221;<\/a><\/p>\n<p style=\"padding-left: 30px;\">\u2022 Federico Pat\u00e1n. <a href=\"\/wordpress\/wp-content\/themes\/pleasant\/REC\/REC%207\/Notas-%20El%20general%20en%20su%20laberinto\/9.REC_7_FedericoPatan.pdf\" target=\"_blank\" rel=\"noopener\">&#8220;Una novela de postrimer\u00edas&#8221;<\/a><\/p>\n<p style=\"padding-left: 30px;\"><strong>Rese\u00f1as<br \/>\n<\/strong>\u2022\u00a0<a href=\"\/wordpress\/wp-content\/themes\/pleasant\/REC\/REC%207\/Rese%c3%b1as\/10.REC_7_MarioABlanc.pdf\" target=\"_blank\" rel=\"noopener\">Amira de la Rosa, prosa.<\/a> (Mario A. Blanc)<\/p>\n<p style=\"padding-left: 30px;\">\u2022 <a href=\"\/wordpress\/wp-content\/themes\/pleasant\/REC\/REC%207\/Rese%c3%b1as\/11.REC_7_FlorMariaRodriguez.pdf\" target=\"_blank\" rel=\"noopener\">Mar\u00eda Mercedes de Velasco. El nuevo teatro colombiano y la colonizaci\u00f3n cultural<\/a> (Flor Mar\u00eda Rodr\u00edguez Arenas).<\/p>\n<p style=\"padding-left: 30px;\">\u2022 Robert Dix. <a href=\"\/wordpress\/wp-content\/themes\/pleasant\/REC\/REC%207\/Rese%c3%b1as\/12.REC_7_BruceBagley.pdf\" target=\"_blank\" rel=\"noopener\">The Politics of Colombia<\/a> (Bruce Bagley)<\/p>\n<p style=\"padding-left: 30px;\">\u2022 <a href=\"\/wordpress\/wp-content\/themes\/pleasant\/REC\/REC%207\/Rese%c3%b1as\/13.REC_7_MariaASalgadoFreidel.pdf\" target=\"_blank\" rel=\"noopener\">Jos\u00e9 Manuel Freidel. El \u00e1rbol de la casa de las muchachas flor y otros romances.<\/a> (Mar\u00eda A. Salgado)<\/p>\n<p style=\"padding-left: 30px;\">\u2022 <a href=\"\/wordpress\/wp-content\/themes\/pleasant\/REC\/REC%207\/Rese%c3%b1as\/14.REC_7_JanaDeJong.pdf\" target=\"_blank\" rel=\"noopener\">Magdalena Garc\u00eda Pinto. Historias \u00edntimas<\/a> (Jana DeJong)<\/p>\n<p style=\"padding-left: 30px;\">\u2022 <a href=\"\/wordpress\/wp-content\/themes\/pleasant\/REC\/REC%207\/Rese%c3%b1as\/15.REC_7_SandraGarabano.pdf\" target=\"_blank\" rel=\"noopener\">Gilberto G\u00f3mez Ocampo. Entre Mar\u00eda y La Vor\u00e1gine: la literatura colombiana finisecular (1886-1903).<\/a> (Sandra Garabano)<\/p>\n<p style=\"padding-left: 30px;\">\u2022 <a href=\"\/wordpress\/wp-content\/themes\/pleasant\/REC\/REC%207\/Rese%c3%b1as\/16.REC_7_KurtLevy.pdf\" target=\"_blank\" rel=\"noopener\">Manuel Mej\u00eda Vallejo. La casa de las dos palmas<\/a> (Kurt Levy)<\/p>\n<p style=\"padding-left: 30px;\">\u2022 <a href=\"\/wordpress\/wp-content\/themes\/pleasant\/REC\/REC%207\/Rese%c3%b1as\/17.REC_7_LuisIvanBedoya.pdf\" target=\"_blank\" rel=\"noopener\">Rodrigo Parra Sandoval. Un pasado para Micaela<\/a> (Luis Iv\u00e1n Bedoya)<\/p>\n<p style=\"padding-left: 30px;\">\u2022 <a href=\"\/wordpress\/wp-content\/themes\/pleasant\/REC\/REC%207\/Rese%c3%b1as\/18.REC_7_LuisIvanBedoyaSanta.pdf\" target=\"_blank\" rel=\"noopener\">Eduardo Santa. Cuarto menguante<\/a> (Luis Iv\u00e1n Bedoya)<\/p>\n<p style=\"padding-left: 30px;\">\u2022 <a href=\"\/wordpress\/wp-content\/themes\/pleasant\/REC\/REC%207\/Rese%c3%b1as\/19.REC_7_RaulFernandez.pdf\" target=\"_blank\" rel=\"noopener\">John Sheahan. Patterns of Development in Latin America<\/a> (Ra\u00fal Fern\u00e1ndez)<\/p>\n<p style=\"padding-left: 30px;\">\u2022 <a href=\"\/wordpress\/wp-content\/themes\/pleasant\/REC\/REC%207\/Rese%c3%b1as\/20.REC_7_DavidWilliamFoster.pdf\" target=\"_blank\" rel=\"noopener\">Fernando Vallejo. Los caminos a Roma<\/a> (David William Foster)<\/p>\n<p style=\"padding-left: 30px;\"><strong>Entrevistas<br \/>\n\u2022 <\/strong>Guillermo Garc\u00eda-Corales, <a href=\"\/wordpress\/wp-content\/themes\/pleasant\/REC\/REC%207\/Entrevistas\/21.REC_7_GuillermoGarcia.pdf\" target=\"_blank\" rel=\"noopener\">&#8220;Entrevista con Jorge Edwards&#8221;<\/a><\/p>\n<p style=\"padding-left: 30px;\">\u2022 Rhonda Dahl Buchanan, <a href=\"\/wordpress\/wp-content\/themes\/pleasant\/REC\/REC%207\/Entrevistas\/22.REC_7_RhondaBuchananCardona_lopez.pdf\" target=\"_blank\" rel=\"noopener\">&#8220;Entrevista a Jos\u00e9 Cardona L\u00f3pez&#8221;<\/a><\/p>\n<p style=\"padding-left: 30px;\">\u2022 Federico Pat\u00e1n, <a href=\"\/wordpress\/wp-content\/themes\/pleasant\/REC\/REC%207\/Entrevistas\/23.REC_7_FedericoPatan_GarciaAguilar.pdf\" target=\"_blank\" rel=\"noopener\">&#8220;Eduardo Garc\u00eda Aguilar: una entrevista&#8221;<\/a><\/p>\n<p style=\"padding-left: 30px;\"><a href=\"\/wordpress\/wp-content\/themes\/pleasant\/REC\/REC%207\/Los%20colombianistas%20de%20ayer%20y%20hoy\/24.REC_7_Colombianistas.pdf\" target=\"_blank\" rel=\"noopener\"><strong>Los colombianistas de ayer y hoy<\/strong><\/a><\/p>\n<p style=\"padding-left: 30px;\"><a href=\"\/wordpress\/wp-content\/themes\/pleasant\/REC\/REC%207\/Cr%c3%a9ditos\/1.REC_7_Creditos.pdf\" target=\"_blank\" rel=\"noopener\"><strong>Cr\u00e9ditos<\/strong><\/a><\/p>\n","protected":false},"excerpt":{"rendered":"<p>1989 El oficio del escritor \u2022 R. H. Moreno-Dur\u00e1n. &#8220;La tentaci\u00f3n l\u00edrica&#8221; \u2022 Dar\u00edo Jaramillo Agudelo. &#8220;Historia de una pasi\u00f3n&#8221;. Art\u00edculos \u2022 Jos\u00e9 Miguel Oviedo. &#8220;Garc\u00eda M\u00e1rquez en el laberinto de la soledad&#8221;. \u2022 Rhonda Dahl Buchanan. &#8220;El arte narrativo como exorcismo en La muerte de Alec y Cr\u00f3nica de una muerte anunciada&#8221; Notas: El General en su laberinto \u2022 David Bushnell, &#8220;El primer Nobel historiogr\u00e1fico&#8221; \u2022 Randolph Pope. &#8220;Lectura literaria&#8221; \u2022 George McMurray. &#8220;Historia y ficci\u00f3n&#8221; \u2022 Federico Pat\u00e1n. &#8220;Una novela de postrimer\u00edas&#8221; Rese\u00f1as \u2022\u00a0Amira de la Rosa, prosa. (Mario A. Blanc) \u2022 Mar\u00eda Mercedes de Velasco. El nuevo&#8230; <\/p>\n","protected":false},"author":20,"featured_media":0,"parent":52,"menu_order":0,"comment_status":"closed","ping_status":"closed","template":"template-no-sidebar.php","meta":{"footnotes":""},"class_list":["post-308","page","type-page","status-publish","hentry"],"_links":{"self":[{"href":"https:\/\/colombianistas.org\/wordpress\/index.php\/wp-json\/wp\/v2\/pages\/308"}],"collection":[{"href":"https:\/\/colombianistas.org\/wordpress\/index.php\/wp-json\/wp\/v2\/pages"}],"about":[{"href":"https:\/\/colombianistas.org\/wordpress\/index.php\/wp-json\/wp\/v2\/types\/page"}],"author":[{"embeddable":true,"href":"https:\/\/colombianistas.org\/wordpress\/index.php\/wp-json\/wp\/v2\/users\/20"}],"replies":[{"embeddable":true,"href":"https:\/\/colombianistas.org\/wordpress\/index.php\/wp-json\/wp\/v2\/comments?post=308"}],"version-history":[{"count":3,"href":"https:\/\/colombianistas.org\/wordpress\/index.php\/wp-json\/wp\/v2\/pages\/308\/revisions"}],"predecessor-version":[{"id":2746,"href":"https:\/\/colombianistas.org\/wordpress\/index.php\/wp-json\/wp\/v2\/pages\/308\/revisions\/2746"}],"up":[{"embeddable":true,"href":"https:\/\/colombianistas.org\/wordpress\/index.php\/wp-json\/wp\/v2\/pages\/52"}],"wp:attachment":[{"href":"https:\/\/colombianistas.org\/wordpress\/index.php\/wp-json\/wp\/v2\/media?parent=308"}],"curies":[{"name":"wp","href":"https:\/\/api.w.org\/{rel}","templated":true}]}}