{"id":310,"date":"2018-05-20T10:42:02","date_gmt":"2018-05-20T05:42:02","guid":{"rendered":"https:\/\/prometeo.work\/?page_id=310"},"modified":"2023-10-03T20:45:55","modified_gmt":"2023-10-03T15:45:55","slug":"revista-de-estudios-colombianos-n6","status":"publish","type":"page","link":"https:\/\/colombianistas.org\/wordpress\/index.php\/revistas-anteriores\/revista-de-estudios-colombianos-n6\/","title":{"rendered":"REVISTA DE ESTUDIOS COLOMBIANOS N\u00b06"},"content":{"rendered":"<h6 style=\"padding-left: 30px;\">1989<\/h6>\n<p style=\"padding-left: 30px;\"><strong>El oficio del escritor<br \/>\n<\/strong>\u2022 Alfonso L\u00f3pez Michelsen, <a href=\"\/wordpress\/wp-content\/themes\/pleasant\/REC\/REC%206\/El%20oficio%20del%20escritor\/2.REC_6_LopezMichelsen.pdf\" target=\"_blank\" rel=\"noopener\">&#8220;Un laborioso alumbramiento&#8221;<\/a><\/p>\n<p style=\"padding-left: 30px;\">\u2022 Belisario Betancur, <a href=\"\/wordpress\/wp-content\/themes\/pleasant\/REC\/REC%206\/El%20oficio%20del%20escritor\/3.REC_6_BBetancur.pdf\" target=\"_blank\" rel=\"noopener\">&#8220;El tiempo de b\u00fasqueda&#8221;<\/a><\/p>\n<p style=\"padding-left: 30px;\"><strong>Art\u00edculos<br \/>\n\u2022 <\/strong>Sharon Michael Palencia-Roth, <a href=\"\/wordpress\/wp-content\/themes\/pleasant\/REC\/REC%206\/Art%c3%adculos\/4.REC_6_MichaelPalenciaRoth.pdf\" target=\"_blank\" rel=\"noopener\">&#8220;Cr\u00f3nicas de una muerte anunciada: el antiedipo de Garc\u00eda M\u00e1rquez&#8221;<\/a><\/p>\n<p style=\"padding-left: 30px;\">\u2022 Marvin Lewis, <a href=\"\/wordpress\/wp-content\/themes\/pleasant\/REC\/REC%206\/Art%c3%adculos\/5.REC_6_MarvinLewis.pdf\" target=\"_blank\" rel=\"noopener\">&#8220;Violencia y resistencia: una perspectiva literaria y afrocolombiana&#8221;<\/a><\/p>\n<p style=\"padding-left: 30px;\">\u2022 Ben Heller, <a href=\"\/wordpress\/wp-content\/themes\/pleasant\/REC\/REC%206\/Art%c3%adculos\/6.REC_6_BenHeller.pdf\" target=\"_blank\" rel=\"noopener\">&#8220;Lectura marginal de un texto marginado: Respirando el verano de H\u00e9ctor Rojas Herazo&#8221;.<\/a><\/p>\n<p style=\"padding-left: 30px;\"><strong>Notas<br \/>\n\u2022 <\/strong>Gene Bell-Villada, <a href=\"\/wordpress\/wp-content\/themes\/pleasant\/REC\/REC%206\/Notas\/7.REC_6_GeneBellVillada.pdf\" target=\"_blank\" rel=\"noopener\">&#8220;El joven periodista Garc\u00eda M\u00e1rquez y la pol\u00edtica de la cultura popular&#8221;<\/a><\/p>\n<p style=\"padding-left: 30px;\">\u2022 \u00c1ngela Robledo, <a href=\"\/wordpress\/wp-content\/themes\/pleasant\/REC\/REC%206\/Notas\/8.REC_6_AngelaIRobledo.pdf\" target=\"_blank\" rel=\"noopener\">&#8220;Sobre los Textos cr\u00edticos de Montserrat Ordo\u00f1ez&#8221;<\/a><\/p>\n<p style=\"padding-left: 30px;\"><strong>Rese\u00f1as<br \/>\n\u2022 <\/strong><a href=\"\/wordpress\/wp-content\/themes\/pleasant\/REC\/REC%206\/Rese%c3%b1as\/9.REC_6_RobertHDavis.pdf\" target=\"_blank\" rel=\"noopener\">Carlos Arango et al, &#8220;Cuatro libros sobre la violencia&#8221;<\/a> por Robert H. Davis<\/p>\n<p style=\"padding-left: 30px;\">\u2022 <a href=\"\/wordpress\/wp-content\/themes\/pleasant\/REC\/REC%206\/Rese%c3%b1as\/10.REC_6_MariaBlanco.pdf\" target=\"_blank\" rel=\"noopener\">Roberto Burgos, De gozos y desvelos<\/a> por Mar\u00eda D. Blanco-Arnejo<\/p>\n<p style=\"padding-left: 30px;\">\u2022 <a href=\"\/wordpress\/wp-content\/themes\/pleasant\/REC\/REC%206\/Rese%c3%b1as\/11.REC_6_MadridMalo.pdf\" target=\"_blank\" rel=\"noopener\">Juan Gustavo Cobo Borda, Arciniegas de cuerpo entero<\/a> por N\u00e9stor Madrid-Malo<\/p>\n<p style=\"padding-left: 30px;\">\u2022 <a href=\"\/wordpress\/wp-content\/themes\/pleasant\/REC\/REC%206\/Rese%c3%b1as\/12.REC_6_DavidSowell.pdf\" target=\"_blank\" rel=\"noopener\">Germ\u00e1n Colmenares et al, La independencia: ensayos de historia social<\/a> por David Sowell<\/p>\n<p style=\"padding-left: 30px;\">\u2022 <a href=\"\/wordpress\/wp-content\/themes\/pleasant\/REC\/REC%206\/Rese%c3%b1as\/13.REC_6_MariaJoseBustos.pdf\" target=\"_blank\" rel=\"noopener\">Germ\u00e1n Espinosa, El signo del pez<\/a> por Mar\u00eda Jos\u00e9 Bustos Fern\u00e1ndez<\/p>\n<p style=\"padding-left: 30px;\">\u2022 <a href=\"\/wordpress\/wp-content\/themes\/pleasant\/REC\/REC%206\/Rese%c3%b1as\/14.REC_6_LuisFCalero.pdf\" target=\"_blank\" rel=\"noopener\">Diego Garc\u00e9s Giraldo, Sebasti\u00e1n de Belalcazar, fundador de ciudades<\/a> por Luis F. Calero<\/p>\n<p style=\"padding-left: 30px;\">\u2022 <a href=\"\/wordpress\/wp-content\/themes\/pleasant\/REC\/REC%206\/Rese%c3%b1as\/15.REC_6_JohnJHassett.pdf\" target=\"_blank\" rel=\"noopener\">Alejandro Gonz\u00e1lez, Sobrevivir<\/a> por John J. Hassett<\/p>\n<p style=\"padding-left: 30px;\">\u2022 <a href=\"\/wordpress\/wp-content\/themes\/pleasant\/REC\/REC%206\/Rese%c3%b1as\/16.REC_6_GeorgeMcMurray.pdf\" target=\"_blank\" rel=\"noopener\">Tom\u00e1s Gonz\u00e1lez, Para antes del olvido<\/a> por George McMurray<\/p>\n<p style=\"padding-left: 30px;\">\u2022 <a href=\"\/wordpress\/wp-content\/themes\/pleasant\/REC\/REC%206\/Rese%c3%b1as\/17.REC_6_JamesWPark.pdf\" target=\"_blank\" rel=\"noopener\">Santiago Londo\u00f1o V\u00e9lez, Colombia 1886<\/a> por James W. Park<\/p>\n<p style=\"padding-left: 30px;\">\u2022 <a href=\"\/wordpress\/wp-content\/themes\/pleasant\/REC\/REC%206\/Rese%c3%b1as\/18.REC_6_JohnJHassetMcMurray.pdf\" target=\"_blank\" rel=\"noopener\">George McMurray, Critical Essays on Gabriel Garc\u00eda M\u00e1rquez<\/a> por John J. Hssett<\/p>\n<p style=\"padding-left: 30px;\">\u2022 <a href=\"\/wordpress\/wp-content\/themes\/pleasant\/REC\/REC%206\/Rese%c3%b1as\/19.REC_6_DonaldSchmidtMinc.pdf\" target=\"_blank\" rel=\"noopener\">Rose Ninc y Sara Castro-Klaren, Discurso literario<\/a> por Donald L. Schmidt<\/p>\n<p style=\"padding-left: 30px;\">\u2022 <a href=\"\/wordpress\/wp-content\/themes\/pleasant\/REC\/REC%206\/Rese%c3%b1as\/20.REC_6_RobertLSims.pdf\" target=\"_blank\" rel=\"noopener\">Stephen Minta, Gabriel Garc\u00eda M\u00e1rquez: Writer of Colombia<\/a> por Robert L. Sims<\/p>\n<p style=\"padding-left: 30px;\">\u2022 <a href=\"\/wordpress\/wp-content\/themes\/pleasant\/REC\/REC%206\/Rese%c3%b1as\/21.REC_6_SantiagoLopez.pdf\" target=\"_blank\" rel=\"noopener\">R.H. Moreno-Dur\u00e1n, Los Felinos del canciller<\/a> por Santiago L\u00f3pez Torres<\/p>\n<p style=\"padding-left: 30px;\">\u2022 <a href=\"\/wordpress\/wp-content\/themes\/pleasant\/REC\/REC%206\/Rese%c3%b1as\/22.REC_6_JamesAlstrumOrdonez.pdf\" target=\"_blank\" rel=\"noopener\">Montserrat Ord\u00f3\u00f1ez, Ekdysis<\/a> por James J. Alstrum<\/p>\n<p style=\"padding-left: 30px;\">\u2022 <a href=\"\/wordpress\/wp-content\/themes\/pleasant\/REC\/REC%206\/Rese%c3%b1as\/23.REC_6_Maurice%20Brundgardt.pdf\" target=\"_blank\" rel=\"noopener\">James William Park, Rafael N\u00fa\u00f1ez and the Politics of Colombian Regionalism, 1863-1886<\/a> por Mauricio Brungardt<\/p>\n<p style=\"padding-left: 30px;\">\u2022 <a href=\"\/wordpress\/wp-content\/themes\/pleasant\/REC\/REC%206\/Rese%c3%b1as\/24.REC_6_DonaldLSchmidtSouza.pdf\" target=\"_blank\" rel=\"noopener\">Raymond D. Souza, La historia en la novela hispanoamericana<\/a> por Donald L. Schmidt<\/p>\n<p style=\"padding-left: 30px;\"><strong>Entrevistas<br \/>\n<\/strong>Raymond L. Williams, <a href=\"\/wordpress\/wp-content\/themes\/pleasant\/REC\/REC%206\/Entrevistas\/25.REC_6_RaymondWilliams,pdf.pdf\" target=\"_blank\" rel=\"noopener\">&#8220;Entrevista con Gabriel Garc\u00eda M\u00e1rquez&#8221;<\/a><\/p>\n<p style=\"padding-left: 30px;\"><a href=\"\/wordpress\/wp-content\/themes\/pleasant\/REC\/REC%206\/Cr%c3%a9ditos\/1.REC_6_Creditos.pdf\" target=\"_blank\" rel=\"noopener\"><strong>Cr\u00e9ditos<\/strong><\/a><\/p>\n","protected":false},"excerpt":{"rendered":"<p>1989 El oficio del escritor \u2022 Alfonso L\u00f3pez Michelsen, &#8220;Un laborioso alumbramiento&#8221; \u2022 Belisario Betancur, &#8220;El tiempo de b\u00fasqueda&#8221; Art\u00edculos \u2022 Sharon Michael Palencia-Roth, &#8220;Cr\u00f3nicas de una muerte anunciada: el antiedipo de Garc\u00eda M\u00e1rquez&#8221; \u2022 Marvin Lewis, &#8220;Violencia y resistencia: una perspectiva literaria y afrocolombiana&#8221; \u2022 Ben Heller, &#8220;Lectura marginal de un texto marginado: Respirando el verano de H\u00e9ctor Rojas Herazo&#8221;. Notas \u2022 Gene Bell-Villada, &#8220;El joven periodista Garc\u00eda M\u00e1rquez y la pol\u00edtica de la cultura popular&#8221; \u2022 \u00c1ngela Robledo, &#8220;Sobre los Textos cr\u00edticos de Montserrat Ordo\u00f1ez&#8221; Rese\u00f1as \u2022 Carlos Arango et al, &#8220;Cuatro libros sobre la violencia&#8221; por Robert&#8230; <\/p>\n","protected":false},"author":20,"featured_media":0,"parent":52,"menu_order":0,"comment_status":"closed","ping_status":"closed","template":"template-no-sidebar.php","meta":{"footnotes":""},"class_list":["post-310","page","type-page","status-publish","hentry"],"_links":{"self":[{"href":"https:\/\/colombianistas.org\/wordpress\/index.php\/wp-json\/wp\/v2\/pages\/310"}],"collection":[{"href":"https:\/\/colombianistas.org\/wordpress\/index.php\/wp-json\/wp\/v2\/pages"}],"about":[{"href":"https:\/\/colombianistas.org\/wordpress\/index.php\/wp-json\/wp\/v2\/types\/page"}],"author":[{"embeddable":true,"href":"https:\/\/colombianistas.org\/wordpress\/index.php\/wp-json\/wp\/v2\/users\/20"}],"replies":[{"embeddable":true,"href":"https:\/\/colombianistas.org\/wordpress\/index.php\/wp-json\/wp\/v2\/comments?post=310"}],"version-history":[{"count":4,"href":"https:\/\/colombianistas.org\/wordpress\/index.php\/wp-json\/wp\/v2\/pages\/310\/revisions"}],"predecessor-version":[{"id":2745,"href":"https:\/\/colombianistas.org\/wordpress\/index.php\/wp-json\/wp\/v2\/pages\/310\/revisions\/2745"}],"up":[{"embeddable":true,"href":"https:\/\/colombianistas.org\/wordpress\/index.php\/wp-json\/wp\/v2\/pages\/52"}],"wp:attachment":[{"href":"https:\/\/colombianistas.org\/wordpress\/index.php\/wp-json\/wp\/v2\/media?parent=310"}],"curies":[{"name":"wp","href":"https:\/\/api.w.org\/{rel}","templated":true}]}}