{"id":312,"date":"2018-05-20T10:42:19","date_gmt":"2018-05-20T05:42:19","guid":{"rendered":"https:\/\/prometeo.work\/?page_id=312"},"modified":"2023-10-03T20:45:43","modified_gmt":"2023-10-03T15:45:43","slug":"revista-de-estudios-colombianos-n5","status":"publish","type":"page","link":"https:\/\/colombianistas.org\/wordpress\/index.php\/revistas-anteriores\/revista-de-estudios-colombianos-n5\/","title":{"rendered":"REVISTA DE ESTUDIOS COLOMBIANOS N\u00b05"},"content":{"rendered":"<h6 style=\"padding-left: 30px;\">1988<\/h6>\n<p style=\"padding-left: 30px;\"><strong><a href=\"\/wordpress\/wp-content\/themes\/pleasant\/REC\/REC%205\/El%20oficio%20del%20escritor\/2.REC_5_AcostadeSamper.pdf\" target=\"_blank\" rel=\"noopener\">El oficio del escritor<\/a><br \/>\n<\/strong>Soledad Acosta de Samper, &#8220;Misi\u00f3n de la Escritora en Hispano-Am\u00e9rica&#8221;<\/p>\n<p style=\"padding-left: 30px;\"><strong>Art\u00edculos<br \/>\n\u2022 <\/strong>Sharon Magnarelli, <a href=\"\/wordpress\/wp-content\/themes\/pleasant\/REC\/REC%205\/Art%c3%adculos\/3.REC_5_SharonMagnarelli.pdf\" target=\"_blank\" rel=\"noopener\">&#8220;La poetizaci\u00f3n de los personajes femeninos en Mar\u00eda y La vor\u00e1gine&#8221;<\/a><\/p>\n<p style=\"padding-left: 30px;\">\u2022 Gilberto G\u00f3mez Ocampo, <a href=\"\/wordpress\/wp-content\/themes\/pleasant\/REC\/REC%205\/Art%c3%adculos\/4.REC_5_GGomezOcampo.pdf\" target=\"_blank\" rel=\"noopener\">&#8220;El proyecto feminista de Soledad Acosta de Samper: An\u00e1lisis de El coraz\u00f3n de la mujer&#8221;.<\/a><\/p>\n<p style=\"padding-left: 30px;\">\u2022 Patricia Londo\u00f1o, <a href=\"\/wordpress\/wp-content\/themes\/pleasant\/REC\/REC%205\/Art%c3%adculos\/5.REC_5_PatriciaLondono.pdf\" target=\"_blank\" rel=\"noopener\">&#8220;Mosaico de Antioque\u00f1as del Siglo XIX&#8221;<\/a><\/p>\n<p style=\"padding-left: 30px;\"><strong>Notas<br \/>\n\u2022 <\/strong>C. Luc\u00eda Garavito, <a href=\"\/wordpress\/wp-content\/themes\/pleasant\/REC\/REC%205\/Notas\/6.REC_5_CLuciaGaravito.pdf\" target=\"_blank\" rel=\"noopener\">&#8220;El hombre de paja&#8221; de Fanny Buitrago: una aproximaci\u00f3n semi\u00f3tica y hermene\u00fatica&#8221;<\/a><\/p>\n<p style=\"padding-left: 30px;\">\u2022 Alicia Fajardo, <a href=\"\/wordpress\/wp-content\/themes\/pleasant\/REC\/REC%205\/Notas\/7.REC_5_AliciaFajardo.pdf\" target=\"_blank\" rel=\"noopener\">&#8220;Panorama de la cr\u00edtica feminista en Norteam\u00e9rica&#8221;<\/a><\/p>\n<p style=\"padding-left: 30px;\"><strong>Rese\u00f1as<br \/>\n<\/strong>\u2022 <a href=\"\/wordpress\/wp-content\/themes\/pleasant\/REC\/REC%205\/Rese%c3%b1as\/8.REC_5_JamesAlstrum.pdf\" target=\"_blank\" rel=\"noopener\">Luis-Iv\u00e1n Bedoya, Aprender a aprehender<\/a> (James. Alstrum)<\/p>\n<p style=\"padding-left: 30px;\">\u2022 <a href=\"\/wordpress\/wp-content\/themes\/pleasant\/REC\/REC%205\/Rese%c3%b1as\/9.REC_5_APinedaBotero.pdf\" target=\"_blank\" rel=\"noopener\">Antonio Caballero, Sin Remedio<\/a> (\u00c1lvaro Pineda Botero)<\/p>\n<p style=\"padding-left: 30px;\">\u2022 <a href=\"\/wordpress\/wp-content\/themes\/pleasant\/REC\/REC%205\/Rese%c3%b1as\/10.REC_5_DJaramilloAgudelo.pdf\" target=\"_blank\" rel=\"noopener\">Mar\u00eda Mercedes Carranza, Hola Soledad<\/a> (Dar\u00edo Jaramillo Agudelo)<\/p>\n<p style=\"padding-left: 30px;\">\u2022 <a href=\"\/wordpress\/wp-content\/themes\/pleasant\/REC\/REC%205\/Rese%c3%b1as\/11.REC_5_CHernandezdeMendoza.pdf\" target=\"_blank\" rel=\"noopener\">Mar\u00eda Mercedes Carranza, Vainas<\/a> (Cecilia Hern\u00e1ndez de M\u00e9ndez)<\/p>\n<p style=\"padding-left: 30px;\">\u2022 <a href=\"\/wordpress\/wp-content\/themes\/pleasant\/REC\/REC%205\/Rese%c3%b1as\/12.REC_5_GeorgeMcMurray.pdf\" target=\"_blank\" rel=\"noopener\">Oscar Collazos, Garc\u00eda M\u00e1rquez: la soledad y la gloria<\/a> (George R. McMurray)<\/p>\n<p style=\"padding-left: 30px;\">\u2022 <a href=\"\/wordpress\/wp-content\/themes\/pleasant\/REC\/REC%205\/Rese%c3%b1as\/13.REC_5_LuisIvanBedoya.pdf\" target=\"_blank\" rel=\"noopener\">Arturo Echeverry Mej\u00eda, Belchite<\/a> (Luis-Iv\u00e1n Bedoya)<\/p>\n<p style=\"padding-left: 30px;\">\u2022 <a href=\"\/wordpress\/wp-content\/themes\/pleasant\/REC\/REC%205\/Rese%c3%b1as\/14.REC_5_WendyKnapp.pdf\" target=\"_blank\" rel=\"noopener\">Sandra Gilbert y Susan Gubar, The Madwoman in the Attic<\/a> (Wendy Knapp)<\/p>\n<p style=\"padding-left: 30px;\">\u2022 <a href=\"\/wordpress\/wp-content\/themes\/pleasant\/REC\/REC%205\/Rese%c3%b1as\/15.REC_5_MauriceBrungardt.pdf\" target=\"_blank\" rel=\"noopener\">Catherine LeGrand, Frontier expansion and peasant protest in Colombia 1850-1936<\/a> (Maurice Brungardt)<\/p>\n<p style=\"padding-left: 30px;\">\u2022 <a href=\"\/wordpress\/wp-content\/themes\/pleasant\/REC\/REC%205\/Rese%c3%b1as\/16.REC_5_PinedaBoteroLopera.pdf\" target=\"_blank\" rel=\"noopener\">Jaime Lopera Guiti\u00e9rrez, La colonizaci\u00f3n del Quindio<\/a> (\u00c1lvaro Pineda Botero)<\/p>\n<p style=\"padding-left: 30px;\">\u2022 <a href=\"\/wordpress\/wp-content\/themes\/pleasant\/REC\/REC%205\/Rese%c3%b1as\/17.REC_5_DonaldLschmidt.pdf\" target=\"_blank\" rel=\"noopener\">George McMurray, Spanish American Writing Since 1941<\/a> (Donald L. Schmidt)<\/p>\n<p style=\"padding-left: 30px;\">\u2022 <a href=\"\/wordpress\/wp-content\/themes\/pleasant\/REC\/REC%205\/Rese%c3%b1as\/18.REC_5_GermanVargas.pdf\" target=\"_blank\" rel=\"noopener\">Manuel Mej\u00eda Vallejo, La sombra de tu paso<\/a> (Germ\u00e1n Vargas)<\/p>\n<p style=\"padding-left: 30px;\">\u2022 <a href=\"\/wordpress\/wp-content\/themes\/pleasant\/REC\/REC%205\/Rese%c3%b1as\/19.REC_5_GermanVargasMoreno.pdf\" target=\"_blank\" rel=\"noopener\">Marvel Moreno, En diciembre llegaban las brisas<\/a> (Germ\u00e1n Vargas)<\/p>\n<p style=\"padding-left: 30px;\">\u2022 <a href=\"\/wordpress\/wp-content\/themes\/pleasant\/REC\/REC%205\/Rese%c3%b1as\/20.REC_5_PinedaBoteroMorgan.pdf\" target=\"_blank\" rel=\"noopener\">Richard Morgan Stewart, Mitolog\u00edas personales con Augusto Rivera.<\/a> (\u00c1lvaro Pineda Botero)<\/p>\n<p style=\"padding-left: 30px;\">\u2022 <a href=\"\/wordpress\/wp-content\/themes\/pleasant\/REC\/REC%205\/Rese%c3%b1as\/21.REC_MontserratOrdonez.pdf\" target=\"_blank\" rel=\"noopener\">Elisa M\u00fajica, La tienda de im\u00e1genes<\/a> (Montserrat Ord\u00f3\u00f1ez)<\/p>\n<p style=\"padding-left: 30px;\">\u2022 <a href=\"\/wordpress\/wp-content\/themes\/pleasant\/REC\/REC%205\/Rese%c3%b1as\/22.REC_LuisIvanBedoyaPardo.pdf\" target=\"_blank\" rel=\"noopener\">Jorge El\u00e9cer Pardo, Irene<\/a> (Luis-Iv\u00e1n Bedoya)<\/p>\n<p style=\"padding-left: 30px;\">\u2022 <a href=\"\/wordpress\/wp-content\/themes\/pleasant\/REC\/REC%205\/Rese%c3%b1as\/23.REC_5_JEJaramilloZuluaga.pdf\" target=\"_blank\" rel=\"noopener\">Armando Silva, Una ciudad imaginada<\/a> (J. E. Jaramillo Zuluaga)<\/p>\n<p style=\"padding-left: 30px;\"><strong>Entrevistas<br \/>\n\u2022 <\/strong>\u00c1ngela Mar\u00eda P\u00e9rez Mej\u00eda, <a href=\"\/wordpress\/wp-content\/themes\/pleasant\/REC\/REC%205\/Entrevistas\/24.REC_5_AngelaPerez.pdf\" target=\"_blank\" rel=\"noopener\">&#8220;Entrevista a Mar\u00eda Mercedes Carranza&#8221;<\/a><\/p>\n<p style=\"padding-left: 30px;\">\u2022 Susie L. De Vargas, <a href=\"\/wordpress\/wp-content\/themes\/pleasant\/REC\/REC%205\/Entrevistas\/25.REC_5_SusieLVargas.pdf\" target=\"_blank\" rel=\"noopener\">&#8220;Entrevista con Meira Delmar&#8221;<\/a><\/p>\n<p style=\"padding-left: 30px;\">\u2022 Raymond L. Williams, <a href=\"\/wordpress\/wp-content\/themes\/pleasant\/REC\/REC%205\/Entrevistas\/26.REC_5_RaymondWilliams.pdf\" target=\"_blank\" rel=\"noopener\">&#8220;Entrevista con Elena Poliatowska&#8221;<\/a><\/p>\n<p style=\"padding-left: 30px;\"><a href=\"\/wordpress\/wp-content\/themes\/pleasant\/REC\/REC%205\/Los%20colombianistas%20de%20ayer%20y%20hoy\/27.REC_5_Colombianistas.pdf\" target=\"_blank\" rel=\"noopener\"><strong>Los colombianistas de ayer y hoy<\/strong><\/a><\/p>\n<p style=\"padding-left: 30px;\"><a href=\"\/wordpress\/wp-content\/themes\/pleasant\/REC\/REC%205\/Noticias\/28.REC_Noticias.pdf\" target=\"_blank\" rel=\"noopener\"><strong>Noticias<\/strong><\/a><\/p>\n<p style=\"padding-left: 30px;\"><a href=\"\/wordpress\/wp-content\/themes\/pleasant\/REC\/REC%205\/Cr%c3%a9ditos\/1.REC_5_Creditos.pdf\" target=\"_blank\" rel=\"noopener\"><strong>Cr\u00e9ditos<\/strong><\/a><\/p>\n","protected":false},"excerpt":{"rendered":"<p>1988 El oficio del escritor Soledad Acosta de Samper, &#8220;Misi\u00f3n de la Escritora en Hispano-Am\u00e9rica&#8221; Art\u00edculos \u2022 Sharon Magnarelli, &#8220;La poetizaci\u00f3n de los personajes femeninos en Mar\u00eda y La vor\u00e1gine&#8221; \u2022 Gilberto G\u00f3mez Ocampo, &#8220;El proyecto feminista de Soledad Acosta de Samper: An\u00e1lisis de El coraz\u00f3n de la mujer&#8221;. \u2022 Patricia Londo\u00f1o, &#8220;Mosaico de Antioque\u00f1as del Siglo XIX&#8221; Notas \u2022 C. Luc\u00eda Garavito, &#8220;El hombre de paja&#8221; de Fanny Buitrago: una aproximaci\u00f3n semi\u00f3tica y hermene\u00fatica&#8221; \u2022 Alicia Fajardo, &#8220;Panorama de la cr\u00edtica feminista en Norteam\u00e9rica&#8221; Rese\u00f1as \u2022 Luis-Iv\u00e1n Bedoya, Aprender a aprehender (James. Alstrum) \u2022 Antonio Caballero, Sin Remedio (\u00c1lvaro&#8230; <\/p>\n","protected":false},"author":20,"featured_media":0,"parent":52,"menu_order":0,"comment_status":"closed","ping_status":"closed","template":"template-no-sidebar.php","meta":{"footnotes":""},"class_list":["post-312","page","type-page","status-publish","hentry"],"_links":{"self":[{"href":"https:\/\/colombianistas.org\/wordpress\/index.php\/wp-json\/wp\/v2\/pages\/312"}],"collection":[{"href":"https:\/\/colombianistas.org\/wordpress\/index.php\/wp-json\/wp\/v2\/pages"}],"about":[{"href":"https:\/\/colombianistas.org\/wordpress\/index.php\/wp-json\/wp\/v2\/types\/page"}],"author":[{"embeddable":true,"href":"https:\/\/colombianistas.org\/wordpress\/index.php\/wp-json\/wp\/v2\/users\/20"}],"replies":[{"embeddable":true,"href":"https:\/\/colombianistas.org\/wordpress\/index.php\/wp-json\/wp\/v2\/comments?post=312"}],"version-history":[{"count":4,"href":"https:\/\/colombianistas.org\/wordpress\/index.php\/wp-json\/wp\/v2\/pages\/312\/revisions"}],"predecessor-version":[{"id":2744,"href":"https:\/\/colombianistas.org\/wordpress\/index.php\/wp-json\/wp\/v2\/pages\/312\/revisions\/2744"}],"up":[{"embeddable":true,"href":"https:\/\/colombianistas.org\/wordpress\/index.php\/wp-json\/wp\/v2\/pages\/52"}],"wp:attachment":[{"href":"https:\/\/colombianistas.org\/wordpress\/index.php\/wp-json\/wp\/v2\/media?parent=312"}],"curies":[{"name":"wp","href":"https:\/\/api.w.org\/{rel}","templated":true}]}}