{"id":314,"date":"2018-05-20T10:42:45","date_gmt":"2018-05-20T05:42:45","guid":{"rendered":"https:\/\/prometeo.work\/?page_id=314"},"modified":"2023-10-03T20:24:38","modified_gmt":"2023-10-03T15:24:38","slug":"revista-de-estudios-colombianos-n4","status":"publish","type":"page","link":"https:\/\/colombianistas.org\/wordpress\/index.php\/revistas-anteriores\/revista-de-estudios-colombianos-n4\/","title":{"rendered":"REVISTA DE ESTUDIOS COLOMBIANOS N\u00b04"},"content":{"rendered":"<h6 style=\"padding-left: 30px;\">1987<\/h6>\n<p style=\"padding-left: 30px;\"><strong><a href=\"\/wordpress\/wp-content\/themes\/pleasant\/REC\/REC%204\/El%20oficio%20del%20escritor\/2.REC_4_EnriqueBuenaventura.pdf\" target=\"_blank\" rel=\"noopener\">El oficio del escritor<\/a><br \/>\n<\/strong>Enrique Buenaventura. La literatura dram\u00e1tica<\/p>\n<p style=\"padding-left: 30px;\"><strong>Art\u00edculos<br \/>\n\u2022 <\/strong>John S. Brushwood. <a href=\"\/wordpress\/wp-content\/themes\/pleasant\/REC\/REC%204\/Art%c3%adculos\/3.REC_4_JohnBrushwoodTeoria.pdf\" target=\"_blank\" rel=\"noopener\">Teor\u00eda literaria: Pr\u00e1ctica hispanoamericana<\/a><\/p>\n<p style=\"padding-left: 30px;\">\u2022 Charles Bergquist. <a href=\"\/wordpress\/wp-content\/themes\/pleasant\/REC\/REC%204\/Art%c3%adculos\/4.REC_4_CharlesBergquist.pdf\" target=\"_blank\" rel=\"noopener\">Literatura e historia, \u00bfcordura o locura?<\/a><\/p>\n<p style=\"padding-left: 30px;\"><strong>Notas<br \/>\n\u2022 <\/strong>Raymond D. Souza. <a href=\"\/wordpress\/wp-content\/themes\/pleasant\/REC\/REC%204\/Notas\/5.REC_04_RaymondDSouza.pdf\" target=\"_blank\" rel=\"noopener\">Historia, literatura, teor\u00eda: Observaciones sobre los ensayos de Bergquist y Brushwood.<\/a><\/p>\n<p style=\"padding-left: 30px;\">\u2022 Beatriz Gonz\u00e1lez Stephan. <a href=\"\/wordpress\/wp-content\/themes\/pleasant\/REC\/REC%204\/Notas\/6.REC_5_BeatrizGonzalezStephan.pdf\" target=\"_blank\" rel=\"noopener\">La historiograf\u00eda literaria hispanoamericana: agenda de problemas para una historia de la literatura nacional.<\/a><\/p>\n<p style=\"padding-left: 30px;\"><strong>Rese\u00f1as<br \/>\nA. Sobre la teor\u00eda<br \/>\n<\/strong>\u2022 <a href=\"\/wordpress\/wp-content\/themes\/pleasant\/REC\/REC%204\/Rese%c3%b1as\/7.REC_5_DiogenesFajardo.pdf\" target=\"_blank\" rel=\"noopener\">Argumentos Nos. 10-13. Sociolog\u00eda de la literatura.<\/a> Di\u00f3genes Fajardo.<\/p>\n<p style=\"padding-left: 30px;\">\u2022 <a href=\"\/wordpress\/wp-content\/themes\/pleasant\/REC\/REC%204\/Rese%c3%b1as\/8.REC_4_RobertSims.pdf\" target=\"_blank\" rel=\"noopener\">M.M. Bajtin. Est\u00e9tica de la creaci\u00f3n verbal.<\/a> Robert Sims.<\/p>\n<p style=\"padding-left: 30px;\">\u2022 <a href=\"\/wordpress\/wp-content\/themes\/pleasant\/REC\/REC%204\/Rese%c3%b1as\/9.REC_4_MarioBlanc.pdf\" target=\"_blank\" rel=\"noopener\">John S. Brushwood. Genteel Barbarism: New Readings of the Nineteenth Century Spanish American Novels.<\/a> Mario Blanc<\/p>\n<p style=\"padding-left: 30px;\">\u2022 <a href=\"\/wordpress\/wp-content\/themes\/pleasant\/REC\/REC%204\/Rese%c3%b1as\/10.REC_4_BensaVera.pdf\" target=\"_blank\" rel=\"noopener\">Gerard Genette. Figures III \/ Narrative Discourse.<\/a> Bensa Vera<\/p>\n<p style=\"padding-left: 30px;\">\u2022 <a href=\"\/wordpress\/wp-content\/themes\/pleasant\/REC\/REC%204\/Rese%c3%b1as\/11.REC_4_R.SimsOng.pdf\" target=\"_blank\" rel=\"noopener\">Walter Ong. Oralidad y escritura: tecnolog\u00edas de la palabra.<\/a> Robert Sims<\/p>\n<p style=\"padding-left: 30px;\">\u2022 <a href=\"\/wordpress\/wp-content\/themes\/pleasant\/REC\/REC%204\/Rese%c3%b1as\/12.REC_4_MontserratOrdo%c3%b1ez.pdf\" target=\"_blank\" rel=\"noopener\">Alvaro Pineda Botero. Teor\u00eda de la novela.<\/a> Monserrat Ord\u00f3\u00f1ez<\/p>\n<p style=\"padding-left: 30px;\"><strong>B. Sobre temas colombianos<br \/>\n\u2022 <\/strong><a href=\"\/wordpress\/wp-content\/themes\/pleasant\/REC\/REC%204\/Rese%c3%b1as\/14.REC_RichardJWalter.pdf\" target=\"_blank\" rel=\"noopener\">Charles Bergquist. Labor in Latin America: Comparative Essays on Chile, Argentina, Venezuela, and Colombia.<\/a> Richard Walter<\/p>\n<p style=\"padding-left: 30px;\">\u2022 <a href=\"\/wordpress\/wp-content\/themes\/pleasant\/REC\/REC%204\/Rese%c3%b1as\/15.REC_4_RobertHDavis.pdf\" target=\"_blank\" rel=\"noopener\">Herbert Braum. The Assassination of Gaitan<\/a>. Robert H. Davis<\/p>\n<p style=\"padding-left: 30px;\">\u2022 <a href=\"\/wordpress\/wp-content\/themes\/pleasant\/REC\/REC%204\/Rese%c3%b1as\/16.REC_4_JamesJAlstrum.pdf\" target=\"_blank\" rel=\"noopener\">Omar Castillo. Limaduras del sol.<\/a> James J. Alstrum<\/p>\n<p style=\"padding-left: 30px;\">\u2022 <a href=\"\/wordpress\/wp-content\/themes\/pleasant\/REC\/REC%204\/Rese%c3%b1as\/17.REC_4_FCharryLara.pdf\" target=\"_blank\" rel=\"noopener\">Dar\u00edo Jaramillo Agudelo. 77 poemas.<\/a> Fernando Charry Lara<\/p>\n<p style=\"padding-left: 30px;\">\u2022 <a href=\"\/wordpress\/wp-content\/themes\/pleasant\/REC\/REC%204\/Rese%c3%b1as\/18.REC_4_DavidBushnell.pdf\" target=\"_blank\" rel=\"noopener\">Alfredo Molano. Selva adentro: una historia oral de la colonizaci\u00f3n del Guaviare.<\/a> David Bushnell<\/p>\n<p style=\"padding-left: 30px;\">\u2022 <a href=\"\/wordpress\/wp-content\/themes\/pleasant\/REC\/REC%204\/Rese%c3%b1as\/19.REC_4_GeorgeMcMurray.pdf\" target=\"_blank\" rel=\"noopener\">Eduardo Pach\u00f3n Padilla. El cuento colombiano: generaci\u00f3n de 1970.<\/a> George R. McMurray<\/p>\n<p style=\"padding-left: 30px;\">\u2022 <a href=\"\/wordpress\/wp-content\/themes\/pleasant\/REC\/REC%204\/Rese%c3%b1as\/20.REC_4_CatherineLegrand.pdf\" target=\"_blank\" rel=\"noopener\">Daniel P\u00e9caut. Orden y violencia: Colombia 1930-54.<\/a> Catherine LeGrand<\/p>\n<p style=\"padding-left: 30px;\">\u2022 <a href=\"\/wordpress\/wp-content\/themes\/pleasant\/REC\/REC%204\/Rese%c3%b1as\/21.REC_4_RobertJFerry.pdf\" target=\"_blank\" rel=\"noopener\">John A. Peeler. Latin American Democracies: Colombia, Costa Rica, Venezuela.<\/a> Robert J. Ferry.<\/p>\n<p style=\"padding-left: 30px;\">\u2022 <a href=\"\/wordpress\/wp-content\/themes\/pleasant\/REC\/REC%204\/Rese%c3%b1as\/22.REC_4_MichaelDoudoroff.pdf\" target=\"_blank\" rel=\"noopener\">Jorge Ruffinelli. La escritura invisible.<\/a> Michael J. Doudoroff.<\/p>\n<p style=\"padding-left: 30px;\">\u2022 <a href=\"\/wordpress\/wp-content\/themes\/pleasant\/REC\/REC%204\/Rese%c3%b1as\/23.REC_4_BeatrizEspinoza.pdf\" target=\"_blank\" rel=\"noopener\">Fernando Soto Aparicio. La demonia.<\/a> Beatriz Espinosa Ram\u00edrez.<\/p>\n<p style=\"padding-left: 30px;\">\u2022 <a href=\"\/wordpress\/wp-content\/themes\/pleasant\/REC\/REC%204\/Rese%c3%b1as\/24.REC_4_LuisBedoyaTRoncoso.pdf\" target=\"_blank\" rel=\"noopener\">Luis Marino Troncoso. Proceso creativo y visi\u00f3n del mundo en Manuel Mej\u00eda Vallejo.<\/a> Luis Iv\u00e1n Bedoya<\/p>\n<p style=\"padding-left: 30px;\">\u2022 <a href=\"\/wordpress\/wp-content\/themes\/pleasant\/REC\/REC%204\/Rese%c3%b1as\/25.REC_4_LuisIvanBedoyaZafra.pdf\" target=\"_blank\" rel=\"noopener\">Gustavo Gonz\u00e1lez Zafra. Palmaseca.<\/a> Luis Iv\u00e1n Bedoya<\/p>\n<p style=\"padding-left: 30px;\"><strong>Entrevistas<br \/>\n\u2022 <\/strong><a href=\"\/wordpress\/wp-content\/themes\/pleasant\/REC\/REC%204\/Entrevistas\/26.REC_4_RaymondWilliamsOng.pdf\" target=\"_blank\" rel=\"noopener\">Con Walter Ong (en los Estados Unidos)<\/a><\/p>\n<p style=\"padding-left: 30px;\">\u2022 <a href=\"\/wordpress\/wp-content\/themes\/pleasant\/REC\/REC%204\/Entrevistas\/27.REC_4_LuisBedoyaentrevGonzalez_zafra02.pdf\" target=\"_blank\" rel=\"noopener\">Con Gustavo Gonz\u00e1lez-Zafra (en Francia)<\/a><\/p>\n<p style=\"padding-left: 30px;\">\u2022 <a href=\"\/wordpress\/wp-content\/themes\/pleasant\/REC\/REC%204\/Entrevistas\/28.REC_4_RaymondWIlliamsEntrevAgustin.pdf\" target=\"_blank\" rel=\"noopener\">Con Jos\u00e9 Agust\u00edn (en M\u00e9xico)<\/a><\/p>\n<p style=\"padding-left: 30px;\">\u2022 <a href=\"\/wordpress\/wp-content\/themes\/pleasant\/REC\/REC%204\/Entrevistas\/29.REC_4_MariaLuisaHernandez.pdf\" target=\"_blank\" rel=\"noopener\">Con Marco Tulio Aguilera Garramuno (en M\u00e9xico)<\/a><\/p>\n<p style=\"padding-left: 30px;\"><a href=\"\/wordpress\/wp-content\/themes\/pleasant\/REC\/REC%204\/Los%20colombianistas%20de%20ayer%20y%20hoy\/30.REC_4_Colombianistas.pdf\" target=\"_blank\" rel=\"noopener\"><strong>Los colombianistas de ayer y hoy<\/strong><\/a><\/p>\n<p style=\"padding-left: 30px;\"><a href=\"\/wordpress\/wp-content\/themes\/pleasant\/REC\/REC%204\/Noticias\/31.REC_4_Noticias.pdf\" target=\"_blank\" rel=\"noopener\"><strong>Noticias<\/strong><\/a><\/p>\n<p style=\"padding-left: 30px;\"><a href=\"\/wordpress\/wp-content\/themes\/pleasant\/REC\/REC%204\/Cr%c3%a9ditos\/1.REC_4_Creditos.pdf\" target=\"_blank\" rel=\"noopener\"><strong>Cr\u00e9ditos<\/strong><\/a><\/p>\n","protected":false},"excerpt":{"rendered":"<p>1987 El oficio del escritor Enrique Buenaventura. La literatura dram\u00e1tica Art\u00edculos \u2022 John S. Brushwood. Teor\u00eda literaria: Pr\u00e1ctica hispanoamericana \u2022 Charles Bergquist. Literatura e historia, \u00bfcordura o locura? Notas \u2022 Raymond D. Souza. Historia, literatura, teor\u00eda: Observaciones sobre los ensayos de Bergquist y Brushwood. \u2022 Beatriz Gonz\u00e1lez Stephan. La historiograf\u00eda literaria hispanoamericana: agenda de problemas para una historia de la literatura nacional. Rese\u00f1as A. Sobre la teor\u00eda \u2022 Argumentos Nos. 10-13. Sociolog\u00eda de la literatura. Di\u00f3genes Fajardo. \u2022 M.M. Bajtin. Est\u00e9tica de la creaci\u00f3n verbal. Robert Sims. \u2022 John S. Brushwood. Genteel Barbarism: New Readings of the Nineteenth Century Spanish&#8230; <\/p>\n","protected":false},"author":20,"featured_media":0,"parent":52,"menu_order":0,"comment_status":"closed","ping_status":"closed","template":"template-no-sidebar.php","meta":{"footnotes":""},"class_list":["post-314","page","type-page","status-publish","hentry"],"_links":{"self":[{"href":"https:\/\/colombianistas.org\/wordpress\/index.php\/wp-json\/wp\/v2\/pages\/314"}],"collection":[{"href":"https:\/\/colombianistas.org\/wordpress\/index.php\/wp-json\/wp\/v2\/pages"}],"about":[{"href":"https:\/\/colombianistas.org\/wordpress\/index.php\/wp-json\/wp\/v2\/types\/page"}],"author":[{"embeddable":true,"href":"https:\/\/colombianistas.org\/wordpress\/index.php\/wp-json\/wp\/v2\/users\/20"}],"replies":[{"embeddable":true,"href":"https:\/\/colombianistas.org\/wordpress\/index.php\/wp-json\/wp\/v2\/comments?post=314"}],"version-history":[{"count":6,"href":"https:\/\/colombianistas.org\/wordpress\/index.php\/wp-json\/wp\/v2\/pages\/314\/revisions"}],"predecessor-version":[{"id":2730,"href":"https:\/\/colombianistas.org\/wordpress\/index.php\/wp-json\/wp\/v2\/pages\/314\/revisions\/2730"}],"up":[{"embeddable":true,"href":"https:\/\/colombianistas.org\/wordpress\/index.php\/wp-json\/wp\/v2\/pages\/52"}],"wp:attachment":[{"href":"https:\/\/colombianistas.org\/wordpress\/index.php\/wp-json\/wp\/v2\/media?parent=314"}],"curies":[{"name":"wp","href":"https:\/\/api.w.org\/{rel}","templated":true}]}}