{"id":318,"date":"2018-05-20T10:43:16","date_gmt":"2018-05-20T05:43:16","guid":{"rendered":"https:\/\/prometeo.work\/?page_id=318"},"modified":"2023-10-03T04:54:31","modified_gmt":"2023-10-02T23:54:31","slug":"revista-de-estudios-colombianos-n2","status":"publish","type":"page","link":"https:\/\/colombianistas.org\/wordpress\/index.php\/revistas-anteriores\/revista-de-estudios-colombianos-n2\/","title":{"rendered":"REVISTA DE ESTUDIOS COLOMBIANOS N\u00b02"},"content":{"rendered":"<h6 style=\"padding-left: 30px;\">1987<\/h6>\n<p style=\"padding-left: 30px;\"><strong><a href=\"\/wordpress\/wp-content\/themes\/pleasant\/REC\/REC%202\/El%20oficio%20del%20escritor\/2.REC_2_Zapata.pdf\" target=\"_blank\" rel=\"noopener\">El oficio del escritor<\/a><br \/>\n<\/strong>Memoria de la palabra. Manuel Zapata Olivella<\/p>\n<p style=\"padding-left: 30px;\"><strong>Art\u00edculos<br \/>\n<\/strong>\u2022 <a href=\"\/wordpress\/wp-content\/themes\/pleasant\/REC\/REC%202\/Art%c3%adculos\/3.REC_2_EvelynPicon.pdf\" target=\"_blank\" rel=\"noopener\">De sobremesa: Jos\u00e9 Asunci\u00f3n Silva: El diario \u00edntimo y la mujer prerrafaelita.<\/a> Evelyn Pic\u00f3n Garfield<\/p>\n<p style=\"padding-left: 30px;\">\u2022 <a href=\"\/wordpress\/wp-content\/themes\/pleasant\/REC\/REC%202\/Art%c3%adculos\/4.REC_2_CamiloRiano.pdf\" target=\"_blank\" rel=\"noopener\">La guerra de 1885.<\/a> Camilo Ria\u00f1o.<\/p>\n<p style=\"padding-left: 30px;\">\u2022 <a href=\"\/wordpress\/wp-content\/themes\/pleasant\/REC\/REC%202\/Art%c3%adculos\/5.REC_2_DickGerdes.pdf\" target=\"_blank\" rel=\"noopener\">Estaba la p\u00e1jara pinta sentada en el verde lim\u00f3n: novela testimonial\/ documental de &#8220;la violencia&#8221; en Colombia.<\/a> Dick Gerdes<\/p>\n<p style=\"padding-left: 30px;\"><strong>Notas<br \/>\n<\/strong>\u2022 <a href=\"\/wordpress\/wp-content\/themes\/pleasant\/REC\/REC%202\/Notas\/6.REC_2_DavidBushnell.pdf\" target=\"_blank\" rel=\"noopener\">Regeneraci\u00f3n filat\u00e9lica.<\/a> David Bushnell<\/p>\n<p style=\"padding-left: 30px;\">\u2022 <a href=\"\/wordpress\/wp-content\/themes\/pleasant\/REC\/REC%202\/Notas\/7.REC_2_JorgelinaCorbatta.pdf\" target=\"_blank\" rel=\"noopener\">Notas para un an\u00e1lisis estructuralista gen\u00e9tico de Aire de tango de Manuel Mej\u00eda Vallejo.<\/a> Jorgelina Corbatta.<\/p>\n<p style=\"padding-left: 30px;\">\u2022 <a href=\"\/wordpress\/wp-content\/themes\/pleasant\/REC\/REC%202\/Notas\/8.REC_2_MariaASalgado.pdf\" target=\"_blank\" rel=\"noopener\">Porfirio Barba Jacob entre el yo y la eternidad.<\/a> Mar\u00eda A.Salgado<\/p>\n<p style=\"padding-left: 30px;\">\u2022 <a href=\"\/wordpress\/wp-content\/themes\/pleasant\/REC\/REC%202\/Notas\/9.REC_2_JohnBenson.pdf\" target=\"_blank\" rel=\"noopener\">Narraci\u00f3n culta y popular en la obra de David S\u00e1nchez Juliao.<\/a> John Benson.<\/p>\n<p style=\"padding-left: 30px;\"><strong>Rese\u00f1as<br \/>\n\u2022 <\/strong><a href=\"\/wordpress\/wp-content\/themes\/pleasant\/REC\/REC%202\/Rese%c3%b1as\/10.REC_2_JorgeRufinelli.pdf\" target=\"_blank\" rel=\"noopener\">Marco Tulio Aguilera Garramu\u00f1o. Para\u00edsos hostiles.<\/a> Jorge Rufinelli<\/p>\n<p style=\"padding-left: 30px;\">\u2022 <a href=\"\/wordpress\/wp-content\/themes\/pleasant\/REC\/REC%202\/Rese%c3%b1as\/11.REC_2_MariaASalgadoAlvaradoTenorio.pdf\" target=\"_blank\" rel=\"noopener\">Harold Alvarado Tenorio. Libro del extra\u00f1ado.<\/a> Mar\u00eda A. Salgado<\/p>\n<p style=\"padding-left: 30px;\">\u2022 <a href=\"\/wordpress\/wp-content\/themes\/pleasant\/REC\/REC%202\/Rese%c3%b1as\/12.REC_2_ConstanzaReverend.pdf\" target=\"_blank\" rel=\"noopener\">Alvaro Cepeda Samudio. En el margen de la ruta.<\/a> Constanza Rever\u00e9n.<\/p>\n<p style=\"padding-left: 30px;\">\u2022 <a href=\"\/wordpress\/wp-content\/themes\/pleasant\/REC\/REC%202\/Rese%c3%b1as\/13.REC_2_GracielaNidiaAraoz.pdf\" target=\"_blank\" rel=\"noopener\">Juan Gustavo Cobo-Borda. Antolog\u00eda de la poes\u00eda hispanoamericana.<\/a> Graciela Nidia Araoz.<\/p>\n<p style=\"padding-left: 30px;\">\u2022 <a href=\"\/wordpress\/wp-content\/themes\/pleasant\/REC\/REC%202\/Rese%c3%b1as\/14.REC_2_EduardoJaramillo.pdf\" target=\"_blank\" rel=\"noopener\">Ram\u00f3n Cote. Poemas para una fosa com\u00fan.<\/a> Eduardo Jaramillo<\/p>\n<p style=\"padding-left: 30px;\">\u2022 <a href=\"\/wordpress\/wp-content\/themes\/pleasant\/REC\/REC%202\/Rese%c3%b1as\/15.REC_2_AliciaFajardo.pdf\" target=\"_blank\" rel=\"noopener\">Gabriel Garc\u00eda M\u00e1rquez. El amor en los tiempos del c\u00f3lera.<\/a> Alicia Fajardo.<\/p>\n<p style=\"padding-left: 30px;\">\u2022 <a href=\"\/wordpress\/wp-content\/themes\/pleasant\/REC\/REC%202\/Rese%c3%b1as\/16.REC_2_CoboBorda.pdf\" target=\"_blank\" rel=\"noopener\">Dar\u00edo Jaramillo Agudelo. Poemas de amor.<\/a> Juan Gustavo Cobo Borda.<\/p>\n<p style=\"padding-left: 30px;\">\u2022 <a href=\"\/wordpress\/wp-content\/themes\/pleasant\/REC\/REC%202\/Rese%c3%b1as\/17.REC_2_MejiaDuque.pdf\" target=\"_blank\" rel=\"noopener\">Nestor Madrid-Malo. Memoria de los sue\u00f1os.<\/a> Jaime Mej\u00eda Duque<\/p>\n<p style=\"padding-left: 30px;\">\u2022 <a href=\"\/wordpress\/wp-content\/themes\/pleasant\/REC\/REC%202\/Rese%c3%b1as\/18.REC_2_RobertHDavis.pdf\" target=\"_blank\" rel=\"noopener\">Otto Morales Ben\u00edtez. Liberalismo, destino de la patria.<\/a> Robert H. Davis.<\/p>\n<p style=\"padding-left: 30px;\">\u2022 <a href=\"\/wordpress\/wp-content\/themes\/pleasant\/REC\/REC%202\/Rese%c3%b1as\/19.REC_2_JohnGarnigo.pdf\" target=\"_blank\" rel=\"noopener\">Francisco Morales Padr\u00f3n. Am\u00e9rica en sus novelas.<\/a> John Garganigo<\/p>\n<p style=\"padding-left: 30px;\">\u2022 <a href=\"\/wordpress\/wp-content\/themes\/pleasant\/REC\/REC%202\/Rese%c3%b1as\/20.REC_2_ToniaLeanHysko.pdf\" target=\"_blank\" rel=\"noopener\">Alvaro Pineda Botero. Gallinazos en la baranda.<\/a> Tonia Lean Hysko.<\/p>\n<p style=\"padding-left: 30px;\">\u2022 <a href=\"\/wordpress\/wp-content\/themes\/pleasant\/REC\/REC%202\/Rese%c3%b1as\/21.REC_2_JaramilloSuescun.pdf\" target=\"_blank\" rel=\"noopener\">Nicol\u00e1s Suesc\u00fan. Tres A.M.<\/a> Eduardo Jaramillo<\/p>\n<p style=\"padding-left: 30px;\">\u2022 <a href=\"\/wordpress\/wp-content\/themes\/pleasant\/REC\/REC%202\/Rese%c3%b1as\/22.REC_2_NancyValero.pdf\" target=\"_blank\" rel=\"noopener\">Roberto V\u00e9lez Correa. Gardeaz\u00e1bal.<\/a> Nancy Valero Ortiz<\/p>\n<p style=\"padding-left: 30px;\"><strong>Entrevistas<br \/>\n\u2022 <\/strong><a href=\"\/wordpress\/wp-content\/themes\/pleasant\/REC\/REC%202\/Entrevistas\/23.REC_2_RaymondWilliamsEntrevistafayad.pdf\" target=\"_blank\" rel=\"noopener\">Entrevista a Luis Fayad.<\/a> Raymond L. Williams<\/p>\n<p style=\"padding-left: 30px;\">\u2022 <a href=\"\/wordpress\/wp-content\/themes\/pleasant\/REC\/REC%202\/Entrevistas\/24.REC_2_JamesJAlstrumEntrevistaroca.pdf\" target=\"_blank\" rel=\"noopener\">Entrevista a Juan Manuel Roca.<\/a> James J. Alstrum<\/p>\n<p style=\"padding-left: 30px;\"><a href=\"\/wordpress\/wp-content\/themes\/pleasant\/REC\/REC%202\/Cr%c3%a9ditos\/1.REC_2_Creditos.pdf\" target=\"_blank\" rel=\"noopener\"><strong>Cr\u00e9ditos<\/strong><\/a><\/p>\n","protected":false},"excerpt":{"rendered":"<p>1987 El oficio del escritor Memoria de la palabra. Manuel Zapata Olivella Art\u00edculos \u2022 De sobremesa: Jos\u00e9 Asunci\u00f3n Silva: El diario \u00edntimo y la mujer prerrafaelita. Evelyn Pic\u00f3n Garfield \u2022 La guerra de 1885. Camilo Ria\u00f1o. \u2022 Estaba la p\u00e1jara pinta sentada en el verde lim\u00f3n: novela testimonial\/ documental de &#8220;la violencia&#8221; en Colombia. Dick Gerdes Notas \u2022 Regeneraci\u00f3n filat\u00e9lica. David Bushnell \u2022 Notas para un an\u00e1lisis estructuralista gen\u00e9tico de Aire de tango de Manuel Mej\u00eda Vallejo. Jorgelina Corbatta. \u2022 Porfirio Barba Jacob entre el yo y la eternidad. Mar\u00eda A.Salgado \u2022 Narraci\u00f3n culta y popular en la obra de&#8230; <\/p>\n","protected":false},"author":20,"featured_media":0,"parent":52,"menu_order":0,"comment_status":"closed","ping_status":"closed","template":"template-no-sidebar.php","meta":{"footnotes":""},"class_list":["post-318","page","type-page","status-publish","hentry"],"_links":{"self":[{"href":"https:\/\/colombianistas.org\/wordpress\/index.php\/wp-json\/wp\/v2\/pages\/318"}],"collection":[{"href":"https:\/\/colombianistas.org\/wordpress\/index.php\/wp-json\/wp\/v2\/pages"}],"about":[{"href":"https:\/\/colombianistas.org\/wordpress\/index.php\/wp-json\/wp\/v2\/types\/page"}],"author":[{"embeddable":true,"href":"https:\/\/colombianistas.org\/wordpress\/index.php\/wp-json\/wp\/v2\/users\/20"}],"replies":[{"embeddable":true,"href":"https:\/\/colombianistas.org\/wordpress\/index.php\/wp-json\/wp\/v2\/comments?post=318"}],"version-history":[{"count":5,"href":"https:\/\/colombianistas.org\/wordpress\/index.php\/wp-json\/wp\/v2\/pages\/318\/revisions"}],"predecessor-version":[{"id":2709,"href":"https:\/\/colombianistas.org\/wordpress\/index.php\/wp-json\/wp\/v2\/pages\/318\/revisions\/2709"}],"up":[{"embeddable":true,"href":"https:\/\/colombianistas.org\/wordpress\/index.php\/wp-json\/wp\/v2\/pages\/52"}],"wp:attachment":[{"href":"https:\/\/colombianistas.org\/wordpress\/index.php\/wp-json\/wp\/v2\/media?parent=318"}],"curies":[{"name":"wp","href":"https:\/\/api.w.org\/{rel}","templated":true}]}}