{"id":32,"date":"2018-03-14T22:03:55","date_gmt":"2018-03-14T22:03:55","guid":{"rendered":"https:\/\/prometeo.work\/?page_id=32"},"modified":"2025-05-02T07:36:37","modified_gmt":"2025-05-02T02:36:37","slug":"congresos","status":"publish","type":"page","link":"https:\/\/colombianistas.org\/wordpress\/index.php\/congresos\/","title":{"rendered":"Congresos"},"content":{"rendered":"\n<p class=\"has-text-align-center has-vivid-red-color has-text-color has-large-font-size\"><strong>Colombias posibles<\/strong><\/p>\n\n\n\n<p class=\"has-text-align-center\" style=\"font-size:16px\"><strong>XXIV Congreso de la Asociaci\u00f3n de Colombianistas<\/strong><\/p>\n\n\n\n<p class=\"has-text-align-center\" style=\"font-size:16px\"><strong><strong>8 al 10 de octubre de 2025 \u2013 Formato virtual<\/strong><\/strong><\/p>\n\n\n\n<div style=\"height:36px\" aria-hidden=\"true\" class=\"wp-block-spacer\"><\/div>\n\n\n\n<p class=\"has-drop-cap\" style=\"font-size:14px\">Los \u00faltimos 25 a\u00f1os se han caracterizado por cambios pol\u00edticos y sociales en la realidad colombiana que, a su vez, avisan una continua transformaci\u00f3n del pa\u00eds por venir en el resto del siglo XXI. Estas \u00faltimas dos d\u00e9cadas comprendieron un n\u00famero de eventos cruciales para Colombia: el impacto de los mandatos neoliberales de \u00c1lvaro Uribe y Juan Manuel Santos, las trascendentales negociaciones y firma de un acuerdo de paz entre las FARC-EP y el gobierno colombiano, los hist\u00f3ricos comicios de 2022, en los cuales se eligi\u00f3 el primer presidente de la izquierda pol\u00edtica en Colombia, Gustavo Petro, adem\u00e1s de la significativa posesi\u00f3n a la vicepresidencia de la primera mujer afrocolombiana electa para este cargo, Francia M\u00e1rquez. Adem\u00e1s, en el mismo a\u00f1o, sali\u00f3 a la luz el Informe Final de La Comisi\u00f3n para el Esclarecimiento de la Verdad, la Convivencia, y la No repetici\u00f3n, llamado de forma quiz\u00e1s presagiosa \u201cHay futuro si hay verdad\u201d: la memoria se construye en Colombia a la misma vez que el conflicto sigue vivo en este momento al cual muchos llaman tambi\u00e9n \u201cposconflicto\u201d. Este entramado coyuntural social, cultural y pol\u00edtico de la Colombia actual es de crucial importancia para el reconocimiento de la(s) posible(s) Colombia(s) futura(s), tanto en la rememoraci\u00f3n y reformulaci\u00f3n de las realidades hist\u00f3ricas como en la formulaci\u00f3n especulativa del futuro. La(s) Colombia(s) posible(s) nos llama(n) a pensar otras formas de comunidades e identidades: nuevas, hist\u00f3ricas, comunes, diferenciadas, esperanzadoras, improbables, aterradoras, dist\u00f3picas, potenciales. Tanto en las expresiones literarias, f\u00edlmicas, y art\u00edsticas, como en los espacios de reflexi\u00f3n de todas las disciplinas human\u00edsticas, existen formulaciones para pensar sobre esta(s) Colombia(s) posible(s).<\/p>\n\n\n\n<p style=\"font-size:14px\">En vista de esto, le complace a la junta directiva de la Asociaci\u00f3n de Colombianistas invitar a la comunidad acad\u00e9mica a presentar propuestas de ponencias y mesas enfocadas en el tema de <strong>\u201cColombias posibles\u201d<\/strong> para nuestro XXIV Congreso, <strong>el cual tendr\u00e1 lugar en formato virtual del 8 de octubre al 10 de octubre de 2025.<\/strong><\/p>\n\n\n\n<div style=\"height:36px\" aria-hidden=\"true\" class=\"wp-block-spacer\"><\/div>\n\n\n\n<div class=\"wp-block-group\"><div class=\"wp-block-group__inner-container is-layout-flow wp-block-group-is-layout-flow\">\n<div class=\"wp-block-group\"><div class=\"wp-block-group__inner-container is-layout-flow wp-block-group-is-layout-flow\">\n<hr class=\"wp-block-separator has-css-opacity\"\/>\n<\/div><\/div>\n\n\n\n<div class=\"wp-block-group\"><div class=\"wp-block-group__inner-container is-layout-flow wp-block-group-is-layout-flow\">\n<div style=\"height:14px\" aria-hidden=\"true\" class=\"wp-block-spacer\"><\/div>\n\n\n\n<p class=\"has-text-align-center has-vivid-red-color has-text-color has-medium-font-size\"><strong><a href=\"https:\/\/colombianistas.org\/wordpress\/wp-content\/uploads\/2025\/05\/CFP-XXiv-Congreso-Asociacion-de-Colombianistas-2025.pdf\" target=\"_blank\" rel=\"noreferrer noopener\">DESCARGAR CONVOCATORIA EN PDF<\/a><\/strong><\/p>\n\n\n\n<hr class=\"wp-block-separator has-css-opacity\"\/>\n<\/div><\/div>\n<\/div><\/div>\n\n\n\n<div style=\"height:59px\" aria-hidden=\"true\" class=\"wp-block-spacer\"><\/div>\n\n\n\n<p class=\"has-text-align-center has-vivid-red-color has-text-color\" style=\"font-size:30px\"><strong>Convocatoria: <strong>ponencias, mesas y premios<\/strong><\/strong><\/p>\n\n\n\n<div class=\"wp-block-columns is-layout-flex wp-container-core-columns-is-layout-1 wp-block-columns-is-layout-flex\">\n<div class=\"wp-block-column is-layout-flow wp-block-column-is-layout-flow\">\n<p style=\"font-size:14px\">La asociaci\u00f3n invita a su comunidad acad\u00e9mica a participar en el congreso teniendo en cuenta las siguientes l\u00edneas tem\u00e1ticas:<\/p>\n\n\n\n<p><\/p>\n\n\n\n<div style=\"height:17px\" aria-hidden=\"true\" class=\"wp-block-spacer\"><\/div>\n\n\n\n<p class=\"has-text-align-left has-vivid-red-color has-text-color\" style=\"font-size:22px\">I-<strong>Reconfiguraciones hist\u00f3ricas: <\/strong><\/p>\n<\/div>\n<\/div>\n\n\n\n<p style=\"font-size:14px\">Los cambios pol\u00edticos, sociales y culturales de Colombia en el presente han construido nuevas maneras de pensar el legado cultural, humano, e hist\u00f3rico de la naci\u00f3n. Ante esto, \u00bfqu\u00e9 reflexiones podemos hacer sobre la historia y la memoria de las comunidades que conforman la naci\u00f3n colombiana? \u00bfC\u00f3mo se crean \u201cColombias posibles\u201d en vista al futuro a trav\u00e9s de estas reflexiones del pasado? \u00bfC\u00f3mo se piensan estas reconfiguraciones desde la literatura, el cine y\/u otras expresiones art\u00edsticas?<\/p>\n\n\n\n<div class=\"wp-block-columns is-layout-flex wp-container-core-columns-is-layout-2 wp-block-columns-is-layout-flex\">\n<div class=\"wp-block-column is-layout-flow wp-block-column-is-layout-flow\">\n<div style=\"height:17px\" aria-hidden=\"true\" class=\"wp-block-spacer\"><\/div>\n\n\n\n<p class=\"has-text-align-left has-vivid-red-color has-text-color\" style=\"font-size:22px\"><strong><strong>II-Nuevas identidades y comunidades<\/strong><\/strong><\/p>\n<\/div>\n<\/div>\n\n\n\n<p style=\"font-size:14px\">Tanto las crisis ambientales a nivel global, como las crisis pol\u00edticas, sociales y culturales del presente han creado nuevas relaciones humanas y relaciones entre lo humano y lo no humano. Estas nuevas relaciones dan cabida para repensar las identidades humanas y no humanas, y las formas en que los seres humanos forman v\u00ednculos de parentesco y comunidad entre s\u00ed, como tambi\u00e9n con otros seres no humanos y elementos materiales de nuestra realidad. Ante esto, \u00bfcu\u00e1les son algunas expresiones de estas nuevas identidades y comunidades? \u00bfC\u00f3mo se ven representadas estas nuevas identidades y comunidades en diferentes expresiones art\u00edsticas? \u00bfC\u00f3mo se configuran estas nuevas identidades y comunidades como parte de las \u201cColombias posibles\u201d del futuro?<\/p>\n\n\n\n<div style=\"height:17px\" aria-hidden=\"true\" class=\"wp-block-spacer\"><\/div>\n\n\n\n<p class=\"has-text-align-left has-vivid-red-color has-text-color\" style=\"font-size:22px\"><strong><strong><strong>III-Imaginaciones del futuro:<\/strong><\/strong><\/strong><\/p>\n\n\n\n<p style=\"font-size:14px\">Las crisis, los cambios, y el presente actual en Colombia, y a nivel global, son un espacio f\u00e9rtil para imaginar el futuro: como porvenir esperanzador, productivo y ut\u00f3pico tanto como destino dist\u00f3pico, aterrador o fant\u00e1stico. Dado este devenir del presente, \u00bfcu\u00e1les son los imaginarios que se est\u00e1n creando del futuro? \u00bfCu\u00e1les son estas Colombias posibles venideras? \u00bfC\u00f3mo se presentan estas visiones ut\u00f3picas o dist\u00f3picas en la producci\u00f3n literaria, f\u00edlmica o art\u00edstica?<\/p>\n\n\n\n<p><\/p>\n\n\n\n<p style=\"font-size:14px\">La Asociaci\u00f3n invita a la comunidad acad\u00e9mica a reflexionar especialmente sobre los temas explicados previamente, pero considerar\u00e1 cualquier ponencia o mesa tem\u00e1tica propuesta desde cualquier disciplina de las humanidades y las ciencias sociales que est\u00e9 relacionada con los estudios colombianos.<\/p>\n\n\n\n<p style=\"font-size:14px\"><\/p>\n\n\n\n<p><\/p>\n\n\n\n<div style=\"height:36px\" aria-hidden=\"true\" class=\"wp-block-spacer\"><\/div>\n\n\n\n<p class=\"has-text-align-center has-vivid-red-color has-text-color\" style=\"font-size:30px\"><strong><strong>Modalidad de env\u00edo de propuestas<\/strong><\/strong><\/p>\n\n\n\n<p class=\"has-drop-cap\" style=\"font-size:14px\">Las lenguas de comunicaci\u00f3n ser\u00e1n el espa\u00f1ol y el ingl\u00e9s, tanto para las ponencias individuales como para las mesas tem\u00e1ticas (limitadas a cuatro personas). En ambos casos, cada ponencia durar\u00e1 un m\u00e1ximo de 20 minutos.<\/p>\n\n\n\n<p class=\"has-drop-cap\"><\/p>\n\n\n\n<p class=\"has-vivid-red-color has-text-color has-link-color wp-elements-f3bc414399f7157cca7a08de345e1963\" style=\"font-size:22px\"><strong><strong><strong>Ponencias individuales<\/strong><\/strong><\/strong><\/p>\n\n\n\n<p style=\"font-size:14px\">Para proponer una ponencia individual, les agradecemos que env\u00eden la informaci\u00f3n siguiente, en un solo documento adjunto, hasta el d\u00eda 30 de junio de 2025, a la direcci\u00f3n de correo electr\u00f3nico <a href=\"mailto:conferenciacolombianistas2025@gmail.com\">conferenciacolombianistas2025@gmail.com:<\/a><\/p>\n\n\n\n<ul class=\"wp-block-list\">\n<li style=\"font-size:14px\">T\u00edtulo de la ponencia<\/li>\n\n\n\n<li style=\"font-size:14px\">Resumen de 300 palabras m\u00e1ximo<\/li>\n\n\n\n<li style=\"font-size:14px\">Afiliaci\u00f3n institucional y estatus \/ puesto acad\u00e9mico<\/li>\n\n\n\n<li style=\"font-size:14px\">Breve nota biogr\u00e1fica (3 l\u00edneas m\u00e1ximo)<\/li>\n\n\n\n<li style=\"font-size:14px\">Direcci\u00f3n de correo electr\u00f3nico<\/li>\n\n\n\n<li style=\"font-size:14px\">Formato de asistencia de la persona participante (asistencia en persona o remota)<\/li>\n<\/ul>\n\n\n\n<p style=\"font-size:14px\"><em>Nota: Las personas que env\u00eden ponencias individuales podr\u00edan ser elegidos como coordinadores de una mesa tem\u00e1tica por definir a discreci\u00f3n de los organizadores.<\/em><\/p>\n\n\n\n<p style=\"font-size:14px\"><strong>Los coordinadores de mesa <\/strong>ser\u00e1n la persona de contacto para la mesa y deber\u00e1n cumplir algunas funciones durante la ponencia: presentar a los ponentes de la mesa, ayudar con el uso de la tecnolog\u00eda durante la ponencia si es necesario (con el apoyo t\u00e9cnico de los organizadores de la conferencia), y gerenciamiento de tiempo durante las ponencias.<\/p>\n\n\n\n<p class=\"has-vivid-red-color has-text-color has-link-color wp-elements-8140f57eebbb836c49d52cb2b389a352\" style=\"font-size:22px\"><strong><strong><strong>Mesa tem\u00e1tica<\/strong><\/strong><\/strong><\/p>\n\n\n\n<p style=\"font-size:14px\">Para proponer una mesa tem\u00e1tica, se debe enviar la informaci\u00f3n indicada anteriormente para las ponencias individuales para cada una de las ponencias parte de la mesa. Adem\u00e1s de esto, incluya:<\/p>\n\n\n\n<ul class=\"wp-block-list\">\n<li style=\"font-size:14px\">T\u00edtulo de la mesa<\/li>\n\n\n\n<li style=\"font-size:14px\">Nombre de la persona que coordina la mesa<\/li>\n\n\n\n<li style=\"font-size:14px\">Resumen del inter\u00e9s de la mesa (300 palabras m\u00e1ximo)<\/li>\n<\/ul>\n\n\n\n<p style=\"font-size:14px\">Toda esta informaci\u00f3n tendr\u00e1 que ser enviada, en un solo documento adjunto, hasta el d\u00eda 30 de junio de 2025 a la direcci\u00f3n de correo electr\u00f3nico <a href=\"mailto:conferenciacolombianistas2025@gmail.com\">conferenciacolombianistas2025@gmail.com<\/a>.<\/p>\n\n\n\n<p style=\"font-size:14px\"><strong>Los coordinadores de mesa <\/strong>ser\u00e1n la persona de contacto para la mesa y deber\u00e1n cumplir algunas funciones durante la ponencia: presentar a los ponentes de la mesa, ayudar con el uso de la tecnolog\u00eda durante la ponencia si es necesario (con el apoyo t\u00e9cnico de los organizadores de la conferencia), y gerenciamiento de tiempo durante las ponencias.<\/p>\n\n\n\n<p style=\"font-size:14px\"><\/p>\n\n\n\n<div style=\"height:36px\" aria-hidden=\"true\" class=\"wp-block-spacer\"><\/div>\n\n\n\n<p class=\"has-text-align-center has-vivid-red-color has-text-color\" style=\"font-size:30px\"><strong>Premios Colombianistas: <\/strong><\/p>\n\n\n\n<p style=\"font-size:14px\">Durante el congreso, la asociaci\u00f3n otorgar\u00e1 el Premio Asociaci\u00f3n de Colombianistas a las mejores tesis de m\u00e1ster y de doctorado cuyos temas se inscriban en las tem\u00e1ticas de investigaci\u00f3n de la asociaci\u00f3n. Para concursar, los trabajos deben estar redactados en espa\u00f1ol o ingl\u00e9s, y deben haber sido sustentados durante los a\u00f1os calendarios 2023 o 2024. Las\/los autoras\/es interesadas\/os deben haber pagado los derechos de membres\u00eda de la asociaci\u00f3n para la consideraci\u00f3n de su manuscrito al premio correspondiente.<\/p>\n\n\n\n<p style=\"font-size:14px\">Asimismo, la asociaci\u00f3n otorga el Premio Asociaci\u00f3n de Colombianistas al mejor libro\/volumen monogr\u00e1fico y a la mejor direcci\u00f3n de libro colectivo\/volumen colectivo: estos trabajos deben haber sido publicados durante los a\u00f1os calendarios 2023 o 2024. Las\/los autoras\/es interesadas\/os deben haber pagado los derechos de membres\u00eda de la asociaci\u00f3n para la consideraci\u00f3n de su manuscrito al premio correspondiente.<\/p>\n\n\n\n<p style=\"font-size:14px\">Para participar en cualquiera de las cuatro categor\u00edas, una versi\u00f3n PDF en un solo documento del trabajo de final de estudios o del libro\/volumen debe ser enviada antes del 30 de junio de 2025 a la direcci\u00f3n de correo electr\u00f3nico <a href=\"mailto:conferenciacolombianistas2025@gmail.com\">conferenciacolombianistas2025@gmail.com<\/a>, y la membres\u00eda debe ser pagada a trav\u00e9s del portal de pagos en la p\u00e1gina web de la asociaci\u00f3n: <a href=\"http:\/\/www.colombianistas.org\">www.colombianistas.org<\/a>.<\/p>\n\n\n\n<p style=\"font-size:14px\">Los premios incluyen un certificado de entrega y un reconocimiento financiero (monto por definir seg\u00fan el n\u00famero de candidaturas recibidas). El veredicto del jurado ser\u00e1 anunciado en la asamblea general de la asociaci\u00f3n, que se celebrar\u00e1 durante el XXIV Congreso.<\/p>\n\n\n\n<p style=\"font-size:14px\"><em>Nota: tesis de m\u00e1ster y de doctorado, libro monogr\u00e1fico o libro colectivo que haya participado en un  anterior concurso para los Premios Colombianistas, no ser\u00e1 tomado en cuenta en el presente concurso.<\/em><\/p>\n\n\n\n<div style=\"height:35px\" aria-hidden=\"true\" class=\"wp-block-spacer\"><\/div>\n\n\n\n<p class=\"has-text-align-center has-vivid-red-color has-text-color\" style=\"font-size:30px\"><strong><strong><strong><strong><strong>Calendario<\/strong><\/strong><\/strong><\/strong><\/strong><\/p>\n\n\n\n<figure class=\"wp-block-table\"><table class=\"has-fixed-layout\"><tbody><tr><td>10 de febrero de 2025<\/td><td>Apertura de convocatorias para mesas y ponencias para el congreso y para los Premios Asociaci\u00f3n de Colombianistas<\/td><\/tr><tr><td>30 de junio de 2025<\/td><td>Cierre de convocatorias para mesas y ponencias para el congreso y para los Premios Asociaci\u00f3n de Colombianistas.<\/td><\/tr><tr><td>14 de julio de 2025<\/td><td>Fecha de respuesta a las convocatorias para mesas y ponencias para el congreso<\/td><\/tr><tr><td>14 de julio de 2025<\/td><td>Apertura del registro para el congreso<\/td><\/tr><tr><td>18 de agosto de 2025<\/td><td>Cierre del registro<\/td><\/tr><tr><td>8 de octubre \u2013 10 de octubre de 2025<\/td><td>Celebraci\u00f3n del XXIV Congreso de la Asociaci\u00f3n de Colombianistas<\/td><\/tr><\/tbody><\/table><\/figure>\n\n\n\n<div style=\"height:27px\" aria-hidden=\"true\" class=\"wp-block-spacer\"><\/div>\n\n\n\n<p class=\"has-text-align-center has-vivid-red-color has-text-color\" style=\"font-size:30px\"><strong><strong><strong><strong><strong>Derechos de membres\u00eda para el periodo 2025-2027*<\/strong><\/strong><\/strong><\/strong><\/strong><\/p>\n\n\n\n<figure class=\"wp-block-table\"><table><tbody><tr><td>Docentes e investigadoras\/es fuera de Colombia y Latinoam\u00e9rica<\/td><td><strong>100 USD<\/strong><\/td><\/tr><tr><td>Docentes e investigadoras\/es en Colombia o en Latinoam\u00e9rica<\/td><td><strong>75 USD<\/strong><\/td><\/tr><tr><td>Investigadoras\/es independientes:&nbsp;&nbsp;&nbsp;&nbsp;&nbsp;&nbsp;&nbsp;&nbsp;&nbsp;&nbsp;&nbsp;&nbsp;&nbsp;&nbsp;&nbsp;&nbsp;&nbsp;&nbsp;&nbsp;&nbsp;&nbsp;&nbsp;&nbsp;&nbsp;&nbsp;&nbsp;&nbsp;&nbsp;&nbsp;&nbsp;&nbsp;&nbsp;&nbsp;&nbsp;&nbsp;&nbsp;&nbsp;&nbsp;&nbsp;&nbsp;&nbsp;&nbsp;&nbsp;&nbsp;&nbsp;&nbsp;&nbsp;&nbsp;&nbsp;&nbsp;&nbsp;                <\/td><td><strong>75 USD<\/strong><\/td><\/tr><tr><td>Estudiantes (M\u00e1ster\/Doctorado)<\/td><td><strong>50 USD<\/strong><\/td><\/tr><\/tbody><\/table><\/figure>\n\n\n\n<div style=\"height:42px\" aria-hidden=\"true\" class=\"wp-block-spacer\"><\/div>\n\n\n\n<p class=\"has-text-align-center has-vivid-red-color has-text-color\" style=\"font-size:30px\"><strong>Derechos de membres\u00eda para el periodo 2025-2027 + <\/strong><br><br><strong>Inscripci\u00f3n al XXIV Congreso**<\/strong><\/p>\n\n\n\n<figure class=\"wp-block-table\"><table><tbody><tr><td>Docentes e investigadoras\/es fuera de Colombia y Latinoam\u00e9rica<\/td><td><strong>100 USD + 100 USD <\/strong><br><strong>=200 USD<br><\/strong><\/td><\/tr><tr><td>Docentes e investigadoras\/es en Colombia o en Latinoam\u00e9rica<\/td><td><strong>75 + 100 USD<\/strong><br><strong>=175 USD<\/strong><\/td><\/tr><tr><td>Investigadoras\/es independientes:&nbsp;&nbsp;&nbsp;&nbsp;&nbsp;&nbsp;&nbsp;&nbsp;&nbsp;&nbsp;&nbsp;&nbsp;&nbsp;&nbsp;&nbsp;&nbsp;&nbsp;&nbsp;&nbsp;&nbsp;&nbsp;&nbsp;&nbsp;&nbsp;&nbsp;&nbsp;&nbsp;&nbsp;&nbsp;&nbsp;&nbsp;&nbsp;&nbsp;&nbsp;&nbsp;&nbsp;&nbsp;&nbsp;&nbsp;&nbsp;&nbsp;&nbsp;&nbsp;&nbsp;&nbsp;&nbsp;&nbsp;&nbsp;&nbsp;&nbsp;&nbsp;                <\/td><td><strong>75 USD + 100 USD <\/strong><br><strong>=175 USD<\/strong><\/td><\/tr><tr><td>Estudiantes (M\u00e1ster\/Doctorado)<\/td><td><strong>50 USD + 100 USD <\/strong><br><strong>=150 USD <\/strong><\/td><\/tr><\/tbody><\/table><\/figure>\n\n\n\n<div style=\"height:39px\" aria-hidden=\"true\" class=\"wp-block-spacer\"><\/div>\n\n\n\n<p class=\"has-text-align-center has-vivid-red-color has-text-color\" style=\"font-size:30px\"><a href=\"https:\/\/colombianistas.org\/index.php\/registro\/\" target=\"_blank\" rel=\"noreferrer noopener\">Reg\u00edstrate y s\u00e9 parte de esta comunidad<\/a><\/p>\n\n\n\n<div style=\"height:39px\" aria-hidden=\"true\" class=\"wp-block-spacer\"><\/div>\n\n\n\n<p class=\"has-black-color has-text-color has-link-color wp-elements-47b999bc69989b8eccd299dc79e0af95\" style=\"font-size:14px\"><strong>*<\/strong><em>Para concursar en cualquiera de los Premios Asociaci\u00f3n de Colombianistas, es necesario haber pagado los derechos de membres\u00eda para el periodo 2025-2027 (incluso si no se presenta una ponencia en el XXIV Congreso)<\/em><br><strong>**<\/strong>P<em>ara presentar una ponencia en el XXIV Congreso, es necesario haber pagado los derechos de membres\u00eda para el periodo 2025-2027, as\u00ed como los derechos de inscripci\u00f3n al congreso<\/em>.<\/p>\n\n\n\n<div style=\"height:42px\" aria-hidden=\"true\" class=\"wp-block-spacer\"><\/div>\n\n\n\n<div style=\"height:63px\" aria-hidden=\"true\" class=\"wp-block-spacer\"><\/div>\n\n\n<hr>\n<p style=\"text-align: left;\"><strong><span style=\"color: #ff0000;\"><a style=\"color: #ff0000;\" href=\"https:\/\/colombianistas.org\/index.php\/congresos\/congresos-pasados\/\">Congresos pasados<\/a>&nbsp;<\/span>&nbsp;&nbsp;&nbsp;&nbsp;&nbsp;&nbsp;<\/strong>Ac\u00e1 podr\u00e1 ver toda la informaci\u00f3n de los congresos anteriores<\/p>\n<p>Hist\u00f3ricamente los congresos han permitido difundir el trabajo y fortalecer el intercambio acad\u00e9mico de unos 100 a 300 investigadores.<\/p>\n<p><span style=\"color: #ff0000;\"><strong>Colombianistas&nbsp;<\/strong><\/span> invita a las personas interesadas en afiliarse a la Asociaci\u00f3n a hacerlo a partir del 1 de enero de 2023&nbsp; <a href=\"https:\/\/colombianistas.org\/index.php\/registro\/\">aqu\u00ed<\/a>.<\/p>\n<\/p>\n<h5 style=\"text-align: center;\"><span style=\"color: #ff0000;\"><a style=\"color: #ff0000;\" href=\"https:\/\/colombianistas.org\/index.php\/congresos\/premios\/\">Premios<\/a>&nbsp; &nbsp;|&nbsp; &nbsp;<a style=\"color: #ff0000;\" href=\"https:\/\/colombianistas.org\/index.php\/congresos\/proximo-congreso\/\">Pr\u00f3ximo Congreso&nbsp;<\/a> &nbsp;|&nbsp; &nbsp;<a style=\"color: #ff0000;\" href=\"https:\/\/colombianistas.org\/index.php\/congresos\/congresos-pasados\/\">Congresos Anteriores<\/a><\/span><\/h5>\n<h5>&nbsp;<\/h5>","protected":false},"excerpt":{"rendered":"<p>Colombias posibles XXIV Congreso de la Asociaci\u00f3n de Colombianistas 8 al 10 de octubre de 2025 \u2013 Formato virtual Los \u00faltimos 25 a\u00f1os se han caracterizado por cambios pol\u00edticos y sociales en la realidad colombiana que, a su vez, avisan una continua transformaci\u00f3n del pa\u00eds por venir en el resto del siglo XXI. Estas \u00faltimas dos d\u00e9cadas comprendieron un n\u00famero de eventos cruciales para Colombia: el impacto de los mandatos neoliberales de \u00c1lvaro Uribe y Juan Manuel Santos, las trascendentales negociaciones y firma de un acuerdo de paz entre las FARC-EP y el gobierno colombiano, los hist\u00f3ricos comicios de 2022,&#8230; <\/p>\n","protected":false},"author":20,"featured_media":1127,"parent":0,"menu_order":0,"comment_status":"closed","ping_status":"closed","template":"template-full-width.php","meta":{"footnotes":""},"class_list":["post-32","page","type-page","status-publish","has-post-thumbnail","hentry"],"_links":{"self":[{"href":"https:\/\/colombianistas.org\/wordpress\/index.php\/wp-json\/wp\/v2\/pages\/32"}],"collection":[{"href":"https:\/\/colombianistas.org\/wordpress\/index.php\/wp-json\/wp\/v2\/pages"}],"about":[{"href":"https:\/\/colombianistas.org\/wordpress\/index.php\/wp-json\/wp\/v2\/types\/page"}],"author":[{"embeddable":true,"href":"https:\/\/colombianistas.org\/wordpress\/index.php\/wp-json\/wp\/v2\/users\/20"}],"replies":[{"embeddable":true,"href":"https:\/\/colombianistas.org\/wordpress\/index.php\/wp-json\/wp\/v2\/comments?post=32"}],"version-history":[{"count":86,"href":"https:\/\/colombianistas.org\/wordpress\/index.php\/wp-json\/wp\/v2\/pages\/32\/revisions"}],"predecessor-version":[{"id":3218,"href":"https:\/\/colombianistas.org\/wordpress\/index.php\/wp-json\/wp\/v2\/pages\/32\/revisions\/3218"}],"wp:featuredmedia":[{"embeddable":true,"href":"https:\/\/colombianistas.org\/wordpress\/index.php\/wp-json\/wp\/v2\/media\/1127"}],"wp:attachment":[{"href":"https:\/\/colombianistas.org\/wordpress\/index.php\/wp-json\/wp\/v2\/media?parent=32"}],"curies":[{"name":"wp","href":"https:\/\/api.w.org\/{rel}","templated":true}]}}