{"id":3235,"date":"2026-04-15T08:16:50","date_gmt":"2026-04-15T03:16:50","guid":{"rendered":"https:\/\/colombianistas.org\/wordpress\/?page_id=3235"},"modified":"2026-04-15T08:50:38","modified_gmt":"2026-04-15T03:50:38","slug":"donaciones","status":"publish","type":"page","link":"https:\/\/colombianistas.org\/wordpress\/index.php\/donaciones\/","title":{"rendered":"DONACIONES"},"content":{"rendered":"\n<p class=\"has-vivid-red-color has-text-color has-link-color has-medium-font-size wp-elements-c14678282479c19e1a8df7978784f711\"><strong>\u00a1Haz tu donaci\u00f3n ya!&nbsp;&nbsp;<\/strong><\/p>\n\n\n\n<p style=\"font-size:15px\">La <strong>Asociaci\u00f3n de Colombianistas<\/strong> es una organizaci\u00f3n acad\u00e9mica sin \u00e1nimo de lucro que fue fundada en 1984 y se ha convertido en una de las principales voces de la investigaci\u00f3n sobre Colombia para la comunidad acad\u00e9mica dentro y fuera del pa\u00eds.&nbsp;<\/p>\n\n\n\n<p class=\"has-medium-font-size\"><strong>\u00a1Dona lo que puedas, todo cuenta!<\/strong><\/p>\n\n\n\n<p style=\"font-size:15px\">Con tu aporte haces posible:&nbsp;<\/p>\n\n\n\n<ul class=\"wp-block-list\">\n<li style=\"font-size:15px\">Mantener viva la Asociaci\u00f3n<br><\/li>\n\n\n\n<li style=\"font-size:15px\">Superar la situaci\u00f3n econ\u00f3mica actual de nuestra organizaci\u00f3n, afectada actualmente por los recortes de fondos y subvenciones en los Estados Unidos y en otros pa\u00edses que limitan la participaci\u00f3n en congresos y diversas actividades acad\u00e9micas.<br><\/li>\n\n\n\n<li style=\"font-size:15px\">La manutenci\u00f3n de la Asociaci\u00f3n y los costos que acarrea su existencia, tales como: el mantenimiento de nuestra p\u00e1gina web, de nuestra <strong><em>Revista de Estudios Colombianos<\/em><\/strong> (<strong><em>REC<\/em><\/strong>), mantener el acceso abierto y la preservaci\u00f3n de contenidos; el pago de impuestos, entre otros gastos recurrentes.<br><\/li>\n\n\n\n<li style=\"font-size:15px\">Poder seguir celebrando nuestro congreso bienal. -Sostener la publicaci\u00f3n de dos n\u00fameros anuales de la <strong><em>REC<\/em><\/strong>.<br><\/li>\n\n\n\n<li style=\"font-size:15px\">Continuar y dinamizar con nuestra <a href=\"https:\/\/colombianistas.org\/wordpress\/index.php\/quienes-somos\/\">misi\u00f3n<\/a>.<\/li>\n<\/ul>\n\n\n\n<p><\/p>\n\n\n\n<div style=\"height:29px\" aria-hidden=\"true\" class=\"wp-block-spacer\"><\/div>\n\n\n<div class=\"wp-block-image\">\n<figure class=\"aligncenter\"><img decoding=\"async\" src=\"https:\/\/www.paypalobjects.com\/en_US\/i\/scr\/pixel.gif\" alt=\"\"\/><\/figure><\/div>\n\n\n<div style=\"background-color:#e0e0e0; text-align:center; padding:20px;\">\n  <form action=\"https:\/\/www.paypal.com\/cgi-bin\/webscr\" method=\"post\" target=\"_top\">\n    <input name=\"cmd\" type=\"hidden\" value=\"_s-xclick\">\n    <input name=\"hosted_button_id\" type=\"hidden\" value=\"VH3SRYJVU9J8U\">\n    \n    <input \n      alt=\"PayPal - The safer, easier way to pay online!\" \n      name=\"submit\" \n      src=\"https:\/\/www.paypalobjects.com\/en_US\/i\/btn\/btn_donateCC_LG.gif\" \n      type=\"image\"\n      style=\"display:block; margin:0 auto;\"\n    >\n    \n    <img loading=\"lazy\" decoding=\"async\" class=\"aligncenter\" src=\"https:\/\/www.paypalobjects.com\/en_US\/i\/scr\/pixel.gif\" alt=\"\" width=\"1\" height=\"1\" border=\"0\">\n  <\/form>\n<\/div>\n\n\n\n<div style=\"height:100px\" aria-hidden=\"true\" class=\"wp-block-spacer\"><\/div>\n\n\n\n<figure class=\"wp-block-image size-large\"><img loading=\"lazy\" decoding=\"async\" width=\"1024\" height=\"576\" src=\"https:\/\/colombianistas.org\/wordpress\/wp-content\/uploads\/2026\/04\/2-1024x576.jpg\" alt=\"\" class=\"wp-image-3253\" srcset=\"https:\/\/colombianistas.org\/wordpress\/wp-content\/uploads\/2026\/04\/2-1024x576.jpg 1024w, https:\/\/colombianistas.org\/wordpress\/wp-content\/uploads\/2026\/04\/2-300x169.jpg 300w, https:\/\/colombianistas.org\/wordpress\/wp-content\/uploads\/2026\/04\/2-768x432.jpg 768w, https:\/\/colombianistas.org\/wordpress\/wp-content\/uploads\/2026\/04\/2-1536x864.jpg 1536w, https:\/\/colombianistas.org\/wordpress\/wp-content\/uploads\/2026\/04\/2.jpg 1920w\" sizes=\"(max-width: 1024px) 100vw, 1024px\" \/><\/figure>\n\n\n\n<p><\/p>\n","protected":false},"excerpt":{"rendered":"<p>\u00a1Haz tu donaci\u00f3n ya!&nbsp;&nbsp; La Asociaci\u00f3n de Colombianistas es una organizaci\u00f3n acad\u00e9mica sin \u00e1nimo de lucro que fue fundada en 1984 y se ha convertido en una de las principales voces de la investigaci\u00f3n sobre Colombia para la comunidad acad\u00e9mica dentro y fuera del pa\u00eds.&nbsp; \u00a1Dona lo que puedas, todo cuenta! Con tu aporte haces posible:&nbsp;<\/p>\n","protected":false},"author":20,"featured_media":0,"parent":0,"menu_order":0,"comment_status":"closed","ping_status":"closed","template":"template-no-sidebar.php","meta":{"footnotes":""},"class_list":["post-3235","page","type-page","status-publish","hentry"],"_links":{"self":[{"href":"https:\/\/colombianistas.org\/wordpress\/index.php\/wp-json\/wp\/v2\/pages\/3235"}],"collection":[{"href":"https:\/\/colombianistas.org\/wordpress\/index.php\/wp-json\/wp\/v2\/pages"}],"about":[{"href":"https:\/\/colombianistas.org\/wordpress\/index.php\/wp-json\/wp\/v2\/types\/page"}],"author":[{"embeddable":true,"href":"https:\/\/colombianistas.org\/wordpress\/index.php\/wp-json\/wp\/v2\/users\/20"}],"replies":[{"embeddable":true,"href":"https:\/\/colombianistas.org\/wordpress\/index.php\/wp-json\/wp\/v2\/comments?post=3235"}],"version-history":[{"count":12,"href":"https:\/\/colombianistas.org\/wordpress\/index.php\/wp-json\/wp\/v2\/pages\/3235\/revisions"}],"predecessor-version":[{"id":3255,"href":"https:\/\/colombianistas.org\/wordpress\/index.php\/wp-json\/wp\/v2\/pages\/3235\/revisions\/3255"}],"wp:attachment":[{"href":"https:\/\/colombianistas.org\/wordpress\/index.php\/wp-json\/wp\/v2\/media?parent=3235"}],"curies":[{"name":"wp","href":"https:\/\/api.w.org\/{rel}","templated":true}]}}