{"id":34,"date":"2018-03-14T22:04:03","date_gmt":"2018-03-14T22:04:03","guid":{"rendered":"https:\/\/prometeo.work\/?page_id=34"},"modified":"2025-03-12T00:46:03","modified_gmt":"2025-03-11T19:46:03","slug":"miembros","status":"publish","type":"page","link":"https:\/\/colombianistas.org\/wordpress\/index.php\/miembros\/","title":{"rendered":"Miembros"},"content":{"rendered":"<p>La\u00a0<strong>Asociaci\u00f3n de Colombianistas<\/strong>\u00a0cuenta con m\u00e1s de 200 investigadoras\/es que trabajan en unos diez pa\u00edses diferentes y que realizan estudios acerca de Colombia en las \u00e1reas de humanidades y ciencias sociales. La Asociaci\u00f3n celebra un congreso bienal y publica la<strong>\u00a0<em>Revista de Estudios Colombianos\u00a0<\/em>dos veces al a\u00f1o.<\/strong><\/p>\n<p>La membres\u00eda actual cubre un per\u00edodo de dos a\u00f1os (del 1 de enero de 2025 hasta el 31 de diciembre de 2026). Quienes se encuentren con una membres\u00eda activa pueden participar como ponentes en los congresos de la Asociaci\u00f3n (previa aceptaci\u00f3n de su ponencia), recibir los boletines y otra informaci\u00f3n exclusiva (bibliograf\u00edas especializadas, documentos espec\u00edficos de la Asociaci\u00f3n) y entrar en contacto con colegas a trav\u00e9s del directorio.<\/p>\n<div id=\"wpmem_login\"><a id=\"login\"><\/a><form action=\"https:\/\/colombianistas.org\/wordpress\/index.php\/miembros\/\" method=\"POST\" id=\"wpmem_login_form\" class=\"form\"><input type=\"hidden\" id=\"_wpmem_login_nonce\" name=\"_wpmem_login_nonce\" value=\"dc6fd6d34c\" \/><input type=\"hidden\" name=\"_wp_http_referer\" value=\"\/wordpress\/index.php\/wp-json\/wp\/v2\/pages\/34\" \/><fieldset><legend>Existing Users Log In<\/legend><label for=\"log\">Username or Email<\/label><div class=\"div_text\"><input name=\"log\" type=\"text\" id=\"log\" value=\"\" class=\"username\" required  \/><\/div><label for=\"pwd\">Password<\/label><div class=\"div_text\"><input name=\"pwd\" type=\"password\" id=\"pwd\" class=\"password\" required  \/><\/div><input name=\"a\" type=\"hidden\" value=\"login\" \/><input name=\"redirect_to\" type=\"hidden\" value=\"https:\/\/colombianistas.org\/wordpress\/index.php\/miembros\/\" \/><div class=\"button_div\"><input name=\"rememberme\" type=\"checkbox\" id=\"rememberme\" value=\"forever\" \/>&nbsp;<label for=\"rememberme\">Remember Me<\/label>&nbsp;&nbsp;<input type=\"submit\" name=\"Submit\" value=\"Log In\" class=\"buttons\" \/><\/div><div class=\"link-text\"><span class=\"link-text-forgot\">Forgot password?&nbsp;<a href=\"https:\/\/colombianistas.org\/wordpress\/index.php\/perfil-del-usuario\/?a=pwdreset\">Click here to reset<\/a><\/span><\/div><div class=\"link-text\"><span class=\"link-text-register\">New User?&nbsp;<a href=\"https:\/\/colombianistas.org\/wordpress\/index.php\/registro\/\">Click here to register<\/a><\/span><\/div><\/fieldset><\/form><\/div>\n<p>Si a\u00fan no es parte de esta comunidad,<strong> reg\u00edstrese<\/strong> usando el v\u00ednculo que est\u00e1 abajo. Su registro ser\u00e1 habilitado autom\u00e1ticamente <strong>al realizar el pago por Paypal y al activar su cuenta<\/strong>, siguiendo el enlace que le llegar\u00e1 a su correo . Si tiene preguntas, o su registro no ha sido habilitado, puede escribir a <a href=\"mailto:amvinasa@colombianistas.org\">amvinasa@colombianistas.org<\/a>.<\/p>\n<form action=\"https:\/\/www.paypal.com\/cgi-bin\/webscr\" method=\"post\" target=\"_top\">\n<hr \/>\n<table style=\"height: 128px; width: 100%; border-collapse: collapse; background-color: #c1c1c1; border-style: hidden;\" border=\"0\">\n<tbody>\n<tr style=\"height: 55px;\">\n<td style=\"width: 100%; height: 55px;\">\n<h4 style=\"text-align: center;\"><span style=\"color: #000000;\"><strong style=\"font-size: 1em;\"><span class=\"s2\">Membres\u00edas Colombianistas\u00a0 &#8211; Registro <\/span><\/strong><\/span><strong><a href=\"https:\/\/colombianistas.org\/index.php\/registro\">AQU\u00cd<\/a><\/strong><em><strong>\u00a0<\/strong><\/em><\/h4>\n<\/td>\n<\/tr>\n<tr style=\"height: 73px;\">\n<td style=\"width: 100%; height: 73px;\">\n<p style=\"text-align: center;\"><span style=\"color: #000000;\">La membres\u00eda actual cubre un per\u00edodo de dos a\u00f1os<\/span><br \/>\n<span style=\"color: #000000;\">(Actualmente del 1 de enero de 2025 hasta el 31 de diciembre de 2026).<\/span><\/p>\n<\/td>\n<\/tr>\n<\/tbody>\n<\/table>\n<hr \/>\n<\/form>\n<h2><\/h2>\n","protected":false},"excerpt":{"rendered":"<p>La\u00a0Asociaci\u00f3n de Colombianistas\u00a0cuenta con m\u00e1s de 200 investigadoras\/es que trabajan en unos diez pa\u00edses diferentes y que realizan estudios acerca de Colombia en las \u00e1reas de humanidades y ciencias sociales. La Asociaci\u00f3n celebra un congreso bienal y publica la\u00a0Revista de Estudios Colombianos\u00a0dos veces al a\u00f1o. La membres\u00eda actual cubre un per\u00edodo de dos a\u00f1os (del 1 de enero de 2025 hasta el 31 de diciembre de 2026). Quienes se encuentren con una membres\u00eda activa pueden participar como ponentes en los congresos de la Asociaci\u00f3n (previa aceptaci\u00f3n de su ponencia), recibir los boletines y otra informaci\u00f3n exclusiva (bibliograf\u00edas especializadas, documentos espec\u00edficos&#8230; <\/p>\n","protected":false},"author":20,"featured_media":0,"parent":0,"menu_order":0,"comment_status":"closed","ping_status":"closed","template":"template-no-sidebar.php","meta":{"footnotes":""},"class_list":["post-34","page","type-page","status-publish","hentry"],"_links":{"self":[{"href":"https:\/\/colombianistas.org\/wordpress\/index.php\/wp-json\/wp\/v2\/pages\/34"}],"collection":[{"href":"https:\/\/colombianistas.org\/wordpress\/index.php\/wp-json\/wp\/v2\/pages"}],"about":[{"href":"https:\/\/colombianistas.org\/wordpress\/index.php\/wp-json\/wp\/v2\/types\/page"}],"author":[{"embeddable":true,"href":"https:\/\/colombianistas.org\/wordpress\/index.php\/wp-json\/wp\/v2\/users\/20"}],"replies":[{"embeddable":true,"href":"https:\/\/colombianistas.org\/wordpress\/index.php\/wp-json\/wp\/v2\/comments?post=34"}],"version-history":[{"count":57,"href":"https:\/\/colombianistas.org\/wordpress\/index.php\/wp-json\/wp\/v2\/pages\/34\/revisions"}],"predecessor-version":[{"id":3181,"href":"https:\/\/colombianistas.org\/wordpress\/index.php\/wp-json\/wp\/v2\/pages\/34\/revisions\/3181"}],"wp:attachment":[{"href":"https:\/\/colombianistas.org\/wordpress\/index.php\/wp-json\/wp\/v2\/media?parent=34"}],"curies":[{"name":"wp","href":"https:\/\/api.w.org\/{rel}","templated":true}]}}