{"id":399,"date":"2018-07-04T04:15:50","date_gmt":"2018-07-03T23:15:50","guid":{"rendered":"https:\/\/prometeo.work\/?page_id=399"},"modified":"2023-01-24T19:12:11","modified_gmt":"2023-01-24T14:12:11","slug":"revista","status":"publish","type":"page","link":"https:\/\/colombianistas.org\/wordpress\/index.php\/revista\/","title":{"rendered":"REC"},"content":{"rendered":"<p><a title=\"SCImago Journal &amp; Country Rank\" href=\"https:\/\/www.scimagojr.com\/journalsearch.php?q=21100857578&amp;tip=sid&amp;exact=no\"><img decoding=\"async\" class=\"aligncenter\" src=\"https:\/\/www.scimagojr.com\/journal_img.php?id=21100857578\" alt=\"SCImago Journal &amp; Country Rank\" border=\"0\" \/><\/a><\/p>\n<div style=\"text-align: center;\"><span style=\"color: #b80404;\"><strong><em>CONVOCATORIA<\/em><\/strong>\u00a0<\/span><\/div>\n<div style=\"text-align: center;\"><span style=\"color: #b80404;\"><strong><em>REVISTA<\/em><\/strong>\u00a0<strong><em>DE<\/em><\/strong>\u00a0<strong><em>ESTUDIOS<\/em><\/strong>\u00a0<strong><em>COLOMBIANOS<\/em><\/strong><span class=\"s1\"><strong><em> N\u00b0\u00a061 (enero-junio 2023)<\/em><\/strong><\/span><strong><em>:\u00a0\u00a0<\/em><\/strong><\/span><\/div>\n<div>\n<p style=\"text-align: center;\">\u00a0<\/p>\n<\/div>\n<div>\n<p style=\"text-align: center;\"><strong><u>Plazo de entrega: <em>15 de febrero de 2023<\/em><\/u><\/strong><\/p>\n<\/div>\n\n\n<div class=\"wp-block-columns is-layout-flex wp-container-core-columns-is-layout-1 wp-block-columns-is-layout-flex\">\n<div class=\"wp-block-column is-layout-flow wp-block-column-is-layout-flow\"><\/div>\n<\/div>\n\n\n\n<div class=\"wp-block-columns is-layout-flex wp-container-core-columns-is-layout-2 wp-block-columns-is-layout-flex\">\n<div class=\"wp-block-column is-layout-flow wp-block-column-is-layout-flow\">\n<p><em>Revista\u00a0de Estudios Colombianos<\/em>\u00a0convoca a la comunidad acad\u00e9mica y cient\u00edfica a enviar art\u00edculos resultados de investigaciones sobre Colombia.\u00a0\u00a0<em>REC<\/em>\u00a061 (enero-junio 2023) ser\u00e1 de tema abierto e inclusivo. Se convoca a los estudiosos de diversas disciplinas dentro de las humanidades (arte, literatura, historia, filosof\u00eda, etc.) as\u00ed como de las ciencias sociales (sociolog\u00eda, antropolog\u00eda, comunicaci\u00f3n, medios masivos, etc.) a enviar sus art\u00edculos.\u00a0<\/p>\n<p>Las contribuciones pueden estar escritas en<strong>\u00a0espa\u00f1ol o ingl\u00e9s<\/strong>\u00a0en los siguientes formatos:<\/p>\n<ul>\n<li>Art\u00edculos acad\u00e9micos (8000 palabras)<\/li>\n<li>Entrevistas (4000 palabras)<\/li>\n<li>Notas sobre experiencias de activismo o perfiles de organizaciones ambientales, sociales, comunitarias (2000 palabras)<\/li>\n<\/ul>\n<p><strong>Para las normas editoriales y el env\u00edo de ensayos<\/strong>, cons\u00faltese la p\u00e1gina web de la revista:<\/p>\n<p><span style=\"color: #ff0000;\"><a style=\"color: #ff0000;\" href=\"https:\/\/colombianistas.org\/ojs\/index.php\/rec\/about\/submissions\">https:\/\/colombianistas.org\/ojs\/index.php\/rec\/about\/submissions<\/a><\/span><\/p>\n<\/div>\n<\/div>\n\n\n<h5><span style=\"color: #ffffff;\">.<\/span><\/h5>\n<h5 style=\"text-align: center;\">Los art\u00edculos se recibir\u00e1n hasta el\u00a0<strong>15 de febrero de 2023<\/strong>.\u00a0\u00a0Para las normas editoriales y el env\u00edo de ensayos, cons\u00faltese\u00a0<a href=\"https:\/\/colombianistas.org\/ojs\/index.php\/rec\/about\/submissions\">aqu\u00ed<\/a>.\u00a0\u00a0<\/h5>\n<h5 style=\"text-align: center;\"><a href=\"https:\/\/colombianistas.org\/index.php\/revista-actual\/\">Revista Actual<\/a>\u00a0 \u00a0|\u00a0 \u00a0<a href=\"https:\/\/colombianistas.org\/index.php\/revistas-anteriores\/\">Revistas Anteriores<\/a>\u00a0 \u00a0|\u00a0 \u00a0<a href=\"https:\/\/colombianistas.org\/index.php\/revista\/normas-editoriales\/\">Normas Editoriales<\/a><\/h5>","protected":false},"excerpt":{"rendered":"<p>CONVOCATORIA\u00a0 REVISTA\u00a0DE\u00a0ESTUDIOS\u00a0COLOMBIANOS N\u00b0\u00a061 (enero-junio 2023):\u00a0\u00a0 \u00a0 Plazo de entrega: 15 de febrero de 2023 Revista\u00a0de Estudios Colombianos\u00a0convoca a la comunidad acad\u00e9mica y cient\u00edfica a enviar art\u00edculos resultados de investigaciones sobre Colombia.\u00a0\u00a0REC\u00a061 (enero-junio 2023) ser\u00e1 de tema abierto e inclusivo. Se convoca a los estudiosos de diversas disciplinas dentro de las humanidades (arte, literatura, historia, filosof\u00eda, etc.) as\u00ed como de las ciencias sociales (sociolog\u00eda, antropolog\u00eda, comunicaci\u00f3n, medios masivos, etc.) a enviar sus art\u00edculos.\u00a0 Las contribuciones pueden estar escritas en\u00a0espa\u00f1ol o ingl\u00e9s\u00a0en los siguientes formatos: Art\u00edculos acad\u00e9micos (8000 palabras) Entrevistas (4000 palabras) Notas sobre experiencias de activismo o perfiles de organizaciones ambientales,&#8230; <\/p>\n","protected":false},"author":20,"featured_media":0,"parent":0,"menu_order":0,"comment_status":"closed","ping_status":"closed","template":"template-no-sidebar.php","meta":{"footnotes":""},"class_list":["post-399","page","type-page","status-publish","hentry"],"_links":{"self":[{"href":"https:\/\/colombianistas.org\/wordpress\/index.php\/wp-json\/wp\/v2\/pages\/399"}],"collection":[{"href":"https:\/\/colombianistas.org\/wordpress\/index.php\/wp-json\/wp\/v2\/pages"}],"about":[{"href":"https:\/\/colombianistas.org\/wordpress\/index.php\/wp-json\/wp\/v2\/types\/page"}],"author":[{"embeddable":true,"href":"https:\/\/colombianistas.org\/wordpress\/index.php\/wp-json\/wp\/v2\/users\/20"}],"replies":[{"embeddable":true,"href":"https:\/\/colombianistas.org\/wordpress\/index.php\/wp-json\/wp\/v2\/comments?post=399"}],"version-history":[{"count":37,"href":"https:\/\/colombianistas.org\/wordpress\/index.php\/wp-json\/wp\/v2\/pages\/399\/revisions"}],"predecessor-version":[{"id":2517,"href":"https:\/\/colombianistas.org\/wordpress\/index.php\/wp-json\/wp\/v2\/pages\/399\/revisions\/2517"}],"wp:attachment":[{"href":"https:\/\/colombianistas.org\/wordpress\/index.php\/wp-json\/wp\/v2\/media?parent=399"}],"curies":[{"name":"wp","href":"https:\/\/api.w.org\/{rel}","templated":true}]}}