{"id":47,"date":"2018-03-14T22:07:51","date_gmt":"2018-03-14T22:07:51","guid":{"rendered":"https:\/\/prometeo.work\/?page_id=47"},"modified":"2026-03-07T00:00:43","modified_gmt":"2026-03-06T19:00:43","slug":"junta-directiva","status":"publish","type":"page","link":"https:\/\/colombianistas.org\/wordpress\/index.php\/quienes-somos\/junta-directiva\/","title":{"rendered":"Junta Directiva"},"content":{"rendered":"<p><strong>Presidente<\/strong><\/p>\n<h3><strong>Carlos Tous, Universit\u00e9 de Tours (Francia)<\/strong><\/h3>\n<p>Profesor e investigador titular de estudios hispanoamericanos en el Departamento de Estudios Hisp\u00e1nicos y Portugueses de la Universidad de Tours. Miembro permanente del centro de investigaci\u00f3n Interactions Culturelles et Discursives (ICD \u2013 UR 6297) de la misma universidad. Sus trabajos de investigaci\u00f3n se centran en el desplazamiento, el espacio urbano, la memoria hist\u00f3rica, la resoluci\u00f3n de conflictos y las celebraciones en Colombia y en Latinoam\u00e9rica, a partir de realidades sociales, pol\u00edticas e hist\u00f3ricas y de producciones art\u00edsticas como el cine, la m\u00fasica, el teatro y la literatura de los siglos XX y XXI. Es coeditor de los vol\u00famenes <em><a href=\"https:\/\/archivo.revistas.ucr.ac.cr\/index.php\/reflexiones\/issue\/view\/3033\">Violencia, periodismo y libertades fundamentales en Am\u00e9rica Latina (siglos XX-XXI)<\/a><\/em> y <em><a href=\"https:\/\/colombianistas.org\/ojs\/index.php\/rec\/article\/view\/378\">Colombia Celebra: fiestas, rituales, memorias y reivindicaciones<\/a><\/em>. Actualmente es el referente de Am\u00e9rica Latina para la Universidad de Tours ante el centro Oeste del <a href=\"https:\/\/www.institutdesameriques.fr\/es\">Instituto de las Am\u00e9ricas<\/a> y miembro elegido del comit\u00e9 de la Sociedad Francesa de Hispanistas et Iberoamericanistas (<a href=\"https:\/\/hispanistes.fr\/\">SoFHIA<\/a>).<\/p>\n<p><span class=\"a_TitulosAzules\"><span style=\"color: #000000; font-size: medium;\"><span style=\"font-family: Verdana; font-size: small;\">\u00a0<\/span><\/span><\/span><\/p>\n<p><strong>Vicepresidenta<\/strong><\/p>\n<h3><strong>Angela M. Gonz\u00e1lez Echeverry, Universidad de Caldas (Colombia)<\/strong><\/h3>\n<p>Es doctora en Literatura y Estudios Culturales, con una subespecialidad en Humanidades, de Arizona State University. Tiene una maestr\u00eda en literatura hispanoamericana de Ohio University y es abogada de la Universidad de Caldas, Manizales, Colombia. Ha trabajado en universidades de los Estados Unidos y el Medio Oriente durante los \u00faltimos 20 a\u00f1os. Recientemente ha impartido las c\u00e1tedras de Literatura Latinoamericana y Literatura y G\u00e9nero en la Universidad de Caldas, Manizales Colombia. Ha sido profesora visitante en University of California Merced, California y en la Universidad Aut\u00f3noma del Carmen, Ciudad del Carmen, M\u00e9xico. Sus b\u00fasquedas tienen un enfoque interdisciplinario, en el cual los estudios de g\u00e9nero son parte fundamental del di\u00e1logo con la literatura. Su investigaci\u00f3n transita las literaturas latinoamericanas, especialmente la literatura colombiana y su relaci\u00f3n con las narrativas de las identidades y la memoria. Sus investigaciones est\u00e1n disponibles en<em>\u00a0Iberoamericana<\/em>. <em>Am\u00e9rica Latina, Chasqui: Revista de Literatura y Cultura Latinoamericana e Ind\u00edgena<\/em>,\u00a0<em>Co-Herencia<\/em>,\u00a0Anclajes,\u00a0<em>Estudio de Literatura Colombiana<\/em>,\u00a0<em>Revista de Estudios Colombianos, Transmodernity: Journal of Peripheral Cultural Production of the Luso-Hispanic World<\/em>,\u00a0<em>Studies in Latin American Popular Culture.\u00a0<\/em>En la actualidad, rastrea las conexiones trasatl\u00e1nticas y sus ecos de narrativas viajeras, tarea que tiene que ver con un recorrido Sur-Sur que elabora como manuscrito que proyecta para en enero de 2027.<\/p>\n<p><span class=\"a_TitulosAzules\"><span style=\"color: #000000; font-size: medium;\"><span style=\"font-family: Verdana; font-size: small;\">\u00a0<\/span><\/span><\/span><\/p>\n<p><strong>Coordinadores de Medios y Comunicaciones<\/strong><\/p>\n<h3><strong>Simone Ferrari, Universit\u00e4t Bern (Suiza)<\/strong><\/h3>\n<p>Investigador posdoctoral en la Universidad de Berna y es docente del curso de Culturas Precolombinas en la Universidad de Mil\u00e1n. Codirige la l\u00ednea de investigaci\u00f3n \u201cOralituras e Identidades Ind\u00edgenas\u201d de\u00a0<a href=\"https:\/\/www.lared.red\/\">La Red de Literatura y Derechos Humanos<\/a>\u00a0y es miembro de la Red de creaci\u00f3n intercultural\u00a0<a href=\"https:\/\/www.mingasdelaimagen.org\/\">Mingas de la Imagen<\/a>. Su investigaci\u00f3n se centra en las memorias y representaciones del conflicto armado colombiano en las literaturas ind\u00edgenas contempor\u00e1neas. Tambi\u00e9n, se ha ocupado de narrativas de la migraci\u00f3n, textualidades en el espacio p\u00fablico y relaciones entre oralidad y escritura. Es autor del libro\u00a0<em>Palabrandar. Escrituras de resistencia desde el pueblo nasa en Colombia (1970-2020)\u00a0<\/em>(Editorial Javeriana, 2024) y es coeditor con Diego V\u00e9lez del libro <em>Narrar la guerra, pensar la paz. Relatos, retratos y redes culturales entre Colombia e Italia<\/em> (MUP, 2025). Como periodista, realiza cr\u00f3nicas, documentales y reportajes desde Colombia para medios italianos e internacionales.<\/p>\n<p><span class=\"a_TitulosAzules\"><span style=\"color: #000000; font-size: medium;\"><span style=\"font-family: Verdana; font-size: small;\">\u00a0<\/span><\/span><\/span><\/p>\n<h3><strong>Baptiste Lavat, Universit\u00e9 de Montpellier Paul-Val\u00e9ry (Francia)<\/strong><\/h3>\n<p>Profesor Asociado de\u00a0Civilizaci\u00f3n\u00a0Hispanoamericana\u00a0Contempor\u00e1nea en el Departamento de Estudios Hisp\u00e1nicos de la Universidad Paul-Val\u00e9ry de\u00a0Montpellier, y miembro titular del centro de investigaci\u00f3n de la misma universidad (IRIEC). Como miembro del Concejo Cient\u00edfico del Instituto de las Am\u00e9ricas en Par\u00eds, es coordinador del\u00a0<a href=\"https:\/\/www.institutdesameriques.fr\/es\/pole\/polo-andino-bogota\">Polo Internacional Andino en Bogot\u00e1.<\/a>\u00a0Sus trabajos de investigaci\u00f3n se centran\u00a0en las dimensiones pol\u00edticas, socioecon\u00f3micas y patrimoniales de los carnavales de Oruro (Bolivia) y de Barranquilla (Colombia).\u00a0Tambi\u00e9n trabaja sobre movilizaciones de protesta y discursos antihegem\u00f3nicos, en el marco del seminario \u201c<em><a href=\"https:\/\/www.fabula.org\/actualites\/106200\/seminaire-discours-et-images-de-la-contestation.html\">Discursos e im\u00e1genes de la contestaci\u00f3n\u201d<\/a><\/em>\u00a0que cofund\u00f3 en el 2022 en la Universidad de Par\u00eds-Este Cr\u00e9teil Valle del Marne.<\/p>\n<p><span class=\"a_TitulosAzules\"><span style=\"color: #000000; font-size: medium;\"><span style=\"font-family: Verdana; font-size: small;\">\u00a0<\/span><\/span><\/span><\/p>\n<p><strong>Tesorera<\/strong><\/p>\n<h3><strong>Sandra M. \u00dasuga Giraldo, University of Indianapolis (Estados Unidos)<\/strong><\/h3>\n<p>Egresada de la licenciatura en ingl\u00e9s-espa\u00f1ol en la Universidad Pontificia Bolivariana, Medell\u00edn, Colombia. Recibi\u00f3 los t\u00edtulos de maestr\u00eda y doctorado en espa\u00f1ol y literatura latinoamericana de Purdue University, West Lafayette, IN. Actualmente, se desempe\u00f1a como profesora de espa\u00f1ol, literaturas y culturas latinoamericanas en el Departamento de Lenguas Globales y Estudios Cross-Culturales de la Universidad de Indian\u00e1polis, en Indiana, Estados Unidos. Entre sus \u00e1reas de inter\u00e9s para la investigaci\u00f3n se encuentra el estudio de la escritura perif\u00e9rica y la cultura popular.<\/p>\n<p><span class=\"a_TitulosAzules\"><span style=\"color: #000000; font-size: medium;\"><span style=\"font-family: Verdana; font-size: small;\">\u00a0<\/span><\/span><\/span><\/p>\n<p><strong>Director de la Revista de Estudios Colombianos<\/strong><\/p>\n<h3><strong>Felipe G\u00f3mez Guti\u00e9rrez, Carnegie Mellon University, Pittsburgh (Estados Unidos)<\/strong><\/h3>\n<p>Doctor en literatura latinoamericana por la Universidad de Michigan (Ann Arbor, EE. UU) y profesor titular de Estudios Hisp\u00e1nicos en la Universidad Carnegie Mellon, Pittsburgh (EE.UU.). Sus intereses de investigaci\u00f3n se relacionan con los ciclos de violencia pol\u00edtica e impunidad en la historia latinoamericana del siglo XX, especialmente como se presenta en las literaturas y culturas populares argentinas, colombianas y mexicanas. G\u00f3mez Guti\u00e9rrez es coeditor de los vol\u00famenes\u00a0<em><a href=\"https:\/\/www.liverpooluniversitypress.co.uk\/doi\/book\/10.3828\/9781930744387\">La estela de Caicedo: Miradas cr\u00edticas<\/a><\/em>\u00a0y\u00a0<em><a href=\"https:\/\/colombianistas.org\/ojs\/index.php\/rec\/article\/view\/21\">Evelio Rosero y los ciclos de la creaci\u00f3n literaria<\/a><\/em>. Recibi\u00f3 el Premio de Publicaci\u00f3n Martin Sch\u00fcwer 2022 a la Excelencia en Estudios de C\u00f3mics y es autor de numerosos art\u00edculos sobre c\u00f3mics, literatura y pel\u00edculas latinoamericanas recientes y contempor\u00e1neos. Es tambi\u00e9n el fundador y curador del Latin American Comics Archive (LACA), un proyecto de humanidades digitales galardonado a nivel internacional. Actualmente trabaja en el manuscrito titulado \u201cUtop\u00eda, distop\u00eda y afecto en las historietas latinoamericanas recientes\u201d, que examina la resiliencia y los problemas subyacentes de raza, g\u00e9nero y sexualidad en respuestas comunitarias y estrategias de supervivencia presentados en los c\u00f3mics apocal\u00edpticos en espa\u00f1ol.<\/p>\n<p><span class=\"a_TitulosAzules\"><span style=\"color: #000000; font-size: medium;\"><span style=\"font-family: Verdana; font-size: small;\">\u00a0<\/span><\/span><\/span><\/p>\n<p><strong>Editora Asistente de la Revista de Estudios Colombianos<\/strong><\/p>\n<h3><strong>M\u00f3nica Ayala-Mart\u00ednez, Denison University (<\/strong><strong>Estados Unidos<\/strong><strong>)<\/strong><\/h3>\n<p>Profesora asociada de Espa\u00f1ol, de Portugu\u00e9s y de Estudios Latinoamericanos y del Caribe en Denison University, Granville (EEUU). Nacida en Cartagena, estudi\u00f3 Filosof\u00eda y Letras en la Universidad Pontificia Bolivariana y Psicolog\u00eda en la Universidad de Antioquia. Con maestr\u00eda en Espa\u00f1ol y Estudios Latinoamericanos de la Universidad de West Virginia. Doctorado en Espa\u00f1ol e Historia Latinoamericana y Brasilera de la Universidad de Miami, y certificado en Estudios Afrolatinoamericanos del Afro-Latin American Research Institute, en el Hutchins Center de la Universidad de Harvard.<\/p>\n\n\n<p><\/p>\n","protected":false},"excerpt":{"rendered":"<p>Presidente Carlos Tous, Universit\u00e9 de Tours (Francia) Profesor e investigador titular de estudios hispanoamericanos en el Departamento de Estudios Hisp\u00e1nicos y Portugueses de la Universidad de Tours. Miembro permanente del centro de investigaci\u00f3n Interactions Culturelles et Discursives (ICD \u2013 UR 6297) de la misma universidad. Sus trabajos de investigaci\u00f3n se centran en el desplazamiento, el espacio urbano, la memoria hist\u00f3rica, la resoluci\u00f3n de conflictos y las celebraciones en Colombia y en Latinoam\u00e9rica, a partir de realidades sociales, pol\u00edticas e hist\u00f3ricas y de producciones art\u00edsticas como el cine, la m\u00fasica, el teatro y la literatura de los siglos XX y XXI&#8230;. <\/p>\n","protected":false},"author":20,"featured_media":0,"parent":28,"menu_order":0,"comment_status":"closed","ping_status":"closed","template":"template-no-sidebar.php","meta":{"footnotes":""},"class_list":["post-47","page","type-page","status-publish","hentry"],"_links":{"self":[{"href":"https:\/\/colombianistas.org\/wordpress\/index.php\/wp-json\/wp\/v2\/pages\/47"}],"collection":[{"href":"https:\/\/colombianistas.org\/wordpress\/index.php\/wp-json\/wp\/v2\/pages"}],"about":[{"href":"https:\/\/colombianistas.org\/wordpress\/index.php\/wp-json\/wp\/v2\/types\/page"}],"author":[{"embeddable":true,"href":"https:\/\/colombianistas.org\/wordpress\/index.php\/wp-json\/wp\/v2\/users\/20"}],"replies":[{"embeddable":true,"href":"https:\/\/colombianistas.org\/wordpress\/index.php\/wp-json\/wp\/v2\/comments?post=47"}],"version-history":[{"count":47,"href":"https:\/\/colombianistas.org\/wordpress\/index.php\/wp-json\/wp\/v2\/pages\/47\/revisions"}],"predecessor-version":[{"id":3233,"href":"https:\/\/colombianistas.org\/wordpress\/index.php\/wp-json\/wp\/v2\/pages\/47\/revisions\/3233"}],"up":[{"embeddable":true,"href":"https:\/\/colombianistas.org\/wordpress\/index.php\/wp-json\/wp\/v2\/pages\/28"}],"wp:attachment":[{"href":"https:\/\/colombianistas.org\/wordpress\/index.php\/wp-json\/wp\/v2\/media?parent=47"}],"curies":[{"name":"wp","href":"https:\/\/api.w.org\/{rel}","templated":true}]}}