{"id":50,"date":"2018-03-14T22:08:55","date_gmt":"2018-03-14T22:08:55","guid":{"rendered":"https:\/\/prometeo.work\/?page_id=50"},"modified":"2018-05-18T01:03:22","modified_gmt":"2018-05-18T01:03:22","slug":"revista-actual","status":"publish","type":"page","link":"https:\/\/colombianistas.org\/wordpress\/index.php\/revista-actual\/","title":{"rendered":"Revista de Estudios Colombianos N\u00b050"},"content":{"rendered":"<h6 style=\"padding-left: 60px;\"><a href=\"\/wp-content\/uploads\/2018\/05\/50_1_cover.pdf\" target=\"_blank\" rel=\"noopener\"><img loading=\"lazy\" decoding=\"async\" class=\"alignnone wp-image-126 size-medium\" src=\"https:\/\/colombianistas.org\/wp-content\/uploads\/2018\/05\/50_1_cover-241x300.jpg\" alt=\"Cover\" width=\"241\" height=\"300\" srcset=\"https:\/\/colombianistas.org\/wordpress\/wp-content\/uploads\/2018\/05\/50_1_cover-241x300.jpg 241w, https:\/\/colombianistas.org\/wordpress\/wp-content\/uploads\/2018\/05\/50_1_cover.jpg 724w\" sizes=\"(max-width: 241px) 100vw, 241px\" \/><\/a><\/h6>\n<h6 style=\"padding-left: 60px;\">Julio-diciembre de 2017<\/h6>\n<p style=\"padding-left: 60px;\"><strong><a href=\"\/wp-content\/themes\/pleasant\/REC\/REC%2050\/Cr%c3%a9ditos\/50_2_inside_cover.pdf\" target=\"_blank\" rel=\"noopener\">Cr\u00e9ditos<\/a><\/strong><\/p>\n<p style=\"padding-left: 60px;\"><a href=\"\/wp-content\/themes\/pleasant\/REC\/REC%2050\/Nota%20de%20la%20directora\/50_4_nota_directora.pdf\" target=\"_blank\" rel=\"noopener\"><strong>Nota de la directora.<\/strong><\/a><br \/>\nElvira S\u00e1nchez-Blake<\/p>\n<p style=\"padding-left: 60px;\"><strong><a href=\"\/wp-content\/themes\/pleasant\/REC\/REC%2050\/Presentaci%c3%b3n\/50_5_presentacion.pdf\" target=\"_blank\" rel=\"noopener\">Presentaci\u00f3n<\/a>.<br \/>\n<\/strong>Memoria y esperanza. Tatjana Louis<\/p>\n<p style=\"padding-left: 60px;\"><strong><a href=\"\/wp-content\/themes\/pleasant\/REC\/REC%2050\/El%20oficio%20de%20hacer%20memoria\/50_6_oficio_hacer_memoria.pdf\" target=\"_blank\" rel=\"noopener\">El oficio de hacer memoria.<br \/>\n<\/a><\/strong>El papel de la escuela y su curr\u00edculo en la reconstrucci\u00f3n de la memoria hist\u00f3rica para la paz.<br \/>\nN\u00e9stor Aurelio Mu\u00f1oz David<\/p>\n<p style=\"padding-left: 60px;\"><strong>Ensayos<br \/>\n<\/strong>\u2022 <a href=\"\/wp-content\/themes\/pleasant\/REC\/REC%2050\/Ensayos\/50_7_ensayo_riano_y_uribe.pdf\" target=\"_blank\" rel=\"noopener\">Construyendo memoria en medio del conflicto: el Grupo de Memoria Hist\u00f3rica en Colombia.<\/a><br \/>\nPilar Ria\u00f1o y Mar\u00eda Victoria Uribe<\/p>\n<p style=\"padding-left: 60px;\">\u2022 <a href=\"\/wp-content\/themes\/pleasant\/REC\/REC%2050\/Ensayos\/50_8_ensayo_luna_gomez.pdf\" target=\"_blank\" rel=\"noopener\">Repertorios conmemorativos de mujeres rurales sobrevivientes de cuatro masacres en Colombia.<\/a><br \/>\nYenifer Luna G\u00f3mez<\/p>\n<p style=\"padding-left: 60px;\">\u2022<a href=\"\/wp-content\/themes\/pleasant\/REC\/REC%2050\/Ensayos\/50_9_ensayo_lopez_baquero.pdf\" target=\"_blank\" rel=\"noopener\"> Las galer\u00edas urbanas de memoria en Medell\u00edn.<\/a><br \/>\nConstanza L\u00f3pez Baquero<\/p>\n<p style=\"padding-left: 60px;\">\u2022 <a href=\"\/wp-content\/themes\/pleasant\/REC\/REC%2050\/Ensayos\/50_10_ensayo_ruiz_mendoza.pdf\" target=\"_blank\" rel=\"noopener\">Cartuchos abiertos: memoria de lo borrado en Testigo de las ruinas de Mapa Teatro.<\/a><br \/>\nMart\u00edn Ruiz Mendoza<\/p>\n<p style=\"padding-left: 60px;\">\u2022 <a href=\"\/wp-content\/themes\/pleasant\/REC\/REC%2050\/Ensayos\/50_11_ensayo_tobon_giraldo.pdf\" target=\"_blank\" rel=\"noopener\">Sobre el cine de la memoria en Colombia con un acercamiento a Un tigre de papel<\/a>.<br \/>\nDaniel Jer\u00f3nimo Tob\u00f3n Giraldo<\/p>\n<p style=\"padding-left: 60px;\">\u2022 <a href=\"\/wp-content\/themes\/pleasant\/REC\/REC%2050\/Ensayos\/50_12_ensayo_sanchez_meertens.pdf\" target=\"_blank\" rel=\"noopener\">Guerra, educaci\u00f3n y memoria: apuntes sobre la transmisi\u00f3n del conflicto armado en Colombia.<\/a><br \/>\nAriel S\u00e1nchez Meertens<\/p>\n<p style=\"padding-left: 60px;\"><strong>Entrevistas<br \/>\n<\/strong>\u2022 <a href=\"\/wp-content\/themes\/pleasant\/REC\/REC%2050\/Entrevistas\/50_13_entrevista_louis.pdf\" target=\"_blank\" rel=\"noopener\">Entrevista con Martha Nubia Bello.<\/a><br \/>\nTatjana Louis<\/p>\n<p style=\"padding-left: 60px;\">\u2022 <a href=\"\/wp-content\/themes\/pleasant\/REC\/REC%2050\/Entrevistas\/50_14_entrevista_maring.pdf\" target=\"_blank\" rel=\"noopener\">Semblanza de un pacifista. Simples milagros: Ricardo Esquivia Ballestas.<\/a><br \/>\nClayton Maring<\/p>\n<p style=\"padding-left: 60px;\"><strong>Rese\u00f1as<br \/>\n<\/strong><a href=\"\/wp-content\/themes\/pleasant\/REC\/REC%2050\/Rese%c3%b1as\/50_15_resena_murillo_moya.pdf\" target=\"_blank\" rel=\"noopener\">Virgina Capote D\u00edaz. Reescribir la violencia: narrativas de la memoria en la literatura femenina colombiana contempor\u00e1nea.<\/a><br \/>\nKeylor Murillo Moya<\/p>\n<p style=\"padding-left: 60px;\"><a href=\"\/wp-content\/themes\/pleasant\/REC\/REC%2050\/Colaboradores\/50_16_colaboradores.pdf\" target=\"_blank\" rel=\"noopener\"><strong>Colaboradores<\/strong><\/a><\/p>\n<p style=\"padding-left: 60px;\"><a href=\"\/wp-content\/themes\/pleasant\/REC\/REC%2050\/Normas%20editoriales\/50_17_normas_editoriales.pdf\" target=\"_blank\" rel=\"noopener\"><strong>Normas editoriales<\/strong><\/a><\/p>\n<p style=\"padding-left: 60px;\"><a href=\"\/wp-content\/themes\/pleasant\/REC\/REC%2050\/Anuncios\/50_18_anuncios.pdf\" target=\"_blank\" rel=\"noopener\"><strong>Anuncios<\/strong><\/a><\/p>\n","protected":false},"excerpt":{"rendered":"<p>Julio-diciembre de 2017 Cr\u00e9ditos Nota de la directora. Elvira S\u00e1nchez-Blake Presentaci\u00f3n. Memoria y esperanza. Tatjana Louis El oficio de hacer memoria. El papel de la escuela y su curr\u00edculo en la reconstrucci\u00f3n de la memoria hist\u00f3rica para la paz. N\u00e9stor Aurelio Mu\u00f1oz David Ensayos \u2022 Construyendo memoria en medio del conflicto: el Grupo de Memoria Hist\u00f3rica en Colombia. Pilar Ria\u00f1o y Mar\u00eda Victoria Uribe \u2022 Repertorios conmemorativos de mujeres rurales sobrevivientes de cuatro masacres en Colombia. Yenifer Luna G\u00f3mez \u2022 Las galer\u00edas urbanas de memoria en Medell\u00edn. Constanza L\u00f3pez Baquero \u2022 Cartuchos abiertos: memoria de lo borrado en Testigo de&#8230; <\/p>\n","protected":false},"author":20,"featured_media":0,"parent":0,"menu_order":0,"comment_status":"closed","ping_status":"closed","template":"template-no-sidebar.php","meta":{"footnotes":""},"class_list":["post-50","page","type-page","status-publish","hentry"],"_links":{"self":[{"href":"https:\/\/colombianistas.org\/wordpress\/index.php\/wp-json\/wp\/v2\/pages\/50"}],"collection":[{"href":"https:\/\/colombianistas.org\/wordpress\/index.php\/wp-json\/wp\/v2\/pages"}],"about":[{"href":"https:\/\/colombianistas.org\/wordpress\/index.php\/wp-json\/wp\/v2\/types\/page"}],"author":[{"embeddable":true,"href":"https:\/\/colombianistas.org\/wordpress\/index.php\/wp-json\/wp\/v2\/users\/20"}],"replies":[{"embeddable":true,"href":"https:\/\/colombianistas.org\/wordpress\/index.php\/wp-json\/wp\/v2\/comments?post=50"}],"version-history":[{"count":28,"href":"https:\/\/colombianistas.org\/wordpress\/index.php\/wp-json\/wp\/v2\/pages\/50\/revisions"}],"predecessor-version":[{"id":141,"href":"https:\/\/colombianistas.org\/wordpress\/index.php\/wp-json\/wp\/v2\/pages\/50\/revisions\/141"}],"wp:attachment":[{"href":"https:\/\/colombianistas.org\/wordpress\/index.php\/wp-json\/wp\/v2\/media?parent=50"}],"curies":[{"name":"wp","href":"https:\/\/api.w.org\/{rel}","templated":true}]}}