{"id":54,"date":"2018-03-14T22:09:29","date_gmt":"2018-03-14T22:09:29","guid":{"rendered":"https:\/\/prometeo.work\/?page_id=54"},"modified":"2025-05-02T07:38:00","modified_gmt":"2025-05-02T02:38:00","slug":"proximo-congreso","status":"publish","type":"page","link":"https:\/\/colombianistas.org\/wordpress\/index.php\/congresos\/proximo-congreso\/","title":{"rendered":"Congreso XXIV"},"content":{"rendered":"\n<div class=\"wp-block-group\"><div class=\"wp-block-group__inner-container is-layout-flow wp-block-group-is-layout-flow\">\n<p class=\"has-text-align-center has-vivid-red-color has-text-color has-large-font-size\"><strong>Colombias posibles<\/strong><\/p>\n\n\n\n<p class=\"has-text-align-center\" style=\"font-size:16px\"><strong>XXIV Congreso de la Asociaci\u00f3n de Colombianistas<\/strong><\/p>\n\n\n\n<p class=\"has-text-align-center\"><strong><strong>8 al 10 de octubre de 2025 \u2013 Formato virtual<\/strong><\/strong><\/p>\n<\/div><\/div>\n\n\n\n<hr class=\"wp-block-separator has-css-opacity\"\/>\n\n\n\n<p><\/p>\n\n\n\n<p class=\"has-drop-cap\">Los \u00faltimos 25 a\u00f1os se han caracterizado por cambios pol\u00edticos y sociales en la realidad colombiana que, a su vez, avisan una continua transformaci\u00f3n del pa\u00eds por venir en el resto del siglo XXI. Estas \u00faltimas dos d\u00e9cadas comprendieron un n\u00famero de eventos cruciales para Colombia: el impacto de los mandatos neoliberales de \u00c1lvaro Uribe y Juan Manuel Santos, las trascendentales negociaciones y firma de un acuerdo de paz entre las FARC-EP y el gobierno colombiano, los hist\u00f3ricos comicios de 2022, en los cuales se eligi\u00f3 el primer presidente de la izquierda pol\u00edtica en Colombia, Gustavo Petro, adem\u00e1s de la significativa posesi\u00f3n a la vicepresidencia de la primera mujer afrocolombiana electa para este cargo, Francia M\u00e1rquez. Adem\u00e1s, en el mismo a\u00f1o, sali\u00f3 a la luz el Informe Final de La Comisi\u00f3n para el Esclarecimiento de la Verdad, la Convivencia, y la No repetici\u00f3n, llamado de forma quiz\u00e1s presagiosa \u201cHay futuro si hay verdad\u201d: la memoria se construye en Colombia a la misma vez que el conflicto sigue vivo en este momento al cual muchos llaman tambi\u00e9n \u201cposconflicto\u201d. Este entramado coyuntural social, cultural y pol\u00edtico de la Colombia actual es de crucial importancia para el reconocimiento de la(s) posible(s) Colombia(s) futura(s), tanto en la rememoraci\u00f3n y reformulaci\u00f3n de las realidades hist\u00f3ricas como en la formulaci\u00f3n especulativa del futuro. La(s) Colombia(s) posible(s) nos llama(n) a pensar otras formas de comunidades e identidades: nuevas, hist\u00f3ricas, comunes, diferenciadas, esperanzadoras, improbables, aterradoras, dist\u00f3picas, potenciales. Tanto en las expresiones literarias, f\u00edlmicas, y art\u00edsticas, como en los espacios de reflexi\u00f3n de todas las disciplinas human\u00edsticas, existen formulaciones para pensar sobre esta(s) Colombia(s) posible(s).<\/p>\n\n\n\n<p class=\"has-drop-cap\">En vista de esto, le complace a la junta directiva de la Asociaci\u00f3n de Colombianistas invitar a la comunidad acad\u00e9mica a presentar propuestas de ponencias y mesas enfocadas en el tema de <strong>\u201cColombias posibles\u201d<\/strong> para nuestro XXIV Congreso, <strong>el cual tendr\u00e1 lugar en formato virtual del 8 de octubre al 10 de octubre de 2025.<\/strong><\/p>\n\n\n\n<p class=\"has-text-align-center has-vivid-red-color has-text-color\"><\/p>\n\n\n\n<hr class=\"wp-block-separator has-alpha-channel-opacity\"\/>\n\n\n\n<div style=\"height:33px\" aria-hidden=\"true\" class=\"wp-block-spacer\"><\/div>\n\n\n\n<h4 class=\"wp-block-heading has-text-align-center has-vivid-red-color has-text-color\" style=\"font-size:26px\"><strong>Participaci\u00f3n en el XXIV Congreso de Colombianistas<\/strong><\/h4>\n\n\n\n<div style=\"height:31px\" aria-hidden=\"true\" class=\"wp-block-spacer\"><\/div>\n\n\n\n<h3 class=\"wp-block-heading has-vivid-red-color has-text-color\" style=\"font-size:22px\"><strong>Membres\u00edas Colombianistas <\/strong><\/h3>\n\n\n\n<p>La pr\u00f3xima membres\u00eda cubre un per\u00edodo de dos a\u00f1os (del 1 de enero de 2025 hasta el 31 de diciembre de 2027). Los miembros activos pueden participar como ponentes en el XXIV Congreso y otros eventos de la Asociaci\u00f3n (previa aceptaci\u00f3n de su ponencia), recibir los boletines y otra informaci\u00f3n exclusiva (bibliograf\u00edas especializadas, documentos espec\u00edficos de la Asociaci\u00f3n) y entrar en contacto con colegas a trav\u00e9s del directorio de miembros.<\/p>\n\n\n\n<p>Para participar en el Congreso es necesario ser miembro de la Asociaci\u00f3n durante el per\u00edodo 2025-27.<\/p>\n\n\n\n<p>S\u00e9 parte de la comunidad Colombianista:<\/p>\n\n\n\n<div style=\"height:33px\" aria-hidden=\"true\" class=\"wp-block-spacer\"><\/div>\n\n\n\n<p class=\"has-text-align-center has-vivid-red-color has-text-color has-medium-font-size\"><a href=\"https:\/\/colombianistas.org\/index.php\/registro\/\">Registro de membres\u00eda e inscripci\u00f3n al Congreso<\/a><\/p>\n\n\n\n<p class=\"has-text-align-center has-vivid-red-color has-text-color has-medium-font-size\"><a href=\"https:\/\/colombianistas.org\/wordpress\/index.php\/login\/?a=renew\">Actualizar membres\u00eda<\/a><\/p>\n\n\n\n<hr class=\"wp-block-separator has-css-opacity\"\/>\n\n\n\n<div style=\"height:33px\" aria-hidden=\"true\" class=\"wp-block-spacer\"><\/div>\n\n\n\n<p class=\"has-text-align-center has-vivid-red-color has-text-color has-medium-font-size\"><a href=\"https:\/\/colombianistas.org\/index.php\/congresos\/\">Convocatoria y fechas importantes<\/a><\/p>\n\n\n\n<div style=\"height:33px\" aria-hidden=\"true\" class=\"wp-block-spacer\"><\/div>\n\n\n\n<hr class=\"wp-block-separator has-css-opacity\"\/>\n\n\n\n<div style=\"height:33px\" aria-hidden=\"true\" class=\"wp-block-spacer\"><\/div>\n\n\n\n<p class=\"has-text-align-center has-vivid-red-color has-text-color has-medium-font-size\"><a href=\"https:\/\/colombianistas.org\/index.php\/congresos\/premios\/\">Premios ofrecidos durante el congreso<\/a><\/p>\n\n\n\n<div style=\"height:33px\" aria-hidden=\"true\" class=\"wp-block-spacer\"><\/div>\n\n\n\n<hr class=\"wp-block-separator has-css-opacity\"\/>\n","protected":false},"excerpt":{"rendered":"<p>Los \u00faltimos 25 a\u00f1os se han caracterizado por cambios pol\u00edticos y sociales en la realidad colombiana que, a su vez, avisan una continua transformaci\u00f3n del pa\u00eds por venir en el resto del siglo XXI. Estas \u00faltimas dos d\u00e9cadas comprendieron un n\u00famero de eventos cruciales para Colombia: el impacto de los mandatos neoliberales de \u00c1lvaro Uribe y Juan Manuel Santos, las trascendentales negociaciones y firma de un acuerdo de paz entre las FARC-EP y el gobierno colombiano, los hist\u00f3ricos comicios de 2022, en los cuales se eligi\u00f3 el primer presidente de la izquierda pol\u00edtica en Colombia, Gustavo Petro, adem\u00e1s de la&#8230; <\/p>\n","protected":false},"author":20,"featured_media":0,"parent":32,"menu_order":0,"comment_status":"closed","ping_status":"closed","template":"template-no-sidebar.php","meta":{"footnotes":""},"class_list":["post-54","page","type-page","status-publish","hentry"],"_links":{"self":[{"href":"https:\/\/colombianistas.org\/wordpress\/index.php\/wp-json\/wp\/v2\/pages\/54"}],"collection":[{"href":"https:\/\/colombianistas.org\/wordpress\/index.php\/wp-json\/wp\/v2\/pages"}],"about":[{"href":"https:\/\/colombianistas.org\/wordpress\/index.php\/wp-json\/wp\/v2\/types\/page"}],"author":[{"embeddable":true,"href":"https:\/\/colombianistas.org\/wordpress\/index.php\/wp-json\/wp\/v2\/users\/20"}],"replies":[{"embeddable":true,"href":"https:\/\/colombianistas.org\/wordpress\/index.php\/wp-json\/wp\/v2\/comments?post=54"}],"version-history":[{"count":110,"href":"https:\/\/colombianistas.org\/wordpress\/index.php\/wp-json\/wp\/v2\/pages\/54\/revisions"}],"predecessor-version":[{"id":3221,"href":"https:\/\/colombianistas.org\/wordpress\/index.php\/wp-json\/wp\/v2\/pages\/54\/revisions\/3221"}],"up":[{"embeddable":true,"href":"https:\/\/colombianistas.org\/wordpress\/index.php\/wp-json\/wp\/v2\/pages\/32"}],"wp:attachment":[{"href":"https:\/\/colombianistas.org\/wordpress\/index.php\/wp-json\/wp\/v2\/media?parent=54"}],"curies":[{"name":"wp","href":"https:\/\/api.w.org\/{rel}","templated":true}]}}